{"id":175065,"date":"2022-08-24T08:24:38","date_gmt":"2022-08-24T08:24:45","guid":{"rendered":"https:\/\/www.erresse-shop.it\/?post_type=product&#038;p=175065"},"modified":"2022-08-24T08:49:57","modified_gmt":"2022-08-24T08:49:57","slug":"ruffoni-opus-cupra-set-7-pz","status":"publish","type":"product","link":"https:\/\/www.erresse-shop.it\/fr\/shop\/poeles-pots\/batteries-de-cuisine\/ruffoni-opus-cupra-set-7-pz\/","title":{"rendered":"RUFFONI Opus Cupra Set 7 pz"},"content":{"rendered":"<p>Cette batterie de cuisine de qualit\u00e9 h\u00e9rit\u00e9e du pass\u00e9 combine des d\u00e9tails artisanaux avec les derni\u00e8res technologies de rev\u00eatement m\u00e9tallique pour garantir des performances de pointe. L&#8217;\u00e9paisseur du cuivre massif permet \u00e0 la chaleur de se propager uniform\u00e9ment dans le fond et sur les c\u00f4t\u00e9s de la casserole, comme l&#8217;exigent les chefs professionnels, tandis que la fine couche interne d&#8217;acier inoxydable en fait un objet \u00e9blouissant, solide, pratique, hygi\u00e9nique et facile \u00e0 nettoyer. Le martelage, ses poign\u00e9es rivet\u00e9es en acier inoxydable sp\u00e9cialement con\u00e7ues, les boutons d\u00e9licatement d\u00e9cor\u00e9s en font une ligne magnifique, qui prendra de la valeur avec le temps et donnera une connotation parfaite \u00e0 votre service du feu \u00e0 la table. A utiliser dans le four et sur tout \u00e9l\u00e9ment chauffant (sauf induction).<\/p>\n<p><span style=\"text-decoration: underline;\"><strong>L&#8217;ensemble est compos\u00e9 comme suit :<\/strong><\/span><\/p>\n<ul>\n<li>Po\u00eale 26 cm cod. OCA2614X<\/li>\n<li>Demi-rond 30 cm cod. OCA3009X<\/li>\n<li>Po\u00eale \u00e0 frire 10 cm cod. OCC2605Z<\/li>\n<li>Demi-rond 26 cm cod. OCA2609Y<\/li>\n<\/ul>\n","protected":false},"excerpt":{"rendered":"<p>Cette batterie de cuisine de qualit\u00e9 h\u00e9rit\u00e9e du pass\u00e9 combine des d\u00e9tails artisanaux avec les derni\u00e8res technologies de rev\u00eatement m\u00e9tallique<\/p>\n","protected":false},"featured_media":175070,"template":"","meta":{"_acf_changed":false,"inline_featured_image":false},"product_cat":[12458,14780],"product_tag":[13311,24680,12856,13298,13178,12468],"acf":[],"yoast_head":"<!-- This site is optimized with the Yoast SEO Premium plugin v18.6 (Yoast SEO v19.13) - https:\/\/yoast.com\/wordpress\/plugins\/seo\/ -->\n<title>RUFFONI Opus Cupra Set 7 pz - Erresse Shop<\/title>\n<meta name=\"description\" content=\"Cette batterie de cuisine de qualit\u00e9 h\u00e9rit\u00e9e du pass\u00e9 combine des d\u00e9tails artisanaux avec les derni\u00e8res technologies de rev\u00eatement m\u00e9tallique pour\" \/>\n<meta name=\"robots\" content=\"index, follow, max-snippet:-1, max-image-preview:large, max-video-preview:-1\" \/>\n<link rel=\"canonical\" href=\"https:\/\/www.erresse-shop.it\/fr\/shop\/poeles-pots\/batteries-de-cuisine\/ruffoni-opus-cupra-set-7-pz\/\" \/>\n<meta property=\"og:locale\" content=\"fr_FR\" \/>\n<meta property=\"og:type\" content=\"article\" \/>\n<meta property=\"og:title\" content=\"RUFFONI Opus Cupra Set 7 pz\" \/>\n<meta property=\"og:description\" content=\"Cette batterie de cuisine de qualit\u00e9 h\u00e9rit\u00e9e du pass\u00e9 combine des d\u00e9tails artisanaux avec les derni\u00e8res technologies de rev\u00eatement m\u00e9tallique pour\" \/>\n<meta property=\"og:url\" content=\"https:\/\/www.erresse-shop.it\/fr\/shop\/poeles-pots\/batteries-de-cuisine\/ruffoni-opus-cupra-set-7-pz\/\" \/>\n<meta property=\"og:site_name\" content=\"Erresse Shop\" \/>\n<meta property=\"article:modified_time\" content=\"2022-08-24T08:49:57+00:00\" \/>\n<meta property=\"og:image\" content=\"https:\/\/www.erresse-shop.it\/wp-content\/uploads\/2022\/08\/Ruffoni-Set-7pz-opus-cupra.jpg\" \/>\n\t<meta property=\"og:image:width\" content=\"800\" \/>\n\t<meta property=\"og:image:height\" content=\"800\" \/>\n\t<meta property=\"og:image:type\" content=\"image\/jpeg\" \/>\n<meta name=\"twitter:card\" content=\"summary_large_image\" \/>\n<script type=\"application\/ld+json\" class=\"yoast-schema-graph\">{\"@context\":\"https:\/\/schema.org\",\"@graph\":[{\"@type\":\"WebPage\",\"@id\":\"https:\/\/www.erresse-shop.it\/fr\/shop\/poeles-pots\/batteries-de-cuisine\/ruffoni-opus-cupra-set-7-pz\/\",\"url\":\"https:\/\/www.erresse-shop.it\/fr\/shop\/poeles-pots\/batteries-de-cuisine\/ruffoni-opus-cupra-set-7-pz\/\",\"name\":\"RUFFONI Opus Cupra Set 7 pz - Erresse Shop\",\"isPartOf\":{\"@id\":\"https:\/\/www.erresse-shop.it\/fr\/#website\"},\"datePublished\":\"2022-08-24T08:24:45+00:00\",\"dateModified\":\"2022-08-24T08:49:57+00:00\",\"description\":\"Cette batterie de cuisine de qualit\u00e9 h\u00e9rit\u00e9e du pass\u00e9 combine des d\u00e9tails artisanaux avec les derni\u00e8res technologies de rev\u00eatement m\u00e9tallique pour\",\"breadcrumb\":{\"@id\":\"https:\/\/www.erresse-shop.it\/fr\/shop\/poeles-pots\/batteries-de-cuisine\/ruffoni-opus-cupra-set-7-pz\/#breadcrumb\"},\"inLanguage\":\"fr-FR\",\"potentialAction\":[{\"@type\":\"ReadAction\",\"target\":[\"https:\/\/www.erresse-shop.it\/fr\/shop\/poeles-pots\/batteries-de-cuisine\/ruffoni-opus-cupra-set-7-pz\/\"]}]},{\"@type\":\"BreadcrumbList\",\"@id\":\"https:\/\/www.erresse-shop.it\/fr\/shop\/poeles-pots\/batteries-de-cuisine\/ruffoni-opus-cupra-set-7-pz\/#breadcrumb\",\"itemListElement\":[{\"@type\":\"ListItem\",\"position\":1,\"name\":\"Home\",\"item\":\"https:\/\/www.erresse-shop.it\/fr\/\"},{\"@type\":\"ListItem\",\"position\":2,\"name\":\"Shop\",\"item\":\"https:\/\/www.erresse-shop.it\/fr\/shop\/\"},{\"@type\":\"ListItem\",\"position\":3,\"name\":\"RUFFONI Opus Cupra Set 7 pz\"}]},{\"@type\":\"WebSite\",\"@id\":\"https:\/\/www.erresse-shop.it\/fr\/#website\",\"url\":\"https:\/\/www.erresse-shop.it\/fr\/\",\"name\":\"Erresse Shop\",\"description\":\"Articoli di qualit\u00e0 per la casa\",\"potentialAction\":[{\"@type\":\"SearchAction\",\"target\":{\"@type\":\"EntryPoint\",\"urlTemplate\":\"https:\/\/www.erresse-shop.it\/fr\/?s={search_term_string}\"},\"query-input\":\"required name=search_term_string\"}],\"inLanguage\":\"fr-FR\"}]}<\/script>\n<!-- \/ Yoast SEO Premium plugin. -->","yoast_head_json":{"title":"RUFFONI Opus Cupra Set 7 pz - Erresse Shop","description":"Cette batterie de cuisine de qualit\u00e9 h\u00e9rit\u00e9e du pass\u00e9 combine des d\u00e9tails artisanaux avec les derni\u00e8res technologies de rev\u00eatement m\u00e9tallique pour","robots":{"index":"index","follow":"follow","max-snippet":"max-snippet:-1","max-image-preview":"max-image-preview:large","max-video-preview":"max-video-preview:-1"},"canonical":"https:\/\/www.erresse-shop.it\/fr\/shop\/poeles-pots\/batteries-de-cuisine\/ruffoni-opus-cupra-set-7-pz\/","og_locale":"fr_FR","og_type":"article","og_title":"RUFFONI Opus Cupra Set 7 pz","og_description":"Cette batterie de cuisine de qualit\u00e9 h\u00e9rit\u00e9e du pass\u00e9 combine des d\u00e9tails artisanaux avec les derni\u00e8res technologies de rev\u00eatement m\u00e9tallique pour","og_url":"https:\/\/www.erresse-shop.it\/fr\/shop\/poeles-pots\/batteries-de-cuisine\/ruffoni-opus-cupra-set-7-pz\/","og_site_name":"Erresse Shop","article_modified_time":"2022-08-24T08:49:57+00:00","og_image":[{"width":800,"height":800,"url":"https:\/\/www.erresse-shop.it\/wp-content\/uploads\/2022\/08\/Ruffoni-Set-7pz-opus-cupra.jpg","type":"image\/jpeg"}],"twitter_card":"summary_large_image","schema":{"@context":"https:\/\/schema.org","@graph":[{"@type":"WebPage","@id":"https:\/\/www.erresse-shop.it\/fr\/shop\/poeles-pots\/batteries-de-cuisine\/ruffoni-opus-cupra-set-7-pz\/","url":"https:\/\/www.erresse-shop.it\/fr\/shop\/poeles-pots\/batteries-de-cuisine\/ruffoni-opus-cupra-set-7-pz\/","name":"RUFFONI Opus Cupra Set 7 pz - Erresse Shop","isPartOf":{"@id":"https:\/\/www.erresse-shop.it\/fr\/#website"},"datePublished":"2022-08-24T08:24:45+00:00","dateModified":"2022-08-24T08:49:57+00:00","description":"Cette batterie de cuisine de qualit\u00e9 h\u00e9rit\u00e9e du pass\u00e9 combine des d\u00e9tails artisanaux avec les derni\u00e8res technologies de rev\u00eatement m\u00e9tallique pour","breadcrumb":{"@id":"https:\/\/www.erresse-shop.it\/fr\/shop\/poeles-pots\/batteries-de-cuisine\/ruffoni-opus-cupra-set-7-pz\/#breadcrumb"},"inLanguage":"fr-FR","potentialAction":[{"@type":"ReadAction","target":["https:\/\/www.erresse-shop.it\/fr\/shop\/poeles-pots\/batteries-de-cuisine\/ruffoni-opus-cupra-set-7-pz\/"]}]},{"@type":"BreadcrumbList","@id":"https:\/\/www.erresse-shop.it\/fr\/shop\/poeles-pots\/batteries-de-cuisine\/ruffoni-opus-cupra-set-7-pz\/#breadcrumb","itemListElement":[{"@type":"ListItem","position":1,"name":"Home","item":"https:\/\/www.erresse-shop.it\/fr\/"},{"@type":"ListItem","position":2,"name":"Shop","item":"https:\/\/www.erresse-shop.it\/fr\/shop\/"},{"@type":"ListItem","position":3,"name":"RUFFONI Opus Cupra Set 7 pz"}]},{"@type":"WebSite","@id":"https:\/\/www.erresse-shop.it\/fr\/#website","url":"https:\/\/www.erresse-shop.it\/fr\/","name":"Erresse Shop","description":"Articoli di qualit\u00e0 per la casa","potentialAction":[{"@type":"SearchAction","target":{"@type":"EntryPoint","urlTemplate":"https:\/\/www.erresse-shop.it\/fr\/?s={search_term_string}"},"query-input":"required name=search_term_string"}],"inLanguage":"fr-FR"}]}},"df_price":1363.5,"df_sale_price":1363.5,"df_regular_price":2727,"df_image_link":"https:\/\/www.erresse-shop.it\/wp-content\/uploads\/2022\/08\/Ruffoni-Set-7pz-opus-cupra-300x300.jpg","_links":{"self":[{"href":"https:\/\/www.erresse-shop.it\/fr\/wp-json\/wp\/v2\/product\/175065"}],"collection":[{"href":"https:\/\/www.erresse-shop.it\/fr\/wp-json\/wp\/v2\/product"}],"about":[{"href":"https:\/\/www.erresse-shop.it\/fr\/wp-json\/wp\/v2\/types\/product"}],"wp:featuredmedia":[{"embeddable":true,"href":"https:\/\/www.erresse-shop.it\/fr\/wp-json\/wp\/v2\/media\/175070"}],"wp:attachment":[{"href":"https:\/\/www.erresse-shop.it\/fr\/wp-json\/wp\/v2\/media?parent=175065"}],"wp:term":[{"taxonomy":"product_cat","embeddable":true,"href":"https:\/\/www.erresse-shop.it\/fr\/wp-json\/wp\/v2\/product_cat?post=175065"},{"taxonomy":"product_tag","embeddable":true,"href":"https:\/\/www.erresse-shop.it\/fr\/wp-json\/wp\/v2\/product_tag?post=175065"}],"curies":[{"name":"wp","href":"https:\/\/api.w.org\/{rel}","templated":true}]}}