{"id":174192,"date":"2022-08-11T08:53:10","date_gmt":"2022-08-11T08:53:20","guid":{"rendered":"https:\/\/www.erresse-shop.it\/?post_type=product&#038;p=174192"},"modified":"2025-01-14T17:46:41","modified_gmt":"2025-01-14T17:46:41","slug":"galbiati-milano-tribeca-6-gobelets-a-eau-menthe","status":"publish","type":"product","link":"https:\/\/www.erresse-shop.it\/fr\/shop\/table-fr-2\/verres\/galbiati-milano-tribeca-6-gobelets-a-eau-menthe\/","title":{"rendered":"GALBIATI MILANO Tribeca 6 Gobelets \u00e0 Eau Menthe"},"content":{"rendered":"<p>Ces verres sont fabriqu\u00e9s en verre color\u00e9, souffl\u00e9 \u00e0 la bouche.<\/p>\n","protected":false},"excerpt":{"rendered":"<p>Ces verres sont fabriqu\u00e9s en verre color\u00e9, souffl\u00e9 \u00e0 la bouche.<\/p>\n","protected":false},"featured_media":174228,"template":"","meta":{"_acf_changed":false,"inline_featured_image":false},"product_cat":[12782,12784],"product_tag":[20256,12826,20130],"acf":[],"yoast_head":"<!-- This site is optimized with the Yoast SEO Premium plugin v18.6 (Yoast SEO v19.13) - https:\/\/yoast.com\/wordpress\/plugins\/seo\/ -->\n<title>GALBIATI MILANO Tribeca 6 Gobelets \u00e0 Eau Menthe<\/title>\n<meta name=\"description\" content=\"D\u00e9couvrez GALBIATI MILANO Tribeca 6 Gobelets \u00e0 Eau Menthe sur ErresseShop. Qualit\u00e9, prix r\u00e9duits et achat s\u00e9curis\u00e9 \u2013 commandez d\u00e8s maintenant en ligne !\" \/>\n<meta name=\"robots\" content=\"index, follow, max-snippet:-1, max-image-preview:large, max-video-preview:-1\" \/>\n<link rel=\"canonical\" href=\"https:\/\/www.erresse-shop.it\/fr\/shop\/table-fr-2\/verres\/galbiati-milano-tribeca-6-gobelets-a-eau-menthe\/\" \/>\n<meta property=\"og:locale\" content=\"fr_FR\" \/>\n<meta property=\"og:type\" content=\"article\" \/>\n<meta property=\"og:title\" content=\"GALBIATI MILANO Tribeca 6 Gobelets \u00e0 Eau Menthe\" \/>\n<meta property=\"og:description\" content=\"D\u00e9couvrez GALBIATI MILANO Tribeca 6 Gobelets \u00e0 Eau Menthe sur ErresseShop. Qualit\u00e9, prix r\u00e9duits et achat s\u00e9curis\u00e9 \u2013 commandez d\u00e8s maintenant en ligne !\" \/>\n<meta property=\"og:url\" content=\"https:\/\/www.erresse-shop.it\/fr\/shop\/table-fr-2\/verres\/galbiati-milano-tribeca-6-gobelets-a-eau-menthe\/\" \/>\n<meta property=\"og:site_name\" content=\"Erresse Shop\" \/>\n<meta property=\"article:modified_time\" content=\"2025-01-14T17:46:41+00:00\" \/>\n<meta property=\"og:image\" content=\"https:\/\/www.erresse-shop.it\/wp-content\/uploads\/2022\/08\/GALBIATI-TRIBECA-MENTA.jpg\" \/>\n\t<meta property=\"og:image:width\" content=\"800\" \/>\n\t<meta property=\"og:image:height\" content=\"800\" \/>\n\t<meta property=\"og:image:type\" content=\"image\/jpeg\" \/>\n<meta name=\"twitter:card\" content=\"summary_large_image\" \/>\n<script type=\"application\/ld+json\" class=\"yoast-schema-graph\">{\"@context\":\"https:\/\/schema.org\",\"@graph\":[{\"@type\":\"WebPage\",\"@id\":\"https:\/\/www.erresse-shop.it\/fr\/shop\/table-fr-2\/verres\/galbiati-milano-tribeca-6-gobelets-a-eau-menthe\/\",\"url\":\"https:\/\/www.erresse-shop.it\/fr\/shop\/table-fr-2\/verres\/galbiati-milano-tribeca-6-gobelets-a-eau-menthe\/\",\"name\":\"GALBIATI MILANO Tribeca 6 Gobelets \u00e0 Eau Menthe\",\"isPartOf\":{\"@id\":\"https:\/\/www.erresse-shop.it\/fr\/#website\"},\"datePublished\":\"2022-08-11T08:53:20+00:00\",\"dateModified\":\"2025-01-14T17:46:41+00:00\",\"description\":\"D\u00e9couvrez GALBIATI MILANO Tribeca 6 Gobelets \u00e0 Eau Menthe sur ErresseShop. Qualit\u00e9, prix r\u00e9duits et achat s\u00e9curis\u00e9 \u2013 commandez d\u00e8s maintenant en ligne !\",\"breadcrumb\":{\"@id\":\"https:\/\/www.erresse-shop.it\/fr\/shop\/table-fr-2\/verres\/galbiati-milano-tribeca-6-gobelets-a-eau-menthe\/#breadcrumb\"},\"inLanguage\":\"fr-FR\",\"potentialAction\":[{\"@type\":\"ReadAction\",\"target\":[\"https:\/\/www.erresse-shop.it\/fr\/shop\/table-fr-2\/verres\/galbiati-milano-tribeca-6-gobelets-a-eau-menthe\/\"]}]},{\"@type\":\"BreadcrumbList\",\"@id\":\"https:\/\/www.erresse-shop.it\/fr\/shop\/table-fr-2\/verres\/galbiati-milano-tribeca-6-gobelets-a-eau-menthe\/#breadcrumb\",\"itemListElement\":[{\"@type\":\"ListItem\",\"position\":1,\"name\":\"Home\",\"item\":\"https:\/\/www.erresse-shop.it\/fr\/\"},{\"@type\":\"ListItem\",\"position\":2,\"name\":\"Shop\",\"item\":\"https:\/\/www.erresse-shop.it\/fr\/shop\/\"},{\"@type\":\"ListItem\",\"position\":3,\"name\":\"GALBIATI MILANO Tribeca 6 Gobelets \u00e0 Eau Menthe\"}]},{\"@type\":\"WebSite\",\"@id\":\"https:\/\/www.erresse-shop.it\/fr\/#website\",\"url\":\"https:\/\/www.erresse-shop.it\/fr\/\",\"name\":\"Erresse Shop\",\"description\":\"Articoli di qualit\u00e0 per la casa\",\"potentialAction\":[{\"@type\":\"SearchAction\",\"target\":{\"@type\":\"EntryPoint\",\"urlTemplate\":\"https:\/\/www.erresse-shop.it\/fr\/?s={search_term_string}\"},\"query-input\":\"required name=search_term_string\"}],\"inLanguage\":\"fr-FR\"}]}<\/script>\n<!-- \/ Yoast SEO Premium plugin. -->","yoast_head_json":{"title":"GALBIATI MILANO Tribeca 6 Gobelets \u00e0 Eau Menthe","description":"D\u00e9couvrez GALBIATI MILANO Tribeca 6 Gobelets \u00e0 Eau Menthe sur ErresseShop. Qualit\u00e9, prix r\u00e9duits et achat s\u00e9curis\u00e9 \u2013 commandez d\u00e8s maintenant en ligne !","robots":{"index":"index","follow":"follow","max-snippet":"max-snippet:-1","max-image-preview":"max-image-preview:large","max-video-preview":"max-video-preview:-1"},"canonical":"https:\/\/www.erresse-shop.it\/fr\/shop\/table-fr-2\/verres\/galbiati-milano-tribeca-6-gobelets-a-eau-menthe\/","og_locale":"fr_FR","og_type":"article","og_title":"GALBIATI MILANO Tribeca 6 Gobelets \u00e0 Eau Menthe","og_description":"D\u00e9couvrez GALBIATI MILANO Tribeca 6 Gobelets \u00e0 Eau Menthe sur ErresseShop. Qualit\u00e9, prix r\u00e9duits et achat s\u00e9curis\u00e9 \u2013 commandez d\u00e8s maintenant en ligne !","og_url":"https:\/\/www.erresse-shop.it\/fr\/shop\/table-fr-2\/verres\/galbiati-milano-tribeca-6-gobelets-a-eau-menthe\/","og_site_name":"Erresse Shop","article_modified_time":"2025-01-14T17:46:41+00:00","og_image":[{"width":800,"height":800,"url":"https:\/\/www.erresse-shop.it\/wp-content\/uploads\/2022\/08\/GALBIATI-TRIBECA-MENTA.jpg","type":"image\/jpeg"}],"twitter_card":"summary_large_image","schema":{"@context":"https:\/\/schema.org","@graph":[{"@type":"WebPage","@id":"https:\/\/www.erresse-shop.it\/fr\/shop\/table-fr-2\/verres\/galbiati-milano-tribeca-6-gobelets-a-eau-menthe\/","url":"https:\/\/www.erresse-shop.it\/fr\/shop\/table-fr-2\/verres\/galbiati-milano-tribeca-6-gobelets-a-eau-menthe\/","name":"GALBIATI MILANO Tribeca 6 Gobelets \u00e0 Eau Menthe","isPartOf":{"@id":"https:\/\/www.erresse-shop.it\/fr\/#website"},"datePublished":"2022-08-11T08:53:20+00:00","dateModified":"2025-01-14T17:46:41+00:00","description":"D\u00e9couvrez GALBIATI MILANO Tribeca 6 Gobelets \u00e0 Eau Menthe sur ErresseShop. Qualit\u00e9, prix r\u00e9duits et achat s\u00e9curis\u00e9 \u2013 commandez d\u00e8s maintenant en ligne !","breadcrumb":{"@id":"https:\/\/www.erresse-shop.it\/fr\/shop\/table-fr-2\/verres\/galbiati-milano-tribeca-6-gobelets-a-eau-menthe\/#breadcrumb"},"inLanguage":"fr-FR","potentialAction":[{"@type":"ReadAction","target":["https:\/\/www.erresse-shop.it\/fr\/shop\/table-fr-2\/verres\/galbiati-milano-tribeca-6-gobelets-a-eau-menthe\/"]}]},{"@type":"BreadcrumbList","@id":"https:\/\/www.erresse-shop.it\/fr\/shop\/table-fr-2\/verres\/galbiati-milano-tribeca-6-gobelets-a-eau-menthe\/#breadcrumb","itemListElement":[{"@type":"ListItem","position":1,"name":"Home","item":"https:\/\/www.erresse-shop.it\/fr\/"},{"@type":"ListItem","position":2,"name":"Shop","item":"https:\/\/www.erresse-shop.it\/fr\/shop\/"},{"@type":"ListItem","position":3,"name":"GALBIATI MILANO Tribeca 6 Gobelets \u00e0 Eau Menthe"}]},{"@type":"WebSite","@id":"https:\/\/www.erresse-shop.it\/fr\/#website","url":"https:\/\/www.erresse-shop.it\/fr\/","name":"Erresse Shop","description":"Articoli di qualit\u00e0 per la casa","potentialAction":[{"@type":"SearchAction","target":{"@type":"EntryPoint","urlTemplate":"https:\/\/www.erresse-shop.it\/fr\/?s={search_term_string}"},"query-input":"required name=search_term_string"}],"inLanguage":"fr-FR"}]}},"df_price":260,"df_sale_price":260,"df_regular_price":260,"df_image_link":"https:\/\/www.erresse-shop.it\/wp-content\/uploads\/2022\/08\/GALBIATI-TRIBECA-MENTA-300x300.jpg","_links":{"self":[{"href":"https:\/\/www.erresse-shop.it\/fr\/wp-json\/wp\/v2\/product\/174192"}],"collection":[{"href":"https:\/\/www.erresse-shop.it\/fr\/wp-json\/wp\/v2\/product"}],"about":[{"href":"https:\/\/www.erresse-shop.it\/fr\/wp-json\/wp\/v2\/types\/product"}],"wp:featuredmedia":[{"embeddable":true,"href":"https:\/\/www.erresse-shop.it\/fr\/wp-json\/wp\/v2\/media\/174228"}],"wp:attachment":[{"href":"https:\/\/www.erresse-shop.it\/fr\/wp-json\/wp\/v2\/media?parent=174192"}],"wp:term":[{"taxonomy":"product_cat","embeddable":true,"href":"https:\/\/www.erresse-shop.it\/fr\/wp-json\/wp\/v2\/product_cat?post=174192"},{"taxonomy":"product_tag","embeddable":true,"href":"https:\/\/www.erresse-shop.it\/fr\/wp-json\/wp\/v2\/product_tag?post=174192"}],"curies":[{"name":"wp","href":"https:\/\/api.w.org\/{rel}","templated":true}]}}