{"id":172881,"date":"2022-07-28T06:16:09","date_gmt":"2022-07-28T06:16:36","guid":{"rendered":"https:\/\/www.erresse-shop.it\/?post_type=product&#038;p=172881"},"modified":"2022-07-28T06:28:45","modified_gmt":"2022-07-28T06:28:45","slug":"versace-home-vase-le-jardin-de-versace-34-cm","status":"publish","type":"product","link":"https:\/\/www.erresse-shop.it\/fr\/shop\/ameublement-maison\/vases-fr\/versace-home-vase-le-jardin-de-versace-34-cm\/","title":{"rendered":"VERSACE HOME Vase Le Jardin de Versace 34 cm"},"content":{"rendered":"<p><strong>Hauteur :<\/strong> 34 cm<\/p>\n<p>Cette belle d\u00e9coration de Versace s&#8217;appelle Le Jardin de Versace. Il est fabriqu\u00e9 \u00e0 partir de la porcelaine la plus fine, cr\u00e9ant un style que l&#8217;on peut qualifier de luxueux et de glamour. La couleur la plus importante de cette pi\u00e8ce est en fait un m\u00e9lange de plusieurs couleurs. Les d\u00e9corations florales ludiques font de cette pi\u00e8ce un \u00e9l\u00e9ment qui attire le regard sur n&#8217;importe quelle table ou comptoir.<\/p>\n","protected":false},"excerpt":{"rendered":"<p>Hauteur : 34 cm Cette belle d\u00e9coration de Versace s&#8217;appelle Le Jardin de Versace. Il est fabriqu\u00e9 \u00e0 partir de<\/p>\n","protected":false},"featured_media":172886,"template":"","meta":{"_acf_changed":false,"inline_featured_image":false},"product_cat":[12738,14422],"product_tag":[23690,17870,24680,13849,17839],"acf":[],"yoast_head":"<!-- This site is optimized with the Yoast SEO Premium plugin v18.6 (Yoast SEO v19.13) - https:\/\/yoast.com\/wordpress\/plugins\/seo\/ -->\n<title>VERSACE HOME Vase Le Jardin de Versace 34 cm - Erresse Shop<\/title>\n<meta name=\"description\" content=\"Hauteur : 34 cm Cette belle d\u00e9coration de Versace s&#039;appelle Le Jardin de Versace. Il est fabriqu\u00e9 \u00e0 partir de la porcelaine la plus fine, cr\u00e9ant un style\" \/>\n<meta name=\"robots\" content=\"index, follow, max-snippet:-1, max-image-preview:large, max-video-preview:-1\" \/>\n<link rel=\"canonical\" href=\"https:\/\/www.erresse-shop.it\/fr\/shop\/ameublement-maison\/vases-fr\/versace-home-vase-le-jardin-de-versace-34-cm\/\" \/>\n<meta property=\"og:locale\" content=\"fr_FR\" \/>\n<meta property=\"og:type\" content=\"article\" \/>\n<meta property=\"og:title\" content=\"VERSACE HOME Vase Le Jardin de Versace 34 cm\" \/>\n<meta property=\"og:description\" content=\"Hauteur : 34 cm Cette belle d\u00e9coration de Versace s&#039;appelle Le Jardin de Versace. Il est fabriqu\u00e9 \u00e0 partir de la porcelaine la plus fine, cr\u00e9ant un style\" \/>\n<meta property=\"og:url\" content=\"https:\/\/www.erresse-shop.it\/fr\/shop\/ameublement-maison\/vases-fr\/versace-home-vase-le-jardin-de-versace-34-cm\/\" \/>\n<meta property=\"og:site_name\" content=\"Erresse Shop\" \/>\n<meta property=\"article:modified_time\" content=\"2022-07-28T06:28:45+00:00\" \/>\n<meta property=\"og:image\" content=\"https:\/\/www.erresse-shop.it\/wp-content\/uploads\/2022\/07\/VERSACE-HOME-Vaso-Le-Jardin-de-Versace-34cm.jpg\" \/>\n\t<meta property=\"og:image:width\" content=\"800\" \/>\n\t<meta property=\"og:image:height\" content=\"800\" \/>\n\t<meta property=\"og:image:type\" content=\"image\/jpeg\" \/>\n<meta name=\"twitter:card\" content=\"summary_large_image\" \/>\n<script type=\"application\/ld+json\" class=\"yoast-schema-graph\">{\"@context\":\"https:\/\/schema.org\",\"@graph\":[{\"@type\":\"WebPage\",\"@id\":\"https:\/\/www.erresse-shop.it\/fr\/shop\/ameublement-maison\/vases-fr\/versace-home-vase-le-jardin-de-versace-34-cm\/\",\"url\":\"https:\/\/www.erresse-shop.it\/fr\/shop\/ameublement-maison\/vases-fr\/versace-home-vase-le-jardin-de-versace-34-cm\/\",\"name\":\"VERSACE HOME Vase Le Jardin de Versace 34 cm - Erresse Shop\",\"isPartOf\":{\"@id\":\"https:\/\/www.erresse-shop.it\/fr\/#website\"},\"datePublished\":\"2022-07-28T06:16:36+00:00\",\"dateModified\":\"2022-07-28T06:28:45+00:00\",\"description\":\"Hauteur : 34 cm Cette belle d\u00e9coration de Versace s'appelle Le Jardin de Versace. Il est fabriqu\u00e9 \u00e0 partir de la porcelaine la plus fine, cr\u00e9ant un style\",\"breadcrumb\":{\"@id\":\"https:\/\/www.erresse-shop.it\/fr\/shop\/ameublement-maison\/vases-fr\/versace-home-vase-le-jardin-de-versace-34-cm\/#breadcrumb\"},\"inLanguage\":\"fr-FR\",\"potentialAction\":[{\"@type\":\"ReadAction\",\"target\":[\"https:\/\/www.erresse-shop.it\/fr\/shop\/ameublement-maison\/vases-fr\/versace-home-vase-le-jardin-de-versace-34-cm\/\"]}]},{\"@type\":\"BreadcrumbList\",\"@id\":\"https:\/\/www.erresse-shop.it\/fr\/shop\/ameublement-maison\/vases-fr\/versace-home-vase-le-jardin-de-versace-34-cm\/#breadcrumb\",\"itemListElement\":[{\"@type\":\"ListItem\",\"position\":1,\"name\":\"Home\",\"item\":\"https:\/\/www.erresse-shop.it\/fr\/\"},{\"@type\":\"ListItem\",\"position\":2,\"name\":\"Shop\",\"item\":\"https:\/\/www.erresse-shop.it\/fr\/shop\/\"},{\"@type\":\"ListItem\",\"position\":3,\"name\":\"VERSACE HOME Vase Le Jardin de Versace 34 cm\"}]},{\"@type\":\"WebSite\",\"@id\":\"https:\/\/www.erresse-shop.it\/fr\/#website\",\"url\":\"https:\/\/www.erresse-shop.it\/fr\/\",\"name\":\"Erresse Shop\",\"description\":\"Articoli di qualit\u00e0 per la casa\",\"potentialAction\":[{\"@type\":\"SearchAction\",\"target\":{\"@type\":\"EntryPoint\",\"urlTemplate\":\"https:\/\/www.erresse-shop.it\/fr\/?s={search_term_string}\"},\"query-input\":\"required name=search_term_string\"}],\"inLanguage\":\"fr-FR\"}]}<\/script>\n<!-- \/ Yoast SEO Premium plugin. -->","yoast_head_json":{"title":"VERSACE HOME Vase Le Jardin de Versace 34 cm - Erresse Shop","description":"Hauteur : 34 cm Cette belle d\u00e9coration de Versace s'appelle Le Jardin de Versace. Il est fabriqu\u00e9 \u00e0 partir de la porcelaine la plus fine, cr\u00e9ant un style","robots":{"index":"index","follow":"follow","max-snippet":"max-snippet:-1","max-image-preview":"max-image-preview:large","max-video-preview":"max-video-preview:-1"},"canonical":"https:\/\/www.erresse-shop.it\/fr\/shop\/ameublement-maison\/vases-fr\/versace-home-vase-le-jardin-de-versace-34-cm\/","og_locale":"fr_FR","og_type":"article","og_title":"VERSACE HOME Vase Le Jardin de Versace 34 cm","og_description":"Hauteur : 34 cm Cette belle d\u00e9coration de Versace s'appelle Le Jardin de Versace. Il est fabriqu\u00e9 \u00e0 partir de la porcelaine la plus fine, cr\u00e9ant un style","og_url":"https:\/\/www.erresse-shop.it\/fr\/shop\/ameublement-maison\/vases-fr\/versace-home-vase-le-jardin-de-versace-34-cm\/","og_site_name":"Erresse Shop","article_modified_time":"2022-07-28T06:28:45+00:00","og_image":[{"width":800,"height":800,"url":"https:\/\/www.erresse-shop.it\/wp-content\/uploads\/2022\/07\/VERSACE-HOME-Vaso-Le-Jardin-de-Versace-34cm.jpg","type":"image\/jpeg"}],"twitter_card":"summary_large_image","schema":{"@context":"https:\/\/schema.org","@graph":[{"@type":"WebPage","@id":"https:\/\/www.erresse-shop.it\/fr\/shop\/ameublement-maison\/vases-fr\/versace-home-vase-le-jardin-de-versace-34-cm\/","url":"https:\/\/www.erresse-shop.it\/fr\/shop\/ameublement-maison\/vases-fr\/versace-home-vase-le-jardin-de-versace-34-cm\/","name":"VERSACE HOME Vase Le Jardin de Versace 34 cm - Erresse Shop","isPartOf":{"@id":"https:\/\/www.erresse-shop.it\/fr\/#website"},"datePublished":"2022-07-28T06:16:36+00:00","dateModified":"2022-07-28T06:28:45+00:00","description":"Hauteur : 34 cm Cette belle d\u00e9coration de Versace s'appelle Le Jardin de Versace. Il est fabriqu\u00e9 \u00e0 partir de la porcelaine la plus fine, cr\u00e9ant un style","breadcrumb":{"@id":"https:\/\/www.erresse-shop.it\/fr\/shop\/ameublement-maison\/vases-fr\/versace-home-vase-le-jardin-de-versace-34-cm\/#breadcrumb"},"inLanguage":"fr-FR","potentialAction":[{"@type":"ReadAction","target":["https:\/\/www.erresse-shop.it\/fr\/shop\/ameublement-maison\/vases-fr\/versace-home-vase-le-jardin-de-versace-34-cm\/"]}]},{"@type":"BreadcrumbList","@id":"https:\/\/www.erresse-shop.it\/fr\/shop\/ameublement-maison\/vases-fr\/versace-home-vase-le-jardin-de-versace-34-cm\/#breadcrumb","itemListElement":[{"@type":"ListItem","position":1,"name":"Home","item":"https:\/\/www.erresse-shop.it\/fr\/"},{"@type":"ListItem","position":2,"name":"Shop","item":"https:\/\/www.erresse-shop.it\/fr\/shop\/"},{"@type":"ListItem","position":3,"name":"VERSACE HOME Vase Le Jardin de Versace 34 cm"}]},{"@type":"WebSite","@id":"https:\/\/www.erresse-shop.it\/fr\/#website","url":"https:\/\/www.erresse-shop.it\/fr\/","name":"Erresse Shop","description":"Articoli di qualit\u00e0 per la casa","potentialAction":[{"@type":"SearchAction","target":{"@type":"EntryPoint","urlTemplate":"https:\/\/www.erresse-shop.it\/fr\/?s={search_term_string}"},"query-input":"required name=search_term_string"}],"inLanguage":"fr-FR"}]}},"df_price":369.5,"df_sale_price":369.5,"df_regular_price":739,"df_image_link":"https:\/\/www.erresse-shop.it\/wp-content\/uploads\/2022\/07\/VERSACE-HOME-Vaso-Le-Jardin-de-Versace-34cm-300x300.jpg","_links":{"self":[{"href":"https:\/\/www.erresse-shop.it\/fr\/wp-json\/wp\/v2\/product\/172881"}],"collection":[{"href":"https:\/\/www.erresse-shop.it\/fr\/wp-json\/wp\/v2\/product"}],"about":[{"href":"https:\/\/www.erresse-shop.it\/fr\/wp-json\/wp\/v2\/types\/product"}],"wp:featuredmedia":[{"embeddable":true,"href":"https:\/\/www.erresse-shop.it\/fr\/wp-json\/wp\/v2\/media\/172886"}],"wp:attachment":[{"href":"https:\/\/www.erresse-shop.it\/fr\/wp-json\/wp\/v2\/media?parent=172881"}],"wp:term":[{"taxonomy":"product_cat","embeddable":true,"href":"https:\/\/www.erresse-shop.it\/fr\/wp-json\/wp\/v2\/product_cat?post=172881"},{"taxonomy":"product_tag","embeddable":true,"href":"https:\/\/www.erresse-shop.it\/fr\/wp-json\/wp\/v2\/product_tag?post=172881"}],"curies":[{"name":"wp","href":"https:\/\/api.w.org\/{rel}","templated":true}]}}