{"id":172665,"date":"2022-07-27T07:38:28","date_gmt":"2022-07-27T07:38:33","guid":{"rendered":"https:\/\/www.erresse-shop.it\/?post_type=product&#038;p=172665"},"modified":"2025-01-14T17:35:07","modified_gmt":"2025-01-14T17:35:07","slug":"demeyere-wok-26-cm","status":"publish","type":"product","link":"https:\/\/www.erresse-shop.it\/fr\/shop\/poeles-pots\/wok\/demeyere-wok-26-cm\/","title":{"rendered":"DEMEYERE Wok 26 cm"},"content":{"rendered":"<p>Dans ce wok Demeyere \u00e0 base plate, vous pouvez faire frire, cuire \u00e0 la vapeur et cuisiner des plats d\u00e9licats d&#8217;Extr\u00eame-Orient. Le mat\u00e9riau \u00e0 7 couches du wok de 26 cm permet aux aliments situ\u00e9s au centre de devenir tr\u00e8s chauds, tandis que les aliments situ\u00e9s sur les c\u00f4t\u00e9s restent plus froids, de sorte que tous les aliments sont cuits uniform\u00e9ment lorsqu&#8217;ils sont saut\u00e9s. Les l\u00e9gumes, la viande, le poisson et la volaille sont pr\u00e9par\u00e9s en les faisant dorer, c&#8217;est-\u00e0-dire en remuant et en retournant les ingr\u00e9dients dans un peu d&#8217;huile. L&#8217;int\u00e9rieur et l&#8217;ext\u00e9rieur du wok sont finis en Silvinox\u00ae. Oubliez les surfaces d\u00e9color\u00e9es et la rouille. La base plate peut \u00eatre utilis\u00e9e sur tout type de plaque de cuisson, y compris les plaques \u00e0 induction. La technologie TriplInduc vous permet de changer de source d&#8217;\u00e9nergie pendant la cuisson sans perdre de puissance. La conduction de la chaleur est excellente, gr\u00e2ce au mat\u00e9riau multicouche de 2,3 mm d&#8217;\u00e9paisseur. Avec ce wok \u00e0 fond plat de la gamme de woks Demeyere, vous pouvez pr\u00e9parer une vari\u00e9t\u00e9 de plats asiatiques d\u00e9licieux et authentiques qui vous emm\u00e8neront, vous et vos invit\u00e9s, en Extr\u00eame-Orient.<\/p>\n<ul>\n<li>Acier inoxydable 18\/10 avec Silvinox\u00ae : hygi\u00e9nique et facile \u00e0 nettoyer<\/li>\n<li>Mat\u00e9riau \u00e0 7 couches jusqu&#8217;au bord (2,3 mm) : r\u00e9partition parfaite de la chaleur pour la cuisson des frites<\/li>\n<li>Poign\u00e9es en acier inoxydable soud\u00e9es : extr\u00eamement robustes et hygi\u00e9niques.<\/li>\n<li>Convient au four et \u00e0 tous les types de plaques de cuisson, m\u00eame celles \u00e0 induction.<\/li>\n<\/ul>\n<p><strong>Couleur :<\/strong> argent<br \/>\n<strong>Mat\u00e9riau :<\/strong> acier inoxydable 18\/10<br \/>\n<strong>Type de manche :<\/strong> manche long<br \/>\n<strong>Finition de surface :<\/strong> silvinox<br \/>\n<strong>Technologie du fond :<\/strong> 7 couches<br \/>\n<strong>Couvercle existant :<\/strong> non<br \/>\n<strong>Induction :<\/strong> Oui<br \/>\n<strong>Convient au four :<\/strong> Oui<br \/>\n<strong>Convient pour les grillades :<\/strong> Oui<br \/>\n<strong>\u00c0 l&#8217;\u00e9preuve des ustensiles en m\u00e9tal :<\/strong> Oui<br \/>\n<strong>Lavable au lave-vaisselle :<\/strong> Oui<\/p>\n","protected":false},"excerpt":{"rendered":"<p>Dans ce wok Demeyere \u00e0 base plate, vous pouvez faire frire, cuire \u00e0 la vapeur et cuisiner des plats d\u00e9licats<\/p>\n","protected":false},"featured_media":509448,"template":"","meta":{"_acf_changed":false,"inline_featured_image":false},"product_cat":[12458,12472],"product_tag":[25026,12838,23910,25021,24397,12474],"acf":[],"yoast_head":"<!-- This site is optimized with the Yoast SEO Premium plugin v18.6 (Yoast SEO v19.13) - https:\/\/yoast.com\/wordpress\/plugins\/seo\/ -->\n<title>DEMEYERE Wok 26 cm<\/title>\n<meta name=\"description\" content=\"D\u00e9couvrez DEMEYERE Wok 26 cm sur ErresseShop. Qualit\u00e9, prix r\u00e9duits et achat s\u00e9curis\u00e9 \u2013 commandez d\u00e8s maintenant en ligne !\" \/>\n<meta name=\"robots\" content=\"index, follow, max-snippet:-1, max-image-preview:large, max-video-preview:-1\" \/>\n<link rel=\"canonical\" href=\"https:\/\/www.erresse-shop.it\/fr\/shop\/poeles-pots\/wok\/demeyere-wok-26-cm\/\" \/>\n<meta property=\"og:locale\" content=\"fr_FR\" \/>\n<meta property=\"og:type\" content=\"article\" \/>\n<meta property=\"og:title\" content=\"DEMEYERE Wok 26 cm\" \/>\n<meta property=\"og:description\" content=\"D\u00e9couvrez DEMEYERE Wok 26 cm sur ErresseShop. Qualit\u00e9, prix r\u00e9duits et achat s\u00e9curis\u00e9 \u2013 commandez d\u00e8s maintenant en ligne !\" \/>\n<meta property=\"og:url\" content=\"https:\/\/www.erresse-shop.it\/fr\/shop\/poeles-pots\/wok\/demeyere-wok-26-cm\/\" \/>\n<meta property=\"og:site_name\" content=\"Erresse Shop\" \/>\n<meta property=\"article:modified_time\" content=\"2025-01-14T17:35:07+00:00\" \/>\n<meta property=\"og:image\" content=\"https:\/\/www.erresse-shop.it\/wp-content\/uploads\/2022\/07\/DEMEYERE-Wok-26-cm.png\" \/>\n\t<meta property=\"og:image:width\" content=\"800\" \/>\n\t<meta property=\"og:image:height\" content=\"800\" \/>\n\t<meta property=\"og:image:type\" content=\"image\/png\" \/>\n<meta name=\"twitter:card\" content=\"summary_large_image\" \/>\n<script type=\"application\/ld+json\" class=\"yoast-schema-graph\">{\"@context\":\"https:\/\/schema.org\",\"@graph\":[{\"@type\":\"WebPage\",\"@id\":\"https:\/\/www.erresse-shop.it\/fr\/shop\/poeles-pots\/wok\/demeyere-wok-26-cm\/\",\"url\":\"https:\/\/www.erresse-shop.it\/fr\/shop\/poeles-pots\/wok\/demeyere-wok-26-cm\/\",\"name\":\"DEMEYERE Wok 26 cm\",\"isPartOf\":{\"@id\":\"https:\/\/www.erresse-shop.it\/fr\/#website\"},\"datePublished\":\"2022-07-27T07:38:33+00:00\",\"dateModified\":\"2025-01-14T17:35:07+00:00\",\"description\":\"D\u00e9couvrez DEMEYERE Wok 26 cm sur ErresseShop. Qualit\u00e9, prix r\u00e9duits et achat s\u00e9curis\u00e9 \u2013 commandez d\u00e8s maintenant en ligne !\",\"breadcrumb\":{\"@id\":\"https:\/\/www.erresse-shop.it\/fr\/shop\/poeles-pots\/wok\/demeyere-wok-26-cm\/#breadcrumb\"},\"inLanguage\":\"fr-FR\",\"potentialAction\":[{\"@type\":\"ReadAction\",\"target\":[\"https:\/\/www.erresse-shop.it\/fr\/shop\/poeles-pots\/wok\/demeyere-wok-26-cm\/\"]}]},{\"@type\":\"BreadcrumbList\",\"@id\":\"https:\/\/www.erresse-shop.it\/fr\/shop\/poeles-pots\/wok\/demeyere-wok-26-cm\/#breadcrumb\",\"itemListElement\":[{\"@type\":\"ListItem\",\"position\":1,\"name\":\"Home\",\"item\":\"https:\/\/www.erresse-shop.it\/fr\/\"},{\"@type\":\"ListItem\",\"position\":2,\"name\":\"Shop\",\"item\":\"https:\/\/www.erresse-shop.it\/fr\/shop\/\"},{\"@type\":\"ListItem\",\"position\":3,\"name\":\"DEMEYERE Wok 26 cm\"}]},{\"@type\":\"WebSite\",\"@id\":\"https:\/\/www.erresse-shop.it\/fr\/#website\",\"url\":\"https:\/\/www.erresse-shop.it\/fr\/\",\"name\":\"Erresse Shop\",\"description\":\"Articoli di qualit\u00e0 per la casa\",\"potentialAction\":[{\"@type\":\"SearchAction\",\"target\":{\"@type\":\"EntryPoint\",\"urlTemplate\":\"https:\/\/www.erresse-shop.it\/fr\/?s={search_term_string}\"},\"query-input\":\"required name=search_term_string\"}],\"inLanguage\":\"fr-FR\"}]}<\/script>\n<!-- \/ Yoast SEO Premium plugin. -->","yoast_head_json":{"title":"DEMEYERE Wok 26 cm","description":"D\u00e9couvrez DEMEYERE Wok 26 cm sur ErresseShop. Qualit\u00e9, prix r\u00e9duits et achat s\u00e9curis\u00e9 \u2013 commandez d\u00e8s maintenant en ligne !","robots":{"index":"index","follow":"follow","max-snippet":"max-snippet:-1","max-image-preview":"max-image-preview:large","max-video-preview":"max-video-preview:-1"},"canonical":"https:\/\/www.erresse-shop.it\/fr\/shop\/poeles-pots\/wok\/demeyere-wok-26-cm\/","og_locale":"fr_FR","og_type":"article","og_title":"DEMEYERE Wok 26 cm","og_description":"D\u00e9couvrez DEMEYERE Wok 26 cm sur ErresseShop. Qualit\u00e9, prix r\u00e9duits et achat s\u00e9curis\u00e9 \u2013 commandez d\u00e8s maintenant en ligne !","og_url":"https:\/\/www.erresse-shop.it\/fr\/shop\/poeles-pots\/wok\/demeyere-wok-26-cm\/","og_site_name":"Erresse Shop","article_modified_time":"2025-01-14T17:35:07+00:00","og_image":[{"width":800,"height":800,"url":"https:\/\/www.erresse-shop.it\/wp-content\/uploads\/2022\/07\/DEMEYERE-Wok-26-cm.png","type":"image\/png"}],"twitter_card":"summary_large_image","schema":{"@context":"https:\/\/schema.org","@graph":[{"@type":"WebPage","@id":"https:\/\/www.erresse-shop.it\/fr\/shop\/poeles-pots\/wok\/demeyere-wok-26-cm\/","url":"https:\/\/www.erresse-shop.it\/fr\/shop\/poeles-pots\/wok\/demeyere-wok-26-cm\/","name":"DEMEYERE Wok 26 cm","isPartOf":{"@id":"https:\/\/www.erresse-shop.it\/fr\/#website"},"datePublished":"2022-07-27T07:38:33+00:00","dateModified":"2025-01-14T17:35:07+00:00","description":"D\u00e9couvrez DEMEYERE Wok 26 cm sur ErresseShop. Qualit\u00e9, prix r\u00e9duits et achat s\u00e9curis\u00e9 \u2013 commandez d\u00e8s maintenant en ligne !","breadcrumb":{"@id":"https:\/\/www.erresse-shop.it\/fr\/shop\/poeles-pots\/wok\/demeyere-wok-26-cm\/#breadcrumb"},"inLanguage":"fr-FR","potentialAction":[{"@type":"ReadAction","target":["https:\/\/www.erresse-shop.it\/fr\/shop\/poeles-pots\/wok\/demeyere-wok-26-cm\/"]}]},{"@type":"BreadcrumbList","@id":"https:\/\/www.erresse-shop.it\/fr\/shop\/poeles-pots\/wok\/demeyere-wok-26-cm\/#breadcrumb","itemListElement":[{"@type":"ListItem","position":1,"name":"Home","item":"https:\/\/www.erresse-shop.it\/fr\/"},{"@type":"ListItem","position":2,"name":"Shop","item":"https:\/\/www.erresse-shop.it\/fr\/shop\/"},{"@type":"ListItem","position":3,"name":"DEMEYERE Wok 26 cm"}]},{"@type":"WebSite","@id":"https:\/\/www.erresse-shop.it\/fr\/#website","url":"https:\/\/www.erresse-shop.it\/fr\/","name":"Erresse Shop","description":"Articoli di qualit\u00e0 per la casa","potentialAction":[{"@type":"SearchAction","target":{"@type":"EntryPoint","urlTemplate":"https:\/\/www.erresse-shop.it\/fr\/?s={search_term_string}"},"query-input":"required name=search_term_string"}],"inLanguage":"fr-FR"}]}},"df_price":149.95,"df_sale_price":149.95,"df_regular_price":199,"df_image_link":"https:\/\/www.erresse-shop.it\/wp-content\/uploads\/2022\/07\/DEMEYERE-Wok-26-cm-300x300.jpg","_links":{"self":[{"href":"https:\/\/www.erresse-shop.it\/fr\/wp-json\/wp\/v2\/product\/172665"}],"collection":[{"href":"https:\/\/www.erresse-shop.it\/fr\/wp-json\/wp\/v2\/product"}],"about":[{"href":"https:\/\/www.erresse-shop.it\/fr\/wp-json\/wp\/v2\/types\/product"}],"wp:featuredmedia":[{"embeddable":true,"href":"https:\/\/www.erresse-shop.it\/fr\/wp-json\/wp\/v2\/media\/509448"}],"wp:attachment":[{"href":"https:\/\/www.erresse-shop.it\/fr\/wp-json\/wp\/v2\/media?parent=172665"}],"wp:term":[{"taxonomy":"product_cat","embeddable":true,"href":"https:\/\/www.erresse-shop.it\/fr\/wp-json\/wp\/v2\/product_cat?post=172665"},{"taxonomy":"product_tag","embeddable":true,"href":"https:\/\/www.erresse-shop.it\/fr\/wp-json\/wp\/v2\/product_tag?post=172665"}],"curies":[{"name":"wp","href":"https:\/\/api.w.org\/{rel}","templated":true}]}}