{"id":172420,"date":"2022-07-25T12:58:39","date_gmt":"2022-07-25T12:58:51","guid":{"rendered":"https:\/\/www.erresse-shop.it\/?post_type=product&#038;p=172420"},"modified":"2024-09-03T00:00:05","modified_gmt":"2024-09-03T00:00:05","slug":"zwilling-thermoplongeur-pochettes-sous-vide","status":"publish","type":"product","link":"https:\/\/www.erresse-shop.it\/fr\/shop\/cuisine\/sous-vide\/zwilling-thermoplongeur-pochettes-sous-vide\/","title":{"rendered":"ZWILLING Thermoplongeur + Pochettes sous vide"},"content":{"rendered":"<p><strong><span style=\"text-decoration: underline;\">ATTENTION : gratuit 9 sacs \u00e0 vide taille L (photo)<\/span><\/strong><\/p>\n<p>Avec le thermoplongeur ZWILLING ENFINIGY jamais La cuisson sous vide n\u2019aura \u00e9t\u00e9 aussi facile. La cuisson sous vide est une technique culinaire qui consiste \u00e0 cuire les aliments, viande, poissons, l\u00e9gumes ou fruits, dans des sacs scell\u00e9s sous vide dans un bain-marie d\u2019eau chaude \u00e0 basse temp\u00e9rature, soit en dessous du point d\u2019\u00e9bullition. La temp\u00e9rature de cuisson optimale pour l&#8217;aliment concern\u00e9 est maintenue pendant toute la dur\u00e9e de la cuisson, ce qui permet une cuisson particuli\u00e8rement douce et homog\u00e8ne. Le thermoplongeur ZWILLING ENFINIGY, compact et maniable, permet non seulement de contr\u00f4ler la temp\u00e9rature de l&#8217;eau et le temps de cuisson, mais il est \u00e9galement facile \u00e0 utiliser : La temp\u00e9rature et le temps de cuisson souhait\u00e9s se r\u00e8glent simplement sur l&#8217;\u00e9cran tactile LED, par paliers de temp\u00e9rature de 0,5 \u00b0C sur une plage allant de 0 \u00e0 90 \u00b0C et avec une pr\u00e9cision de +\/- 0,1 \u00b0C &#8211; 0,2 \u00b0C entre 40 et 70 \u00b0C. Vous pouvez vous consacrer \u00e0 d&#8217;autres t\u00e2ches dans la cuisine, la fonction minuterie vous permet de surveiller le temps de cuisson. Une fois ce temps \u00e9coul\u00e9, le thermoplongeur \u00e9met un signal sonore et s&#8217;arr\u00eate automatiquement. Et si vous voulez manger un peu plus tard ou si vos invit\u00e9s sont en retard, pas de probl\u00e8me ! Il suffit de laisser les aliments dans le bain-marie \u00e0 la temp\u00e9rature r\u00e9gl\u00e9e. Le point de cuisson ne change pas et reste parfait. La cuisson sous vide est d\u00e9sormais simple comme un jeu d\u2019enfants !<\/p>\n<ul>\n<li>\u00c9cran tactile LED intuitif avec affichage int\u00e9gr\u00e9 de la temp\u00e9rature et de la minuterie.<\/li>\n<li>R\u00e9glage pr\u00e9cis de la temp\u00e9rature entre 25 \u00e0 90 \u00b0C.<\/li>\n<li>Grande stabilit\u00e9 de temp\u00e9rature de +\/- 0,1 \u00b0C &#8211; 0,2 \u00b0C (max).<\/li>\n<li>Fonction de minuterie \/ signal sonore \u00e0 l&#8217;expiration du temps et arr\u00eat automatique.<\/li>\n<li>Moteur 1200 watts pour un chauffage particuli\u00e8rement rapide de l&#8217;eau.<\/li>\n<li>Manipulation s\u00e9curis\u00e9e\u202f: se clipse sur le rebord du contenant.<\/li>\n<li>S\u00e9curit\u00e9 maximale gr\u00e2ce \u00e0 la certification d\u2019\u00e9tanch\u00e9it\u00e9 IPX7.<\/li>\n<li>Tige chauffante en acier inoxydable avec composant en plastique r\u00e9sistant \u00e0 la chaleur sur la partie sup\u00e9rieure pour \u00e9viter de rayer faitouts ou casseroles.<\/li>\n<li>Longueur du c\u00e2ble 1,25 m.<\/li>\n<li>\u00c9galement inclus dans la livraison : Sac de rangement en textile pour un rangement sans risque de rayures, tableaux de cuisson et id\u00e9es de recettes.<\/li>\n<\/ul>\n<p><strong>Couleur:<\/strong> Blanc<br \/>\n<strong>Mat\u00e9riau:<\/strong> Acier inoxydable<br \/>\n<strong>Tension:<\/strong> 220-240 V<br \/>\n<strong>Fr\u00e9quence:<\/strong> 50\/60 Hz<br \/>\n<strong>Programmes:<\/strong> 3<br \/>\n<strong>\u00c9cran LCD:<\/strong> Oui<br \/>\n<strong>Puissance:<\/strong> 1.200 W<\/p>\n","protected":false},"excerpt":{"rendered":"<p>ATTENTION : gratuit 9 sacs \u00e0 vide taille L (photo) Avec le thermoplongeur ZWILLING ENFINIGY jamais La cuisson sous vide<\/p>\n","protected":false},"featured_media":172976,"template":"","meta":{"_acf_changed":false,"inline_featured_image":false},"product_cat":[12748,26042],"product_tag":[25036,23910,23660,25021,24415,13636,16879,16880,21821],"acf":[],"yoast_head":"<!-- This site is optimized with the Yoast SEO Premium plugin v18.6 (Yoast SEO v19.13) - https:\/\/yoast.com\/wordpress\/plugins\/seo\/ -->\n<title>ZWILLING Thermoplongeur + Pochettes sous vide - Erresse Shop<\/title>\n<meta name=\"description\" content=\"ATTENTION : gratuit 9 sacs \u00e0 vide taille L (photo) Avec le thermoplongeur ZWILLING ENFINIGY jamais La cuisson sous vide n\u2019aura \u00e9t\u00e9 aussi facile. La\" \/>\n<meta name=\"robots\" content=\"index, follow, max-snippet:-1, max-image-preview:large, max-video-preview:-1\" \/>\n<link rel=\"canonical\" href=\"https:\/\/www.erresse-shop.it\/fr\/shop\/cuisine\/sous-vide\/zwilling-thermoplongeur-pochettes-sous-vide\/\" \/>\n<meta property=\"og:locale\" content=\"fr_FR\" \/>\n<meta property=\"og:type\" content=\"article\" \/>\n<meta property=\"og:title\" content=\"ZWILLING Thermoplongeur + Pochettes sous vide\" \/>\n<meta property=\"og:description\" content=\"ATTENTION : gratuit 9 sacs \u00e0 vide taille L (photo) Avec le thermoplongeur ZWILLING ENFINIGY jamais La cuisson sous vide n\u2019aura \u00e9t\u00e9 aussi facile. La\" \/>\n<meta property=\"og:url\" content=\"https:\/\/www.erresse-shop.it\/fr\/shop\/cuisine\/sous-vide\/zwilling-thermoplongeur-pochettes-sous-vide\/\" \/>\n<meta property=\"og:site_name\" content=\"Erresse Shop\" \/>\n<meta property=\"article:modified_time\" content=\"2024-09-03T00:00:05+00:00\" \/>\n<meta property=\"og:image\" content=\"https:\/\/www.erresse-shop.it\/wp-content\/uploads\/2022\/07\/ZWILLING-Set-Sacchetti-Sottovuoto-1.jpg\" \/>\n\t<meta property=\"og:image:width\" content=\"800\" \/>\n\t<meta property=\"og:image:height\" content=\"800\" \/>\n\t<meta property=\"og:image:type\" content=\"image\/jpeg\" \/>\n<meta name=\"twitter:card\" content=\"summary_large_image\" \/>\n<script type=\"application\/ld+json\" class=\"yoast-schema-graph\">{\"@context\":\"https:\/\/schema.org\",\"@graph\":[{\"@type\":\"WebPage\",\"@id\":\"https:\/\/www.erresse-shop.it\/fr\/shop\/cuisine\/sous-vide\/zwilling-thermoplongeur-pochettes-sous-vide\/\",\"url\":\"https:\/\/www.erresse-shop.it\/fr\/shop\/cuisine\/sous-vide\/zwilling-thermoplongeur-pochettes-sous-vide\/\",\"name\":\"ZWILLING Thermoplongeur + Pochettes sous vide - Erresse Shop\",\"isPartOf\":{\"@id\":\"https:\/\/www.erresse-shop.it\/fr\/#website\"},\"datePublished\":\"2022-07-25T12:58:51+00:00\",\"dateModified\":\"2024-09-03T00:00:05+00:00\",\"description\":\"ATTENTION : gratuit 9 sacs \u00e0 vide taille L (photo) Avec le thermoplongeur ZWILLING ENFINIGY jamais La cuisson sous vide n\u2019aura \u00e9t\u00e9 aussi facile. La\",\"breadcrumb\":{\"@id\":\"https:\/\/www.erresse-shop.it\/fr\/shop\/cuisine\/sous-vide\/zwilling-thermoplongeur-pochettes-sous-vide\/#breadcrumb\"},\"inLanguage\":\"fr-FR\",\"potentialAction\":[{\"@type\":\"ReadAction\",\"target\":[\"https:\/\/www.erresse-shop.it\/fr\/shop\/cuisine\/sous-vide\/zwilling-thermoplongeur-pochettes-sous-vide\/\"]}]},{\"@type\":\"BreadcrumbList\",\"@id\":\"https:\/\/www.erresse-shop.it\/fr\/shop\/cuisine\/sous-vide\/zwilling-thermoplongeur-pochettes-sous-vide\/#breadcrumb\",\"itemListElement\":[{\"@type\":\"ListItem\",\"position\":1,\"name\":\"Home\",\"item\":\"https:\/\/www.erresse-shop.it\/fr\/\"},{\"@type\":\"ListItem\",\"position\":2,\"name\":\"Shop\",\"item\":\"https:\/\/www.erresse-shop.it\/fr\/shop\/\"},{\"@type\":\"ListItem\",\"position\":3,\"name\":\"ZWILLING Thermoplongeur + Pochettes sous vide\"}]},{\"@type\":\"WebSite\",\"@id\":\"https:\/\/www.erresse-shop.it\/fr\/#website\",\"url\":\"https:\/\/www.erresse-shop.it\/fr\/\",\"name\":\"Erresse Shop\",\"description\":\"Articoli di qualit\u00e0 per la casa\",\"potentialAction\":[{\"@type\":\"SearchAction\",\"target\":{\"@type\":\"EntryPoint\",\"urlTemplate\":\"https:\/\/www.erresse-shop.it\/fr\/?s={search_term_string}\"},\"query-input\":\"required name=search_term_string\"}],\"inLanguage\":\"fr-FR\"}]}<\/script>\n<!-- \/ Yoast SEO Premium plugin. -->","yoast_head_json":{"title":"ZWILLING Thermoplongeur + Pochettes sous vide - Erresse Shop","description":"ATTENTION : gratuit 9 sacs \u00e0 vide taille L (photo) Avec le thermoplongeur ZWILLING ENFINIGY jamais La cuisson sous vide n\u2019aura \u00e9t\u00e9 aussi facile. La","robots":{"index":"index","follow":"follow","max-snippet":"max-snippet:-1","max-image-preview":"max-image-preview:large","max-video-preview":"max-video-preview:-1"},"canonical":"https:\/\/www.erresse-shop.it\/fr\/shop\/cuisine\/sous-vide\/zwilling-thermoplongeur-pochettes-sous-vide\/","og_locale":"fr_FR","og_type":"article","og_title":"ZWILLING Thermoplongeur + Pochettes sous vide","og_description":"ATTENTION : gratuit 9 sacs \u00e0 vide taille L (photo) Avec le thermoplongeur ZWILLING ENFINIGY jamais La cuisson sous vide n\u2019aura \u00e9t\u00e9 aussi facile. La","og_url":"https:\/\/www.erresse-shop.it\/fr\/shop\/cuisine\/sous-vide\/zwilling-thermoplongeur-pochettes-sous-vide\/","og_site_name":"Erresse Shop","article_modified_time":"2024-09-03T00:00:05+00:00","og_image":[{"width":800,"height":800,"url":"https:\/\/www.erresse-shop.it\/wp-content\/uploads\/2022\/07\/ZWILLING-Set-Sacchetti-Sottovuoto-1.jpg","type":"image\/jpeg"}],"twitter_card":"summary_large_image","schema":{"@context":"https:\/\/schema.org","@graph":[{"@type":"WebPage","@id":"https:\/\/www.erresse-shop.it\/fr\/shop\/cuisine\/sous-vide\/zwilling-thermoplongeur-pochettes-sous-vide\/","url":"https:\/\/www.erresse-shop.it\/fr\/shop\/cuisine\/sous-vide\/zwilling-thermoplongeur-pochettes-sous-vide\/","name":"ZWILLING Thermoplongeur + Pochettes sous vide - Erresse Shop","isPartOf":{"@id":"https:\/\/www.erresse-shop.it\/fr\/#website"},"datePublished":"2022-07-25T12:58:51+00:00","dateModified":"2024-09-03T00:00:05+00:00","description":"ATTENTION : gratuit 9 sacs \u00e0 vide taille L (photo) Avec le thermoplongeur ZWILLING ENFINIGY jamais La cuisson sous vide n\u2019aura \u00e9t\u00e9 aussi facile. La","breadcrumb":{"@id":"https:\/\/www.erresse-shop.it\/fr\/shop\/cuisine\/sous-vide\/zwilling-thermoplongeur-pochettes-sous-vide\/#breadcrumb"},"inLanguage":"fr-FR","potentialAction":[{"@type":"ReadAction","target":["https:\/\/www.erresse-shop.it\/fr\/shop\/cuisine\/sous-vide\/zwilling-thermoplongeur-pochettes-sous-vide\/"]}]},{"@type":"BreadcrumbList","@id":"https:\/\/www.erresse-shop.it\/fr\/shop\/cuisine\/sous-vide\/zwilling-thermoplongeur-pochettes-sous-vide\/#breadcrumb","itemListElement":[{"@type":"ListItem","position":1,"name":"Home","item":"https:\/\/www.erresse-shop.it\/fr\/"},{"@type":"ListItem","position":2,"name":"Shop","item":"https:\/\/www.erresse-shop.it\/fr\/shop\/"},{"@type":"ListItem","position":3,"name":"ZWILLING Thermoplongeur + Pochettes sous vide"}]},{"@type":"WebSite","@id":"https:\/\/www.erresse-shop.it\/fr\/#website","url":"https:\/\/www.erresse-shop.it\/fr\/","name":"Erresse Shop","description":"Articoli di qualit\u00e0 per la casa","potentialAction":[{"@type":"SearchAction","target":{"@type":"EntryPoint","urlTemplate":"https:\/\/www.erresse-shop.it\/fr\/?s={search_term_string}"},"query-input":"required name=search_term_string"}],"inLanguage":"fr-FR"}]}},"df_price":64.5,"df_sale_price":64.5,"df_regular_price":129,"df_image_link":"https:\/\/www.erresse-shop.it\/wp-content\/uploads\/2022\/07\/ZWILLING-Set-Sacchetti-Sottovuoto-1-300x300.jpg","_links":{"self":[{"href":"https:\/\/www.erresse-shop.it\/fr\/wp-json\/wp\/v2\/product\/172420"}],"collection":[{"href":"https:\/\/www.erresse-shop.it\/fr\/wp-json\/wp\/v2\/product"}],"about":[{"href":"https:\/\/www.erresse-shop.it\/fr\/wp-json\/wp\/v2\/types\/product"}],"wp:featuredmedia":[{"embeddable":true,"href":"https:\/\/www.erresse-shop.it\/fr\/wp-json\/wp\/v2\/media\/172976"}],"wp:attachment":[{"href":"https:\/\/www.erresse-shop.it\/fr\/wp-json\/wp\/v2\/media?parent=172420"}],"wp:term":[{"taxonomy":"product_cat","embeddable":true,"href":"https:\/\/www.erresse-shop.it\/fr\/wp-json\/wp\/v2\/product_cat?post=172420"},{"taxonomy":"product_tag","embeddable":true,"href":"https:\/\/www.erresse-shop.it\/fr\/wp-json\/wp\/v2\/product_tag?post=172420"}],"curies":[{"name":"wp","href":"https:\/\/api.w.org\/{rel}","templated":true}]}}