{"id":172413,"date":"2022-07-25T10:45:47","date_gmt":"2022-07-25T10:45:49","guid":{"rendered":"https:\/\/www.erresse-shop.it\/?post_type=product&#038;p=172413"},"modified":"2023-05-18T07:05:05","modified_gmt":"2023-05-18T07:05:05","slug":"zafferano-poldina-pro-micro-lampe-de-table-vert","status":"publish","type":"product","link":"https:\/\/www.erresse-shop.it\/fr\/shop\/ameublement-maison\/lampes\/zafferano-poldina-pro-micro-lampe-de-table-vert\/","title":{"rendered":"ZAFFERANO Poldina PRO Micro Lampe de Table Vert"},"content":{"rendered":"<p>Lampe de table rechargeable, y compris la base de chargement \u00e0 contact, avec corps en aluminium peint, diffuseur en polycarbonate et source lumineuse LED.<\/p>\n<p>La lampe s&#8217;allume et s&#8217;\u00e9teint \u00e0 l&#8217;aide d&#8217;un bouton tactile situ\u00e9 sur la partie sup\u00e9rieure du diffuseur ; avec le m\u00eame bouton, il est possible de r\u00e9gler la temp\u00e9rature de couleur de la lumi\u00e8re (2200, 2700 ou 3000K) et l&#8217;intensit\u00e9 du flux lumineux. La lampe poss\u00e8de \u00e9galement un indice de protection IP65, ce qui lui permet d&#8217;\u00eatre utilis\u00e9e \u00e0 l&#8217;int\u00e9rieur comme \u00e0 l&#8217;ext\u00e9rieur. <strong>L&#8217;autonomie de la batterie est garantie pour 7\/8 heures<\/strong><\/p>\n<p><strong>FONCTION DE S\u00c9LECTION DE LA TEMP\u00c9RATURE DE COULEUR<\/strong><br \/>\nVous pouvez choisir une lumi\u00e8re plus ou moins chaude, entre les options 2700 et 3000K. Les diff\u00e9rentes nuances de lumi\u00e8re sont appel\u00e9es &#8220;temp\u00e9rature de couleur&#8221; et sont mesur\u00e9es en degr\u00e9s Kelvin (K) : 2700K correspond \u00e0 une lumi\u00e8re chaude, 4000K \u00e0 une lumi\u00e8re totalement blanche, 6500K \u00e0 une lumi\u00e8re froide et bleu-blanc.<\/p>\n<ul>\n<li>La lampe \u00e9tant \u00e9teinte, appuyez l\u00e9g\u00e8rement pendant 4 secondes jusqu&#8217;\u00e0 ce qu&#8217;une LED bleue s&#8217;allume.<\/li>\n<li>Une simple pression sur l&#8217;\u00e9cran tactile permet de modifier la temp\u00e9rature de couleur de la lampe.<\/li>\n<li>Pression lumineuse pendant 4 secondes pour m\u00e9moriser la nouvelle temp\u00e9rature de couleur et \u00e9teindre la lampe.<\/li>\n<\/ul>\n<p><strong>Indice de protection IP65<\/strong><br \/>\nL&#8217;indice de protection IP est un param\u00e8tre international qui classe le degr\u00e9 de protection d&#8217;un luminaire contre l&#8217;intrusion de particules solides et liquides. La nouvelle Poldina a pass\u00e9 avec succ\u00e8s les nouveaux tests de laboratoire et se trouve donc d\u00e9sormais dans une classe de protection sup\u00e9rieure : IP65.<\/p>\n<p><strong>Fonction de m\u00e9moire de gradation<\/strong><br \/>\nCette fonction permet de m\u00e9moriser les pas de gradation : \u00e0 chaque allumage du luminaire, l&#8217;intensit\u00e9 lumineuse ne sera pas maximale, mais correspondra \u00e0 celle pr\u00e9c\u00e9demment r\u00e9gl\u00e9e.<\/p>\n<p><strong>DIMENSIONS<\/strong><br \/>\n<strong>Hauteur :<\/strong> 380 mm<br \/>\n<strong>Diam\u00e8tre :<\/strong> 110 mm<\/p>\n","protected":false},"excerpt":{"rendered":"<p>Lampe de table rechargeable, y compris la base de chargement \u00e0 contact, avec corps en aluminium peint, diffuseur en polycarbonate<\/p>\n","protected":false},"featured_media":172370,"template":"","meta":{"_acf_changed":false,"inline_featured_image":false},"product_cat":[12738,12741],"product_tag":[25026,13052,13053,13054,13055,25021,12793,12794,12795,12796,13056,24603],"acf":[],"yoast_head":"<!-- This site is optimized with the Yoast SEO Premium plugin v18.6 (Yoast SEO v19.13) - https:\/\/yoast.com\/wordpress\/plugins\/seo\/ -->\n<title>ZAFFERANO Poldina PRO Micro Lampe de Table Vert - Erresse Shop<\/title>\n<meta name=\"description\" content=\"Lampe de table rechargeable, y compris la base de chargement \u00e0 contact, avec corps en aluminium peint, diffuseur en polycarbonate et source lumineuse LED.\" \/>\n<meta name=\"robots\" content=\"index, follow, max-snippet:-1, max-image-preview:large, max-video-preview:-1\" \/>\n<link rel=\"canonical\" href=\"https:\/\/www.erresse-shop.it\/fr\/shop\/ameublement-maison\/lampes\/zafferano-poldina-pro-micro-lampe-de-table-vert\/\" \/>\n<meta property=\"og:locale\" content=\"fr_FR\" \/>\n<meta property=\"og:type\" content=\"article\" \/>\n<meta property=\"og:title\" content=\"ZAFFERANO Poldina PRO Micro Lampe de Table Vert\" \/>\n<meta property=\"og:description\" content=\"Lampe de table rechargeable, y compris la base de chargement \u00e0 contact, avec corps en aluminium peint, diffuseur en polycarbonate et source lumineuse LED.\" \/>\n<meta property=\"og:url\" content=\"https:\/\/www.erresse-shop.it\/fr\/shop\/ameublement-maison\/lampes\/zafferano-poldina-pro-micro-lampe-de-table-vert\/\" \/>\n<meta property=\"og:site_name\" content=\"Erresse Shop\" \/>\n<meta property=\"article:modified_time\" content=\"2023-05-18T07:05:05+00:00\" \/>\n<meta property=\"og:image\" content=\"https:\/\/www.erresse-shop.it\/wp-content\/uploads\/2022\/07\/ZAFFERANO-Poldina-Pro-Micro-Verde.jpg\" \/>\n\t<meta property=\"og:image:width\" content=\"800\" \/>\n\t<meta property=\"og:image:height\" content=\"800\" \/>\n\t<meta property=\"og:image:type\" content=\"image\/jpeg\" \/>\n<meta name=\"twitter:card\" content=\"summary_large_image\" \/>\n<script type=\"application\/ld+json\" class=\"yoast-schema-graph\">{\"@context\":\"https:\/\/schema.org\",\"@graph\":[{\"@type\":\"WebPage\",\"@id\":\"https:\/\/www.erresse-shop.it\/fr\/shop\/ameublement-maison\/lampes\/zafferano-poldina-pro-micro-lampe-de-table-vert\/\",\"url\":\"https:\/\/www.erresse-shop.it\/fr\/shop\/ameublement-maison\/lampes\/zafferano-poldina-pro-micro-lampe-de-table-vert\/\",\"name\":\"ZAFFERANO Poldina PRO Micro Lampe de Table Vert - Erresse Shop\",\"isPartOf\":{\"@id\":\"https:\/\/www.erresse-shop.it\/fr\/#website\"},\"datePublished\":\"2022-07-25T10:45:49+00:00\",\"dateModified\":\"2023-05-18T07:05:05+00:00\",\"description\":\"Lampe de table rechargeable, y compris la base de chargement \u00e0 contact, avec corps en aluminium peint, diffuseur en polycarbonate et source lumineuse LED.\",\"breadcrumb\":{\"@id\":\"https:\/\/www.erresse-shop.it\/fr\/shop\/ameublement-maison\/lampes\/zafferano-poldina-pro-micro-lampe-de-table-vert\/#breadcrumb\"},\"inLanguage\":\"fr-FR\",\"potentialAction\":[{\"@type\":\"ReadAction\",\"target\":[\"https:\/\/www.erresse-shop.it\/fr\/shop\/ameublement-maison\/lampes\/zafferano-poldina-pro-micro-lampe-de-table-vert\/\"]}]},{\"@type\":\"BreadcrumbList\",\"@id\":\"https:\/\/www.erresse-shop.it\/fr\/shop\/ameublement-maison\/lampes\/zafferano-poldina-pro-micro-lampe-de-table-vert\/#breadcrumb\",\"itemListElement\":[{\"@type\":\"ListItem\",\"position\":1,\"name\":\"Home\",\"item\":\"https:\/\/www.erresse-shop.it\/fr\/\"},{\"@type\":\"ListItem\",\"position\":2,\"name\":\"Shop\",\"item\":\"https:\/\/www.erresse-shop.it\/fr\/shop\/\"},{\"@type\":\"ListItem\",\"position\":3,\"name\":\"ZAFFERANO Poldina PRO Micro Lampe de Table Vert\"}]},{\"@type\":\"WebSite\",\"@id\":\"https:\/\/www.erresse-shop.it\/fr\/#website\",\"url\":\"https:\/\/www.erresse-shop.it\/fr\/\",\"name\":\"Erresse Shop\",\"description\":\"Articoli di qualit\u00e0 per la casa\",\"potentialAction\":[{\"@type\":\"SearchAction\",\"target\":{\"@type\":\"EntryPoint\",\"urlTemplate\":\"https:\/\/www.erresse-shop.it\/fr\/?s={search_term_string}\"},\"query-input\":\"required name=search_term_string\"}],\"inLanguage\":\"fr-FR\"}]}<\/script>\n<!-- \/ Yoast SEO Premium plugin. -->","yoast_head_json":{"title":"ZAFFERANO Poldina PRO Micro Lampe de Table Vert - Erresse Shop","description":"Lampe de table rechargeable, y compris la base de chargement \u00e0 contact, avec corps en aluminium peint, diffuseur en polycarbonate et source lumineuse LED.","robots":{"index":"index","follow":"follow","max-snippet":"max-snippet:-1","max-image-preview":"max-image-preview:large","max-video-preview":"max-video-preview:-1"},"canonical":"https:\/\/www.erresse-shop.it\/fr\/shop\/ameublement-maison\/lampes\/zafferano-poldina-pro-micro-lampe-de-table-vert\/","og_locale":"fr_FR","og_type":"article","og_title":"ZAFFERANO Poldina PRO Micro Lampe de Table Vert","og_description":"Lampe de table rechargeable, y compris la base de chargement \u00e0 contact, avec corps en aluminium peint, diffuseur en polycarbonate et source lumineuse LED.","og_url":"https:\/\/www.erresse-shop.it\/fr\/shop\/ameublement-maison\/lampes\/zafferano-poldina-pro-micro-lampe-de-table-vert\/","og_site_name":"Erresse Shop","article_modified_time":"2023-05-18T07:05:05+00:00","og_image":[{"width":800,"height":800,"url":"https:\/\/www.erresse-shop.it\/wp-content\/uploads\/2022\/07\/ZAFFERANO-Poldina-Pro-Micro-Verde.jpg","type":"image\/jpeg"}],"twitter_card":"summary_large_image","schema":{"@context":"https:\/\/schema.org","@graph":[{"@type":"WebPage","@id":"https:\/\/www.erresse-shop.it\/fr\/shop\/ameublement-maison\/lampes\/zafferano-poldina-pro-micro-lampe-de-table-vert\/","url":"https:\/\/www.erresse-shop.it\/fr\/shop\/ameublement-maison\/lampes\/zafferano-poldina-pro-micro-lampe-de-table-vert\/","name":"ZAFFERANO Poldina PRO Micro Lampe de Table Vert - Erresse Shop","isPartOf":{"@id":"https:\/\/www.erresse-shop.it\/fr\/#website"},"datePublished":"2022-07-25T10:45:49+00:00","dateModified":"2023-05-18T07:05:05+00:00","description":"Lampe de table rechargeable, y compris la base de chargement \u00e0 contact, avec corps en aluminium peint, diffuseur en polycarbonate et source lumineuse LED.","breadcrumb":{"@id":"https:\/\/www.erresse-shop.it\/fr\/shop\/ameublement-maison\/lampes\/zafferano-poldina-pro-micro-lampe-de-table-vert\/#breadcrumb"},"inLanguage":"fr-FR","potentialAction":[{"@type":"ReadAction","target":["https:\/\/www.erresse-shop.it\/fr\/shop\/ameublement-maison\/lampes\/zafferano-poldina-pro-micro-lampe-de-table-vert\/"]}]},{"@type":"BreadcrumbList","@id":"https:\/\/www.erresse-shop.it\/fr\/shop\/ameublement-maison\/lampes\/zafferano-poldina-pro-micro-lampe-de-table-vert\/#breadcrumb","itemListElement":[{"@type":"ListItem","position":1,"name":"Home","item":"https:\/\/www.erresse-shop.it\/fr\/"},{"@type":"ListItem","position":2,"name":"Shop","item":"https:\/\/www.erresse-shop.it\/fr\/shop\/"},{"@type":"ListItem","position":3,"name":"ZAFFERANO Poldina PRO Micro Lampe de Table Vert"}]},{"@type":"WebSite","@id":"https:\/\/www.erresse-shop.it\/fr\/#website","url":"https:\/\/www.erresse-shop.it\/fr\/","name":"Erresse Shop","description":"Articoli di qualit\u00e0 per la casa","potentialAction":[{"@type":"SearchAction","target":{"@type":"EntryPoint","urlTemplate":"https:\/\/www.erresse-shop.it\/fr\/?s={search_term_string}"},"query-input":"required name=search_term_string"}],"inLanguage":"fr-FR"}]}},"df_price":44.1,"df_sale_price":44.1,"df_regular_price":98,"df_image_link":"https:\/\/www.erresse-shop.it\/wp-content\/uploads\/2022\/07\/ZAFFERANO-Poldina-Pro-Micro-Verde-300x300.jpg","_links":{"self":[{"href":"https:\/\/www.erresse-shop.it\/fr\/wp-json\/wp\/v2\/product\/172413"}],"collection":[{"href":"https:\/\/www.erresse-shop.it\/fr\/wp-json\/wp\/v2\/product"}],"about":[{"href":"https:\/\/www.erresse-shop.it\/fr\/wp-json\/wp\/v2\/types\/product"}],"wp:featuredmedia":[{"embeddable":true,"href":"https:\/\/www.erresse-shop.it\/fr\/wp-json\/wp\/v2\/media\/172370"}],"wp:attachment":[{"href":"https:\/\/www.erresse-shop.it\/fr\/wp-json\/wp\/v2\/media?parent=172413"}],"wp:term":[{"taxonomy":"product_cat","embeddable":true,"href":"https:\/\/www.erresse-shop.it\/fr\/wp-json\/wp\/v2\/product_cat?post=172413"},{"taxonomy":"product_tag","embeddable":true,"href":"https:\/\/www.erresse-shop.it\/fr\/wp-json\/wp\/v2\/product_tag?post=172413"}],"curies":[{"name":"wp","href":"https:\/\/api.w.org\/{rel}","templated":true}]}}