{"id":171773,"date":"2022-07-21T13:46:00","date_gmt":"2022-07-21T13:46:03","guid":{"rendered":"https:\/\/www.erresse-shop.it\/?post_type=product&#038;p=171773"},"modified":"2023-06-13T00:07:57","modified_gmt":"2023-06-13T00:07:57","slug":"smeg-annees-50-mini-bouilloire-creme","status":"publish","type":"product","link":"https:\/\/www.erresse-shop.it\/fr\/shop\/petits-electromenagers\/bouilloires-electriques\/smeg-annees-50-mini-bouilloire-creme\/","title":{"rendered":"SMEG Ann\u00e9es 50 Mini Bouilloire Cr\u00e8me"},"content":{"rendered":"<p><strong>FORMAT COMPACT<\/strong><br \/>\nSMEG propose une mini-bouilloire adapt\u00e9e aux personnes seules ou en couple. Son petit format a l\u2019avantage d\u2019\u00eatre plus l\u00e9ger et plus facilement maniable au quotidien. Elle permet \u00e9galement de ne pas chauffer une trop grande quantit\u00e9 d\u2019eau, r\u00e9duisant ainsi votre consommation d\u2019\u00e9nergie.<\/p>\n<p><strong>UN ESPRIT POP<\/strong><br \/>\nL&#8217;\u00e2me pop de la bouilloire KLF05 se refl\u00e8te dans la vari\u00e9t\u00e9 des couleurs disponibles : des couleurs pastel comme le cr\u00e8me, le vert, le rose et le bleu et des nuances audacieuses comme le rouge, le noir et le blanc mettent en valeur la base chrom\u00e9e et les d\u00e9tails en acier inox du bec verseur et des commandes marche-arr\u00eat.<\/p>\n<p><strong>FACILIT\u00c9 ET S\u00c9CURIT\u00c9<\/strong><br \/>\nSmeg ne renonce pas au confort : la base pratique avec connexion \u00e0 360 degr\u00e9s facilite l&#8217;utilisation et la base antid\u00e9rapante garantit un support stable. En outre, l&#8217;ouverture manuelle avec un angle de 80 degr\u00e9s est con\u00e7ue pour remplir facilement la carafe.<br \/>\nRapide et fiable, la mini bouilloire Smeg KLF05 garantit une utilisation en toute s\u00e9curit\u00e9 : elle s&#8217;\u00e9teint automatiquement lorsqu&#8217;elle atteint le point d&#8217;\u00e9bullition, ainsi qu&#8217;en cas de manque d&#8217;eau, ou si le corps se d\u00e9tache de la base.<\/p>\n<p><strong>FILTRE ANTI-CALCAIRE<\/strong><br \/>\nUn filtre en acier inox lavable est inclus dans la bouilloire afin de retenir le calcaire naturellement pr\u00e9sent dans l\u2019eau qui se d\u00e9pose au fil du temps.<\/p>\n<p><strong>ESTH\u00c9TIQUE<\/strong><br \/>\n<strong>Couleur:<\/strong> Cr\u00e8me<br \/>\n<strong>Finition:<\/strong> Brillant<br \/>\n<strong>Esth\u00e9tique:<\/strong> Ann\u00e9es 50<br \/>\n<strong>Couleur du couvercle:<\/strong> Cr\u00e8me<br \/>\n<strong>Couleur de la base:<\/strong> Chrom\u00e9 brillant<br \/>\n<strong>Couleur de la poign\u00e9e:<\/strong> Chrom\u00e9<br \/>\n<strong>Couleur du bec verseur:<\/strong> Inox brillant<br \/>\n<strong>Couleur du c\u00e2ble:<\/strong> Gris<br \/>\n<strong>Mat\u00e9riau interne du corps:<\/strong> Inox<br \/>\n<strong>Mat\u00e9riau du corps:<\/strong> Plastique<br \/>\n<strong>Mat\u00e9riau de la base:<\/strong> Plastique<br \/>\n<strong>Mat\u00e9riau du couvercle:<\/strong> Plastique<br \/>\n<strong>Mat\u00e9riau de la poign\u00e9e:<\/strong> Plastique<br \/>\n<strong>Mat\u00e9riau du bec verseur:<\/strong> Inox<br \/>\n<strong>Type de logo:<\/strong> Appliqu\u00e9<\/p>\n<p><strong>COMMANDES<\/strong><br \/>\n<strong>Type de commandes:<\/strong> Levier<br \/>\n<strong>Mat\u00e9riau du levier:<\/strong> Inox<\/p>\n<p><strong>TECH<\/strong><br \/>\n<strong>Indication niveau d&#8217;eau:<\/strong> Oui<br \/>\n<strong>Couvercle \u00e0 ouverture progressive:<\/strong> Manuel<br \/>\n<strong>Filtre:<\/strong> Oui<br \/>\n<strong>Mat\u00e9riau du filtre:<\/strong> Inox<br \/>\n<strong>Arr\u00eat automatique:<\/strong> Oui, \u00e0 100\u00b0C<br \/>\n<strong>Arr\u00eat automatique de s\u00e9curit\u00e9:<\/strong> Oui<br \/>\n<strong>El\u00e9ments chauffants dissimul\u00e9s:<\/strong> Oui<br \/>\n<strong>Range-cordon int\u00e9gr\u00e9:<\/strong> Oui<br \/>\n<strong>Base antid\u00e9rapante:<\/strong> Oui<br \/>\n<strong>Base avec connexion \u00e0 360\u00b0:<\/strong> Oui<\/p>\n<p><strong>RACCORDEMENT \u00c9LECTRIQUE<\/strong><br \/>\n<strong>Tension (V):<\/strong> 220-240 V<br \/>\n<strong>Fr\u00e9quence (Hz):<\/strong> 50\/60 Hz<br \/>\n<strong>Longueur du c\u00e2ble d&#8217;alimentation:<\/strong> 1 m<\/p>\n<p><span style=\"text-decoration: underline;\"><strong>Non vendable en dehors de l&#8217;Europe<\/strong><\/span><\/p>\n","protected":false},"excerpt":{"rendered":"<p>FORMAT COMPACT SMEG propose une mini-bouilloire adapt\u00e9e aux personnes seules ou en couple. Son petit format a l\u2019avantage d\u2019\u00eatre plus<\/p>\n","protected":false},"featured_media":477517,"template":"","meta":{"_acf_changed":false,"inline_featured_image":false},"product_cat":[12763,12449],"product_tag":[25181,23910,13265,13253,25021,12856,19952,19953],"acf":[],"yoast_head":"<!-- This site is optimized with the Yoast SEO Premium plugin v18.6 (Yoast SEO v19.13) - https:\/\/yoast.com\/wordpress\/plugins\/seo\/ -->\n<title>SMEG Ann\u00e9es 50 Mini Bouilloire Cr\u00e8me - Erresse Shop<\/title>\n<meta name=\"description\" content=\"FORMAT COMPACT SMEG propose une mini-bouilloire adapt\u00e9e aux personnes seules ou en couple. Son petit format a l\u2019avantage d\u2019\u00eatre plus l\u00e9ger et plus\" \/>\n<meta name=\"robots\" content=\"index, follow, max-snippet:-1, max-image-preview:large, max-video-preview:-1\" \/>\n<link rel=\"canonical\" href=\"https:\/\/www.erresse-shop.it\/fr\/shop\/petits-electromenagers\/bouilloires-electriques\/smeg-annees-50-mini-bouilloire-creme\/\" \/>\n<meta property=\"og:locale\" content=\"fr_FR\" \/>\n<meta property=\"og:type\" content=\"article\" \/>\n<meta property=\"og:title\" content=\"SMEG Ann\u00e9es 50 Mini Bouilloire Cr\u00e8me\" \/>\n<meta property=\"og:description\" content=\"FORMAT COMPACT SMEG propose une mini-bouilloire adapt\u00e9e aux personnes seules ou en couple. Son petit format a l\u2019avantage d\u2019\u00eatre plus l\u00e9ger et plus\" \/>\n<meta property=\"og:url\" content=\"https:\/\/www.erresse-shop.it\/fr\/shop\/petits-electromenagers\/bouilloires-electriques\/smeg-annees-50-mini-bouilloire-creme\/\" \/>\n<meta property=\"og:site_name\" content=\"Erresse Shop\" \/>\n<meta property=\"article:modified_time\" content=\"2023-06-13T00:07:57+00:00\" \/>\n<meta property=\"og:image\" content=\"https:\/\/www.erresse-shop.it\/wp-content\/uploads\/2022\/07\/SMEG-Anni-50-Mini-Bollitore-Panna.png\" \/>\n\t<meta property=\"og:image:width\" content=\"800\" \/>\n\t<meta property=\"og:image:height\" content=\"800\" \/>\n\t<meta property=\"og:image:type\" content=\"image\/png\" \/>\n<meta name=\"twitter:card\" content=\"summary_large_image\" \/>\n<script type=\"application\/ld+json\" class=\"yoast-schema-graph\">{\"@context\":\"https:\/\/schema.org\",\"@graph\":[{\"@type\":\"WebPage\",\"@id\":\"https:\/\/www.erresse-shop.it\/fr\/shop\/petits-electromenagers\/bouilloires-electriques\/smeg-annees-50-mini-bouilloire-creme\/\",\"url\":\"https:\/\/www.erresse-shop.it\/fr\/shop\/petits-electromenagers\/bouilloires-electriques\/smeg-annees-50-mini-bouilloire-creme\/\",\"name\":\"SMEG Ann\u00e9es 50 Mini Bouilloire Cr\u00e8me - Erresse Shop\",\"isPartOf\":{\"@id\":\"https:\/\/www.erresse-shop.it\/fr\/#website\"},\"datePublished\":\"2022-07-21T13:46:03+00:00\",\"dateModified\":\"2023-06-13T00:07:57+00:00\",\"description\":\"FORMAT COMPACT SMEG propose une mini-bouilloire adapt\u00e9e aux personnes seules ou en couple. Son petit format a l\u2019avantage d\u2019\u00eatre plus l\u00e9ger et plus\",\"breadcrumb\":{\"@id\":\"https:\/\/www.erresse-shop.it\/fr\/shop\/petits-electromenagers\/bouilloires-electriques\/smeg-annees-50-mini-bouilloire-creme\/#breadcrumb\"},\"inLanguage\":\"fr-FR\",\"potentialAction\":[{\"@type\":\"ReadAction\",\"target\":[\"https:\/\/www.erresse-shop.it\/fr\/shop\/petits-electromenagers\/bouilloires-electriques\/smeg-annees-50-mini-bouilloire-creme\/\"]}]},{\"@type\":\"BreadcrumbList\",\"@id\":\"https:\/\/www.erresse-shop.it\/fr\/shop\/petits-electromenagers\/bouilloires-electriques\/smeg-annees-50-mini-bouilloire-creme\/#breadcrumb\",\"itemListElement\":[{\"@type\":\"ListItem\",\"position\":1,\"name\":\"Home\",\"item\":\"https:\/\/www.erresse-shop.it\/fr\/\"},{\"@type\":\"ListItem\",\"position\":2,\"name\":\"Shop\",\"item\":\"https:\/\/www.erresse-shop.it\/fr\/shop\/\"},{\"@type\":\"ListItem\",\"position\":3,\"name\":\"SMEG Ann\u00e9es 50 Mini Bouilloire Cr\u00e8me\"}]},{\"@type\":\"WebSite\",\"@id\":\"https:\/\/www.erresse-shop.it\/fr\/#website\",\"url\":\"https:\/\/www.erresse-shop.it\/fr\/\",\"name\":\"Erresse Shop\",\"description\":\"Articoli di qualit\u00e0 per la casa\",\"potentialAction\":[{\"@type\":\"SearchAction\",\"target\":{\"@type\":\"EntryPoint\",\"urlTemplate\":\"https:\/\/www.erresse-shop.it\/fr\/?s={search_term_string}\"},\"query-input\":\"required name=search_term_string\"}],\"inLanguage\":\"fr-FR\"}]}<\/script>\n<!-- \/ Yoast SEO Premium plugin. -->","yoast_head_json":{"title":"SMEG Ann\u00e9es 50 Mini Bouilloire Cr\u00e8me - Erresse Shop","description":"FORMAT COMPACT SMEG propose une mini-bouilloire adapt\u00e9e aux personnes seules ou en couple. Son petit format a l\u2019avantage d\u2019\u00eatre plus l\u00e9ger et plus","robots":{"index":"index","follow":"follow","max-snippet":"max-snippet:-1","max-image-preview":"max-image-preview:large","max-video-preview":"max-video-preview:-1"},"canonical":"https:\/\/www.erresse-shop.it\/fr\/shop\/petits-electromenagers\/bouilloires-electriques\/smeg-annees-50-mini-bouilloire-creme\/","og_locale":"fr_FR","og_type":"article","og_title":"SMEG Ann\u00e9es 50 Mini Bouilloire Cr\u00e8me","og_description":"FORMAT COMPACT SMEG propose une mini-bouilloire adapt\u00e9e aux personnes seules ou en couple. Son petit format a l\u2019avantage d\u2019\u00eatre plus l\u00e9ger et plus","og_url":"https:\/\/www.erresse-shop.it\/fr\/shop\/petits-electromenagers\/bouilloires-electriques\/smeg-annees-50-mini-bouilloire-creme\/","og_site_name":"Erresse Shop","article_modified_time":"2023-06-13T00:07:57+00:00","og_image":[{"width":800,"height":800,"url":"https:\/\/www.erresse-shop.it\/wp-content\/uploads\/2022\/07\/SMEG-Anni-50-Mini-Bollitore-Panna.png","type":"image\/png"}],"twitter_card":"summary_large_image","schema":{"@context":"https:\/\/schema.org","@graph":[{"@type":"WebPage","@id":"https:\/\/www.erresse-shop.it\/fr\/shop\/petits-electromenagers\/bouilloires-electriques\/smeg-annees-50-mini-bouilloire-creme\/","url":"https:\/\/www.erresse-shop.it\/fr\/shop\/petits-electromenagers\/bouilloires-electriques\/smeg-annees-50-mini-bouilloire-creme\/","name":"SMEG Ann\u00e9es 50 Mini Bouilloire Cr\u00e8me - Erresse Shop","isPartOf":{"@id":"https:\/\/www.erresse-shop.it\/fr\/#website"},"datePublished":"2022-07-21T13:46:03+00:00","dateModified":"2023-06-13T00:07:57+00:00","description":"FORMAT COMPACT SMEG propose une mini-bouilloire adapt\u00e9e aux personnes seules ou en couple. Son petit format a l\u2019avantage d\u2019\u00eatre plus l\u00e9ger et plus","breadcrumb":{"@id":"https:\/\/www.erresse-shop.it\/fr\/shop\/petits-electromenagers\/bouilloires-electriques\/smeg-annees-50-mini-bouilloire-creme\/#breadcrumb"},"inLanguage":"fr-FR","potentialAction":[{"@type":"ReadAction","target":["https:\/\/www.erresse-shop.it\/fr\/shop\/petits-electromenagers\/bouilloires-electriques\/smeg-annees-50-mini-bouilloire-creme\/"]}]},{"@type":"BreadcrumbList","@id":"https:\/\/www.erresse-shop.it\/fr\/shop\/petits-electromenagers\/bouilloires-electriques\/smeg-annees-50-mini-bouilloire-creme\/#breadcrumb","itemListElement":[{"@type":"ListItem","position":1,"name":"Home","item":"https:\/\/www.erresse-shop.it\/fr\/"},{"@type":"ListItem","position":2,"name":"Shop","item":"https:\/\/www.erresse-shop.it\/fr\/shop\/"},{"@type":"ListItem","position":3,"name":"SMEG Ann\u00e9es 50 Mini Bouilloire Cr\u00e8me"}]},{"@type":"WebSite","@id":"https:\/\/www.erresse-shop.it\/fr\/#website","url":"https:\/\/www.erresse-shop.it\/fr\/","name":"Erresse Shop","description":"Articoli di qualit\u00e0 per la casa","potentialAction":[{"@type":"SearchAction","target":{"@type":"EntryPoint","urlTemplate":"https:\/\/www.erresse-shop.it\/fr\/?s={search_term_string}"},"query-input":"required name=search_term_string"}],"inLanguage":"fr-FR"}]}},"df_price":90.3,"df_sale_price":90.3,"df_regular_price":129,"df_image_link":"https:\/\/www.erresse-shop.it\/wp-content\/uploads\/2022\/07\/SMEG-Anni-50-Mini-Bollitore-Panna-300x300.jpg","_links":{"self":[{"href":"https:\/\/www.erresse-shop.it\/fr\/wp-json\/wp\/v2\/product\/171773"}],"collection":[{"href":"https:\/\/www.erresse-shop.it\/fr\/wp-json\/wp\/v2\/product"}],"about":[{"href":"https:\/\/www.erresse-shop.it\/fr\/wp-json\/wp\/v2\/types\/product"}],"wp:featuredmedia":[{"embeddable":true,"href":"https:\/\/www.erresse-shop.it\/fr\/wp-json\/wp\/v2\/media\/477517"}],"wp:attachment":[{"href":"https:\/\/www.erresse-shop.it\/fr\/wp-json\/wp\/v2\/media?parent=171773"}],"wp:term":[{"taxonomy":"product_cat","embeddable":true,"href":"https:\/\/www.erresse-shop.it\/fr\/wp-json\/wp\/v2\/product_cat?post=171773"},{"taxonomy":"product_tag","embeddable":true,"href":"https:\/\/www.erresse-shop.it\/fr\/wp-json\/wp\/v2\/product_tag?post=171773"}],"curies":[{"name":"wp","href":"https:\/\/api.w.org\/{rel}","templated":true}]}}