{"id":171761,"date":"2022-07-21T13:32:04","date_gmt":"2022-07-21T13:32:08","guid":{"rendered":"https:\/\/www.erresse-shop.it\/?post_type=product&#038;p=171761"},"modified":"2024-12-08T13:10:08","modified_gmt":"2024-12-08T13:10:08","slug":"seletti-lampe-a-led-grace","status":"publish","type":"product","link":"https:\/\/www.erresse-shop.it\/fr\/shop\/ameublement-maison\/lampes\/seletti-lampe-a-led-grace\/","title":{"rendered":"SELETTI Lampe \u00e0 Led Grace"},"content":{"rendered":"<p>Un clin d&#8217;\u0153il est un geste fortement repr\u00e9sentatif, un clic instantan\u00e9 aux significations multiples, plein d&#8217;\u00e9nergie et \u00e9tablissant une connexion instantan\u00e9e entre deux personnes.<\/p>\n<p>Grace est une d\u00e9esse qui descend de son pi\u00e9destal et qui, tout en fabriquant un ballon en chewing-gum, nous fait un clin d&#8217;\u0153il et nous fait sentir un peu sp\u00e9ciaux.<\/p>\n<p>En d\u00e9tail :<br \/>\nCr\u00e9ateur : Uto Balmoral<br \/>\nMat\u00e9riau : R\u00e9sine<br \/>\nTaille : cm 21&#215;32 h.36<\/p>\n","protected":false},"excerpt":{"rendered":"<p>Un clin d&#8217;\u0153il est un geste fortement repr\u00e9sentatif, un clic instantan\u00e9 aux significations multiples, plein d&#8217;\u00e9nergie et \u00e9tablissant une connexion<\/p>\n","protected":false},"featured_media":171766,"template":"","meta":{"_acf_changed":false,"inline_featured_image":false},"product_cat":[12738,12741],"product_tag":[19972,12793,12794,18074],"acf":[],"yoast_head":"<!-- This site is optimized with the Yoast SEO Premium plugin v18.6 (Yoast SEO v19.13) - https:\/\/yoast.com\/wordpress\/plugins\/seo\/ -->\n<title>SELETTI Lampe \u00e0 Led Grace - Erresse Shop<\/title>\n<meta name=\"description\" content=\"Un clin d&#039;\u0153il est un geste fortement repr\u00e9sentatif, un clic instantan\u00e9 aux significations multiples, plein d&#039;\u00e9nergie et \u00e9tablissant une connexion\" \/>\n<meta name=\"robots\" content=\"index, follow, max-snippet:-1, max-image-preview:large, max-video-preview:-1\" \/>\n<link rel=\"canonical\" href=\"https:\/\/www.erresse-shop.it\/fr\/shop\/ameublement-maison\/lampes\/seletti-lampe-a-led-grace\/\" \/>\n<meta property=\"og:locale\" content=\"fr_FR\" \/>\n<meta property=\"og:type\" content=\"article\" \/>\n<meta property=\"og:title\" content=\"SELETTI Lampe \u00e0 Led Grace\" \/>\n<meta property=\"og:description\" content=\"Un clin d&#039;\u0153il est un geste fortement repr\u00e9sentatif, un clic instantan\u00e9 aux significations multiples, plein d&#039;\u00e9nergie et \u00e9tablissant une connexion\" \/>\n<meta property=\"og:url\" content=\"https:\/\/www.erresse-shop.it\/fr\/shop\/ameublement-maison\/lampes\/seletti-lampe-a-led-grace\/\" \/>\n<meta property=\"og:site_name\" content=\"Erresse Shop\" \/>\n<meta property=\"article:modified_time\" content=\"2024-12-08T13:10:08+00:00\" \/>\n<meta property=\"og:image\" content=\"https:\/\/www.erresse-shop.it\/wp-content\/uploads\/2022\/07\/Seletti-lampada-in-resina-grace.jpg\" \/>\n\t<meta property=\"og:image:width\" content=\"800\" \/>\n\t<meta property=\"og:image:height\" content=\"800\" \/>\n\t<meta property=\"og:image:type\" content=\"image\/jpeg\" \/>\n<meta name=\"twitter:card\" content=\"summary_large_image\" \/>\n<script type=\"application\/ld+json\" class=\"yoast-schema-graph\">{\"@context\":\"https:\/\/schema.org\",\"@graph\":[{\"@type\":\"WebPage\",\"@id\":\"https:\/\/www.erresse-shop.it\/fr\/shop\/ameublement-maison\/lampes\/seletti-lampe-a-led-grace\/\",\"url\":\"https:\/\/www.erresse-shop.it\/fr\/shop\/ameublement-maison\/lampes\/seletti-lampe-a-led-grace\/\",\"name\":\"SELETTI Lampe \u00e0 Led Grace - Erresse Shop\",\"isPartOf\":{\"@id\":\"https:\/\/www.erresse-shop.it\/fr\/#website\"},\"datePublished\":\"2022-07-21T13:32:08+00:00\",\"dateModified\":\"2024-12-08T13:10:08+00:00\",\"description\":\"Un clin d'\u0153il est un geste fortement repr\u00e9sentatif, un clic instantan\u00e9 aux significations multiples, plein d'\u00e9nergie et \u00e9tablissant une connexion\",\"breadcrumb\":{\"@id\":\"https:\/\/www.erresse-shop.it\/fr\/shop\/ameublement-maison\/lampes\/seletti-lampe-a-led-grace\/#breadcrumb\"},\"inLanguage\":\"fr-FR\",\"potentialAction\":[{\"@type\":\"ReadAction\",\"target\":[\"https:\/\/www.erresse-shop.it\/fr\/shop\/ameublement-maison\/lampes\/seletti-lampe-a-led-grace\/\"]}]},{\"@type\":\"BreadcrumbList\",\"@id\":\"https:\/\/www.erresse-shop.it\/fr\/shop\/ameublement-maison\/lampes\/seletti-lampe-a-led-grace\/#breadcrumb\",\"itemListElement\":[{\"@type\":\"ListItem\",\"position\":1,\"name\":\"Home\",\"item\":\"https:\/\/www.erresse-shop.it\/fr\/\"},{\"@type\":\"ListItem\",\"position\":2,\"name\":\"Shop\",\"item\":\"https:\/\/www.erresse-shop.it\/fr\/shop\/\"},{\"@type\":\"ListItem\",\"position\":3,\"name\":\"SELETTI Lampe \u00e0 Led Grace\"}]},{\"@type\":\"WebSite\",\"@id\":\"https:\/\/www.erresse-shop.it\/fr\/#website\",\"url\":\"https:\/\/www.erresse-shop.it\/fr\/\",\"name\":\"Erresse Shop\",\"description\":\"Articoli di qualit\u00e0 per la casa\",\"potentialAction\":[{\"@type\":\"SearchAction\",\"target\":{\"@type\":\"EntryPoint\",\"urlTemplate\":\"https:\/\/www.erresse-shop.it\/fr\/?s={search_term_string}\"},\"query-input\":\"required name=search_term_string\"}],\"inLanguage\":\"fr-FR\"}]}<\/script>\n<!-- \/ Yoast SEO Premium plugin. -->","yoast_head_json":{"title":"SELETTI Lampe \u00e0 Led Grace - Erresse Shop","description":"Un clin d'\u0153il est un geste fortement repr\u00e9sentatif, un clic instantan\u00e9 aux significations multiples, plein d'\u00e9nergie et \u00e9tablissant une connexion","robots":{"index":"index","follow":"follow","max-snippet":"max-snippet:-1","max-image-preview":"max-image-preview:large","max-video-preview":"max-video-preview:-1"},"canonical":"https:\/\/www.erresse-shop.it\/fr\/shop\/ameublement-maison\/lampes\/seletti-lampe-a-led-grace\/","og_locale":"fr_FR","og_type":"article","og_title":"SELETTI Lampe \u00e0 Led Grace","og_description":"Un clin d'\u0153il est un geste fortement repr\u00e9sentatif, un clic instantan\u00e9 aux significations multiples, plein d'\u00e9nergie et \u00e9tablissant une connexion","og_url":"https:\/\/www.erresse-shop.it\/fr\/shop\/ameublement-maison\/lampes\/seletti-lampe-a-led-grace\/","og_site_name":"Erresse Shop","article_modified_time":"2024-12-08T13:10:08+00:00","og_image":[{"width":800,"height":800,"url":"https:\/\/www.erresse-shop.it\/wp-content\/uploads\/2022\/07\/Seletti-lampada-in-resina-grace.jpg","type":"image\/jpeg"}],"twitter_card":"summary_large_image","schema":{"@context":"https:\/\/schema.org","@graph":[{"@type":"WebPage","@id":"https:\/\/www.erresse-shop.it\/fr\/shop\/ameublement-maison\/lampes\/seletti-lampe-a-led-grace\/","url":"https:\/\/www.erresse-shop.it\/fr\/shop\/ameublement-maison\/lampes\/seletti-lampe-a-led-grace\/","name":"SELETTI Lampe \u00e0 Led Grace - Erresse Shop","isPartOf":{"@id":"https:\/\/www.erresse-shop.it\/fr\/#website"},"datePublished":"2022-07-21T13:32:08+00:00","dateModified":"2024-12-08T13:10:08+00:00","description":"Un clin d'\u0153il est un geste fortement repr\u00e9sentatif, un clic instantan\u00e9 aux significations multiples, plein d'\u00e9nergie et \u00e9tablissant une connexion","breadcrumb":{"@id":"https:\/\/www.erresse-shop.it\/fr\/shop\/ameublement-maison\/lampes\/seletti-lampe-a-led-grace\/#breadcrumb"},"inLanguage":"fr-FR","potentialAction":[{"@type":"ReadAction","target":["https:\/\/www.erresse-shop.it\/fr\/shop\/ameublement-maison\/lampes\/seletti-lampe-a-led-grace\/"]}]},{"@type":"BreadcrumbList","@id":"https:\/\/www.erresse-shop.it\/fr\/shop\/ameublement-maison\/lampes\/seletti-lampe-a-led-grace\/#breadcrumb","itemListElement":[{"@type":"ListItem","position":1,"name":"Home","item":"https:\/\/www.erresse-shop.it\/fr\/"},{"@type":"ListItem","position":2,"name":"Shop","item":"https:\/\/www.erresse-shop.it\/fr\/shop\/"},{"@type":"ListItem","position":3,"name":"SELETTI Lampe \u00e0 Led Grace"}]},{"@type":"WebSite","@id":"https:\/\/www.erresse-shop.it\/fr\/#website","url":"https:\/\/www.erresse-shop.it\/fr\/","name":"Erresse Shop","description":"Articoli di qualit\u00e0 per la casa","potentialAction":[{"@type":"SearchAction","target":{"@type":"EntryPoint","urlTemplate":"https:\/\/www.erresse-shop.it\/fr\/?s={search_term_string}"},"query-input":"required name=search_term_string"}],"inLanguage":"fr-FR"}]}},"df_price":122.4,"df_sale_price":122.4,"df_regular_price":272,"df_image_link":"https:\/\/www.erresse-shop.it\/wp-content\/uploads\/2022\/07\/Seletti-lampada-in-resina-grace-300x300.jpg","_links":{"self":[{"href":"https:\/\/www.erresse-shop.it\/fr\/wp-json\/wp\/v2\/product\/171761"}],"collection":[{"href":"https:\/\/www.erresse-shop.it\/fr\/wp-json\/wp\/v2\/product"}],"about":[{"href":"https:\/\/www.erresse-shop.it\/fr\/wp-json\/wp\/v2\/types\/product"}],"wp:featuredmedia":[{"embeddable":true,"href":"https:\/\/www.erresse-shop.it\/fr\/wp-json\/wp\/v2\/media\/171766"}],"wp:attachment":[{"href":"https:\/\/www.erresse-shop.it\/fr\/wp-json\/wp\/v2\/media?parent=171761"}],"wp:term":[{"taxonomy":"product_cat","embeddable":true,"href":"https:\/\/www.erresse-shop.it\/fr\/wp-json\/wp\/v2\/product_cat?post=171761"},{"taxonomy":"product_tag","embeddable":true,"href":"https:\/\/www.erresse-shop.it\/fr\/wp-json\/wp\/v2\/product_tag?post=171761"}],"curies":[{"name":"wp","href":"https:\/\/api.w.org\/{rel}","templated":true}]}}