{"id":171477,"date":"2022-07-20T13:03:45","date_gmt":"2022-07-20T13:03:47","guid":{"rendered":"https:\/\/www.erresse-shop.it\/?post_type=product&#038;p=171477"},"modified":"2022-07-21T06:56:20","modified_gmt":"2022-07-21T06:56:20","slug":"smeg-dolce-e-gabbana-blender","status":"publish","type":"product","link":"https:\/\/www.erresse-shop.it\/fr\/shop\/petits-electromenagers\/mixeurs\/smeg-dolce-e-gabbana-blender\/","title":{"rendered":"SMEG Dolce e Gabbana Blender"},"content":{"rendered":"<p><strong>COLLECTION &#8220;SICILY IS MY LOVE&#8221;<\/strong><br \/>\nLa collection &#8220;Sicily is my Love&#8221; s&#8217;enrichit de nouvelles pi\u00e8ces r\u00e9alis\u00e9es \u00e0 l&#8217;\u00e9chelle industrielle, gr\u00e2ce \u00e0 un processus de reproduction de prototypes peints \u00e0 la main par des ma\u00eetres artistes et artisans siciliens.<\/p>\n<p><strong>ESTH\u00c9TIQUE<\/strong><br \/>\n<strong>Couleur:<\/strong> D\u00e9cor\u00e9e \/ Sp\u00e9ciale<br \/>\n<strong>D\u00e9coration \/ Couleur sp\u00e9ciale:<\/strong> Sicily is my love<br \/>\n<strong>Finition:<\/strong> Brillant<br \/>\n<strong>S\u00e9rie:<\/strong> Sicily is my love<br \/>\n<strong>Collaborations:<\/strong> Smeg &amp; Dolce&amp;Gabbana<br \/>\n<strong>Mat\u00e9riau du corps:<\/strong> Aluminium coul\u00e9<br \/>\n<strong>Mat\u00e9riau du couvercle:<\/strong> Plastique sans BPA<br \/>\n<strong>Mat\u00e9riau du bol:<\/strong> Plastique sans BPA<br \/>\n<strong>Couleur de la poign\u00e9e:<\/strong> Int\u00e9rieur satin\u00e9 \/ Ext\u00e9rieur gris<br \/>\n<strong>Mat\u00e9riau de la poign\u00e9e:<\/strong> Plastique sans BPA<br \/>\n<strong>Mat\u00e9riau de la bague de blocage:<\/strong> Plastique<br \/>\n<strong>Couleur de la bague de blocage:<\/strong> Chrom\u00e9<br \/>\n<strong>Couleur de la base:<\/strong> Chrom\u00e9e<br \/>\n<strong>Mat\u00e9riau de la base:<\/strong> Plastique<br \/>\n<strong>Couleur du c\u00e2ble d&#8217;alimentation:<\/strong> Gris<\/p>\n<p><strong>PROGRAMMES \/ FONCTIONS<\/strong><br \/>\n<strong>Vitesses:<\/strong> 4<br \/>\n<strong>Fonction Pulse:<\/strong> Oui<br \/>\n<strong>Fonction Smoothie:<\/strong> Oui<br \/>\n<strong>Fonction Glace Pil\u00e9e:<\/strong> Oui<\/p>\n<p><strong>COMMANDES<\/strong><br \/>\n<strong>Type de commandes:<\/strong> Manette et Touches<br \/>\n<strong>Mat\u00e9riau de la manette:<\/strong> Plastique<br \/>\n<strong>Mat\u00e9riau des touches:<\/strong> Plastique<\/p>\n<p><strong>TECH<\/strong><br \/>\n<strong>Protection si surcharge moteur:<\/strong> Oui<br \/>\n<strong>Verrouillage commande moteur:<\/strong> Oui<br \/>\n<strong>Moteur avec mise en marche progressive:<\/strong> Oui<br \/>\n<strong>Double lame amovible:<\/strong> Oui<br \/>\n<strong>Mat\u00e9riau de la lame amovible:<\/strong> Inox<br \/>\n<strong>Bouchon doseur:<\/strong> Oui<br \/>\n<strong>Nombre maximal de tours\/min:<\/strong> 18000 giri\/min<br \/>\n<strong>Pieds antid\u00e9rapants:<\/strong> Oui<br \/>\n<strong>Range-cordon int\u00e9gr\u00e9:<\/strong> Oui<\/p>\n<p><strong>RACCORDEMENT \u00c9LECTRIQUE<\/strong><br \/>\n<strong>Tension (V):<\/strong> 220-240 V<br \/>\n<strong>Fr\u00e9quence (Hz):<\/strong> 50 Hz<br \/>\n<strong>Puissance:<\/strong> 800 W<br \/>\n<strong>Longueur du c\u00e2ble d&#8217;alimentation:<\/strong> 1 m<\/p>\n<p><span style=\"text-decoration: underline;\"><strong>Non vendable en dehors de l&#8217;Europe<\/strong><\/span><\/p>\n","protected":false},"excerpt":{"rendered":"<p>COLLECTION &#8220;SICILY IS MY LOVE&#8221; La collection &#8220;Sicily is my Love&#8221; s&#8217;enrichit de nouvelles pi\u00e8ces r\u00e9alis\u00e9es \u00e0 l&#8217;\u00e9chelle industrielle, gr\u00e2ce<\/p>\n","protected":false},"featured_media":460223,"template":"","meta":{"_acf_changed":false,"inline_featured_image":false},"product_cat":[12766,12449],"product_tag":[25181,13262,13001,25021,24680,12856,13260,19967],"acf":[],"yoast_head":"<!-- This site is optimized with the Yoast SEO Premium plugin v18.6 (Yoast SEO v19.13) - https:\/\/yoast.com\/wordpress\/plugins\/seo\/ -->\n<title>SMEG Dolce e Gabbana Blender - Erresse Shop<\/title>\n<meta name=\"description\" content=\"COLLECTION &quot;SICILY IS MY LOVE&quot; La collection &quot;Sicily is my Love&quot; s&#039;enrichit de nouvelles pi\u00e8ces r\u00e9alis\u00e9es \u00e0 l&#039;\u00e9chelle industrielle, gr\u00e2ce \u00e0 un processus\" \/>\n<meta name=\"robots\" content=\"index, follow, max-snippet:-1, max-image-preview:large, max-video-preview:-1\" \/>\n<link rel=\"canonical\" href=\"https:\/\/www.erresse-shop.it\/fr\/shop\/petits-electromenagers\/mixeurs\/smeg-dolce-e-gabbana-blender\/\" \/>\n<meta property=\"og:locale\" content=\"fr_FR\" \/>\n<meta property=\"og:type\" content=\"article\" \/>\n<meta property=\"og:title\" content=\"SMEG Dolce e Gabbana Blender\" \/>\n<meta property=\"og:description\" content=\"COLLECTION &quot;SICILY IS MY LOVE&quot; La collection &quot;Sicily is my Love&quot; s&#039;enrichit de nouvelles pi\u00e8ces r\u00e9alis\u00e9es \u00e0 l&#039;\u00e9chelle industrielle, gr\u00e2ce \u00e0 un processus\" \/>\n<meta property=\"og:url\" content=\"https:\/\/www.erresse-shop.it\/fr\/shop\/petits-electromenagers\/mixeurs\/smeg-dolce-e-gabbana-blender\/\" \/>\n<meta property=\"og:site_name\" content=\"Erresse Shop\" \/>\n<meta property=\"article:modified_time\" content=\"2022-07-21T06:56:20+00:00\" \/>\n<meta property=\"og:image\" content=\"https:\/\/www.erresse-shop.it\/wp-content\/uploads\/2022\/07\/SMEG-Dolce-e-Gabbana-Frullatore.png\" \/>\n\t<meta property=\"og:image:width\" content=\"800\" \/>\n\t<meta property=\"og:image:height\" content=\"800\" \/>\n\t<meta property=\"og:image:type\" content=\"image\/png\" \/>\n<meta name=\"twitter:card\" content=\"summary_large_image\" \/>\n<script type=\"application\/ld+json\" class=\"yoast-schema-graph\">{\"@context\":\"https:\/\/schema.org\",\"@graph\":[{\"@type\":\"WebPage\",\"@id\":\"https:\/\/www.erresse-shop.it\/fr\/shop\/petits-electromenagers\/mixeurs\/smeg-dolce-e-gabbana-blender\/\",\"url\":\"https:\/\/www.erresse-shop.it\/fr\/shop\/petits-electromenagers\/mixeurs\/smeg-dolce-e-gabbana-blender\/\",\"name\":\"SMEG Dolce e Gabbana Blender - Erresse Shop\",\"isPartOf\":{\"@id\":\"https:\/\/www.erresse-shop.it\/fr\/#website\"},\"datePublished\":\"2022-07-20T13:03:47+00:00\",\"dateModified\":\"2022-07-21T06:56:20+00:00\",\"description\":\"COLLECTION \\\"SICILY IS MY LOVE\\\" La collection \\\"Sicily is my Love\\\" s'enrichit de nouvelles pi\u00e8ces r\u00e9alis\u00e9es \u00e0 l'\u00e9chelle industrielle, gr\u00e2ce \u00e0 un processus\",\"breadcrumb\":{\"@id\":\"https:\/\/www.erresse-shop.it\/fr\/shop\/petits-electromenagers\/mixeurs\/smeg-dolce-e-gabbana-blender\/#breadcrumb\"},\"inLanguage\":\"fr-FR\",\"potentialAction\":[{\"@type\":\"ReadAction\",\"target\":[\"https:\/\/www.erresse-shop.it\/fr\/shop\/petits-electromenagers\/mixeurs\/smeg-dolce-e-gabbana-blender\/\"]}]},{\"@type\":\"BreadcrumbList\",\"@id\":\"https:\/\/www.erresse-shop.it\/fr\/shop\/petits-electromenagers\/mixeurs\/smeg-dolce-e-gabbana-blender\/#breadcrumb\",\"itemListElement\":[{\"@type\":\"ListItem\",\"position\":1,\"name\":\"Home\",\"item\":\"https:\/\/www.erresse-shop.it\/fr\/\"},{\"@type\":\"ListItem\",\"position\":2,\"name\":\"Shop\",\"item\":\"https:\/\/www.erresse-shop.it\/fr\/shop\/\"},{\"@type\":\"ListItem\",\"position\":3,\"name\":\"SMEG Dolce e Gabbana Blender\"}]},{\"@type\":\"WebSite\",\"@id\":\"https:\/\/www.erresse-shop.it\/fr\/#website\",\"url\":\"https:\/\/www.erresse-shop.it\/fr\/\",\"name\":\"Erresse Shop\",\"description\":\"Articoli di qualit\u00e0 per la casa\",\"potentialAction\":[{\"@type\":\"SearchAction\",\"target\":{\"@type\":\"EntryPoint\",\"urlTemplate\":\"https:\/\/www.erresse-shop.it\/fr\/?s={search_term_string}\"},\"query-input\":\"required name=search_term_string\"}],\"inLanguage\":\"fr-FR\"}]}<\/script>\n<!-- \/ Yoast SEO Premium plugin. -->","yoast_head_json":{"title":"SMEG Dolce e Gabbana Blender - Erresse Shop","description":"COLLECTION \"SICILY IS MY LOVE\" La collection \"Sicily is my Love\" s'enrichit de nouvelles pi\u00e8ces r\u00e9alis\u00e9es \u00e0 l'\u00e9chelle industrielle, gr\u00e2ce \u00e0 un processus","robots":{"index":"index","follow":"follow","max-snippet":"max-snippet:-1","max-image-preview":"max-image-preview:large","max-video-preview":"max-video-preview:-1"},"canonical":"https:\/\/www.erresse-shop.it\/fr\/shop\/petits-electromenagers\/mixeurs\/smeg-dolce-e-gabbana-blender\/","og_locale":"fr_FR","og_type":"article","og_title":"SMEG Dolce e Gabbana Blender","og_description":"COLLECTION \"SICILY IS MY LOVE\" La collection \"Sicily is my Love\" s'enrichit de nouvelles pi\u00e8ces r\u00e9alis\u00e9es \u00e0 l'\u00e9chelle industrielle, gr\u00e2ce \u00e0 un processus","og_url":"https:\/\/www.erresse-shop.it\/fr\/shop\/petits-electromenagers\/mixeurs\/smeg-dolce-e-gabbana-blender\/","og_site_name":"Erresse Shop","article_modified_time":"2022-07-21T06:56:20+00:00","og_image":[{"width":800,"height":800,"url":"https:\/\/www.erresse-shop.it\/wp-content\/uploads\/2022\/07\/SMEG-Dolce-e-Gabbana-Frullatore.png","type":"image\/png"}],"twitter_card":"summary_large_image","schema":{"@context":"https:\/\/schema.org","@graph":[{"@type":"WebPage","@id":"https:\/\/www.erresse-shop.it\/fr\/shop\/petits-electromenagers\/mixeurs\/smeg-dolce-e-gabbana-blender\/","url":"https:\/\/www.erresse-shop.it\/fr\/shop\/petits-electromenagers\/mixeurs\/smeg-dolce-e-gabbana-blender\/","name":"SMEG Dolce e Gabbana Blender - Erresse Shop","isPartOf":{"@id":"https:\/\/www.erresse-shop.it\/fr\/#website"},"datePublished":"2022-07-20T13:03:47+00:00","dateModified":"2022-07-21T06:56:20+00:00","description":"COLLECTION \"SICILY IS MY LOVE\" La collection \"Sicily is my Love\" s'enrichit de nouvelles pi\u00e8ces r\u00e9alis\u00e9es \u00e0 l'\u00e9chelle industrielle, gr\u00e2ce \u00e0 un processus","breadcrumb":{"@id":"https:\/\/www.erresse-shop.it\/fr\/shop\/petits-electromenagers\/mixeurs\/smeg-dolce-e-gabbana-blender\/#breadcrumb"},"inLanguage":"fr-FR","potentialAction":[{"@type":"ReadAction","target":["https:\/\/www.erresse-shop.it\/fr\/shop\/petits-electromenagers\/mixeurs\/smeg-dolce-e-gabbana-blender\/"]}]},{"@type":"BreadcrumbList","@id":"https:\/\/www.erresse-shop.it\/fr\/shop\/petits-electromenagers\/mixeurs\/smeg-dolce-e-gabbana-blender\/#breadcrumb","itemListElement":[{"@type":"ListItem","position":1,"name":"Home","item":"https:\/\/www.erresse-shop.it\/fr\/"},{"@type":"ListItem","position":2,"name":"Shop","item":"https:\/\/www.erresse-shop.it\/fr\/shop\/"},{"@type":"ListItem","position":3,"name":"SMEG Dolce e Gabbana Blender"}]},{"@type":"WebSite","@id":"https:\/\/www.erresse-shop.it\/fr\/#website","url":"https:\/\/www.erresse-shop.it\/fr\/","name":"Erresse Shop","description":"Articoli di qualit\u00e0 per la casa","potentialAction":[{"@type":"SearchAction","target":{"@type":"EntryPoint","urlTemplate":"https:\/\/www.erresse-shop.it\/fr\/?s={search_term_string}"},"query-input":"required name=search_term_string"}],"inLanguage":"fr-FR"}]}},"df_price":689,"df_sale_price":689,"df_regular_price":799.9,"df_image_link":"https:\/\/www.erresse-shop.it\/wp-content\/uploads\/2022\/07\/SMEG-Dolce-e-Gabbana-Frullatore-300x300.jpg","_links":{"self":[{"href":"https:\/\/www.erresse-shop.it\/fr\/wp-json\/wp\/v2\/product\/171477"}],"collection":[{"href":"https:\/\/www.erresse-shop.it\/fr\/wp-json\/wp\/v2\/product"}],"about":[{"href":"https:\/\/www.erresse-shop.it\/fr\/wp-json\/wp\/v2\/types\/product"}],"wp:featuredmedia":[{"embeddable":true,"href":"https:\/\/www.erresse-shop.it\/fr\/wp-json\/wp\/v2\/media\/460223"}],"wp:attachment":[{"href":"https:\/\/www.erresse-shop.it\/fr\/wp-json\/wp\/v2\/media?parent=171477"}],"wp:term":[{"taxonomy":"product_cat","embeddable":true,"href":"https:\/\/www.erresse-shop.it\/fr\/wp-json\/wp\/v2\/product_cat?post=171477"},{"taxonomy":"product_tag","embeddable":true,"href":"https:\/\/www.erresse-shop.it\/fr\/wp-json\/wp\/v2\/product_tag?post=171477"}],"curies":[{"name":"wp","href":"https:\/\/api.w.org\/{rel}","templated":true}]}}