{"id":171465,"date":"2022-07-20T12:51:47","date_gmt":"2022-07-20T12:51:48","guid":{"rendered":"https:\/\/www.erresse-shop.it\/?post_type=product&#038;p=171465"},"modified":"2022-07-21T07:06:57","modified_gmt":"2022-07-21T07:06:57","slug":"smeg-dolce-e-gabbana-robot-sur-socle-smf03","status":"publish","type":"product","link":"https:\/\/www.erresse-shop.it\/fr\/shop\/petits-electromenagers\/petrins\/smeg-dolce-e-gabbana-robot-sur-socle-smf03\/","title":{"rendered":"SMEG Dolce e Gabbana Robot sur Socle SMF03"},"content":{"rendered":"<p><strong>ROBOT SUR SOCLE &#8220;SICILY IS MY LOVE&#8221;<\/strong><br \/>\nUne explosion de couleurs et de vivacit\u00e9 : le jaune dor\u00e9 des citrons, le rouge ardent des cerises, l&#8217;intensit\u00e9 du ciel sicilien, et le vert des figuiers de Barbarie. Les couleurs scintillent avec \u00e9clat, juxtapos\u00e9es avec les d\u00e9corations du chariot qui ornent le robot sur socle. Des motifs floraux d\u00e9licats, qui \u00e9voquent le th\u00e8me du printemps, accentuent l&#8217;ensemble de la composition.<\/p>\n<p><strong>COLLECTION &#8220;SICILY IS MY LOVE&#8221;<\/strong><br \/>\nLa collection &#8220;Sicily is my Love&#8221; s&#8217;enrichit de nouvelles pi\u00e8ces r\u00e9alis\u00e9es \u00e0 l&#8217;\u00e9chelle industrielle, gr\u00e2ce \u00e0 un processus de reproduction de prototypes peints \u00e0 la main par des ma\u00eetres artistes et artisans siciliens.<\/p>\n<p><strong>ESTH\u00c9TIQUE<\/strong><br \/>\n<strong>Couleur:<\/strong> D\u00e9cor\u00e9e \/ Sp\u00e9ciale<br \/>\n<strong>D\u00e9coration \/ Couleur sp\u00e9ciale:<\/strong> Sicily is my love<br \/>\n<strong>Finition:<\/strong> Brillant<br \/>\n<strong>Esth\u00e9tique:<\/strong> Ann\u00e9es 50<br \/>\n<strong>S\u00e9rie:<\/strong> Sicily is my love<br \/>\n<strong>Collaborations:<\/strong> Smeg &amp; Dolce&amp;Gabbana<br \/>\n<strong>Couleur du cache frontal:<\/strong> Chrom\u00e9<br \/>\n<strong>Mat\u00e9riau du cache frontal:<\/strong> Plastique<br \/>\n<strong>Mat\u00e9riau du corps:<\/strong> Aluminium coul\u00e9<br \/>\n<strong>Couleur de la base:<\/strong> D\u00e9cor\u00e9 \/ Sp\u00e9cial<br \/>\n<strong>Mat\u00e9riau de la base:<\/strong> Aluminium coul\u00e9<br \/>\n<strong>Mat\u00e9riau du bol:<\/strong> Inox<\/p>\n<p><strong>PROGRAMMES \/ FONCTIONS<\/strong><br \/>\n<strong>Vitesses:<\/strong> 10<br \/>\n<strong>Mise en marche progressive:<\/strong> Oui<\/p>\n<p><strong>COMMANDES<\/strong><br \/>\n<strong>Type de commandes:<\/strong> Levier<br \/>\n<strong>Mat\u00e9riau du levier:<\/strong> Inox<\/p>\n<p><strong>TECH<\/strong><br \/>\n<strong>Mouvement:<\/strong> Plan\u00e9taire<br \/>\n<strong>Contr\u00f4le de vitesse:<\/strong> Electronique<br \/>\n<strong>Type de moteur:<\/strong> A transmission directe<br \/>\n<strong>Puissance du moteur:<\/strong> 800 W<br \/>\n<strong>S\u00e9curit\u00e9 blocage moteur:<\/strong> Oui<br \/>\n<strong>Protection de surcharge moteur:<\/strong> Oui<br \/>\n<strong>Mode de basculement de la t\u00eate:<\/strong> Bouton<br \/>\n<strong>Sortie moteur frontale pour accessoires:<\/strong> Frontal<br \/>\n<strong>Capacit\u00e9 du bol:<\/strong> 4,8 L<br \/>\n<strong>Poign\u00e9e du bol:<\/strong> Oui<br \/>\n<strong>Pieds antid\u00e9rapants:<\/strong> Oui<br \/>\n<strong>Couleur du c\u00e2ble d&#8217;alimentation:<\/strong> Gris<\/p>\n<p><strong>CAPACIT\u00c9<\/strong><br \/>\n<strong>Maximum Blanc d&#8217;\u0153uf:<\/strong> 12<br \/>\n<strong>Minumum Blanc d&#8217;\u0153uf:<\/strong> 3<br \/>\n<strong>Maximum p\u00e2te \u00e0 g\u00e2teaux:<\/strong> 2,6 Kg<br \/>\n<strong>Maximum P\u00e2te pour tarte:<\/strong> 2 Kg<br \/>\n<strong>Maximum Pr\u00e9paration pour p\u00e2tes aux \u0153ufs:<\/strong> 500 g p\u00e2te au total avec 3 \u0153ufs (taille moyenne 53-63g)<br \/>\n<strong>Maximum P\u00e2te pour pain, pizza, p\u00e2tes:<\/strong> 1,8 kg de p\u00e2te au total (maximum 1,2 kg de farine)<br \/>\n<strong>Maximum Cr\u00e8me fouett\u00e9e:<\/strong> 1 l<br \/>\n<strong>Minimum Cr\u00e8me fouett\u00e9e:<\/strong> 100 ml<\/p>\n<p><strong>RACCORDEMENT \u00c9LECTRIQUE<\/strong><br \/>\n<strong>Tension (V):<\/strong> 220-240 V<br \/>\n<strong>Fr\u00e9quence (Hz):<\/strong> 50 Hz<br \/>\n<strong>Longueur du c\u00e2ble:<\/strong> 1 m<\/p>\n<p><span style=\"text-decoration: underline;\"><strong>Non vendable en dehors de l&#8217;Europe<\/strong><\/span><\/p>\n","protected":false},"excerpt":{"rendered":"<p>ROBOT SUR SOCLE &#8220;SICILY IS MY LOVE&#8221; Une explosion de couleurs et de vivacit\u00e9 : le jaune dor\u00e9 des citrons,<\/p>\n","protected":false},"featured_media":452026,"template":"","meta":{"_acf_changed":false,"inline_featured_image":false},"product_cat":[12449,14476],"product_tag":[24680,12856,19967],"acf":[],"yoast_head":"<!-- This site is optimized with the Yoast SEO Premium plugin v18.6 (Yoast SEO v19.13) - https:\/\/yoast.com\/wordpress\/plugins\/seo\/ -->\n<title>SMEG Dolce e Gabbana Robot sur Socle SMF03 - Erresse Shop<\/title>\n<meta name=\"description\" content=\"ROBOT SUR SOCLE &quot;SICILY IS MY LOVE&quot; Une explosion de couleurs et de vivacit\u00e9 : le jaune dor\u00e9 des citrons, le rouge ardent des cerises, l&#039;intensit\u00e9 du ciel\" \/>\n<meta name=\"robots\" content=\"index, follow, max-snippet:-1, max-image-preview:large, max-video-preview:-1\" \/>\n<link rel=\"canonical\" href=\"https:\/\/www.erresse-shop.it\/fr\/shop\/petits-electromenagers\/petrins\/smeg-dolce-e-gabbana-robot-sur-socle-smf03\/\" \/>\n<meta property=\"og:locale\" content=\"fr_FR\" \/>\n<meta property=\"og:type\" content=\"article\" \/>\n<meta property=\"og:title\" content=\"SMEG Dolce e Gabbana Robot sur Socle SMF03\" \/>\n<meta property=\"og:description\" content=\"ROBOT SUR SOCLE &quot;SICILY IS MY LOVE&quot; Une explosion de couleurs et de vivacit\u00e9 : le jaune dor\u00e9 des citrons, le rouge ardent des cerises, l&#039;intensit\u00e9 du ciel\" \/>\n<meta property=\"og:url\" content=\"https:\/\/www.erresse-shop.it\/fr\/shop\/petits-electromenagers\/petrins\/smeg-dolce-e-gabbana-robot-sur-socle-smf03\/\" \/>\n<meta property=\"og:site_name\" content=\"Erresse Shop\" \/>\n<meta property=\"article:modified_time\" content=\"2022-07-21T07:06:57+00:00\" \/>\n<meta property=\"og:image\" content=\"https:\/\/www.erresse-shop.it\/wp-content\/uploads\/2022\/07\/SMEG-Dolce-e-Gabbana-Impastatrice-SMF03.png\" \/>\n\t<meta property=\"og:image:width\" content=\"800\" \/>\n\t<meta property=\"og:image:height\" content=\"800\" \/>\n\t<meta property=\"og:image:type\" content=\"image\/png\" \/>\n<meta name=\"twitter:card\" content=\"summary_large_image\" \/>\n<script type=\"application\/ld+json\" class=\"yoast-schema-graph\">{\"@context\":\"https:\/\/schema.org\",\"@graph\":[{\"@type\":\"WebPage\",\"@id\":\"https:\/\/www.erresse-shop.it\/fr\/shop\/petits-electromenagers\/petrins\/smeg-dolce-e-gabbana-robot-sur-socle-smf03\/\",\"url\":\"https:\/\/www.erresse-shop.it\/fr\/shop\/petits-electromenagers\/petrins\/smeg-dolce-e-gabbana-robot-sur-socle-smf03\/\",\"name\":\"SMEG Dolce e Gabbana Robot sur Socle SMF03 - Erresse Shop\",\"isPartOf\":{\"@id\":\"https:\/\/www.erresse-shop.it\/fr\/#website\"},\"datePublished\":\"2022-07-20T12:51:48+00:00\",\"dateModified\":\"2022-07-21T07:06:57+00:00\",\"description\":\"ROBOT SUR SOCLE \\\"SICILY IS MY LOVE\\\" Une explosion de couleurs et de vivacit\u00e9 : le jaune dor\u00e9 des citrons, le rouge ardent des cerises, l'intensit\u00e9 du ciel\",\"breadcrumb\":{\"@id\":\"https:\/\/www.erresse-shop.it\/fr\/shop\/petits-electromenagers\/petrins\/smeg-dolce-e-gabbana-robot-sur-socle-smf03\/#breadcrumb\"},\"inLanguage\":\"fr-FR\",\"potentialAction\":[{\"@type\":\"ReadAction\",\"target\":[\"https:\/\/www.erresse-shop.it\/fr\/shop\/petits-electromenagers\/petrins\/smeg-dolce-e-gabbana-robot-sur-socle-smf03\/\"]}]},{\"@type\":\"BreadcrumbList\",\"@id\":\"https:\/\/www.erresse-shop.it\/fr\/shop\/petits-electromenagers\/petrins\/smeg-dolce-e-gabbana-robot-sur-socle-smf03\/#breadcrumb\",\"itemListElement\":[{\"@type\":\"ListItem\",\"position\":1,\"name\":\"Home\",\"item\":\"https:\/\/www.erresse-shop.it\/fr\/\"},{\"@type\":\"ListItem\",\"position\":2,\"name\":\"Shop\",\"item\":\"https:\/\/www.erresse-shop.it\/fr\/shop\/\"},{\"@type\":\"ListItem\",\"position\":3,\"name\":\"SMEG Dolce e Gabbana Robot sur Socle SMF03\"}]},{\"@type\":\"WebSite\",\"@id\":\"https:\/\/www.erresse-shop.it\/fr\/#website\",\"url\":\"https:\/\/www.erresse-shop.it\/fr\/\",\"name\":\"Erresse Shop\",\"description\":\"Articoli di qualit\u00e0 per la casa\",\"potentialAction\":[{\"@type\":\"SearchAction\",\"target\":{\"@type\":\"EntryPoint\",\"urlTemplate\":\"https:\/\/www.erresse-shop.it\/fr\/?s={search_term_string}\"},\"query-input\":\"required name=search_term_string\"}],\"inLanguage\":\"fr-FR\"}]}<\/script>\n<!-- \/ Yoast SEO Premium plugin. -->","yoast_head_json":{"title":"SMEG Dolce e Gabbana Robot sur Socle SMF03 - Erresse Shop","description":"ROBOT SUR SOCLE \"SICILY IS MY LOVE\" Une explosion de couleurs et de vivacit\u00e9 : le jaune dor\u00e9 des citrons, le rouge ardent des cerises, l'intensit\u00e9 du ciel","robots":{"index":"index","follow":"follow","max-snippet":"max-snippet:-1","max-image-preview":"max-image-preview:large","max-video-preview":"max-video-preview:-1"},"canonical":"https:\/\/www.erresse-shop.it\/fr\/shop\/petits-electromenagers\/petrins\/smeg-dolce-e-gabbana-robot-sur-socle-smf03\/","og_locale":"fr_FR","og_type":"article","og_title":"SMEG Dolce e Gabbana Robot sur Socle SMF03","og_description":"ROBOT SUR SOCLE \"SICILY IS MY LOVE\" Une explosion de couleurs et de vivacit\u00e9 : le jaune dor\u00e9 des citrons, le rouge ardent des cerises, l'intensit\u00e9 du ciel","og_url":"https:\/\/www.erresse-shop.it\/fr\/shop\/petits-electromenagers\/petrins\/smeg-dolce-e-gabbana-robot-sur-socle-smf03\/","og_site_name":"Erresse Shop","article_modified_time":"2022-07-21T07:06:57+00:00","og_image":[{"width":800,"height":800,"url":"https:\/\/www.erresse-shop.it\/wp-content\/uploads\/2022\/07\/SMEG-Dolce-e-Gabbana-Impastatrice-SMF03.png","type":"image\/png"}],"twitter_card":"summary_large_image","schema":{"@context":"https:\/\/schema.org","@graph":[{"@type":"WebPage","@id":"https:\/\/www.erresse-shop.it\/fr\/shop\/petits-electromenagers\/petrins\/smeg-dolce-e-gabbana-robot-sur-socle-smf03\/","url":"https:\/\/www.erresse-shop.it\/fr\/shop\/petits-electromenagers\/petrins\/smeg-dolce-e-gabbana-robot-sur-socle-smf03\/","name":"SMEG Dolce e Gabbana Robot sur Socle SMF03 - Erresse Shop","isPartOf":{"@id":"https:\/\/www.erresse-shop.it\/fr\/#website"},"datePublished":"2022-07-20T12:51:48+00:00","dateModified":"2022-07-21T07:06:57+00:00","description":"ROBOT SUR SOCLE \"SICILY IS MY LOVE\" Une explosion de couleurs et de vivacit\u00e9 : le jaune dor\u00e9 des citrons, le rouge ardent des cerises, l'intensit\u00e9 du ciel","breadcrumb":{"@id":"https:\/\/www.erresse-shop.it\/fr\/shop\/petits-electromenagers\/petrins\/smeg-dolce-e-gabbana-robot-sur-socle-smf03\/#breadcrumb"},"inLanguage":"fr-FR","potentialAction":[{"@type":"ReadAction","target":["https:\/\/www.erresse-shop.it\/fr\/shop\/petits-electromenagers\/petrins\/smeg-dolce-e-gabbana-robot-sur-socle-smf03\/"]}]},{"@type":"BreadcrumbList","@id":"https:\/\/www.erresse-shop.it\/fr\/shop\/petits-electromenagers\/petrins\/smeg-dolce-e-gabbana-robot-sur-socle-smf03\/#breadcrumb","itemListElement":[{"@type":"ListItem","position":1,"name":"Home","item":"https:\/\/www.erresse-shop.it\/fr\/"},{"@type":"ListItem","position":2,"name":"Shop","item":"https:\/\/www.erresse-shop.it\/fr\/shop\/"},{"@type":"ListItem","position":3,"name":"SMEG Dolce e Gabbana Robot sur Socle SMF03"}]},{"@type":"WebSite","@id":"https:\/\/www.erresse-shop.it\/fr\/#website","url":"https:\/\/www.erresse-shop.it\/fr\/","name":"Erresse Shop","description":"Articoli di qualit\u00e0 per la casa","potentialAction":[{"@type":"SearchAction","target":{"@type":"EntryPoint","urlTemplate":"https:\/\/www.erresse-shop.it\/fr\/?s={search_term_string}"},"query-input":"required name=search_term_string"}],"inLanguage":"fr-FR"}]}},"df_price":1119,"df_sale_price":1119,"df_regular_price":1299.9,"df_image_link":"https:\/\/www.erresse-shop.it\/wp-content\/uploads\/2022\/07\/SMEG-Dolce-e-Gabbana-Impastatrice-SMF03-300x300.jpg","_links":{"self":[{"href":"https:\/\/www.erresse-shop.it\/fr\/wp-json\/wp\/v2\/product\/171465"}],"collection":[{"href":"https:\/\/www.erresse-shop.it\/fr\/wp-json\/wp\/v2\/product"}],"about":[{"href":"https:\/\/www.erresse-shop.it\/fr\/wp-json\/wp\/v2\/types\/product"}],"wp:featuredmedia":[{"embeddable":true,"href":"https:\/\/www.erresse-shop.it\/fr\/wp-json\/wp\/v2\/media\/452026"}],"wp:attachment":[{"href":"https:\/\/www.erresse-shop.it\/fr\/wp-json\/wp\/v2\/media?parent=171465"}],"wp:term":[{"taxonomy":"product_cat","embeddable":true,"href":"https:\/\/www.erresse-shop.it\/fr\/wp-json\/wp\/v2\/product_cat?post=171465"},{"taxonomy":"product_tag","embeddable":true,"href":"https:\/\/www.erresse-shop.it\/fr\/wp-json\/wp\/v2\/product_tag?post=171465"}],"curies":[{"name":"wp","href":"https:\/\/api.w.org\/{rel}","templated":true}]}}