{"id":167000,"date":"2022-07-06T09:03:22","date_gmt":"2022-07-06T09:03:52","guid":{"rendered":"https:\/\/www.erresse-shop.it\/?post_type=product&#038;p=167000"},"modified":"2024-04-29T00:10:48","modified_gmt":"2024-04-29T00:10:48","slug":"la-pavoni-moulin-a-cafe-cylindre","status":"publish","type":"product","link":"https:\/\/www.erresse-shop.it\/fr\/shop\/petits-electromenagers\/moulins-a-cafe\/la-pavoni-moulin-a-cafe-cylindre\/","title":{"rendered":"LA PAVONI Moulin \u00e0 Caf\u00e9 Cylindre"},"content":{"rendered":"<p>Nouveau moulin \u00e0 caf\u00e9 La Pavoni aux lignes douces et \u00e9l\u00e9gantes, corps en aluminium chrom\u00e9, cylindre en Tritan de 500 g et \u00e9cran LCD pour la s\u00e9lection des diff\u00e9rents programmes de mouture.<\/p>\n<ul>\n<li>Corps en aluminium chrom\u00e9, couleur chrome<\/li>\n<li>Mat\u00e9riau du conteneur \u00e0 haricots : Triton<\/li>\n<li>Centrage du porte-filtre<\/li>\n<li>Afficher<\/li>\n<li>Capacit\u00e9 du r\u00e9cipient \u00e0 caf\u00e9 en grains 500gr<\/li>\n<li>Type de meule Plat<\/li>\n<li>Diam\u00e8tre de la meuleuse 50mm<\/li>\n<li>Moulin \u00e0 caf\u00e9 \u00e0 mouture r\u00e9glable<\/li>\n<li>R\u00e9glage microm\u00e9trique continu<\/li>\n<li>Fonctions d&#8217;affichage : R\u00e9glage de l&#8217;heure \/ Dose continue \/ Double dose \/ Dose unique<\/li>\n<li>Puissance 310W<\/li>\n<li>Tension (V) 220-240V<\/li>\n<li>Type de fiche (F;E) Schuko<\/li>\n<li>Fr\u00e9quence Hz 50\/60 Hz<\/li>\n<li>Longueur du cordon d&#8217;alimentation 140cm<\/li>\n<li>Largeur \/ profondeur \/ hauteur 154x230x410 mm<\/li>\n<li>Largeur du produit emball\u00e9 \/ profondeur du produit emball\u00e9 \/ hauteur du produit emball\u00e9 400x200x400 mm<\/li>\n<li>Poids net 5,300 kg<\/li>\n<li>Poids brut 6 700 kg<\/li>\n<\/ul>\n","protected":false},"excerpt":{"rendered":"<p>Nouveau moulin \u00e0 caf\u00e9 La Pavoni aux lignes douces et \u00e9l\u00e9gantes, corps en aluminium chrom\u00e9, cylindre en Tritan de 500<\/p>\n","protected":false},"featured_media":167005,"template":"","meta":{"_acf_changed":false,"inline_featured_image":false},"product_cat":[25385,12449],"product_tag":[25036,23623,23563,25021,24397,24680,12856,13268],"acf":[],"yoast_head":"<!-- This site is optimized with the Yoast SEO Premium plugin v18.6 (Yoast SEO v19.13) - https:\/\/yoast.com\/wordpress\/plugins\/seo\/ -->\n<title>LA PAVONI Moulin \u00e0 Caf\u00e9 Cylindre - Erresse Shop<\/title>\n<meta name=\"description\" content=\"Nouveau moulin \u00e0 caf\u00e9 La Pavoni aux lignes douces et \u00e9l\u00e9gantes, corps en aluminium chrom\u00e9, cylindre en Tritan de 500 g et \u00e9cran LCD pour la s\u00e9lection des\" \/>\n<meta name=\"robots\" content=\"index, follow, max-snippet:-1, max-image-preview:large, max-video-preview:-1\" \/>\n<link rel=\"canonical\" href=\"https:\/\/www.erresse-shop.it\/fr\/shop\/petits-electromenagers\/moulins-a-cafe\/la-pavoni-moulin-a-cafe-cylindre\/\" \/>\n<meta property=\"og:locale\" content=\"fr_FR\" \/>\n<meta property=\"og:type\" content=\"article\" \/>\n<meta property=\"og:title\" content=\"LA PAVONI Moulin \u00e0 Caf\u00e9 Cylindre\" \/>\n<meta property=\"og:description\" content=\"Nouveau moulin \u00e0 caf\u00e9 La Pavoni aux lignes douces et \u00e9l\u00e9gantes, corps en aluminium chrom\u00e9, cylindre en Tritan de 500 g et \u00e9cran LCD pour la s\u00e9lection des\" \/>\n<meta property=\"og:url\" content=\"https:\/\/www.erresse-shop.it\/fr\/shop\/petits-electromenagers\/moulins-a-cafe\/la-pavoni-moulin-a-cafe-cylindre\/\" \/>\n<meta property=\"og:site_name\" content=\"Erresse Shop\" \/>\n<meta property=\"article:modified_time\" content=\"2024-04-29T00:10:48+00:00\" \/>\n<meta property=\"og:image\" content=\"https:\/\/www.erresse-shop.it\/wp-content\/uploads\/2022\/07\/LA-PAVONI-Macinacaffe-Cilindro.jpg\" \/>\n\t<meta property=\"og:image:width\" content=\"800\" \/>\n\t<meta property=\"og:image:height\" content=\"800\" \/>\n\t<meta property=\"og:image:type\" content=\"image\/jpeg\" \/>\n<meta name=\"twitter:card\" content=\"summary_large_image\" \/>\n<script type=\"application\/ld+json\" class=\"yoast-schema-graph\">{\"@context\":\"https:\/\/schema.org\",\"@graph\":[{\"@type\":\"WebPage\",\"@id\":\"https:\/\/www.erresse-shop.it\/fr\/shop\/petits-electromenagers\/moulins-a-cafe\/la-pavoni-moulin-a-cafe-cylindre\/\",\"url\":\"https:\/\/www.erresse-shop.it\/fr\/shop\/petits-electromenagers\/moulins-a-cafe\/la-pavoni-moulin-a-cafe-cylindre\/\",\"name\":\"LA PAVONI Moulin \u00e0 Caf\u00e9 Cylindre - Erresse Shop\",\"isPartOf\":{\"@id\":\"https:\/\/www.erresse-shop.it\/fr\/#website\"},\"datePublished\":\"2022-07-06T09:03:52+00:00\",\"dateModified\":\"2024-04-29T00:10:48+00:00\",\"description\":\"Nouveau moulin \u00e0 caf\u00e9 La Pavoni aux lignes douces et \u00e9l\u00e9gantes, corps en aluminium chrom\u00e9, cylindre en Tritan de 500 g et \u00e9cran LCD pour la s\u00e9lection des\",\"breadcrumb\":{\"@id\":\"https:\/\/www.erresse-shop.it\/fr\/shop\/petits-electromenagers\/moulins-a-cafe\/la-pavoni-moulin-a-cafe-cylindre\/#breadcrumb\"},\"inLanguage\":\"fr-FR\",\"potentialAction\":[{\"@type\":\"ReadAction\",\"target\":[\"https:\/\/www.erresse-shop.it\/fr\/shop\/petits-electromenagers\/moulins-a-cafe\/la-pavoni-moulin-a-cafe-cylindre\/\"]}]},{\"@type\":\"BreadcrumbList\",\"@id\":\"https:\/\/www.erresse-shop.it\/fr\/shop\/petits-electromenagers\/moulins-a-cafe\/la-pavoni-moulin-a-cafe-cylindre\/#breadcrumb\",\"itemListElement\":[{\"@type\":\"ListItem\",\"position\":1,\"name\":\"Home\",\"item\":\"https:\/\/www.erresse-shop.it\/fr\/\"},{\"@type\":\"ListItem\",\"position\":2,\"name\":\"Shop\",\"item\":\"https:\/\/www.erresse-shop.it\/fr\/shop\/\"},{\"@type\":\"ListItem\",\"position\":3,\"name\":\"LA PAVONI Moulin \u00e0 Caf\u00e9 Cylindre\"}]},{\"@type\":\"WebSite\",\"@id\":\"https:\/\/www.erresse-shop.it\/fr\/#website\",\"url\":\"https:\/\/www.erresse-shop.it\/fr\/\",\"name\":\"Erresse Shop\",\"description\":\"Articoli di qualit\u00e0 per la casa\",\"potentialAction\":[{\"@type\":\"SearchAction\",\"target\":{\"@type\":\"EntryPoint\",\"urlTemplate\":\"https:\/\/www.erresse-shop.it\/fr\/?s={search_term_string}\"},\"query-input\":\"required name=search_term_string\"}],\"inLanguage\":\"fr-FR\"}]}<\/script>\n<!-- \/ Yoast SEO Premium plugin. -->","yoast_head_json":{"title":"LA PAVONI Moulin \u00e0 Caf\u00e9 Cylindre - Erresse Shop","description":"Nouveau moulin \u00e0 caf\u00e9 La Pavoni aux lignes douces et \u00e9l\u00e9gantes, corps en aluminium chrom\u00e9, cylindre en Tritan de 500 g et \u00e9cran LCD pour la s\u00e9lection des","robots":{"index":"index","follow":"follow","max-snippet":"max-snippet:-1","max-image-preview":"max-image-preview:large","max-video-preview":"max-video-preview:-1"},"canonical":"https:\/\/www.erresse-shop.it\/fr\/shop\/petits-electromenagers\/moulins-a-cafe\/la-pavoni-moulin-a-cafe-cylindre\/","og_locale":"fr_FR","og_type":"article","og_title":"LA PAVONI Moulin \u00e0 Caf\u00e9 Cylindre","og_description":"Nouveau moulin \u00e0 caf\u00e9 La Pavoni aux lignes douces et \u00e9l\u00e9gantes, corps en aluminium chrom\u00e9, cylindre en Tritan de 500 g et \u00e9cran LCD pour la s\u00e9lection des","og_url":"https:\/\/www.erresse-shop.it\/fr\/shop\/petits-electromenagers\/moulins-a-cafe\/la-pavoni-moulin-a-cafe-cylindre\/","og_site_name":"Erresse Shop","article_modified_time":"2024-04-29T00:10:48+00:00","og_image":[{"width":800,"height":800,"url":"https:\/\/www.erresse-shop.it\/wp-content\/uploads\/2022\/07\/LA-PAVONI-Macinacaffe-Cilindro.jpg","type":"image\/jpeg"}],"twitter_card":"summary_large_image","schema":{"@context":"https:\/\/schema.org","@graph":[{"@type":"WebPage","@id":"https:\/\/www.erresse-shop.it\/fr\/shop\/petits-electromenagers\/moulins-a-cafe\/la-pavoni-moulin-a-cafe-cylindre\/","url":"https:\/\/www.erresse-shop.it\/fr\/shop\/petits-electromenagers\/moulins-a-cafe\/la-pavoni-moulin-a-cafe-cylindre\/","name":"LA PAVONI Moulin \u00e0 Caf\u00e9 Cylindre - Erresse Shop","isPartOf":{"@id":"https:\/\/www.erresse-shop.it\/fr\/#website"},"datePublished":"2022-07-06T09:03:52+00:00","dateModified":"2024-04-29T00:10:48+00:00","description":"Nouveau moulin \u00e0 caf\u00e9 La Pavoni aux lignes douces et \u00e9l\u00e9gantes, corps en aluminium chrom\u00e9, cylindre en Tritan de 500 g et \u00e9cran LCD pour la s\u00e9lection des","breadcrumb":{"@id":"https:\/\/www.erresse-shop.it\/fr\/shop\/petits-electromenagers\/moulins-a-cafe\/la-pavoni-moulin-a-cafe-cylindre\/#breadcrumb"},"inLanguage":"fr-FR","potentialAction":[{"@type":"ReadAction","target":["https:\/\/www.erresse-shop.it\/fr\/shop\/petits-electromenagers\/moulins-a-cafe\/la-pavoni-moulin-a-cafe-cylindre\/"]}]},{"@type":"BreadcrumbList","@id":"https:\/\/www.erresse-shop.it\/fr\/shop\/petits-electromenagers\/moulins-a-cafe\/la-pavoni-moulin-a-cafe-cylindre\/#breadcrumb","itemListElement":[{"@type":"ListItem","position":1,"name":"Home","item":"https:\/\/www.erresse-shop.it\/fr\/"},{"@type":"ListItem","position":2,"name":"Shop","item":"https:\/\/www.erresse-shop.it\/fr\/shop\/"},{"@type":"ListItem","position":3,"name":"LA PAVONI Moulin \u00e0 Caf\u00e9 Cylindre"}]},{"@type":"WebSite","@id":"https:\/\/www.erresse-shop.it\/fr\/#website","url":"https:\/\/www.erresse-shop.it\/fr\/","name":"Erresse Shop","description":"Articoli di qualit\u00e0 per la casa","potentialAction":[{"@type":"SearchAction","target":{"@type":"EntryPoint","urlTemplate":"https:\/\/www.erresse-shop.it\/fr\/?s={search_term_string}"},"query-input":"required name=search_term_string"}],"inLanguage":"fr-FR"}]}},"df_price":329.45000000000005,"df_sale_price":329.45000000000005,"df_regular_price":599,"df_image_link":"https:\/\/www.erresse-shop.it\/wp-content\/uploads\/2022\/07\/LA-PAVONI-Macinacaffe-Cilindro-300x300.jpg","_links":{"self":[{"href":"https:\/\/www.erresse-shop.it\/fr\/wp-json\/wp\/v2\/product\/167000"}],"collection":[{"href":"https:\/\/www.erresse-shop.it\/fr\/wp-json\/wp\/v2\/product"}],"about":[{"href":"https:\/\/www.erresse-shop.it\/fr\/wp-json\/wp\/v2\/types\/product"}],"wp:featuredmedia":[{"embeddable":true,"href":"https:\/\/www.erresse-shop.it\/fr\/wp-json\/wp\/v2\/media\/167005"}],"wp:attachment":[{"href":"https:\/\/www.erresse-shop.it\/fr\/wp-json\/wp\/v2\/media?parent=167000"}],"wp:term":[{"taxonomy":"product_cat","embeddable":true,"href":"https:\/\/www.erresse-shop.it\/fr\/wp-json\/wp\/v2\/product_cat?post=167000"},{"taxonomy":"product_tag","embeddable":true,"href":"https:\/\/www.erresse-shop.it\/fr\/wp-json\/wp\/v2\/product_tag?post=167000"}],"curies":[{"name":"wp","href":"https:\/\/api.w.org\/{rel}","templated":true}]}}