{"id":165162,"date":"2022-06-29T06:20:48","date_gmt":"2022-06-29T06:21:35","guid":{"rendered":"https:\/\/www.erresse-shop.it\/?post_type=product&#038;p=165162"},"modified":"2025-01-14T14:14:59","modified_gmt":"2025-01-14T14:14:59","slug":"berkel-trancheuse-domestique-red-line-300-rouge","status":"publish","type":"product","link":"https:\/\/www.erresse-shop.it\/fr\/shop\/petits-electromenagers\/trancheuses\/berkel-trancheuse-domestique-red-line-300-rouge\/","title":{"rendered":"BERKEL Trancheuse Domestique Red Line 300 Rouge"},"content":{"rendered":"<p><strong>RED LINE, TRANCHEUSE \u00c9LECTRIQUE PROFESSIONNELLE POUR LA MAISON<\/strong><br \/>\nDe la technologie des trancheuses professionnelles Berkel est n\u00e9e RED LINE, la trancheuse \u00e9lectrique \u00e0 usage domestique, \u00e9l\u00e9gante et l\u00e9g\u00e8re dans la cuisine, mais avec des caract\u00e9ristiques professionnelles, r\u00e9alis\u00e9e en alliage sp\u00e9cial d&#8217;aluminium.<\/p>\n<p>La lame en acier permet une coupe parfaite, r\u00e9duit les d\u00e9chets et garantit des tranches fines et uniformes. L&#8217;aff\u00fbteur int\u00e9gr\u00e9 facilite un excellent aff\u00fbtage de la lame, ce qui augmente l&#8217;efficacit\u00e9 et la dur\u00e9e de vie de la lame. Le retrait facile de la protection de la lame, du couvercle de la lame et de la plaque facilite grandement les op\u00e9rations pour un nettoyage rapide et pr\u00e9cis.<\/p>\n<p><strong>TRANCHEUSE PROFESSIONNELLE AU DESIGN MODERNE ET \u00c9L\u00c9GANT<\/strong><\/p>\n<p>&#8211; D\u00e9flecteur de protection de la lame \u00e0 visser<br \/>\n&#8211; Finition brillante de l&#8217;anneau de recouvrement de la lame<br \/>\n&#8211; Bo\u00eete de protection : le fond de la machine est compl\u00e8tement ferm\u00e9 pour \u00e9liminer les risques pour l&#8217;op\u00e9rateur pendant le d\u00e9placement et le nettoyage.<br \/>\n&#8211; Taille-crayon int\u00e9gr\u00e9<br \/>\n&#8211; \u00c9l\u00e9ment d&#8217;ameublement prestigieux qui distingue les pi\u00e8ces les plus recherch\u00e9es<br \/>\n&#8211; Des lignes douces et courbes et un grand espace pour un nettoyage rapide et pr\u00e9cis.<br \/>\n&#8211; Cadre en alliage d&#8217;aluminium sp\u00e9cial<br \/>\n&#8211; Lame en acier chrom\u00e9 avec profil professionnel<br \/>\n&#8211; Capacit\u00e9 et fonctionnalit\u00e9 de coupe hautement professionnelle<br \/>\n&#8211; Dispositifs de s\u00e9curit\u00e9 de pointe<br \/>\n&#8211; Plaque professionnelle avec syst\u00e8me de d\u00e9clenchement automatique pour un nettoyage facile<br \/>\n&#8211; Syst\u00e8me de retrait automatique du couvercle de la lame<br \/>\n&#8211; Syst\u00e8me int\u00e9gr\u00e9 de r\u00e9glage millim\u00e9trique de l&#8217;\u00e9paisseur des tranches<\/p>\n<p><strong>PROPRET\u00c9 ET HYGI\u00c8NE<\/strong><\/p>\n<p>Bo\u00eetier fabriqu\u00e9 \u00e0 partir d&#8217;une seule pi\u00e8ce moul\u00e9e, ce qui permet d&#8217;\u00e9viter tout \u00e9cart.<br \/>\nProt\u00e8ge-lame en aluminium de qualit\u00e9 alimentaire \u00e0 d\u00e9montage rapide pour un nettoyage facile de la lame.<br \/>\nPlaque basculante pour un nettoyage rapide du corps de la machine<br \/>\nEspace pr\u00e9vu pour la collecte des petits d\u00e9chets alimentaires<br \/>\nEspace suffisant pour le nettoyage<br \/>\nPoussoir en acier facilement d\u00e9montable et lavable au lave-vaisselle<br \/>\nBase avec plaque d&#8217;aluminium permettant de ne pas laisser d&#8217;espace entre la machine et le plan de travail.<\/p>\n<p><strong>S\u00c9CURIT\u00c9<\/strong><br \/>\nPanneau de commande professionnel avec interrupteurs ON\/OFF \u00e0 LED tr\u00e8s visibles<\/p>\n<p>Anneau de protection de la lame en aluminium de qualit\u00e9 alimentaire pour plus de s\u00e9curit\u00e9<br \/>\nCommandes ergonomiques dans une position facile pour minimiser l&#8217;effort de l&#8217;op\u00e9rateur<\/p>\n<p><strong>CARACT\u00c9RISTIQUES TECHNIQUES<\/strong><\/p>\n<p><strong>Poids :<\/strong> 27 kg<br \/>\n<strong>Hauteur :<\/strong> 48 cm<br \/>\n<strong>Profondeur :<\/strong> 63,5 cm<br \/>\n<strong>Largeur :<\/strong> 47,5 cm<br \/>\n<strong>Diam\u00e8tre de la lame :<\/strong> 30 cm<br \/>\n<strong>Prise :<\/strong> C\u00e2ble inclus avec prise EU<br \/>\n<strong>Sp\u00e9cifications \u00e9lectriques :<\/strong> 230 V 50 Hz<br \/>\n<strong>Puissance du moteur :<\/strong> 0,31 kw \/ 0,42 hp<br \/>\n<strong>\u00c9paisseur de coupe :<\/strong> 0 &#8211; 12 mm<br \/>\n<strong>Capacit\u00e9 de coupe (circulaire) :<\/strong> 230 mm<br \/>\n<strong>Capacit\u00e9 de coupe (rectangulaire) :<\/strong> 245X230 mm<br \/>\n<strong>Pi\u00e8ces amovibles :<\/strong> Disque de protection de la lame, presse-lame, plaque de coupe, d\u00e9flecteur de volet.<br \/>\n<strong>Aiguisoir : i<\/strong>nclus, deux mouvements<br \/>\n<strong>Extracteur de lames :<\/strong> grands espaces de nettoyage, non requis<\/p>\n<p><span style=\"text-decoration: underline;\"><strong>Ne peut \u00eatre vendu en dehors de l&#8217;Europe<\/strong><\/span><\/p>\n","protected":false},"excerpt":{"rendered":"<p>RED LINE, TRANCHEUSE \u00c9LECTRIQUE PROFESSIONNELLE POUR LA MAISON De la technologie des trancheuses professionnelles Berkel est n\u00e9e RED LINE, la<\/p>\n","protected":false},"featured_media":165173,"template":"","meta":{"_acf_changed":false,"inline_featured_image":false},"product_cat":[12449,17347],"product_tag":[23910,17288,12856,19128],"acf":[],"yoast_head":"<!-- This site is optimized with the Yoast SEO Premium plugin v18.6 (Yoast SEO v19.13) - https:\/\/yoast.com\/wordpress\/plugins\/seo\/ -->\n<title>BERKEL Trancheuse Domestique Red Line 300 Rouge<\/title>\n<meta name=\"description\" content=\"D\u00e9couvrez BERKEL Trancheuse Domestique Red Line 300 Rouge sur ErresseShop. Qualit\u00e9, prix r\u00e9duits et achat s\u00e9curis\u00e9 \u2013 commandez d\u00e8s maintenant en ligne !\" \/>\n<meta name=\"robots\" content=\"index, follow, max-snippet:-1, max-image-preview:large, max-video-preview:-1\" \/>\n<link rel=\"canonical\" href=\"https:\/\/www.erresse-shop.it\/fr\/shop\/petits-electromenagers\/trancheuses\/berkel-trancheuse-domestique-red-line-300-rouge\/\" \/>\n<meta property=\"og:locale\" content=\"fr_FR\" \/>\n<meta property=\"og:type\" content=\"article\" \/>\n<meta property=\"og:title\" content=\"BERKEL Trancheuse Domestique Red Line 300 Rouge\" \/>\n<meta property=\"og:description\" content=\"D\u00e9couvrez BERKEL Trancheuse Domestique Red Line 300 Rouge sur ErresseShop. Qualit\u00e9, prix r\u00e9duits et achat s\u00e9curis\u00e9 \u2013 commandez d\u00e8s maintenant en ligne !\" \/>\n<meta property=\"og:url\" content=\"https:\/\/www.erresse-shop.it\/fr\/shop\/petits-electromenagers\/trancheuses\/berkel-trancheuse-domestique-red-line-300-rouge\/\" \/>\n<meta property=\"og:site_name\" content=\"Erresse Shop\" \/>\n<meta property=\"article:modified_time\" content=\"2025-01-14T14:14:59+00:00\" \/>\n<meta property=\"og:image\" content=\"https:\/\/www.erresse-shop.it\/wp-content\/uploads\/2022\/06\/BERKEL-Affettatrice-Red-Line-300.jpg\" \/>\n\t<meta property=\"og:image:width\" content=\"800\" \/>\n\t<meta property=\"og:image:height\" content=\"800\" \/>\n\t<meta property=\"og:image:type\" content=\"image\/jpeg\" \/>\n<meta name=\"twitter:card\" content=\"summary_large_image\" \/>\n<script type=\"application\/ld+json\" class=\"yoast-schema-graph\">{\"@context\":\"https:\/\/schema.org\",\"@graph\":[{\"@type\":\"WebPage\",\"@id\":\"https:\/\/www.erresse-shop.it\/fr\/shop\/petits-electromenagers\/trancheuses\/berkel-trancheuse-domestique-red-line-300-rouge\/\",\"url\":\"https:\/\/www.erresse-shop.it\/fr\/shop\/petits-electromenagers\/trancheuses\/berkel-trancheuse-domestique-red-line-300-rouge\/\",\"name\":\"BERKEL Trancheuse Domestique Red Line 300 Rouge\",\"isPartOf\":{\"@id\":\"https:\/\/www.erresse-shop.it\/fr\/#website\"},\"datePublished\":\"2022-06-29T06:21:35+00:00\",\"dateModified\":\"2025-01-14T14:14:59+00:00\",\"description\":\"D\u00e9couvrez BERKEL Trancheuse Domestique Red Line 300 Rouge sur ErresseShop. Qualit\u00e9, prix r\u00e9duits et achat s\u00e9curis\u00e9 \u2013 commandez d\u00e8s maintenant en ligne !\",\"breadcrumb\":{\"@id\":\"https:\/\/www.erresse-shop.it\/fr\/shop\/petits-electromenagers\/trancheuses\/berkel-trancheuse-domestique-red-line-300-rouge\/#breadcrumb\"},\"inLanguage\":\"fr-FR\",\"potentialAction\":[{\"@type\":\"ReadAction\",\"target\":[\"https:\/\/www.erresse-shop.it\/fr\/shop\/petits-electromenagers\/trancheuses\/berkel-trancheuse-domestique-red-line-300-rouge\/\"]}]},{\"@type\":\"BreadcrumbList\",\"@id\":\"https:\/\/www.erresse-shop.it\/fr\/shop\/petits-electromenagers\/trancheuses\/berkel-trancheuse-domestique-red-line-300-rouge\/#breadcrumb\",\"itemListElement\":[{\"@type\":\"ListItem\",\"position\":1,\"name\":\"Home\",\"item\":\"https:\/\/www.erresse-shop.it\/fr\/\"},{\"@type\":\"ListItem\",\"position\":2,\"name\":\"Shop\",\"item\":\"https:\/\/www.erresse-shop.it\/fr\/shop\/\"},{\"@type\":\"ListItem\",\"position\":3,\"name\":\"BERKEL Trancheuse Domestique Red Line 300 Rouge\"}]},{\"@type\":\"WebSite\",\"@id\":\"https:\/\/www.erresse-shop.it\/fr\/#website\",\"url\":\"https:\/\/www.erresse-shop.it\/fr\/\",\"name\":\"Erresse Shop\",\"description\":\"Articoli di qualit\u00e0 per la casa\",\"potentialAction\":[{\"@type\":\"SearchAction\",\"target\":{\"@type\":\"EntryPoint\",\"urlTemplate\":\"https:\/\/www.erresse-shop.it\/fr\/?s={search_term_string}\"},\"query-input\":\"required name=search_term_string\"}],\"inLanguage\":\"fr-FR\"}]}<\/script>\n<!-- \/ Yoast SEO Premium plugin. -->","yoast_head_json":{"title":"BERKEL Trancheuse Domestique Red Line 300 Rouge","description":"D\u00e9couvrez BERKEL Trancheuse Domestique Red Line 300 Rouge sur ErresseShop. Qualit\u00e9, prix r\u00e9duits et achat s\u00e9curis\u00e9 \u2013 commandez d\u00e8s maintenant en ligne !","robots":{"index":"index","follow":"follow","max-snippet":"max-snippet:-1","max-image-preview":"max-image-preview:large","max-video-preview":"max-video-preview:-1"},"canonical":"https:\/\/www.erresse-shop.it\/fr\/shop\/petits-electromenagers\/trancheuses\/berkel-trancheuse-domestique-red-line-300-rouge\/","og_locale":"fr_FR","og_type":"article","og_title":"BERKEL Trancheuse Domestique Red Line 300 Rouge","og_description":"D\u00e9couvrez BERKEL Trancheuse Domestique Red Line 300 Rouge sur ErresseShop. Qualit\u00e9, prix r\u00e9duits et achat s\u00e9curis\u00e9 \u2013 commandez d\u00e8s maintenant en ligne !","og_url":"https:\/\/www.erresse-shop.it\/fr\/shop\/petits-electromenagers\/trancheuses\/berkel-trancheuse-domestique-red-line-300-rouge\/","og_site_name":"Erresse Shop","article_modified_time":"2025-01-14T14:14:59+00:00","og_image":[{"width":800,"height":800,"url":"https:\/\/www.erresse-shop.it\/wp-content\/uploads\/2022\/06\/BERKEL-Affettatrice-Red-Line-300.jpg","type":"image\/jpeg"}],"twitter_card":"summary_large_image","schema":{"@context":"https:\/\/schema.org","@graph":[{"@type":"WebPage","@id":"https:\/\/www.erresse-shop.it\/fr\/shop\/petits-electromenagers\/trancheuses\/berkel-trancheuse-domestique-red-line-300-rouge\/","url":"https:\/\/www.erresse-shop.it\/fr\/shop\/petits-electromenagers\/trancheuses\/berkel-trancheuse-domestique-red-line-300-rouge\/","name":"BERKEL Trancheuse Domestique Red Line 300 Rouge","isPartOf":{"@id":"https:\/\/www.erresse-shop.it\/fr\/#website"},"datePublished":"2022-06-29T06:21:35+00:00","dateModified":"2025-01-14T14:14:59+00:00","description":"D\u00e9couvrez BERKEL Trancheuse Domestique Red Line 300 Rouge sur ErresseShop. Qualit\u00e9, prix r\u00e9duits et achat s\u00e9curis\u00e9 \u2013 commandez d\u00e8s maintenant en ligne !","breadcrumb":{"@id":"https:\/\/www.erresse-shop.it\/fr\/shop\/petits-electromenagers\/trancheuses\/berkel-trancheuse-domestique-red-line-300-rouge\/#breadcrumb"},"inLanguage":"fr-FR","potentialAction":[{"@type":"ReadAction","target":["https:\/\/www.erresse-shop.it\/fr\/shop\/petits-electromenagers\/trancheuses\/berkel-trancheuse-domestique-red-line-300-rouge\/"]}]},{"@type":"BreadcrumbList","@id":"https:\/\/www.erresse-shop.it\/fr\/shop\/petits-electromenagers\/trancheuses\/berkel-trancheuse-domestique-red-line-300-rouge\/#breadcrumb","itemListElement":[{"@type":"ListItem","position":1,"name":"Home","item":"https:\/\/www.erresse-shop.it\/fr\/"},{"@type":"ListItem","position":2,"name":"Shop","item":"https:\/\/www.erresse-shop.it\/fr\/shop\/"},{"@type":"ListItem","position":3,"name":"BERKEL Trancheuse Domestique Red Line 300 Rouge"}]},{"@type":"WebSite","@id":"https:\/\/www.erresse-shop.it\/fr\/#website","url":"https:\/\/www.erresse-shop.it\/fr\/","name":"Erresse Shop","description":"Articoli di qualit\u00e0 per la casa","potentialAction":[{"@type":"SearchAction","target":{"@type":"EntryPoint","urlTemplate":"https:\/\/www.erresse-shop.it\/fr\/?s={search_term_string}"},"query-input":"required name=search_term_string"}],"inLanguage":"fr-FR"}]}},"df_price":1379.95,"df_sale_price":1379.95,"df_regular_price":1699,"df_image_link":"https:\/\/www.erresse-shop.it\/wp-content\/uploads\/2022\/06\/BERKEL-Affettatrice-Red-Line-300-300x300.jpg","_links":{"self":[{"href":"https:\/\/www.erresse-shop.it\/fr\/wp-json\/wp\/v2\/product\/165162"}],"collection":[{"href":"https:\/\/www.erresse-shop.it\/fr\/wp-json\/wp\/v2\/product"}],"about":[{"href":"https:\/\/www.erresse-shop.it\/fr\/wp-json\/wp\/v2\/types\/product"}],"wp:featuredmedia":[{"embeddable":true,"href":"https:\/\/www.erresse-shop.it\/fr\/wp-json\/wp\/v2\/media\/165173"}],"wp:attachment":[{"href":"https:\/\/www.erresse-shop.it\/fr\/wp-json\/wp\/v2\/media?parent=165162"}],"wp:term":[{"taxonomy":"product_cat","embeddable":true,"href":"https:\/\/www.erresse-shop.it\/fr\/wp-json\/wp\/v2\/product_cat?post=165162"},{"taxonomy":"product_tag","embeddable":true,"href":"https:\/\/www.erresse-shop.it\/fr\/wp-json\/wp\/v2\/product_tag?post=165162"}],"curies":[{"name":"wp","href":"https:\/\/api.w.org\/{rel}","templated":true}]}}