{"id":163066,"date":"2022-06-16T08:03:44","date_gmt":"2022-06-16T08:03:50","guid":{"rendered":"https:\/\/www.erresse-shop.it\/?post_type=product&#038;p=163066"},"modified":"2022-06-16T09:35:48","modified_gmt":"2022-06-16T09:35:48","slug":"zafferano-mul8200-set-6-verres-a-vin-rouge","status":"publish","type":"product","link":"https:\/\/www.erresse-shop.it\/fr\/shop\/table-fr-2\/vin\/zafferano-mul8200-set-6-verres-a-vin-rouge\/","title":{"rendered":"ZAFFERANO MUL8200 Set 6 verres \u00e0 vin rouge"},"content":{"rendered":"<p>Ultralight est une ligne de verres de d\u00e9gustation cr\u00e9\u00e9s selon la technique du soufflage \u00e0 la bouche. Ils sont fabriqu\u00e9s en verre sonore qui garantit leur r\u00e9sistance, leur transparence et leur qualit\u00e9.<br \/>\nUne attention particuli\u00e8re est accord\u00e9e aux formes, sp\u00e9cialement con\u00e7ues pour chaque vin. Deux types composent cette collection tr\u00e8s l\u00e9g\u00e8re : des gobelets aux formes \u00e9l\u00e9gantes et rigoureuses, d&#8217;autres avec une finition sp\u00e9ciale du rebord pour rendre l&#8217;approche du liquide plus confortable.<\/p>\n<p>Du safran. En plus d&#8217;\u00eatre un lieu d&#8217;affirmation, d&#8217;\u00e9volution et d&#8217;ach\u00e8vement du vin, le gobelet est une \u0153uvre d&#8217;art.<br \/>\nLe design et la fonctionnalit\u00e9 inspirent le travail de Federico de Majo. Ses cr\u00e9ations vont de lignes plus traditionnelles \u00e0 d&#8217;autres \u00e0 fort contenu technique, o\u00f9 s&#8217;expriment le go\u00fbt pour l&#8217;innovation et la recherche de produits.<\/p>\n<p>Quel type de verre choisir ? http:\/\/blog.erresse-shop.it\/vino-scelta-del-bicchiere-adatto\/<\/p>\n","protected":false},"excerpt":{"rendered":"<p>Ultralight est une ligne de verres de d\u00e9gustation cr\u00e9\u00e9s selon la technique du soufflage \u00e0 la bouche. Ils sont fabriqu\u00e9s<\/p>\n","protected":false},"featured_media":163070,"template":"","meta":{"_acf_changed":false,"inline_featured_image":false},"product_cat":[12782,14460,12754],"product_tag":[25026,25021,12827,12856,14592,24603,12829,14889,19392],"acf":[],"yoast_head":"<!-- This site is optimized with the Yoast SEO Premium plugin v18.6 (Yoast SEO v19.13) - https:\/\/yoast.com\/wordpress\/plugins\/seo\/ -->\n<title>ZAFFERANO MUL8200 Set 6 verres \u00e0 vin rouge - Erresse Shop<\/title>\n<meta name=\"description\" content=\"Ultralight est une ligne de verres de d\u00e9gustation cr\u00e9\u00e9s selon la technique du soufflage \u00e0 la bouche. Ils sont fabriqu\u00e9s en verre sonore qui garantit leur\" \/>\n<meta name=\"robots\" content=\"index, follow, max-snippet:-1, max-image-preview:large, max-video-preview:-1\" \/>\n<link rel=\"canonical\" href=\"https:\/\/www.erresse-shop.it\/fr\/shop\/table-fr-2\/vin\/zafferano-mul8200-set-6-verres-a-vin-rouge\/\" \/>\n<meta property=\"og:locale\" content=\"fr_FR\" \/>\n<meta property=\"og:type\" content=\"article\" \/>\n<meta property=\"og:title\" content=\"ZAFFERANO MUL8200 Set 6 verres \u00e0 vin rouge\" \/>\n<meta property=\"og:description\" content=\"Ultralight est une ligne de verres de d\u00e9gustation cr\u00e9\u00e9s selon la technique du soufflage \u00e0 la bouche. Ils sont fabriqu\u00e9s en verre sonore qui garantit leur\" \/>\n<meta property=\"og:url\" content=\"https:\/\/www.erresse-shop.it\/fr\/shop\/table-fr-2\/vin\/zafferano-mul8200-set-6-verres-a-vin-rouge\/\" \/>\n<meta property=\"og:site_name\" content=\"Erresse Shop\" \/>\n<meta property=\"article:modified_time\" content=\"2022-06-16T09:35:48+00:00\" \/>\n<meta property=\"og:image\" content=\"https:\/\/www.erresse-shop.it\/wp-content\/uploads\/2022\/06\/calice-vini-rossi-vetro-ultralight-set-2-pezzi.jpg\" \/>\n\t<meta property=\"og:image:width\" content=\"800\" \/>\n\t<meta property=\"og:image:height\" content=\"800\" \/>\n\t<meta property=\"og:image:type\" content=\"image\/jpeg\" \/>\n<meta name=\"twitter:card\" content=\"summary_large_image\" \/>\n<script type=\"application\/ld+json\" class=\"yoast-schema-graph\">{\"@context\":\"https:\/\/schema.org\",\"@graph\":[{\"@type\":\"WebPage\",\"@id\":\"https:\/\/www.erresse-shop.it\/fr\/shop\/table-fr-2\/vin\/zafferano-mul8200-set-6-verres-a-vin-rouge\/\",\"url\":\"https:\/\/www.erresse-shop.it\/fr\/shop\/table-fr-2\/vin\/zafferano-mul8200-set-6-verres-a-vin-rouge\/\",\"name\":\"ZAFFERANO MUL8200 Set 6 verres \u00e0 vin rouge - Erresse Shop\",\"isPartOf\":{\"@id\":\"https:\/\/www.erresse-shop.it\/fr\/#website\"},\"datePublished\":\"2022-06-16T08:03:50+00:00\",\"dateModified\":\"2022-06-16T09:35:48+00:00\",\"description\":\"Ultralight est une ligne de verres de d\u00e9gustation cr\u00e9\u00e9s selon la technique du soufflage \u00e0 la bouche. Ils sont fabriqu\u00e9s en verre sonore qui garantit leur\",\"breadcrumb\":{\"@id\":\"https:\/\/www.erresse-shop.it\/fr\/shop\/table-fr-2\/vin\/zafferano-mul8200-set-6-verres-a-vin-rouge\/#breadcrumb\"},\"inLanguage\":\"fr-FR\",\"potentialAction\":[{\"@type\":\"ReadAction\",\"target\":[\"https:\/\/www.erresse-shop.it\/fr\/shop\/table-fr-2\/vin\/zafferano-mul8200-set-6-verres-a-vin-rouge\/\"]}]},{\"@type\":\"BreadcrumbList\",\"@id\":\"https:\/\/www.erresse-shop.it\/fr\/shop\/table-fr-2\/vin\/zafferano-mul8200-set-6-verres-a-vin-rouge\/#breadcrumb\",\"itemListElement\":[{\"@type\":\"ListItem\",\"position\":1,\"name\":\"Home\",\"item\":\"https:\/\/www.erresse-shop.it\/fr\/\"},{\"@type\":\"ListItem\",\"position\":2,\"name\":\"Shop\",\"item\":\"https:\/\/www.erresse-shop.it\/fr\/shop\/\"},{\"@type\":\"ListItem\",\"position\":3,\"name\":\"ZAFFERANO MUL8200 Set 6 verres \u00e0 vin rouge\"}]},{\"@type\":\"WebSite\",\"@id\":\"https:\/\/www.erresse-shop.it\/fr\/#website\",\"url\":\"https:\/\/www.erresse-shop.it\/fr\/\",\"name\":\"Erresse Shop\",\"description\":\"Articoli di qualit\u00e0 per la casa\",\"potentialAction\":[{\"@type\":\"SearchAction\",\"target\":{\"@type\":\"EntryPoint\",\"urlTemplate\":\"https:\/\/www.erresse-shop.it\/fr\/?s={search_term_string}\"},\"query-input\":\"required name=search_term_string\"}],\"inLanguage\":\"fr-FR\"}]}<\/script>\n<!-- \/ Yoast SEO Premium plugin. -->","yoast_head_json":{"title":"ZAFFERANO MUL8200 Set 6 verres \u00e0 vin rouge - Erresse Shop","description":"Ultralight est une ligne de verres de d\u00e9gustation cr\u00e9\u00e9s selon la technique du soufflage \u00e0 la bouche. Ils sont fabriqu\u00e9s en verre sonore qui garantit leur","robots":{"index":"index","follow":"follow","max-snippet":"max-snippet:-1","max-image-preview":"max-image-preview:large","max-video-preview":"max-video-preview:-1"},"canonical":"https:\/\/www.erresse-shop.it\/fr\/shop\/table-fr-2\/vin\/zafferano-mul8200-set-6-verres-a-vin-rouge\/","og_locale":"fr_FR","og_type":"article","og_title":"ZAFFERANO MUL8200 Set 6 verres \u00e0 vin rouge","og_description":"Ultralight est une ligne de verres de d\u00e9gustation cr\u00e9\u00e9s selon la technique du soufflage \u00e0 la bouche. Ils sont fabriqu\u00e9s en verre sonore qui garantit leur","og_url":"https:\/\/www.erresse-shop.it\/fr\/shop\/table-fr-2\/vin\/zafferano-mul8200-set-6-verres-a-vin-rouge\/","og_site_name":"Erresse Shop","article_modified_time":"2022-06-16T09:35:48+00:00","og_image":[{"width":800,"height":800,"url":"https:\/\/www.erresse-shop.it\/wp-content\/uploads\/2022\/06\/calice-vini-rossi-vetro-ultralight-set-2-pezzi.jpg","type":"image\/jpeg"}],"twitter_card":"summary_large_image","schema":{"@context":"https:\/\/schema.org","@graph":[{"@type":"WebPage","@id":"https:\/\/www.erresse-shop.it\/fr\/shop\/table-fr-2\/vin\/zafferano-mul8200-set-6-verres-a-vin-rouge\/","url":"https:\/\/www.erresse-shop.it\/fr\/shop\/table-fr-2\/vin\/zafferano-mul8200-set-6-verres-a-vin-rouge\/","name":"ZAFFERANO MUL8200 Set 6 verres \u00e0 vin rouge - Erresse Shop","isPartOf":{"@id":"https:\/\/www.erresse-shop.it\/fr\/#website"},"datePublished":"2022-06-16T08:03:50+00:00","dateModified":"2022-06-16T09:35:48+00:00","description":"Ultralight est une ligne de verres de d\u00e9gustation cr\u00e9\u00e9s selon la technique du soufflage \u00e0 la bouche. Ils sont fabriqu\u00e9s en verre sonore qui garantit leur","breadcrumb":{"@id":"https:\/\/www.erresse-shop.it\/fr\/shop\/table-fr-2\/vin\/zafferano-mul8200-set-6-verres-a-vin-rouge\/#breadcrumb"},"inLanguage":"fr-FR","potentialAction":[{"@type":"ReadAction","target":["https:\/\/www.erresse-shop.it\/fr\/shop\/table-fr-2\/vin\/zafferano-mul8200-set-6-verres-a-vin-rouge\/"]}]},{"@type":"BreadcrumbList","@id":"https:\/\/www.erresse-shop.it\/fr\/shop\/table-fr-2\/vin\/zafferano-mul8200-set-6-verres-a-vin-rouge\/#breadcrumb","itemListElement":[{"@type":"ListItem","position":1,"name":"Home","item":"https:\/\/www.erresse-shop.it\/fr\/"},{"@type":"ListItem","position":2,"name":"Shop","item":"https:\/\/www.erresse-shop.it\/fr\/shop\/"},{"@type":"ListItem","position":3,"name":"ZAFFERANO MUL8200 Set 6 verres \u00e0 vin rouge"}]},{"@type":"WebSite","@id":"https:\/\/www.erresse-shop.it\/fr\/#website","url":"https:\/\/www.erresse-shop.it\/fr\/","name":"Erresse Shop","description":"Articoli di qualit\u00e0 per la casa","potentialAction":[{"@type":"SearchAction","target":{"@type":"EntryPoint","urlTemplate":"https:\/\/www.erresse-shop.it\/fr\/?s={search_term_string}"},"query-input":"required name=search_term_string"}],"inLanguage":"fr-FR"}]}},"df_price":69,"df_sale_price":69,"df_regular_price":117,"df_image_link":"https:\/\/www.erresse-shop.it\/wp-content\/uploads\/2022\/06\/calice-vini-rossi-vetro-ultralight-set-2-pezzi-300x300.jpg","_links":{"self":[{"href":"https:\/\/www.erresse-shop.it\/fr\/wp-json\/wp\/v2\/product\/163066"}],"collection":[{"href":"https:\/\/www.erresse-shop.it\/fr\/wp-json\/wp\/v2\/product"}],"about":[{"href":"https:\/\/www.erresse-shop.it\/fr\/wp-json\/wp\/v2\/types\/product"}],"wp:featuredmedia":[{"embeddable":true,"href":"https:\/\/www.erresse-shop.it\/fr\/wp-json\/wp\/v2\/media\/163070"}],"wp:attachment":[{"href":"https:\/\/www.erresse-shop.it\/fr\/wp-json\/wp\/v2\/media?parent=163066"}],"wp:term":[{"taxonomy":"product_cat","embeddable":true,"href":"https:\/\/www.erresse-shop.it\/fr\/wp-json\/wp\/v2\/product_cat?post=163066"},{"taxonomy":"product_tag","embeddable":true,"href":"https:\/\/www.erresse-shop.it\/fr\/wp-json\/wp\/v2\/product_tag?post=163066"}],"curies":[{"name":"wp","href":"https:\/\/api.w.org\/{rel}","templated":true}]}}