{"id":162920,"date":"2022-06-15T13:54:45","date_gmt":"2022-06-15T13:54:51","guid":{"rendered":"https:\/\/www.erresse-shop.it\/?post_type=product&#038;p=162920"},"modified":"2025-01-14T13:58:56","modified_gmt":"2025-01-14T13:58:56","slug":"baci-milano-couple-de-tete-blanc-32cm","status":"publish","type":"product","link":"https:\/\/www.erresse-shop.it\/fr\/shop\/ameublement-maison\/objets-de-decoration\/baci-milano-couple-de-tete-blanc-32cm\/","title":{"rendered":"BACI MILANO Couple de t\u00eate blanc 32cm"},"content":{"rendered":"<p>Teste matte est une collection ambitieuse et envo\u00fbtante.<br \/>\nEn apparence, ce sont de simples statues, mais en r\u00e9alit\u00e9 ce sont des vases ! Ils sont orn\u00e9s de fleurs, d&#8217;agrumes et de bijoux, repr\u00e9sentant la l\u00e9gende et la passion. Leur cr\u00e9ation d\u00e9coule de l&#8217;envie d&#8217;envo\u00fbter, de s\u00e9duire et d&#8217;authentifier un accessoire d&#8217;ameublement quotidien.<br \/>\nL&#8217;irr\u00e9v\u00e9rence de la dualit\u00e9 des couleurs fait de leur r\u00e9interpr\u00e9tation un exemple extr\u00eame de contemporan\u00e9it\u00e9. Car la bonne cl\u00e9 d&#8217;interpr\u00e9tation de ces pi\u00e8ces r\u00e9side dans la force de briser toute forme de rivalit\u00e9 entre la tradition et le futur, afin que le pass\u00e9 puisse exister sans \u00eatre oubli\u00e9 par la modernit\u00e9.<\/p>\n<p>Qu&#8217;est-ce que vous attendez ? Meublez votre maison avec ces meubles uniques !<\/p>\n","protected":false},"excerpt":{"rendered":"<p><br data-mce-bogus=\"1\"><\/p>\n","protected":false},"featured_media":490599,"template":"","meta":{"_acf_changed":false,"inline_featured_image":false},"product_cat":[12738,14441],"product_tag":[25026,25021,12856,19376,19377,13849],"acf":[],"yoast_head":"<!-- This site is optimized with the Yoast SEO Premium plugin v18.6 (Yoast SEO v19.13) - https:\/\/yoast.com\/wordpress\/plugins\/seo\/ -->\n<title>BACI MILANO Couple de t\u00eate blanc 32cm<\/title>\n<meta name=\"description\" content=\"D\u00e9couvrez BACI MILANO Couple de t\u00eate blanc 32cm sur ErresseShop. Qualit\u00e9, prix r\u00e9duits et achat s\u00e9curis\u00e9 \u2013 commandez d\u00e8s maintenant en ligne !\" \/>\n<meta name=\"robots\" content=\"index, follow, max-snippet:-1, max-image-preview:large, max-video-preview:-1\" \/>\n<link rel=\"canonical\" href=\"https:\/\/www.erresse-shop.it\/fr\/shop\/ameublement-maison\/objets-de-decoration\/baci-milano-couple-de-tete-blanc-32cm\/\" \/>\n<meta property=\"og:locale\" content=\"fr_FR\" \/>\n<meta property=\"og:type\" content=\"article\" \/>\n<meta property=\"og:title\" content=\"BACI MILANO Couple de t\u00eate blanc 32cm\" \/>\n<meta property=\"og:description\" content=\"D\u00e9couvrez BACI MILANO Couple de t\u00eate blanc 32cm sur ErresseShop. Qualit\u00e9, prix r\u00e9duits et achat s\u00e9curis\u00e9 \u2013 commandez d\u00e8s maintenant en ligne !\" \/>\n<meta property=\"og:url\" content=\"https:\/\/www.erresse-shop.it\/fr\/shop\/ameublement-maison\/objets-de-decoration\/baci-milano-couple-de-tete-blanc-32cm\/\" \/>\n<meta property=\"og:site_name\" content=\"Erresse Shop\" \/>\n<meta property=\"article:modified_time\" content=\"2025-01-14T13:58:56+00:00\" \/>\n<meta property=\"og:image\" content=\"https:\/\/www.erresse-shop.it\/wp-content\/uploads\/2022\/06\/BACI-MILANO-Testa-Coppia-Bianco-32cm.png\" \/>\n\t<meta property=\"og:image:width\" content=\"800\" \/>\n\t<meta property=\"og:image:height\" content=\"800\" \/>\n\t<meta property=\"og:image:type\" content=\"image\/png\" \/>\n<meta name=\"twitter:card\" content=\"summary_large_image\" \/>\n<script type=\"application\/ld+json\" class=\"yoast-schema-graph\">{\"@context\":\"https:\/\/schema.org\",\"@graph\":[{\"@type\":\"WebPage\",\"@id\":\"https:\/\/www.erresse-shop.it\/fr\/shop\/ameublement-maison\/objets-de-decoration\/baci-milano-couple-de-tete-blanc-32cm\/\",\"url\":\"https:\/\/www.erresse-shop.it\/fr\/shop\/ameublement-maison\/objets-de-decoration\/baci-milano-couple-de-tete-blanc-32cm\/\",\"name\":\"BACI MILANO Couple de t\u00eate blanc 32cm\",\"isPartOf\":{\"@id\":\"https:\/\/www.erresse-shop.it\/fr\/#website\"},\"datePublished\":\"2022-06-15T13:54:51+00:00\",\"dateModified\":\"2025-01-14T13:58:56+00:00\",\"description\":\"D\u00e9couvrez BACI MILANO Couple de t\u00eate blanc 32cm sur ErresseShop. Qualit\u00e9, prix r\u00e9duits et achat s\u00e9curis\u00e9 \u2013 commandez d\u00e8s maintenant en ligne !\",\"breadcrumb\":{\"@id\":\"https:\/\/www.erresse-shop.it\/fr\/shop\/ameublement-maison\/objets-de-decoration\/baci-milano-couple-de-tete-blanc-32cm\/#breadcrumb\"},\"inLanguage\":\"fr-FR\",\"potentialAction\":[{\"@type\":\"ReadAction\",\"target\":[\"https:\/\/www.erresse-shop.it\/fr\/shop\/ameublement-maison\/objets-de-decoration\/baci-milano-couple-de-tete-blanc-32cm\/\"]}]},{\"@type\":\"BreadcrumbList\",\"@id\":\"https:\/\/www.erresse-shop.it\/fr\/shop\/ameublement-maison\/objets-de-decoration\/baci-milano-couple-de-tete-blanc-32cm\/#breadcrumb\",\"itemListElement\":[{\"@type\":\"ListItem\",\"position\":1,\"name\":\"Home\",\"item\":\"https:\/\/www.erresse-shop.it\/fr\/\"},{\"@type\":\"ListItem\",\"position\":2,\"name\":\"Shop\",\"item\":\"https:\/\/www.erresse-shop.it\/fr\/shop\/\"},{\"@type\":\"ListItem\",\"position\":3,\"name\":\"BACI MILANO Couple de t\u00eate blanc 32cm\"}]},{\"@type\":\"WebSite\",\"@id\":\"https:\/\/www.erresse-shop.it\/fr\/#website\",\"url\":\"https:\/\/www.erresse-shop.it\/fr\/\",\"name\":\"Erresse Shop\",\"description\":\"Articoli di qualit\u00e0 per la casa\",\"potentialAction\":[{\"@type\":\"SearchAction\",\"target\":{\"@type\":\"EntryPoint\",\"urlTemplate\":\"https:\/\/www.erresse-shop.it\/fr\/?s={search_term_string}\"},\"query-input\":\"required name=search_term_string\"}],\"inLanguage\":\"fr-FR\"}]}<\/script>\n<!-- \/ Yoast SEO Premium plugin. -->","yoast_head_json":{"title":"BACI MILANO Couple de t\u00eate blanc 32cm","description":"D\u00e9couvrez BACI MILANO Couple de t\u00eate blanc 32cm sur ErresseShop. Qualit\u00e9, prix r\u00e9duits et achat s\u00e9curis\u00e9 \u2013 commandez d\u00e8s maintenant en ligne !","robots":{"index":"index","follow":"follow","max-snippet":"max-snippet:-1","max-image-preview":"max-image-preview:large","max-video-preview":"max-video-preview:-1"},"canonical":"https:\/\/www.erresse-shop.it\/fr\/shop\/ameublement-maison\/objets-de-decoration\/baci-milano-couple-de-tete-blanc-32cm\/","og_locale":"fr_FR","og_type":"article","og_title":"BACI MILANO Couple de t\u00eate blanc 32cm","og_description":"D\u00e9couvrez BACI MILANO Couple de t\u00eate blanc 32cm sur ErresseShop. Qualit\u00e9, prix r\u00e9duits et achat s\u00e9curis\u00e9 \u2013 commandez d\u00e8s maintenant en ligne !","og_url":"https:\/\/www.erresse-shop.it\/fr\/shop\/ameublement-maison\/objets-de-decoration\/baci-milano-couple-de-tete-blanc-32cm\/","og_site_name":"Erresse Shop","article_modified_time":"2025-01-14T13:58:56+00:00","og_image":[{"width":800,"height":800,"url":"https:\/\/www.erresse-shop.it\/wp-content\/uploads\/2022\/06\/BACI-MILANO-Testa-Coppia-Bianco-32cm.png","type":"image\/png"}],"twitter_card":"summary_large_image","schema":{"@context":"https:\/\/schema.org","@graph":[{"@type":"WebPage","@id":"https:\/\/www.erresse-shop.it\/fr\/shop\/ameublement-maison\/objets-de-decoration\/baci-milano-couple-de-tete-blanc-32cm\/","url":"https:\/\/www.erresse-shop.it\/fr\/shop\/ameublement-maison\/objets-de-decoration\/baci-milano-couple-de-tete-blanc-32cm\/","name":"BACI MILANO Couple de t\u00eate blanc 32cm","isPartOf":{"@id":"https:\/\/www.erresse-shop.it\/fr\/#website"},"datePublished":"2022-06-15T13:54:51+00:00","dateModified":"2025-01-14T13:58:56+00:00","description":"D\u00e9couvrez BACI MILANO Couple de t\u00eate blanc 32cm sur ErresseShop. Qualit\u00e9, prix r\u00e9duits et achat s\u00e9curis\u00e9 \u2013 commandez d\u00e8s maintenant en ligne !","breadcrumb":{"@id":"https:\/\/www.erresse-shop.it\/fr\/shop\/ameublement-maison\/objets-de-decoration\/baci-milano-couple-de-tete-blanc-32cm\/#breadcrumb"},"inLanguage":"fr-FR","potentialAction":[{"@type":"ReadAction","target":["https:\/\/www.erresse-shop.it\/fr\/shop\/ameublement-maison\/objets-de-decoration\/baci-milano-couple-de-tete-blanc-32cm\/"]}]},{"@type":"BreadcrumbList","@id":"https:\/\/www.erresse-shop.it\/fr\/shop\/ameublement-maison\/objets-de-decoration\/baci-milano-couple-de-tete-blanc-32cm\/#breadcrumb","itemListElement":[{"@type":"ListItem","position":1,"name":"Home","item":"https:\/\/www.erresse-shop.it\/fr\/"},{"@type":"ListItem","position":2,"name":"Shop","item":"https:\/\/www.erresse-shop.it\/fr\/shop\/"},{"@type":"ListItem","position":3,"name":"BACI MILANO Couple de t\u00eate blanc 32cm"}]},{"@type":"WebSite","@id":"https:\/\/www.erresse-shop.it\/fr\/#website","url":"https:\/\/www.erresse-shop.it\/fr\/","name":"Erresse Shop","description":"Articoli di qualit\u00e0 per la casa","potentialAction":[{"@type":"SearchAction","target":{"@type":"EntryPoint","urlTemplate":"https:\/\/www.erresse-shop.it\/fr\/?s={search_term_string}"},"query-input":"required name=search_term_string"}],"inLanguage":"fr-FR"}]}},"df_price":58,"df_sale_price":58,"df_regular_price":116,"df_image_link":"https:\/\/www.erresse-shop.it\/wp-content\/uploads\/2022\/06\/BACI-MILANO-Testa-Coppia-Bianco-32cm-300x300.jpg","_links":{"self":[{"href":"https:\/\/www.erresse-shop.it\/fr\/wp-json\/wp\/v2\/product\/162920"}],"collection":[{"href":"https:\/\/www.erresse-shop.it\/fr\/wp-json\/wp\/v2\/product"}],"about":[{"href":"https:\/\/www.erresse-shop.it\/fr\/wp-json\/wp\/v2\/types\/product"}],"wp:featuredmedia":[{"embeddable":true,"href":"https:\/\/www.erresse-shop.it\/fr\/wp-json\/wp\/v2\/media\/490599"}],"wp:attachment":[{"href":"https:\/\/www.erresse-shop.it\/fr\/wp-json\/wp\/v2\/media?parent=162920"}],"wp:term":[{"taxonomy":"product_cat","embeddable":true,"href":"https:\/\/www.erresse-shop.it\/fr\/wp-json\/wp\/v2\/product_cat?post=162920"},{"taxonomy":"product_tag","embeddable":true,"href":"https:\/\/www.erresse-shop.it\/fr\/wp-json\/wp\/v2\/product_tag?post=162920"}],"curies":[{"name":"wp","href":"https:\/\/api.w.org\/{rel}","templated":true}]}}