{"id":160945,"date":"2022-06-03T12:56:53","date_gmt":"2022-06-03T12:56:59","guid":{"rendered":"https:\/\/www.erresse-shop.it\/?post_type=product&#038;p=160945"},"modified":"2022-06-03T13:11:43","modified_gmt":"2022-06-03T13:11:43","slug":"versace-home-vase-34cm-medusa-gala","status":"publish","type":"product","link":"https:\/\/www.erresse-shop.it\/fr\/shop\/ameublement-maison\/vases-fr\/versace-home-vase-34cm-medusa-gala\/","title":{"rendered":"VERSACE HOME Vase 34cm Medusa Gala"},"content":{"rendered":"<p>Le vase Versace de 34 cm a \u00e9t\u00e9 cr\u00e9\u00e9 en collaboration avec Rosenthal et appartient \u00e0 la collection Gala.<\/p>\n<p>Les caract\u00e9ristiques de ce vase de luxe sont imm\u00e9diatement visibles. C&#8217;est certainement un objet qui ne passe pas inaper\u00e7u gr\u00e2ce \u00e0 sa d\u00e9coration de style baroque et aux couleurs contrast\u00e9es utilis\u00e9es.<\/p>\n","protected":false},"excerpt":{"rendered":"<p>Le vase Versace de 34 cm a \u00e9t\u00e9 cr\u00e9\u00e9 en collaboration avec Rosenthal et appartient \u00e0 la collection Gala. Les<\/p>\n","protected":false},"featured_media":160950,"template":"","meta":{"_acf_changed":false,"inline_featured_image":false},"product_cat":[12738,14422],"product_tag":[23690,24680,17838,19285,13849],"acf":[],"yoast_head":"<!-- This site is optimized with the Yoast SEO Premium plugin v18.6 (Yoast SEO v19.13) - https:\/\/yoast.com\/wordpress\/plugins\/seo\/ -->\n<title>VERSACE HOME Vase 34cm Medusa Gala - Erresse Shop<\/title>\n<meta name=\"description\" content=\"Le vase Versace de 34 cm a \u00e9t\u00e9 cr\u00e9\u00e9 en collaboration avec Rosenthal et appartient \u00e0 la collection Gala. Les caract\u00e9ristiques de ce vase de luxe sont\" \/>\n<meta name=\"robots\" content=\"index, follow, max-snippet:-1, max-image-preview:large, max-video-preview:-1\" \/>\n<link rel=\"canonical\" href=\"https:\/\/www.erresse-shop.it\/fr\/shop\/ameublement-maison\/vases-fr\/versace-home-vase-34cm-medusa-gala\/\" \/>\n<meta property=\"og:locale\" content=\"fr_FR\" \/>\n<meta property=\"og:type\" content=\"article\" \/>\n<meta property=\"og:title\" content=\"VERSACE HOME Vase 34cm Medusa Gala\" \/>\n<meta property=\"og:description\" content=\"Le vase Versace de 34 cm a \u00e9t\u00e9 cr\u00e9\u00e9 en collaboration avec Rosenthal et appartient \u00e0 la collection Gala. Les caract\u00e9ristiques de ce vase de luxe sont\" \/>\n<meta property=\"og:url\" content=\"https:\/\/www.erresse-shop.it\/fr\/shop\/ameublement-maison\/vases-fr\/versace-home-vase-34cm-medusa-gala\/\" \/>\n<meta property=\"og:site_name\" content=\"Erresse Shop\" \/>\n<meta property=\"article:modified_time\" content=\"2022-06-03T13:11:43+00:00\" \/>\n<meta property=\"og:image\" content=\"https:\/\/www.erresse-shop.it\/wp-content\/uploads\/2022\/06\/VERSACE-HOME-Vaso-34-cm.jpg\" \/>\n\t<meta property=\"og:image:width\" content=\"800\" \/>\n\t<meta property=\"og:image:height\" content=\"800\" \/>\n\t<meta property=\"og:image:type\" content=\"image\/jpeg\" \/>\n<meta name=\"twitter:card\" content=\"summary_large_image\" \/>\n<script type=\"application\/ld+json\" class=\"yoast-schema-graph\">{\"@context\":\"https:\/\/schema.org\",\"@graph\":[{\"@type\":\"WebPage\",\"@id\":\"https:\/\/www.erresse-shop.it\/fr\/shop\/ameublement-maison\/vases-fr\/versace-home-vase-34cm-medusa-gala\/\",\"url\":\"https:\/\/www.erresse-shop.it\/fr\/shop\/ameublement-maison\/vases-fr\/versace-home-vase-34cm-medusa-gala\/\",\"name\":\"VERSACE HOME Vase 34cm Medusa Gala - Erresse Shop\",\"isPartOf\":{\"@id\":\"https:\/\/www.erresse-shop.it\/fr\/#website\"},\"datePublished\":\"2022-06-03T12:56:59+00:00\",\"dateModified\":\"2022-06-03T13:11:43+00:00\",\"description\":\"Le vase Versace de 34 cm a \u00e9t\u00e9 cr\u00e9\u00e9 en collaboration avec Rosenthal et appartient \u00e0 la collection Gala. Les caract\u00e9ristiques de ce vase de luxe sont\",\"breadcrumb\":{\"@id\":\"https:\/\/www.erresse-shop.it\/fr\/shop\/ameublement-maison\/vases-fr\/versace-home-vase-34cm-medusa-gala\/#breadcrumb\"},\"inLanguage\":\"fr-FR\",\"potentialAction\":[{\"@type\":\"ReadAction\",\"target\":[\"https:\/\/www.erresse-shop.it\/fr\/shop\/ameublement-maison\/vases-fr\/versace-home-vase-34cm-medusa-gala\/\"]}]},{\"@type\":\"BreadcrumbList\",\"@id\":\"https:\/\/www.erresse-shop.it\/fr\/shop\/ameublement-maison\/vases-fr\/versace-home-vase-34cm-medusa-gala\/#breadcrumb\",\"itemListElement\":[{\"@type\":\"ListItem\",\"position\":1,\"name\":\"Home\",\"item\":\"https:\/\/www.erresse-shop.it\/fr\/\"},{\"@type\":\"ListItem\",\"position\":2,\"name\":\"Shop\",\"item\":\"https:\/\/www.erresse-shop.it\/fr\/shop\/\"},{\"@type\":\"ListItem\",\"position\":3,\"name\":\"VERSACE HOME Vase 34cm Medusa Gala\"}]},{\"@type\":\"WebSite\",\"@id\":\"https:\/\/www.erresse-shop.it\/fr\/#website\",\"url\":\"https:\/\/www.erresse-shop.it\/fr\/\",\"name\":\"Erresse Shop\",\"description\":\"Articoli di qualit\u00e0 per la casa\",\"potentialAction\":[{\"@type\":\"SearchAction\",\"target\":{\"@type\":\"EntryPoint\",\"urlTemplate\":\"https:\/\/www.erresse-shop.it\/fr\/?s={search_term_string}\"},\"query-input\":\"required name=search_term_string\"}],\"inLanguage\":\"fr-FR\"}]}<\/script>\n<!-- \/ Yoast SEO Premium plugin. -->","yoast_head_json":{"title":"VERSACE HOME Vase 34cm Medusa Gala - Erresse Shop","description":"Le vase Versace de 34 cm a \u00e9t\u00e9 cr\u00e9\u00e9 en collaboration avec Rosenthal et appartient \u00e0 la collection Gala. Les caract\u00e9ristiques de ce vase de luxe sont","robots":{"index":"index","follow":"follow","max-snippet":"max-snippet:-1","max-image-preview":"max-image-preview:large","max-video-preview":"max-video-preview:-1"},"canonical":"https:\/\/www.erresse-shop.it\/fr\/shop\/ameublement-maison\/vases-fr\/versace-home-vase-34cm-medusa-gala\/","og_locale":"fr_FR","og_type":"article","og_title":"VERSACE HOME Vase 34cm Medusa Gala","og_description":"Le vase Versace de 34 cm a \u00e9t\u00e9 cr\u00e9\u00e9 en collaboration avec Rosenthal et appartient \u00e0 la collection Gala. Les caract\u00e9ristiques de ce vase de luxe sont","og_url":"https:\/\/www.erresse-shop.it\/fr\/shop\/ameublement-maison\/vases-fr\/versace-home-vase-34cm-medusa-gala\/","og_site_name":"Erresse Shop","article_modified_time":"2022-06-03T13:11:43+00:00","og_image":[{"width":800,"height":800,"url":"https:\/\/www.erresse-shop.it\/wp-content\/uploads\/2022\/06\/VERSACE-HOME-Vaso-34-cm.jpg","type":"image\/jpeg"}],"twitter_card":"summary_large_image","schema":{"@context":"https:\/\/schema.org","@graph":[{"@type":"WebPage","@id":"https:\/\/www.erresse-shop.it\/fr\/shop\/ameublement-maison\/vases-fr\/versace-home-vase-34cm-medusa-gala\/","url":"https:\/\/www.erresse-shop.it\/fr\/shop\/ameublement-maison\/vases-fr\/versace-home-vase-34cm-medusa-gala\/","name":"VERSACE HOME Vase 34cm Medusa Gala - Erresse Shop","isPartOf":{"@id":"https:\/\/www.erresse-shop.it\/fr\/#website"},"datePublished":"2022-06-03T12:56:59+00:00","dateModified":"2022-06-03T13:11:43+00:00","description":"Le vase Versace de 34 cm a \u00e9t\u00e9 cr\u00e9\u00e9 en collaboration avec Rosenthal et appartient \u00e0 la collection Gala. Les caract\u00e9ristiques de ce vase de luxe sont","breadcrumb":{"@id":"https:\/\/www.erresse-shop.it\/fr\/shop\/ameublement-maison\/vases-fr\/versace-home-vase-34cm-medusa-gala\/#breadcrumb"},"inLanguage":"fr-FR","potentialAction":[{"@type":"ReadAction","target":["https:\/\/www.erresse-shop.it\/fr\/shop\/ameublement-maison\/vases-fr\/versace-home-vase-34cm-medusa-gala\/"]}]},{"@type":"BreadcrumbList","@id":"https:\/\/www.erresse-shop.it\/fr\/shop\/ameublement-maison\/vases-fr\/versace-home-vase-34cm-medusa-gala\/#breadcrumb","itemListElement":[{"@type":"ListItem","position":1,"name":"Home","item":"https:\/\/www.erresse-shop.it\/fr\/"},{"@type":"ListItem","position":2,"name":"Shop","item":"https:\/\/www.erresse-shop.it\/fr\/shop\/"},{"@type":"ListItem","position":3,"name":"VERSACE HOME Vase 34cm Medusa Gala"}]},{"@type":"WebSite","@id":"https:\/\/www.erresse-shop.it\/fr\/#website","url":"https:\/\/www.erresse-shop.it\/fr\/","name":"Erresse Shop","description":"Articoli di qualit\u00e0 per la casa","potentialAction":[{"@type":"SearchAction","target":{"@type":"EntryPoint","urlTemplate":"https:\/\/www.erresse-shop.it\/fr\/?s={search_term_string}"},"query-input":"required name=search_term_string"}],"inLanguage":"fr-FR"}]}},"df_price":369.5,"df_sale_price":369.5,"df_regular_price":739,"df_image_link":"https:\/\/www.erresse-shop.it\/wp-content\/uploads\/2022\/06\/VERSACE-HOME-Vaso-34-cm-300x300.jpg","_links":{"self":[{"href":"https:\/\/www.erresse-shop.it\/fr\/wp-json\/wp\/v2\/product\/160945"}],"collection":[{"href":"https:\/\/www.erresse-shop.it\/fr\/wp-json\/wp\/v2\/product"}],"about":[{"href":"https:\/\/www.erresse-shop.it\/fr\/wp-json\/wp\/v2\/types\/product"}],"wp:featuredmedia":[{"embeddable":true,"href":"https:\/\/www.erresse-shop.it\/fr\/wp-json\/wp\/v2\/media\/160950"}],"wp:attachment":[{"href":"https:\/\/www.erresse-shop.it\/fr\/wp-json\/wp\/v2\/media?parent=160945"}],"wp:term":[{"taxonomy":"product_cat","embeddable":true,"href":"https:\/\/www.erresse-shop.it\/fr\/wp-json\/wp\/v2\/product_cat?post=160945"},{"taxonomy":"product_tag","embeddable":true,"href":"https:\/\/www.erresse-shop.it\/fr\/wp-json\/wp\/v2\/product_tag?post=160945"}],"curies":[{"name":"wp","href":"https:\/\/api.w.org\/{rel}","templated":true}]}}