{"id":160247,"date":"2022-05-26T08:20:25","date_gmt":"2022-05-26T08:20:35","guid":{"rendered":"https:\/\/www.erresse-shop.it\/?post_type=product&#038;p=160247"},"modified":"2023-08-17T00:00:22","modified_gmt":"2023-08-17T00:00:22","slug":"rosenthal-vase-falda-27-cm-or","status":"publish","type":"product","link":"https:\/\/www.erresse-shop.it\/fr\/shop\/ameublement-maison\/vases-fr\/rosenthal-vase-falda-27-cm-or\/","title":{"rendered":"ROSENTHAL Vase Falda 27 cm Or"},"content":{"rendered":"<p>Rosenthal a cr\u00e9\u00e9 Falda, une collection distinctive et intrigante. Ce meuble \u00e9l\u00e9gant et moderne pr\u00e9sente des formes arrondies et lumineuses, tandis que le dessus s&#8217;ouvre comme le bord d&#8217;une robe. L&#8217;int\u00e9rieur est d\u00e9cor\u00e9 en or.<br \/>\nLe jeu de couleurs en clair-obscur rend ce vase unique, singulier et id\u00e9al pour une maison aux styles \u00e0 la fois moderne et classique.<\/p>\n<p>Mat\u00e9riau : Porcelaine<br \/>\nCollection : Falda<\/p>\n","protected":false},"excerpt":{"rendered":"<p><br data-mce-bogus=\"1\"><\/p>\n","protected":false},"featured_media":160254,"template":"","meta":{"_acf_changed":false,"inline_featured_image":false},"product_cat":[12738,14422],"product_tag":[23910,23690,19147,13849],"acf":[],"yoast_head":"<!-- This site is optimized with the Yoast SEO Premium plugin v18.6 (Yoast SEO v19.13) - https:\/\/yoast.com\/wordpress\/plugins\/seo\/ -->\n<title>ROSENTHAL Vase Falda 27 cm Or - Erresse Shop<\/title>\n<meta name=\"robots\" content=\"index, follow, max-snippet:-1, max-image-preview:large, max-video-preview:-1\" \/>\n<link rel=\"canonical\" href=\"https:\/\/www.erresse-shop.it\/fr\/shop\/ameublement-maison\/vases-fr\/rosenthal-vase-falda-27-cm-or\/\" \/>\n<meta property=\"og:locale\" content=\"fr_FR\" \/>\n<meta property=\"og:type\" content=\"article\" \/>\n<meta property=\"og:title\" content=\"ROSENTHAL Vase Falda 27 cm Or\" \/>\n<meta property=\"og:url\" content=\"https:\/\/www.erresse-shop.it\/fr\/shop\/ameublement-maison\/vases-fr\/rosenthal-vase-falda-27-cm-or\/\" \/>\n<meta property=\"og:site_name\" content=\"Erresse Shop\" \/>\n<meta property=\"article:modified_time\" content=\"2023-08-17T00:00:22+00:00\" \/>\n<meta property=\"og:image\" content=\"https:\/\/www.erresse-shop.it\/wp-content\/uploads\/2022\/05\/Vaso-Falda-Gold-27cm.jpg\" \/>\n\t<meta property=\"og:image:width\" content=\"1000\" \/>\n\t<meta property=\"og:image:height\" content=\"1000\" \/>\n\t<meta property=\"og:image:type\" content=\"image\/jpeg\" \/>\n<meta name=\"twitter:card\" content=\"summary_large_image\" \/>\n<script type=\"application\/ld+json\" class=\"yoast-schema-graph\">{\"@context\":\"https:\/\/schema.org\",\"@graph\":[{\"@type\":\"WebPage\",\"@id\":\"https:\/\/www.erresse-shop.it\/fr\/shop\/ameublement-maison\/vases-fr\/rosenthal-vase-falda-27-cm-or\/\",\"url\":\"https:\/\/www.erresse-shop.it\/fr\/shop\/ameublement-maison\/vases-fr\/rosenthal-vase-falda-27-cm-or\/\",\"name\":\"ROSENTHAL Vase Falda 27 cm Or - Erresse Shop\",\"isPartOf\":{\"@id\":\"https:\/\/www.erresse-shop.it\/fr\/#website\"},\"datePublished\":\"2022-05-26T08:20:35+00:00\",\"dateModified\":\"2023-08-17T00:00:22+00:00\",\"breadcrumb\":{\"@id\":\"https:\/\/www.erresse-shop.it\/fr\/shop\/ameublement-maison\/vases-fr\/rosenthal-vase-falda-27-cm-or\/#breadcrumb\"},\"inLanguage\":\"fr-FR\",\"potentialAction\":[{\"@type\":\"ReadAction\",\"target\":[\"https:\/\/www.erresse-shop.it\/fr\/shop\/ameublement-maison\/vases-fr\/rosenthal-vase-falda-27-cm-or\/\"]}]},{\"@type\":\"BreadcrumbList\",\"@id\":\"https:\/\/www.erresse-shop.it\/fr\/shop\/ameublement-maison\/vases-fr\/rosenthal-vase-falda-27-cm-or\/#breadcrumb\",\"itemListElement\":[{\"@type\":\"ListItem\",\"position\":1,\"name\":\"Home\",\"item\":\"https:\/\/www.erresse-shop.it\/fr\/\"},{\"@type\":\"ListItem\",\"position\":2,\"name\":\"Shop\",\"item\":\"https:\/\/www.erresse-shop.it\/fr\/shop\/\"},{\"@type\":\"ListItem\",\"position\":3,\"name\":\"ROSENTHAL Vase Falda 27 cm Or\"}]},{\"@type\":\"WebSite\",\"@id\":\"https:\/\/www.erresse-shop.it\/fr\/#website\",\"url\":\"https:\/\/www.erresse-shop.it\/fr\/\",\"name\":\"Erresse Shop\",\"description\":\"Articoli di qualit\u00e0 per la casa\",\"potentialAction\":[{\"@type\":\"SearchAction\",\"target\":{\"@type\":\"EntryPoint\",\"urlTemplate\":\"https:\/\/www.erresse-shop.it\/fr\/?s={search_term_string}\"},\"query-input\":\"required name=search_term_string\"}],\"inLanguage\":\"fr-FR\"}]}<\/script>\n<!-- \/ Yoast SEO Premium plugin. -->","yoast_head_json":{"title":"ROSENTHAL Vase Falda 27 cm Or - Erresse Shop","robots":{"index":"index","follow":"follow","max-snippet":"max-snippet:-1","max-image-preview":"max-image-preview:large","max-video-preview":"max-video-preview:-1"},"canonical":"https:\/\/www.erresse-shop.it\/fr\/shop\/ameublement-maison\/vases-fr\/rosenthal-vase-falda-27-cm-or\/","og_locale":"fr_FR","og_type":"article","og_title":"ROSENTHAL Vase Falda 27 cm Or","og_url":"https:\/\/www.erresse-shop.it\/fr\/shop\/ameublement-maison\/vases-fr\/rosenthal-vase-falda-27-cm-or\/","og_site_name":"Erresse Shop","article_modified_time":"2023-08-17T00:00:22+00:00","og_image":[{"width":1000,"height":1000,"url":"https:\/\/www.erresse-shop.it\/wp-content\/uploads\/2022\/05\/Vaso-Falda-Gold-27cm.jpg","type":"image\/jpeg"}],"twitter_card":"summary_large_image","schema":{"@context":"https:\/\/schema.org","@graph":[{"@type":"WebPage","@id":"https:\/\/www.erresse-shop.it\/fr\/shop\/ameublement-maison\/vases-fr\/rosenthal-vase-falda-27-cm-or\/","url":"https:\/\/www.erresse-shop.it\/fr\/shop\/ameublement-maison\/vases-fr\/rosenthal-vase-falda-27-cm-or\/","name":"ROSENTHAL Vase Falda 27 cm Or - Erresse Shop","isPartOf":{"@id":"https:\/\/www.erresse-shop.it\/fr\/#website"},"datePublished":"2022-05-26T08:20:35+00:00","dateModified":"2023-08-17T00:00:22+00:00","breadcrumb":{"@id":"https:\/\/www.erresse-shop.it\/fr\/shop\/ameublement-maison\/vases-fr\/rosenthal-vase-falda-27-cm-or\/#breadcrumb"},"inLanguage":"fr-FR","potentialAction":[{"@type":"ReadAction","target":["https:\/\/www.erresse-shop.it\/fr\/shop\/ameublement-maison\/vases-fr\/rosenthal-vase-falda-27-cm-or\/"]}]},{"@type":"BreadcrumbList","@id":"https:\/\/www.erresse-shop.it\/fr\/shop\/ameublement-maison\/vases-fr\/rosenthal-vase-falda-27-cm-or\/#breadcrumb","itemListElement":[{"@type":"ListItem","position":1,"name":"Home","item":"https:\/\/www.erresse-shop.it\/fr\/"},{"@type":"ListItem","position":2,"name":"Shop","item":"https:\/\/www.erresse-shop.it\/fr\/shop\/"},{"@type":"ListItem","position":3,"name":"ROSENTHAL Vase Falda 27 cm Or"}]},{"@type":"WebSite","@id":"https:\/\/www.erresse-shop.it\/fr\/#website","url":"https:\/\/www.erresse-shop.it\/fr\/","name":"Erresse Shop","description":"Articoli di qualit\u00e0 per la casa","potentialAction":[{"@type":"SearchAction","target":{"@type":"EntryPoint","urlTemplate":"https:\/\/www.erresse-shop.it\/fr\/?s={search_term_string}"},"query-input":"required name=search_term_string"}],"inLanguage":"fr-FR"}]}},"df_price":324.5,"df_sale_price":324.5,"df_regular_price":590,"df_image_link":"https:\/\/www.erresse-shop.it\/wp-content\/uploads\/2022\/05\/Vaso-Falda-Gold-27cm-300x300.jpg","_links":{"self":[{"href":"https:\/\/www.erresse-shop.it\/fr\/wp-json\/wp\/v2\/product\/160247"}],"collection":[{"href":"https:\/\/www.erresse-shop.it\/fr\/wp-json\/wp\/v2\/product"}],"about":[{"href":"https:\/\/www.erresse-shop.it\/fr\/wp-json\/wp\/v2\/types\/product"}],"wp:featuredmedia":[{"embeddable":true,"href":"https:\/\/www.erresse-shop.it\/fr\/wp-json\/wp\/v2\/media\/160254"}],"wp:attachment":[{"href":"https:\/\/www.erresse-shop.it\/fr\/wp-json\/wp\/v2\/media?parent=160247"}],"wp:term":[{"taxonomy":"product_cat","embeddable":true,"href":"https:\/\/www.erresse-shop.it\/fr\/wp-json\/wp\/v2\/product_cat?post=160247"},{"taxonomy":"product_tag","embeddable":true,"href":"https:\/\/www.erresse-shop.it\/fr\/wp-json\/wp\/v2\/product_tag?post=160247"}],"curies":[{"name":"wp","href":"https:\/\/api.w.org\/{rel}","templated":true}]}}