{"id":159873,"date":"2022-05-24T08:29:42","date_gmt":"2022-05-24T08:29:47","guid":{"rendered":"https:\/\/www.erresse-shop.it\/?post_type=product&#038;p=159873"},"modified":"2025-01-14T17:35:10","modified_gmt":"2025-01-14T17:35:10","slug":"emile-henry-boite-a-fromage-rouge","status":"publish","type":"product","link":"https:\/\/www.erresse-shop.it\/fr\/shop\/table-fr-2\/recipients-et-bols\/emile-henry-boite-a-fromage-rouge\/","title":{"rendered":"EMILE HENRY Bo\u00eete \u00e0 Fromage Rouge"},"content":{"rendered":"<p>Id\u00e9ale pour le stockage dans des environnements frais, la bo\u00eete \u00e0 fromage en c\u00e9ramique est pratique pour conserver, prot\u00e9ger et servir toutes sortes de fromages. Le couvercle de la bo\u00eete devient \u00e9galement un joli plat de service lorsqu&#8217;il est retourn\u00e9.<\/p>\n<p>D&#8217;une capacit\u00e9 de 3,5 litres, la Cheese Box peut contenir jusqu&#8217;\u00e0 10 pi\u00e8ces. Il est con\u00e7u pour une conservation optimale \u00e0 l&#8217;int\u00e9rieur de la bo\u00eete, mais aussi au r\u00e9frig\u00e9rateur. \u00c9troite et profonde, elle prend peu de place sur l&#8217;\u00e9tag\u00e8re. Son couvercle plat permet de ranger d&#8217;autres r\u00e9cipients ou plats.<\/p>\n<p>Les poign\u00e9es lat\u00e9rales permettent de manipuler facilement la bo\u00eete \u00e0 fromage et son couvercle au r\u00e9frig\u00e9rateur et \u00e0 table. Pour faire passer le fromage du r\u00e9frig\u00e9rateur \u00e0 la table, il suffit de retourner le couvercle, de disposer les morceaux de fromage, entiers ou en tranches, et de les apporter \u00e0 la table pour les servir.<\/p>\n<p>Une fois termin\u00e9, il suffit d&#8217;emballer les restes de fromage, de les replacer dans la bo\u00eete, de la refermer avec le couvercle apr\u00e8s nettoyage et de la ranger.<\/p>\n<p>Longueur \/ Diam\u00e8tre : 31 cm<br \/>\nLargeur : 20,5 cm<br \/>\nHauteur : 11 cm<br \/>\nPoids : 2,5kg<\/p>\n","protected":false},"excerpt":{"rendered":"<p><br data-mce-bogus=\"1\"><\/p>\n","protected":false},"featured_media":159902,"template":"","meta":{"_acf_changed":false,"inline_featured_image":false},"product_cat":[14244,12782],"product_tag":[19076,19092],"acf":[],"yoast_head":"<!-- This site is optimized with the Yoast SEO Premium plugin v18.6 (Yoast SEO v19.13) - https:\/\/yoast.com\/wordpress\/plugins\/seo\/ -->\n<title>EMILE HENRY Bo\u00eete \u00e0 Fromage Rouge<\/title>\n<meta name=\"description\" content=\"D\u00e9couvrez EMILE HENRY Bo\u00eete \u00e0 Fromage Rouge sur ErresseShop. Qualit\u00e9, prix r\u00e9duits et achat s\u00e9curis\u00e9 \u2013 commandez d\u00e8s maintenant en ligne !\" \/>\n<meta name=\"robots\" content=\"index, follow, max-snippet:-1, max-image-preview:large, max-video-preview:-1\" \/>\n<link rel=\"canonical\" href=\"https:\/\/www.erresse-shop.it\/fr\/shop\/table-fr-2\/recipients-et-bols\/emile-henry-boite-a-fromage-rouge\/\" \/>\n<meta property=\"og:locale\" content=\"fr_FR\" \/>\n<meta property=\"og:type\" content=\"article\" \/>\n<meta property=\"og:title\" content=\"EMILE HENRY Bo\u00eete \u00e0 Fromage Rouge\" \/>\n<meta property=\"og:description\" content=\"D\u00e9couvrez EMILE HENRY Bo\u00eete \u00e0 Fromage Rouge sur ErresseShop. Qualit\u00e9, prix r\u00e9duits et achat s\u00e9curis\u00e9 \u2013 commandez d\u00e8s maintenant en ligne !\" \/>\n<meta property=\"og:url\" content=\"https:\/\/www.erresse-shop.it\/fr\/shop\/table-fr-2\/recipients-et-bols\/emile-henry-boite-a-fromage-rouge\/\" \/>\n<meta property=\"og:site_name\" content=\"Erresse Shop\" \/>\n<meta property=\"article:modified_time\" content=\"2025-01-14T17:35:10+00:00\" \/>\n<meta property=\"og:image\" content=\"https:\/\/www.erresse-shop.it\/wp-content\/uploads\/2022\/05\/EMILE-HENRY-Cheese-Box-Rosso.jpg\" \/>\n\t<meta property=\"og:image:width\" content=\"800\" \/>\n\t<meta property=\"og:image:height\" content=\"800\" \/>\n\t<meta property=\"og:image:type\" content=\"image\/jpeg\" \/>\n<meta name=\"twitter:card\" content=\"summary_large_image\" \/>\n<script type=\"application\/ld+json\" class=\"yoast-schema-graph\">{\"@context\":\"https:\/\/schema.org\",\"@graph\":[{\"@type\":\"WebPage\",\"@id\":\"https:\/\/www.erresse-shop.it\/fr\/shop\/table-fr-2\/recipients-et-bols\/emile-henry-boite-a-fromage-rouge\/\",\"url\":\"https:\/\/www.erresse-shop.it\/fr\/shop\/table-fr-2\/recipients-et-bols\/emile-henry-boite-a-fromage-rouge\/\",\"name\":\"EMILE HENRY Bo\u00eete \u00e0 Fromage Rouge\",\"isPartOf\":{\"@id\":\"https:\/\/www.erresse-shop.it\/fr\/#website\"},\"datePublished\":\"2022-05-24T08:29:47+00:00\",\"dateModified\":\"2025-01-14T17:35:10+00:00\",\"description\":\"D\u00e9couvrez EMILE HENRY Bo\u00eete \u00e0 Fromage Rouge sur ErresseShop. Qualit\u00e9, prix r\u00e9duits et achat s\u00e9curis\u00e9 \u2013 commandez d\u00e8s maintenant en ligne !\",\"breadcrumb\":{\"@id\":\"https:\/\/www.erresse-shop.it\/fr\/shop\/table-fr-2\/recipients-et-bols\/emile-henry-boite-a-fromage-rouge\/#breadcrumb\"},\"inLanguage\":\"fr-FR\",\"potentialAction\":[{\"@type\":\"ReadAction\",\"target\":[\"https:\/\/www.erresse-shop.it\/fr\/shop\/table-fr-2\/recipients-et-bols\/emile-henry-boite-a-fromage-rouge\/\"]}]},{\"@type\":\"BreadcrumbList\",\"@id\":\"https:\/\/www.erresse-shop.it\/fr\/shop\/table-fr-2\/recipients-et-bols\/emile-henry-boite-a-fromage-rouge\/#breadcrumb\",\"itemListElement\":[{\"@type\":\"ListItem\",\"position\":1,\"name\":\"Home\",\"item\":\"https:\/\/www.erresse-shop.it\/fr\/\"},{\"@type\":\"ListItem\",\"position\":2,\"name\":\"Shop\",\"item\":\"https:\/\/www.erresse-shop.it\/fr\/shop\/\"},{\"@type\":\"ListItem\",\"position\":3,\"name\":\"EMILE HENRY Bo\u00eete \u00e0 Fromage Rouge\"}]},{\"@type\":\"WebSite\",\"@id\":\"https:\/\/www.erresse-shop.it\/fr\/#website\",\"url\":\"https:\/\/www.erresse-shop.it\/fr\/\",\"name\":\"Erresse Shop\",\"description\":\"Articoli di qualit\u00e0 per la casa\",\"potentialAction\":[{\"@type\":\"SearchAction\",\"target\":{\"@type\":\"EntryPoint\",\"urlTemplate\":\"https:\/\/www.erresse-shop.it\/fr\/?s={search_term_string}\"},\"query-input\":\"required name=search_term_string\"}],\"inLanguage\":\"fr-FR\"}]}<\/script>\n<!-- \/ Yoast SEO Premium plugin. -->","yoast_head_json":{"title":"EMILE HENRY Bo\u00eete \u00e0 Fromage Rouge","description":"D\u00e9couvrez EMILE HENRY Bo\u00eete \u00e0 Fromage Rouge sur ErresseShop. Qualit\u00e9, prix r\u00e9duits et achat s\u00e9curis\u00e9 \u2013 commandez d\u00e8s maintenant en ligne !","robots":{"index":"index","follow":"follow","max-snippet":"max-snippet:-1","max-image-preview":"max-image-preview:large","max-video-preview":"max-video-preview:-1"},"canonical":"https:\/\/www.erresse-shop.it\/fr\/shop\/table-fr-2\/recipients-et-bols\/emile-henry-boite-a-fromage-rouge\/","og_locale":"fr_FR","og_type":"article","og_title":"EMILE HENRY Bo\u00eete \u00e0 Fromage Rouge","og_description":"D\u00e9couvrez EMILE HENRY Bo\u00eete \u00e0 Fromage Rouge sur ErresseShop. Qualit\u00e9, prix r\u00e9duits et achat s\u00e9curis\u00e9 \u2013 commandez d\u00e8s maintenant en ligne !","og_url":"https:\/\/www.erresse-shop.it\/fr\/shop\/table-fr-2\/recipients-et-bols\/emile-henry-boite-a-fromage-rouge\/","og_site_name":"Erresse Shop","article_modified_time":"2025-01-14T17:35:10+00:00","og_image":[{"width":800,"height":800,"url":"https:\/\/www.erresse-shop.it\/wp-content\/uploads\/2022\/05\/EMILE-HENRY-Cheese-Box-Rosso.jpg","type":"image\/jpeg"}],"twitter_card":"summary_large_image","schema":{"@context":"https:\/\/schema.org","@graph":[{"@type":"WebPage","@id":"https:\/\/www.erresse-shop.it\/fr\/shop\/table-fr-2\/recipients-et-bols\/emile-henry-boite-a-fromage-rouge\/","url":"https:\/\/www.erresse-shop.it\/fr\/shop\/table-fr-2\/recipients-et-bols\/emile-henry-boite-a-fromage-rouge\/","name":"EMILE HENRY Bo\u00eete \u00e0 Fromage Rouge","isPartOf":{"@id":"https:\/\/www.erresse-shop.it\/fr\/#website"},"datePublished":"2022-05-24T08:29:47+00:00","dateModified":"2025-01-14T17:35:10+00:00","description":"D\u00e9couvrez EMILE HENRY Bo\u00eete \u00e0 Fromage Rouge sur ErresseShop. Qualit\u00e9, prix r\u00e9duits et achat s\u00e9curis\u00e9 \u2013 commandez d\u00e8s maintenant en ligne !","breadcrumb":{"@id":"https:\/\/www.erresse-shop.it\/fr\/shop\/table-fr-2\/recipients-et-bols\/emile-henry-boite-a-fromage-rouge\/#breadcrumb"},"inLanguage":"fr-FR","potentialAction":[{"@type":"ReadAction","target":["https:\/\/www.erresse-shop.it\/fr\/shop\/table-fr-2\/recipients-et-bols\/emile-henry-boite-a-fromage-rouge\/"]}]},{"@type":"BreadcrumbList","@id":"https:\/\/www.erresse-shop.it\/fr\/shop\/table-fr-2\/recipients-et-bols\/emile-henry-boite-a-fromage-rouge\/#breadcrumb","itemListElement":[{"@type":"ListItem","position":1,"name":"Home","item":"https:\/\/www.erresse-shop.it\/fr\/"},{"@type":"ListItem","position":2,"name":"Shop","item":"https:\/\/www.erresse-shop.it\/fr\/shop\/"},{"@type":"ListItem","position":3,"name":"EMILE HENRY Bo\u00eete \u00e0 Fromage Rouge"}]},{"@type":"WebSite","@id":"https:\/\/www.erresse-shop.it\/fr\/#website","url":"https:\/\/www.erresse-shop.it\/fr\/","name":"Erresse Shop","description":"Articoli di qualit\u00e0 per la casa","potentialAction":[{"@type":"SearchAction","target":{"@type":"EntryPoint","urlTemplate":"https:\/\/www.erresse-shop.it\/fr\/?s={search_term_string}"},"query-input":"required name=search_term_string"}],"inLanguage":"fr-FR"}]}},"df_price":62.32200000000001,"df_sale_price":62.32200000000001,"df_regular_price":79.9,"df_image_link":"https:\/\/www.erresse-shop.it\/wp-content\/uploads\/2022\/05\/EMILE-HENRY-Cheese-Box-Rosso-300x300.jpg","_links":{"self":[{"href":"https:\/\/www.erresse-shop.it\/fr\/wp-json\/wp\/v2\/product\/159873"}],"collection":[{"href":"https:\/\/www.erresse-shop.it\/fr\/wp-json\/wp\/v2\/product"}],"about":[{"href":"https:\/\/www.erresse-shop.it\/fr\/wp-json\/wp\/v2\/types\/product"}],"wp:featuredmedia":[{"embeddable":true,"href":"https:\/\/www.erresse-shop.it\/fr\/wp-json\/wp\/v2\/media\/159902"}],"wp:attachment":[{"href":"https:\/\/www.erresse-shop.it\/fr\/wp-json\/wp\/v2\/media?parent=159873"}],"wp:term":[{"taxonomy":"product_cat","embeddable":true,"href":"https:\/\/www.erresse-shop.it\/fr\/wp-json\/wp\/v2\/product_cat?post=159873"},{"taxonomy":"product_tag","embeddable":true,"href":"https:\/\/www.erresse-shop.it\/fr\/wp-json\/wp\/v2\/product_tag?post=159873"}],"curies":[{"name":"wp","href":"https:\/\/api.w.org\/{rel}","templated":true}]}}