{"id":159829,"date":"2022-05-24T07:19:56","date_gmt":"2022-05-24T07:20:00","guid":{"rendered":"https:\/\/www.erresse-shop.it\/?post_type=product&#038;p=159829"},"modified":"2025-01-14T17:40:00","modified_gmt":"2025-01-14T17:40:00","slug":"emile-henry-plat-a-four-pour-focaccia-noir","status":"publish","type":"product","link":"https:\/\/www.erresse-shop.it\/fr\/shop\/poeles-pots\/plats-et-casseroles-a-four\/emile-henry-plat-a-four-pour-focaccia-noir\/","title":{"rendered":"EMILE HENRY Plat \u00e0 Four pour Focaccia Noir"},"content":{"rendered":"<p>De taille g\u00e9n\u00e9reuse, avec des c\u00f4t\u00e9s hauts et des poign\u00e9es pratiques, il est id\u00e9al pour servir directement du four \u00e0 la table ! Fabriqu\u00e9e en c\u00e9ramique, notre po\u00eale \u00e0 focaccia diffuse la chaleur lentement et uniform\u00e9ment, de sorte que m\u00eame la focaccia la plus \u00e9paisse est parfaitement cuite jusqu&#8217;au centre. Le r\u00e9sultat est une cro\u00fbte dor\u00e9e avec un int\u00e9rieur doux et a\u00e9r\u00e9.<\/p>\n<p>Mais qu&#8217;est-ce qu&#8217;une focaccia ? Certains le consid\u00e8rent comme un pain plat, d&#8217;autres comme une pizza \u00e9paisse&#8230; Cette sp\u00e9cialit\u00e9 italienne se trouve \u00e9galement dans la r\u00e9gion de Provence en France, mais elle est connue sous le nom de &#8220;Fougasse&#8221;, et est d\u00e9licieuse \u00e0 tout moment de la journ\u00e9e ! Non parfum\u00e9 pour le petit d\u00e9jeuner, il peut aussi \u00eatre aromatis\u00e9 au romarin et tremp\u00e9 dans de l&#8217;huile d&#8217;olive pour l&#8217;ap\u00e9ritif. Avec l&#8217;ajout de bacon et de fromage, il peut \u00eatre servi avec une salade pour le d\u00e9jeuner ou le d\u00eener.<\/p>\n<p>Quelle que soit la recette, elle est toujours un r\u00e9gal pour les yeux lorsqu&#8217;elle est pr\u00e9sent\u00e9e dans notre plat de cuisson \u00e9l\u00e9gant mais pratique. Une g\u00e9n\u00e9reuse dose d&#8217;huile d&#8217;olive sur toute la surface facilitera la cuisson, tandis que notre rev\u00eatement \u00e0 base de verre tr\u00e8s r\u00e9sistant permet d&#8217;utiliser des ustensiles en m\u00e9tal pour couper et servir. Le moule est facile \u00e0 nettoyer, que ce soit au lave-vaisselle ou \u00e0 la main.<\/p>\n<p><strong>Longueur\/diam\u00e8tre :<\/strong> 40,5 cm<br \/>\n<strong>Largeur :<\/strong> 31,5 cm<br \/>\n<strong>Hauteur :<\/strong> 6,9 cm<br \/>\n<strong>Temp\u00e9rature maximale :<\/strong> 290 \u00b0C<br \/>\n<strong>Temp\u00e9rature minimale :<\/strong> -20 \u00b0C<\/p>\n","protected":false},"excerpt":{"rendered":"<p>De taille g\u00e9n\u00e9reuse, avec des c\u00f4t\u00e9s hauts et des poign\u00e9es pratiques, il est id\u00e9al pour servir directement du four \u00e0<\/p>\n","protected":false},"featured_media":159847,"template":"","meta":{"_acf_changed":false,"inline_featured_image":false},"product_cat":[12458,14805],"product_tag":[25086,23910,23660,25021,24403,12994,19084,13271,21821],"acf":[],"yoast_head":"<!-- This site is optimized with the Yoast SEO Premium plugin v18.6 (Yoast SEO v19.13) - https:\/\/yoast.com\/wordpress\/plugins\/seo\/ -->\n<title>EMILE HENRY Plat \u00e0 Four pour Focaccia Noir<\/title>\n<meta name=\"description\" content=\"D\u00e9couvrez EMILE HENRY Plat \u00e0 Four pour Focaccia Noir sur ErresseShop. Qualit\u00e9, prix r\u00e9duits et achat s\u00e9curis\u00e9 \u2013 commandez d\u00e8s maintenant en ligne !\" \/>\n<meta name=\"robots\" content=\"index, follow, max-snippet:-1, max-image-preview:large, max-video-preview:-1\" \/>\n<link rel=\"canonical\" href=\"https:\/\/www.erresse-shop.it\/fr\/shop\/poeles-pots\/plats-et-casseroles-a-four\/emile-henry-plat-a-four-pour-focaccia-noir\/\" \/>\n<meta property=\"og:locale\" content=\"fr_FR\" \/>\n<meta property=\"og:type\" content=\"article\" \/>\n<meta property=\"og:title\" content=\"EMILE HENRY Plat \u00e0 Four pour Focaccia Noir\" \/>\n<meta property=\"og:description\" content=\"D\u00e9couvrez EMILE HENRY Plat \u00e0 Four pour Focaccia Noir sur ErresseShop. Qualit\u00e9, prix r\u00e9duits et achat s\u00e9curis\u00e9 \u2013 commandez d\u00e8s maintenant en ligne !\" \/>\n<meta property=\"og:url\" content=\"https:\/\/www.erresse-shop.it\/fr\/shop\/poeles-pots\/plats-et-casseroles-a-four\/emile-henry-plat-a-four-pour-focaccia-noir\/\" \/>\n<meta property=\"og:site_name\" content=\"Erresse Shop\" \/>\n<meta property=\"article:modified_time\" content=\"2025-01-14T17:40:00+00:00\" \/>\n<meta property=\"og:image\" content=\"https:\/\/www.erresse-shop.it\/wp-content\/uploads\/2022\/05\/EMILE-HENRY-Focaccia-Nero-3.jpg\" \/>\n\t<meta property=\"og:image:width\" content=\"800\" \/>\n\t<meta property=\"og:image:height\" content=\"800\" \/>\n\t<meta property=\"og:image:type\" content=\"image\/jpeg\" \/>\n<meta name=\"twitter:card\" content=\"summary_large_image\" \/>\n<script type=\"application\/ld+json\" class=\"yoast-schema-graph\">{\"@context\":\"https:\/\/schema.org\",\"@graph\":[{\"@type\":\"WebPage\",\"@id\":\"https:\/\/www.erresse-shop.it\/fr\/shop\/poeles-pots\/plats-et-casseroles-a-four\/emile-henry-plat-a-four-pour-focaccia-noir\/\",\"url\":\"https:\/\/www.erresse-shop.it\/fr\/shop\/poeles-pots\/plats-et-casseroles-a-four\/emile-henry-plat-a-four-pour-focaccia-noir\/\",\"name\":\"EMILE HENRY Plat \u00e0 Four pour Focaccia Noir\",\"isPartOf\":{\"@id\":\"https:\/\/www.erresse-shop.it\/fr\/#website\"},\"datePublished\":\"2022-05-24T07:20:00+00:00\",\"dateModified\":\"2025-01-14T17:40:00+00:00\",\"description\":\"D\u00e9couvrez EMILE HENRY Plat \u00e0 Four pour Focaccia Noir sur ErresseShop. Qualit\u00e9, prix r\u00e9duits et achat s\u00e9curis\u00e9 \u2013 commandez d\u00e8s maintenant en ligne !\",\"breadcrumb\":{\"@id\":\"https:\/\/www.erresse-shop.it\/fr\/shop\/poeles-pots\/plats-et-casseroles-a-four\/emile-henry-plat-a-four-pour-focaccia-noir\/#breadcrumb\"},\"inLanguage\":\"fr-FR\",\"potentialAction\":[{\"@type\":\"ReadAction\",\"target\":[\"https:\/\/www.erresse-shop.it\/fr\/shop\/poeles-pots\/plats-et-casseroles-a-four\/emile-henry-plat-a-four-pour-focaccia-noir\/\"]}]},{\"@type\":\"BreadcrumbList\",\"@id\":\"https:\/\/www.erresse-shop.it\/fr\/shop\/poeles-pots\/plats-et-casseroles-a-four\/emile-henry-plat-a-four-pour-focaccia-noir\/#breadcrumb\",\"itemListElement\":[{\"@type\":\"ListItem\",\"position\":1,\"name\":\"Home\",\"item\":\"https:\/\/www.erresse-shop.it\/fr\/\"},{\"@type\":\"ListItem\",\"position\":2,\"name\":\"Shop\",\"item\":\"https:\/\/www.erresse-shop.it\/fr\/shop\/\"},{\"@type\":\"ListItem\",\"position\":3,\"name\":\"EMILE HENRY Plat \u00e0 Four pour Focaccia Noir\"}]},{\"@type\":\"WebSite\",\"@id\":\"https:\/\/www.erresse-shop.it\/fr\/#website\",\"url\":\"https:\/\/www.erresse-shop.it\/fr\/\",\"name\":\"Erresse Shop\",\"description\":\"Articoli di qualit\u00e0 per la casa\",\"potentialAction\":[{\"@type\":\"SearchAction\",\"target\":{\"@type\":\"EntryPoint\",\"urlTemplate\":\"https:\/\/www.erresse-shop.it\/fr\/?s={search_term_string}\"},\"query-input\":\"required name=search_term_string\"}],\"inLanguage\":\"fr-FR\"}]}<\/script>\n<!-- \/ Yoast SEO Premium plugin. -->","yoast_head_json":{"title":"EMILE HENRY Plat \u00e0 Four pour Focaccia Noir","description":"D\u00e9couvrez EMILE HENRY Plat \u00e0 Four pour Focaccia Noir sur ErresseShop. Qualit\u00e9, prix r\u00e9duits et achat s\u00e9curis\u00e9 \u2013 commandez d\u00e8s maintenant en ligne !","robots":{"index":"index","follow":"follow","max-snippet":"max-snippet:-1","max-image-preview":"max-image-preview:large","max-video-preview":"max-video-preview:-1"},"canonical":"https:\/\/www.erresse-shop.it\/fr\/shop\/poeles-pots\/plats-et-casseroles-a-four\/emile-henry-plat-a-four-pour-focaccia-noir\/","og_locale":"fr_FR","og_type":"article","og_title":"EMILE HENRY Plat \u00e0 Four pour Focaccia Noir","og_description":"D\u00e9couvrez EMILE HENRY Plat \u00e0 Four pour Focaccia Noir sur ErresseShop. Qualit\u00e9, prix r\u00e9duits et achat s\u00e9curis\u00e9 \u2013 commandez d\u00e8s maintenant en ligne !","og_url":"https:\/\/www.erresse-shop.it\/fr\/shop\/poeles-pots\/plats-et-casseroles-a-four\/emile-henry-plat-a-four-pour-focaccia-noir\/","og_site_name":"Erresse Shop","article_modified_time":"2025-01-14T17:40:00+00:00","og_image":[{"width":800,"height":800,"url":"https:\/\/www.erresse-shop.it\/wp-content\/uploads\/2022\/05\/EMILE-HENRY-Focaccia-Nero-3.jpg","type":"image\/jpeg"}],"twitter_card":"summary_large_image","schema":{"@context":"https:\/\/schema.org","@graph":[{"@type":"WebPage","@id":"https:\/\/www.erresse-shop.it\/fr\/shop\/poeles-pots\/plats-et-casseroles-a-four\/emile-henry-plat-a-four-pour-focaccia-noir\/","url":"https:\/\/www.erresse-shop.it\/fr\/shop\/poeles-pots\/plats-et-casseroles-a-four\/emile-henry-plat-a-four-pour-focaccia-noir\/","name":"EMILE HENRY Plat \u00e0 Four pour Focaccia Noir","isPartOf":{"@id":"https:\/\/www.erresse-shop.it\/fr\/#website"},"datePublished":"2022-05-24T07:20:00+00:00","dateModified":"2025-01-14T17:40:00+00:00","description":"D\u00e9couvrez EMILE HENRY Plat \u00e0 Four pour Focaccia Noir sur ErresseShop. Qualit\u00e9, prix r\u00e9duits et achat s\u00e9curis\u00e9 \u2013 commandez d\u00e8s maintenant en ligne !","breadcrumb":{"@id":"https:\/\/www.erresse-shop.it\/fr\/shop\/poeles-pots\/plats-et-casseroles-a-four\/emile-henry-plat-a-four-pour-focaccia-noir\/#breadcrumb"},"inLanguage":"fr-FR","potentialAction":[{"@type":"ReadAction","target":["https:\/\/www.erresse-shop.it\/fr\/shop\/poeles-pots\/plats-et-casseroles-a-four\/emile-henry-plat-a-four-pour-focaccia-noir\/"]}]},{"@type":"BreadcrumbList","@id":"https:\/\/www.erresse-shop.it\/fr\/shop\/poeles-pots\/plats-et-casseroles-a-four\/emile-henry-plat-a-four-pour-focaccia-noir\/#breadcrumb","itemListElement":[{"@type":"ListItem","position":1,"name":"Home","item":"https:\/\/www.erresse-shop.it\/fr\/"},{"@type":"ListItem","position":2,"name":"Shop","item":"https:\/\/www.erresse-shop.it\/fr\/shop\/"},{"@type":"ListItem","position":3,"name":"EMILE HENRY Plat \u00e0 Four pour Focaccia Noir"}]},{"@type":"WebSite","@id":"https:\/\/www.erresse-shop.it\/fr\/#website","url":"https:\/\/www.erresse-shop.it\/fr\/","name":"Erresse Shop","description":"Articoli di qualit\u00e0 per la casa","potentialAction":[{"@type":"SearchAction","target":{"@type":"EntryPoint","urlTemplate":"https:\/\/www.erresse-shop.it\/fr\/?s={search_term_string}"},"query-input":"required name=search_term_string"}],"inLanguage":"fr-FR"}]}},"df_price":72.95,"df_sale_price":72.95,"df_regular_price":102.5,"df_image_link":"https:\/\/www.erresse-shop.it\/wp-content\/uploads\/2022\/05\/EMILE-HENRY-Focaccia-Nero-3-300x300.jpg","_links":{"self":[{"href":"https:\/\/www.erresse-shop.it\/fr\/wp-json\/wp\/v2\/product\/159829"}],"collection":[{"href":"https:\/\/www.erresse-shop.it\/fr\/wp-json\/wp\/v2\/product"}],"about":[{"href":"https:\/\/www.erresse-shop.it\/fr\/wp-json\/wp\/v2\/types\/product"}],"wp:featuredmedia":[{"embeddable":true,"href":"https:\/\/www.erresse-shop.it\/fr\/wp-json\/wp\/v2\/media\/159847"}],"wp:attachment":[{"href":"https:\/\/www.erresse-shop.it\/fr\/wp-json\/wp\/v2\/media?parent=159829"}],"wp:term":[{"taxonomy":"product_cat","embeddable":true,"href":"https:\/\/www.erresse-shop.it\/fr\/wp-json\/wp\/v2\/product_cat?post=159829"},{"taxonomy":"product_tag","embeddable":true,"href":"https:\/\/www.erresse-shop.it\/fr\/wp-json\/wp\/v2\/product_tag?post=159829"}],"curies":[{"name":"wp","href":"https:\/\/api.w.org\/{rel}","templated":true}]}}