{"id":159733,"date":"2022-05-23T12:02:54","date_gmt":"2022-05-23T12:03:19","guid":{"rendered":"https:\/\/www.erresse-shop.it\/?post_type=product&#038;p=159733"},"modified":"2025-01-14T17:35:25","modified_gmt":"2025-01-14T17:35:25","slug":"emile-henry-cheese-baker-moule-a-fromage-rouge","status":"publish","type":"product","link":"https:\/\/www.erresse-shop.it\/fr\/shop\/poeles-pots\/plats-et-casseroles-a-four\/emile-henry-cheese-baker-moule-a-fromage-rouge\/","title":{"rendered":"EMILE HENRY Cheese Baker Moule \u00e0 Fromage Rouge"},"content":{"rendered":"<p>Le Cheese Baker permet de cuire au four tout type de fromage : brie, camembert, gorgonzola&#8230; Pour les cuisiner, osez varier les plaisirs : ajoutez des fruits (pommes, poires), des herbes aromatiques ou m\u00eame assaisonnez au vin blanc !<\/p>\n<p>\u00c0 la sortie du four, d\u00e9gustez votre fromage en ap\u00e9ritif avec des petits crackers, en raclette avec des pommes de terre, ou tout simplement en le versant sur des viandes froides et des l\u00e9gumes. Il y a autant de fa\u00e7ons de cuisiner le fromage dans le Cheese Baker que de fa\u00e7ons de le d\u00e9guster ! A vous de laisser libre cours \u00e0 votre imagination et de vous g\u00e2ter !<\/p>\n<p><strong>Longueur\/diam\u00e8tre :<\/strong> 19,5 cm<br \/>\n<strong>Largeur :<\/strong> 17,5 cm<br \/>\n<strong>Hauteur :<\/strong> 4,5 cm<br \/>\n<strong>Poids &#8211; KG :<\/strong> 1. KG<\/p>\n","protected":false},"excerpt":{"rendered":"<p>Le Cheese Baker permet de cuire au four tout type de fromage : brie, camembert, gorgonzola&#8230; Pour les cuisiner, osez<\/p>\n","protected":false},"featured_media":159738,"template":"","meta":{"_acf_changed":false,"inline_featured_image":false},"product_cat":[12458,14805],"product_tag":[14106,19076,12466],"acf":[],"yoast_head":"<!-- This site is optimized with the Yoast SEO Premium plugin v18.6 (Yoast SEO v19.13) - https:\/\/yoast.com\/wordpress\/plugins\/seo\/ -->\n<title>EMILE HENRY Cheese Baker Moule \u00e0 Fromage Rouge<\/title>\n<meta name=\"description\" content=\"D\u00e9couvrez EMILE HENRY Cheese Baker Moule \u00e0 Fromage Rouge sur ErresseShop. Qualit\u00e9, prix r\u00e9duits et achat s\u00e9curis\u00e9 \u2013 commandez d\u00e8s maintenant en ligne !\" \/>\n<meta name=\"robots\" content=\"index, follow, max-snippet:-1, max-image-preview:large, max-video-preview:-1\" \/>\n<link rel=\"canonical\" href=\"https:\/\/www.erresse-shop.it\/fr\/shop\/poeles-pots\/plats-et-casseroles-a-four\/emile-henry-cheese-baker-moule-a-fromage-rouge\/\" \/>\n<meta property=\"og:locale\" content=\"fr_FR\" \/>\n<meta property=\"og:type\" content=\"article\" \/>\n<meta property=\"og:title\" content=\"EMILE HENRY Cheese Baker Moule \u00e0 Fromage Rouge\" \/>\n<meta property=\"og:description\" content=\"D\u00e9couvrez EMILE HENRY Cheese Baker Moule \u00e0 Fromage Rouge sur ErresseShop. Qualit\u00e9, prix r\u00e9duits et achat s\u00e9curis\u00e9 \u2013 commandez d\u00e8s maintenant en ligne !\" \/>\n<meta property=\"og:url\" content=\"https:\/\/www.erresse-shop.it\/fr\/shop\/poeles-pots\/plats-et-casseroles-a-four\/emile-henry-cheese-baker-moule-a-fromage-rouge\/\" \/>\n<meta property=\"og:site_name\" content=\"Erresse Shop\" \/>\n<meta property=\"article:modified_time\" content=\"2025-01-14T17:35:25+00:00\" \/>\n<meta property=\"og:image\" content=\"https:\/\/www.erresse-shop.it\/wp-content\/uploads\/2022\/05\/EMILE-HENRY-Cheese-Baker-Rosso.jpg\" \/>\n\t<meta property=\"og:image:width\" content=\"800\" \/>\n\t<meta property=\"og:image:height\" content=\"800\" \/>\n\t<meta property=\"og:image:type\" content=\"image\/jpeg\" \/>\n<meta name=\"twitter:card\" content=\"summary_large_image\" \/>\n<script type=\"application\/ld+json\" class=\"yoast-schema-graph\">{\"@context\":\"https:\/\/schema.org\",\"@graph\":[{\"@type\":\"WebPage\",\"@id\":\"https:\/\/www.erresse-shop.it\/fr\/shop\/poeles-pots\/plats-et-casseroles-a-four\/emile-henry-cheese-baker-moule-a-fromage-rouge\/\",\"url\":\"https:\/\/www.erresse-shop.it\/fr\/shop\/poeles-pots\/plats-et-casseroles-a-four\/emile-henry-cheese-baker-moule-a-fromage-rouge\/\",\"name\":\"EMILE HENRY Cheese Baker Moule \u00e0 Fromage Rouge\",\"isPartOf\":{\"@id\":\"https:\/\/www.erresse-shop.it\/fr\/#website\"},\"datePublished\":\"2022-05-23T12:03:19+00:00\",\"dateModified\":\"2025-01-14T17:35:25+00:00\",\"description\":\"D\u00e9couvrez EMILE HENRY Cheese Baker Moule \u00e0 Fromage Rouge sur ErresseShop. Qualit\u00e9, prix r\u00e9duits et achat s\u00e9curis\u00e9 \u2013 commandez d\u00e8s maintenant en ligne !\",\"breadcrumb\":{\"@id\":\"https:\/\/www.erresse-shop.it\/fr\/shop\/poeles-pots\/plats-et-casseroles-a-four\/emile-henry-cheese-baker-moule-a-fromage-rouge\/#breadcrumb\"},\"inLanguage\":\"fr-FR\",\"potentialAction\":[{\"@type\":\"ReadAction\",\"target\":[\"https:\/\/www.erresse-shop.it\/fr\/shop\/poeles-pots\/plats-et-casseroles-a-four\/emile-henry-cheese-baker-moule-a-fromage-rouge\/\"]}]},{\"@type\":\"BreadcrumbList\",\"@id\":\"https:\/\/www.erresse-shop.it\/fr\/shop\/poeles-pots\/plats-et-casseroles-a-four\/emile-henry-cheese-baker-moule-a-fromage-rouge\/#breadcrumb\",\"itemListElement\":[{\"@type\":\"ListItem\",\"position\":1,\"name\":\"Home\",\"item\":\"https:\/\/www.erresse-shop.it\/fr\/\"},{\"@type\":\"ListItem\",\"position\":2,\"name\":\"Shop\",\"item\":\"https:\/\/www.erresse-shop.it\/fr\/shop\/\"},{\"@type\":\"ListItem\",\"position\":3,\"name\":\"EMILE HENRY Cheese Baker Moule \u00e0 Fromage Rouge\"}]},{\"@type\":\"WebSite\",\"@id\":\"https:\/\/www.erresse-shop.it\/fr\/#website\",\"url\":\"https:\/\/www.erresse-shop.it\/fr\/\",\"name\":\"Erresse Shop\",\"description\":\"Articoli di qualit\u00e0 per la casa\",\"potentialAction\":[{\"@type\":\"SearchAction\",\"target\":{\"@type\":\"EntryPoint\",\"urlTemplate\":\"https:\/\/www.erresse-shop.it\/fr\/?s={search_term_string}\"},\"query-input\":\"required name=search_term_string\"}],\"inLanguage\":\"fr-FR\"}]}<\/script>\n<!-- \/ Yoast SEO Premium plugin. -->","yoast_head_json":{"title":"EMILE HENRY Cheese Baker Moule \u00e0 Fromage Rouge","description":"D\u00e9couvrez EMILE HENRY Cheese Baker Moule \u00e0 Fromage Rouge sur ErresseShop. Qualit\u00e9, prix r\u00e9duits et achat s\u00e9curis\u00e9 \u2013 commandez d\u00e8s maintenant en ligne !","robots":{"index":"index","follow":"follow","max-snippet":"max-snippet:-1","max-image-preview":"max-image-preview:large","max-video-preview":"max-video-preview:-1"},"canonical":"https:\/\/www.erresse-shop.it\/fr\/shop\/poeles-pots\/plats-et-casseroles-a-four\/emile-henry-cheese-baker-moule-a-fromage-rouge\/","og_locale":"fr_FR","og_type":"article","og_title":"EMILE HENRY Cheese Baker Moule \u00e0 Fromage Rouge","og_description":"D\u00e9couvrez EMILE HENRY Cheese Baker Moule \u00e0 Fromage Rouge sur ErresseShop. Qualit\u00e9, prix r\u00e9duits et achat s\u00e9curis\u00e9 \u2013 commandez d\u00e8s maintenant en ligne !","og_url":"https:\/\/www.erresse-shop.it\/fr\/shop\/poeles-pots\/plats-et-casseroles-a-four\/emile-henry-cheese-baker-moule-a-fromage-rouge\/","og_site_name":"Erresse Shop","article_modified_time":"2025-01-14T17:35:25+00:00","og_image":[{"width":800,"height":800,"url":"https:\/\/www.erresse-shop.it\/wp-content\/uploads\/2022\/05\/EMILE-HENRY-Cheese-Baker-Rosso.jpg","type":"image\/jpeg"}],"twitter_card":"summary_large_image","schema":{"@context":"https:\/\/schema.org","@graph":[{"@type":"WebPage","@id":"https:\/\/www.erresse-shop.it\/fr\/shop\/poeles-pots\/plats-et-casseroles-a-four\/emile-henry-cheese-baker-moule-a-fromage-rouge\/","url":"https:\/\/www.erresse-shop.it\/fr\/shop\/poeles-pots\/plats-et-casseroles-a-four\/emile-henry-cheese-baker-moule-a-fromage-rouge\/","name":"EMILE HENRY Cheese Baker Moule \u00e0 Fromage Rouge","isPartOf":{"@id":"https:\/\/www.erresse-shop.it\/fr\/#website"},"datePublished":"2022-05-23T12:03:19+00:00","dateModified":"2025-01-14T17:35:25+00:00","description":"D\u00e9couvrez EMILE HENRY Cheese Baker Moule \u00e0 Fromage Rouge sur ErresseShop. Qualit\u00e9, prix r\u00e9duits et achat s\u00e9curis\u00e9 \u2013 commandez d\u00e8s maintenant en ligne !","breadcrumb":{"@id":"https:\/\/www.erresse-shop.it\/fr\/shop\/poeles-pots\/plats-et-casseroles-a-four\/emile-henry-cheese-baker-moule-a-fromage-rouge\/#breadcrumb"},"inLanguage":"fr-FR","potentialAction":[{"@type":"ReadAction","target":["https:\/\/www.erresse-shop.it\/fr\/shop\/poeles-pots\/plats-et-casseroles-a-four\/emile-henry-cheese-baker-moule-a-fromage-rouge\/"]}]},{"@type":"BreadcrumbList","@id":"https:\/\/www.erresse-shop.it\/fr\/shop\/poeles-pots\/plats-et-casseroles-a-four\/emile-henry-cheese-baker-moule-a-fromage-rouge\/#breadcrumb","itemListElement":[{"@type":"ListItem","position":1,"name":"Home","item":"https:\/\/www.erresse-shop.it\/fr\/"},{"@type":"ListItem","position":2,"name":"Shop","item":"https:\/\/www.erresse-shop.it\/fr\/shop\/"},{"@type":"ListItem","position":3,"name":"EMILE HENRY Cheese Baker Moule \u00e0 Fromage Rouge"}]},{"@type":"WebSite","@id":"https:\/\/www.erresse-shop.it\/fr\/#website","url":"https:\/\/www.erresse-shop.it\/fr\/","name":"Erresse Shop","description":"Articoli di qualit\u00e0 per la casa","potentialAction":[{"@type":"SearchAction","target":{"@type":"EntryPoint","urlTemplate":"https:\/\/www.erresse-shop.it\/fr\/?s={search_term_string}"},"query-input":"required name=search_term_string"}],"inLanguage":"fr-FR"}]}},"df_price":48.75,"df_sale_price":48.75,"df_regular_price":62.5,"df_image_link":"https:\/\/www.erresse-shop.it\/wp-content\/uploads\/2022\/05\/EMILE-HENRY-Cheese-Baker-Rosso-300x300.jpg","_links":{"self":[{"href":"https:\/\/www.erresse-shop.it\/fr\/wp-json\/wp\/v2\/product\/159733"}],"collection":[{"href":"https:\/\/www.erresse-shop.it\/fr\/wp-json\/wp\/v2\/product"}],"about":[{"href":"https:\/\/www.erresse-shop.it\/fr\/wp-json\/wp\/v2\/types\/product"}],"wp:featuredmedia":[{"embeddable":true,"href":"https:\/\/www.erresse-shop.it\/fr\/wp-json\/wp\/v2\/media\/159738"}],"wp:attachment":[{"href":"https:\/\/www.erresse-shop.it\/fr\/wp-json\/wp\/v2\/media?parent=159733"}],"wp:term":[{"taxonomy":"product_cat","embeddable":true,"href":"https:\/\/www.erresse-shop.it\/fr\/wp-json\/wp\/v2\/product_cat?post=159733"},{"taxonomy":"product_tag","embeddable":true,"href":"https:\/\/www.erresse-shop.it\/fr\/wp-json\/wp\/v2\/product_tag?post=159733"}],"curies":[{"name":"wp","href":"https:\/\/api.w.org\/{rel}","templated":true}]}}