{"id":156515,"date":"2022-05-04T09:34:27","date_gmt":"2022-05-04T09:34:32","guid":{"rendered":"https:\/\/www.erresse-shop.it\/?post_type=product&#038;p=156515"},"modified":"2025-01-14T17:32:59","modified_gmt":"2025-01-14T17:32:59","slug":"brabantia-boite-de-rangement-mindset-gris","status":"publish","type":"product","link":"https:\/\/www.erresse-shop.it\/fr\/shop\/ameublement-maison\/salle-de-bain\/brabantia-boite-de-rangement-mindset-gris\/","title":{"rendered":"BRABANTIA Bo\u00eete de rangement MindSet Gris"},"content":{"rendered":"<p>Ce sont les petites choses qui nous rendent heureux. Comme cette jolie bo\u00eete de rangement MindSet de Brabantia avec couvercle. Un joli r\u00e9cipient en m\u00e9tal pour toutes ces petites choses que vous voulez garder ensemble. Parfait pour les cotons-tiges ou les lingettes d\u00e9maquillantes : le couvercle les garde au sec et les prot\u00e8ge de la poussi\u00e8re. Un conteneur parfait.<\/p>\n<p><strong>Avantages et caract\u00e9ristiques<\/strong><\/p>\n<ul>\n<li>Organisation pour les petits objets &#8211; id\u00e9al pour les cotons-tiges, les lingettes, les bijoux ou les accessoires pour cheveux.<\/li>\n<li>Hygi\u00e9nique &#8211; le couvercle doux au toucher emp\u00eache la poussi\u00e8re d&#8217;entrer.<\/li>\n<li>Facile \u00e0 nettoyer &#8211; corps en m\u00e9tal avec couvercle amovible en silicone.<\/li>\n<li>Stable, r\u00e9sistant aux rayures &#8211; base solide.<\/li>\n<li>Finition brute &#8211; rev\u00eatement min\u00e9ral moderne.<\/li>\n<li>Id\u00e9al pour les zones humides &#8211; fabriqu\u00e9 en mat\u00e9riaux anticorrosion.<\/li>\n<li>Utilisation sans souci &#8211; Garantie et service de 5 ans.<\/li>\n<li>Un choix plus durable &#8211; fabriqu\u00e9 \u00e0 partir de 32% de mat\u00e9riaux recycl\u00e9s, recyclable \u00e0 81% apr\u00e8s usage.<\/li>\n<\/ul>\n<p><strong>Dimensions<\/strong><br \/>\nHauteur : 9,5 cm<br \/>\nLongueur : 8 cm<br \/>\nLargeur : 9,5 cm<\/p>\n<p><strong>Garantie<\/strong><br \/>\n5 ans<\/p>\n","protected":false},"excerpt":{"rendered":"<p><\/p>\n","protected":false},"featured_media":156520,"template":"","meta":{"_acf_changed":false,"inline_featured_image":false},"product_cat":[12738,19011],"product_tag":[25086,25021,24397,21365],"acf":[],"yoast_head":"<!-- This site is optimized with the Yoast SEO Premium plugin v18.6 (Yoast SEO v19.13) - https:\/\/yoast.com\/wordpress\/plugins\/seo\/ -->\n<title>BRABANTIA Bo\u00eete de rangement MindSet Gris<\/title>\n<meta name=\"description\" content=\"D\u00e9couvrez BRABANTIA Bo\u00eete de rangement MindSet Gris sur ErresseShop. Qualit\u00e9, prix r\u00e9duits et achat s\u00e9curis\u00e9 \u2013 commandez d\u00e8s maintenant en ligne !\" \/>\n<meta name=\"robots\" content=\"index, follow, max-snippet:-1, max-image-preview:large, max-video-preview:-1\" \/>\n<link rel=\"canonical\" href=\"https:\/\/www.erresse-shop.it\/fr\/shop\/ameublement-maison\/salle-de-bain\/brabantia-boite-de-rangement-mindset-gris\/\" \/>\n<meta property=\"og:locale\" content=\"fr_FR\" \/>\n<meta property=\"og:type\" content=\"article\" \/>\n<meta property=\"og:title\" content=\"BRABANTIA Bo\u00eete de rangement MindSet Gris\" \/>\n<meta property=\"og:description\" content=\"D\u00e9couvrez BRABANTIA Bo\u00eete de rangement MindSet Gris sur ErresseShop. Qualit\u00e9, prix r\u00e9duits et achat s\u00e9curis\u00e9 \u2013 commandez d\u00e8s maintenant en ligne !\" \/>\n<meta property=\"og:url\" content=\"https:\/\/www.erresse-shop.it\/fr\/shop\/ameublement-maison\/salle-de-bain\/brabantia-boite-de-rangement-mindset-gris\/\" \/>\n<meta property=\"og:site_name\" content=\"Erresse Shop\" \/>\n<meta property=\"article:modified_time\" content=\"2025-01-14T17:32:59+00:00\" \/>\n<meta property=\"og:image\" content=\"https:\/\/www.erresse-shop.it\/wp-content\/uploads\/2022\/05\/BRABANTIA-MindSet-Contenitore-Portaoggetti-nero.jpg\" \/>\n\t<meta property=\"og:image:width\" content=\"1000\" \/>\n\t<meta property=\"og:image:height\" content=\"1000\" \/>\n\t<meta property=\"og:image:type\" content=\"image\/jpeg\" \/>\n<meta name=\"twitter:card\" content=\"summary_large_image\" \/>\n<script type=\"application\/ld+json\" class=\"yoast-schema-graph\">{\"@context\":\"https:\/\/schema.org\",\"@graph\":[{\"@type\":\"WebPage\",\"@id\":\"https:\/\/www.erresse-shop.it\/fr\/shop\/ameublement-maison\/salle-de-bain\/brabantia-boite-de-rangement-mindset-gris\/\",\"url\":\"https:\/\/www.erresse-shop.it\/fr\/shop\/ameublement-maison\/salle-de-bain\/brabantia-boite-de-rangement-mindset-gris\/\",\"name\":\"BRABANTIA Bo\u00eete de rangement MindSet Gris\",\"isPartOf\":{\"@id\":\"https:\/\/www.erresse-shop.it\/fr\/#website\"},\"datePublished\":\"2022-05-04T09:34:32+00:00\",\"dateModified\":\"2025-01-14T17:32:59+00:00\",\"description\":\"D\u00e9couvrez BRABANTIA Bo\u00eete de rangement MindSet Gris sur ErresseShop. Qualit\u00e9, prix r\u00e9duits et achat s\u00e9curis\u00e9 \u2013 commandez d\u00e8s maintenant en ligne !\",\"breadcrumb\":{\"@id\":\"https:\/\/www.erresse-shop.it\/fr\/shop\/ameublement-maison\/salle-de-bain\/brabantia-boite-de-rangement-mindset-gris\/#breadcrumb\"},\"inLanguage\":\"fr-FR\",\"potentialAction\":[{\"@type\":\"ReadAction\",\"target\":[\"https:\/\/www.erresse-shop.it\/fr\/shop\/ameublement-maison\/salle-de-bain\/brabantia-boite-de-rangement-mindset-gris\/\"]}]},{\"@type\":\"BreadcrumbList\",\"@id\":\"https:\/\/www.erresse-shop.it\/fr\/shop\/ameublement-maison\/salle-de-bain\/brabantia-boite-de-rangement-mindset-gris\/#breadcrumb\",\"itemListElement\":[{\"@type\":\"ListItem\",\"position\":1,\"name\":\"Home\",\"item\":\"https:\/\/www.erresse-shop.it\/fr\/\"},{\"@type\":\"ListItem\",\"position\":2,\"name\":\"Shop\",\"item\":\"https:\/\/www.erresse-shop.it\/fr\/shop\/\"},{\"@type\":\"ListItem\",\"position\":3,\"name\":\"BRABANTIA Bo\u00eete de rangement MindSet Gris\"}]},{\"@type\":\"WebSite\",\"@id\":\"https:\/\/www.erresse-shop.it\/fr\/#website\",\"url\":\"https:\/\/www.erresse-shop.it\/fr\/\",\"name\":\"Erresse Shop\",\"description\":\"Articoli di qualit\u00e0 per la casa\",\"potentialAction\":[{\"@type\":\"SearchAction\",\"target\":{\"@type\":\"EntryPoint\",\"urlTemplate\":\"https:\/\/www.erresse-shop.it\/fr\/?s={search_term_string}\"},\"query-input\":\"required name=search_term_string\"}],\"inLanguage\":\"fr-FR\"}]}<\/script>\n<!-- \/ Yoast SEO Premium plugin. -->","yoast_head_json":{"title":"BRABANTIA Bo\u00eete de rangement MindSet Gris","description":"D\u00e9couvrez BRABANTIA Bo\u00eete de rangement MindSet Gris sur ErresseShop. Qualit\u00e9, prix r\u00e9duits et achat s\u00e9curis\u00e9 \u2013 commandez d\u00e8s maintenant en ligne !","robots":{"index":"index","follow":"follow","max-snippet":"max-snippet:-1","max-image-preview":"max-image-preview:large","max-video-preview":"max-video-preview:-1"},"canonical":"https:\/\/www.erresse-shop.it\/fr\/shop\/ameublement-maison\/salle-de-bain\/brabantia-boite-de-rangement-mindset-gris\/","og_locale":"fr_FR","og_type":"article","og_title":"BRABANTIA Bo\u00eete de rangement MindSet Gris","og_description":"D\u00e9couvrez BRABANTIA Bo\u00eete de rangement MindSet Gris sur ErresseShop. Qualit\u00e9, prix r\u00e9duits et achat s\u00e9curis\u00e9 \u2013 commandez d\u00e8s maintenant en ligne !","og_url":"https:\/\/www.erresse-shop.it\/fr\/shop\/ameublement-maison\/salle-de-bain\/brabantia-boite-de-rangement-mindset-gris\/","og_site_name":"Erresse Shop","article_modified_time":"2025-01-14T17:32:59+00:00","og_image":[{"width":1000,"height":1000,"url":"https:\/\/www.erresse-shop.it\/wp-content\/uploads\/2022\/05\/BRABANTIA-MindSet-Contenitore-Portaoggetti-nero.jpg","type":"image\/jpeg"}],"twitter_card":"summary_large_image","schema":{"@context":"https:\/\/schema.org","@graph":[{"@type":"WebPage","@id":"https:\/\/www.erresse-shop.it\/fr\/shop\/ameublement-maison\/salle-de-bain\/brabantia-boite-de-rangement-mindset-gris\/","url":"https:\/\/www.erresse-shop.it\/fr\/shop\/ameublement-maison\/salle-de-bain\/brabantia-boite-de-rangement-mindset-gris\/","name":"BRABANTIA Bo\u00eete de rangement MindSet Gris","isPartOf":{"@id":"https:\/\/www.erresse-shop.it\/fr\/#website"},"datePublished":"2022-05-04T09:34:32+00:00","dateModified":"2025-01-14T17:32:59+00:00","description":"D\u00e9couvrez BRABANTIA Bo\u00eete de rangement MindSet Gris sur ErresseShop. Qualit\u00e9, prix r\u00e9duits et achat s\u00e9curis\u00e9 \u2013 commandez d\u00e8s maintenant en ligne !","breadcrumb":{"@id":"https:\/\/www.erresse-shop.it\/fr\/shop\/ameublement-maison\/salle-de-bain\/brabantia-boite-de-rangement-mindset-gris\/#breadcrumb"},"inLanguage":"fr-FR","potentialAction":[{"@type":"ReadAction","target":["https:\/\/www.erresse-shop.it\/fr\/shop\/ameublement-maison\/salle-de-bain\/brabantia-boite-de-rangement-mindset-gris\/"]}]},{"@type":"BreadcrumbList","@id":"https:\/\/www.erresse-shop.it\/fr\/shop\/ameublement-maison\/salle-de-bain\/brabantia-boite-de-rangement-mindset-gris\/#breadcrumb","itemListElement":[{"@type":"ListItem","position":1,"name":"Home","item":"https:\/\/www.erresse-shop.it\/fr\/"},{"@type":"ListItem","position":2,"name":"Shop","item":"https:\/\/www.erresse-shop.it\/fr\/shop\/"},{"@type":"ListItem","position":3,"name":"BRABANTIA Bo\u00eete de rangement MindSet Gris"}]},{"@type":"WebSite","@id":"https:\/\/www.erresse-shop.it\/fr\/#website","url":"https:\/\/www.erresse-shop.it\/fr\/","name":"Erresse Shop","description":"Articoli di qualit\u00e0 per la casa","potentialAction":[{"@type":"SearchAction","target":{"@type":"EntryPoint","urlTemplate":"https:\/\/www.erresse-shop.it\/fr\/?s={search_term_string}"},"query-input":"required name=search_term_string"}],"inLanguage":"fr-FR"}]}},"df_price":10.95,"df_sale_price":10.95,"df_regular_price":21.9,"df_image_link":"https:\/\/www.erresse-shop.it\/wp-content\/uploads\/2022\/05\/BRABANTIA-MindSet-Contenitore-Portaoggetti-nero-300x300.jpg","_links":{"self":[{"href":"https:\/\/www.erresse-shop.it\/fr\/wp-json\/wp\/v2\/product\/156515"}],"collection":[{"href":"https:\/\/www.erresse-shop.it\/fr\/wp-json\/wp\/v2\/product"}],"about":[{"href":"https:\/\/www.erresse-shop.it\/fr\/wp-json\/wp\/v2\/types\/product"}],"wp:featuredmedia":[{"embeddable":true,"href":"https:\/\/www.erresse-shop.it\/fr\/wp-json\/wp\/v2\/media\/156520"}],"wp:attachment":[{"href":"https:\/\/www.erresse-shop.it\/fr\/wp-json\/wp\/v2\/media?parent=156515"}],"wp:term":[{"taxonomy":"product_cat","embeddable":true,"href":"https:\/\/www.erresse-shop.it\/fr\/wp-json\/wp\/v2\/product_cat?post=156515"},{"taxonomy":"product_tag","embeddable":true,"href":"https:\/\/www.erresse-shop.it\/fr\/wp-json\/wp\/v2\/product_tag?post=156515"}],"curies":[{"name":"wp","href":"https:\/\/api.w.org\/{rel}","templated":true}]}}