{"id":156421,"date":"2022-05-04T07:27:34","date_gmt":"2022-05-04T07:27:36","guid":{"rendered":"https:\/\/www.erresse-shop.it\/?post_type=product&#038;p=156421"},"modified":"2025-01-14T17:33:09","modified_gmt":"2025-01-14T17:33:09","slug":"brabantia-mindset-porte-brosse-a-dents-blanc","status":"publish","type":"product","link":"https:\/\/www.erresse-shop.it\/fr\/shop\/ameublement-maison\/salle-de-bain\/brabantia-mindset-porte-brosse-a-dents-blanc\/","title":{"rendered":"BRABANTIA MindSet Porte-brosse \u00e0 dents Blanc"},"content":{"rendered":"<p>Vous pensez \u00e0 un \u00e9vier organis\u00e9 ? Le porte-brosses \u00e0 dents MindSet de Brabantia, solide et stable, permet de garder vos brosses \u00e0 dents et votre dentifrice ensemble, bien droits, secs et propres. Fonctionne aussi tr\u00e8s bien avec les brosses \u00e0 dents \u00e9lectriques !<\/p>\n<p><strong>Avantages et caract\u00e9ristiques<\/strong><\/p>\n<ul>\n<li>Grand &#8211; peut contenir plusieurs brosses \u00e0 dents et un tube de dentifrice, ou 2 brosses \u00e0 dents \u00e9lectriques.<\/li>\n<li>Facile \u00e0 nettoyer &#8211; corps en m\u00e9tal avec gobelet en plastique amovible \u00e0 l&#8217;int\u00e9rieur.<\/li>\n<li>Stable, r\u00e9sistant aux rayures &#8211; base solide.<\/li>\n<li>Finition brute &#8211; rev\u00eatement min\u00e9ral moderne.<\/li>\n<li>Id\u00e9al pour les zones humides &#8211; fabriqu\u00e9 en mat\u00e9riaux anticorrosion.<\/li>\n<li>Utilisation sans souci &#8211; Garantie et service de 5 ans.<\/li>\n<li>Un choix plus durable &#8211; fabriqu\u00e9 \u00e0 partir de 28% de mat\u00e9riaux recycl\u00e9s, recyclable \u00e0 96% apr\u00e8s usage.<\/li>\n<\/ul>\n<p><strong>Dimensions<\/strong><br \/>\nHauteur : 9,4 cm<br \/>\nLongueur : 8,1 cm<br \/>\nLargeur : 8,1 cm<\/p>\n<p><strong>Garantie<\/strong><br \/>\n5 ans de garantie<\/p>\n","protected":false},"excerpt":{"rendered":"<p><\/p>\n","protected":false},"featured_media":156426,"template":"","meta":{"_acf_changed":false,"inline_featured_image":false},"product_cat":[12738,19011],"product_tag":[25086,23910,25021,24397,21365],"acf":[],"yoast_head":"<!-- This site is optimized with the Yoast SEO Premium plugin v18.6 (Yoast SEO v19.13) - https:\/\/yoast.com\/wordpress\/plugins\/seo\/ -->\n<title>BRABANTIA MindSet Porte-brosse \u00e0 dents Blanc<\/title>\n<meta name=\"description\" content=\"D\u00e9couvrez BRABANTIA MindSet Porte-brosse \u00e0 dents Blanc sur ErresseShop. Qualit\u00e9, prix r\u00e9duits et achat s\u00e9curis\u00e9 \u2013 commandez d\u00e8s maintenant en ligne !\" \/>\n<meta name=\"robots\" content=\"index, follow, max-snippet:-1, max-image-preview:large, max-video-preview:-1\" \/>\n<link rel=\"canonical\" href=\"https:\/\/www.erresse-shop.it\/fr\/shop\/ameublement-maison\/salle-de-bain\/brabantia-mindset-porte-brosse-a-dents-blanc\/\" \/>\n<meta property=\"og:locale\" content=\"fr_FR\" \/>\n<meta property=\"og:type\" content=\"article\" \/>\n<meta property=\"og:title\" content=\"BRABANTIA MindSet Porte-brosse \u00e0 dents Blanc\" \/>\n<meta property=\"og:description\" content=\"D\u00e9couvrez BRABANTIA MindSet Porte-brosse \u00e0 dents Blanc sur ErresseShop. Qualit\u00e9, prix r\u00e9duits et achat s\u00e9curis\u00e9 \u2013 commandez d\u00e8s maintenant en ligne !\" \/>\n<meta property=\"og:url\" content=\"https:\/\/www.erresse-shop.it\/fr\/shop\/ameublement-maison\/salle-de-bain\/brabantia-mindset-porte-brosse-a-dents-blanc\/\" \/>\n<meta property=\"og:site_name\" content=\"Erresse Shop\" \/>\n<meta property=\"article:modified_time\" content=\"2025-01-14T17:33:09+00:00\" \/>\n<meta property=\"og:image\" content=\"https:\/\/www.erresse-shop.it\/wp-content\/uploads\/2022\/05\/BRABANTIA-MindSet-Portaspazzolino-bianco-2.jpg\" \/>\n\t<meta property=\"og:image:width\" content=\"1000\" \/>\n\t<meta property=\"og:image:height\" content=\"1000\" \/>\n\t<meta property=\"og:image:type\" content=\"image\/jpeg\" \/>\n<meta name=\"twitter:card\" content=\"summary_large_image\" \/>\n<script type=\"application\/ld+json\" class=\"yoast-schema-graph\">{\"@context\":\"https:\/\/schema.org\",\"@graph\":[{\"@type\":\"WebPage\",\"@id\":\"https:\/\/www.erresse-shop.it\/fr\/shop\/ameublement-maison\/salle-de-bain\/brabantia-mindset-porte-brosse-a-dents-blanc\/\",\"url\":\"https:\/\/www.erresse-shop.it\/fr\/shop\/ameublement-maison\/salle-de-bain\/brabantia-mindset-porte-brosse-a-dents-blanc\/\",\"name\":\"BRABANTIA MindSet Porte-brosse \u00e0 dents Blanc\",\"isPartOf\":{\"@id\":\"https:\/\/www.erresse-shop.it\/fr\/#website\"},\"datePublished\":\"2022-05-04T07:27:36+00:00\",\"dateModified\":\"2025-01-14T17:33:09+00:00\",\"description\":\"D\u00e9couvrez BRABANTIA MindSet Porte-brosse \u00e0 dents Blanc sur ErresseShop. Qualit\u00e9, prix r\u00e9duits et achat s\u00e9curis\u00e9 \u2013 commandez d\u00e8s maintenant en ligne !\",\"breadcrumb\":{\"@id\":\"https:\/\/www.erresse-shop.it\/fr\/shop\/ameublement-maison\/salle-de-bain\/brabantia-mindset-porte-brosse-a-dents-blanc\/#breadcrumb\"},\"inLanguage\":\"fr-FR\",\"potentialAction\":[{\"@type\":\"ReadAction\",\"target\":[\"https:\/\/www.erresse-shop.it\/fr\/shop\/ameublement-maison\/salle-de-bain\/brabantia-mindset-porte-brosse-a-dents-blanc\/\"]}]},{\"@type\":\"BreadcrumbList\",\"@id\":\"https:\/\/www.erresse-shop.it\/fr\/shop\/ameublement-maison\/salle-de-bain\/brabantia-mindset-porte-brosse-a-dents-blanc\/#breadcrumb\",\"itemListElement\":[{\"@type\":\"ListItem\",\"position\":1,\"name\":\"Home\",\"item\":\"https:\/\/www.erresse-shop.it\/fr\/\"},{\"@type\":\"ListItem\",\"position\":2,\"name\":\"Shop\",\"item\":\"https:\/\/www.erresse-shop.it\/fr\/shop\/\"},{\"@type\":\"ListItem\",\"position\":3,\"name\":\"BRABANTIA MindSet Porte-brosse \u00e0 dents Blanc\"}]},{\"@type\":\"WebSite\",\"@id\":\"https:\/\/www.erresse-shop.it\/fr\/#website\",\"url\":\"https:\/\/www.erresse-shop.it\/fr\/\",\"name\":\"Erresse Shop\",\"description\":\"Articoli di qualit\u00e0 per la casa\",\"potentialAction\":[{\"@type\":\"SearchAction\",\"target\":{\"@type\":\"EntryPoint\",\"urlTemplate\":\"https:\/\/www.erresse-shop.it\/fr\/?s={search_term_string}\"},\"query-input\":\"required name=search_term_string\"}],\"inLanguage\":\"fr-FR\"}]}<\/script>\n<!-- \/ Yoast SEO Premium plugin. -->","yoast_head_json":{"title":"BRABANTIA MindSet Porte-brosse \u00e0 dents Blanc","description":"D\u00e9couvrez BRABANTIA MindSet Porte-brosse \u00e0 dents Blanc sur ErresseShop. Qualit\u00e9, prix r\u00e9duits et achat s\u00e9curis\u00e9 \u2013 commandez d\u00e8s maintenant en ligne !","robots":{"index":"index","follow":"follow","max-snippet":"max-snippet:-1","max-image-preview":"max-image-preview:large","max-video-preview":"max-video-preview:-1"},"canonical":"https:\/\/www.erresse-shop.it\/fr\/shop\/ameublement-maison\/salle-de-bain\/brabantia-mindset-porte-brosse-a-dents-blanc\/","og_locale":"fr_FR","og_type":"article","og_title":"BRABANTIA MindSet Porte-brosse \u00e0 dents Blanc","og_description":"D\u00e9couvrez BRABANTIA MindSet Porte-brosse \u00e0 dents Blanc sur ErresseShop. Qualit\u00e9, prix r\u00e9duits et achat s\u00e9curis\u00e9 \u2013 commandez d\u00e8s maintenant en ligne !","og_url":"https:\/\/www.erresse-shop.it\/fr\/shop\/ameublement-maison\/salle-de-bain\/brabantia-mindset-porte-brosse-a-dents-blanc\/","og_site_name":"Erresse Shop","article_modified_time":"2025-01-14T17:33:09+00:00","og_image":[{"width":1000,"height":1000,"url":"https:\/\/www.erresse-shop.it\/wp-content\/uploads\/2022\/05\/BRABANTIA-MindSet-Portaspazzolino-bianco-2.jpg","type":"image\/jpeg"}],"twitter_card":"summary_large_image","schema":{"@context":"https:\/\/schema.org","@graph":[{"@type":"WebPage","@id":"https:\/\/www.erresse-shop.it\/fr\/shop\/ameublement-maison\/salle-de-bain\/brabantia-mindset-porte-brosse-a-dents-blanc\/","url":"https:\/\/www.erresse-shop.it\/fr\/shop\/ameublement-maison\/salle-de-bain\/brabantia-mindset-porte-brosse-a-dents-blanc\/","name":"BRABANTIA MindSet Porte-brosse \u00e0 dents Blanc","isPartOf":{"@id":"https:\/\/www.erresse-shop.it\/fr\/#website"},"datePublished":"2022-05-04T07:27:36+00:00","dateModified":"2025-01-14T17:33:09+00:00","description":"D\u00e9couvrez BRABANTIA MindSet Porte-brosse \u00e0 dents Blanc sur ErresseShop. Qualit\u00e9, prix r\u00e9duits et achat s\u00e9curis\u00e9 \u2013 commandez d\u00e8s maintenant en ligne !","breadcrumb":{"@id":"https:\/\/www.erresse-shop.it\/fr\/shop\/ameublement-maison\/salle-de-bain\/brabantia-mindset-porte-brosse-a-dents-blanc\/#breadcrumb"},"inLanguage":"fr-FR","potentialAction":[{"@type":"ReadAction","target":["https:\/\/www.erresse-shop.it\/fr\/shop\/ameublement-maison\/salle-de-bain\/brabantia-mindset-porte-brosse-a-dents-blanc\/"]}]},{"@type":"BreadcrumbList","@id":"https:\/\/www.erresse-shop.it\/fr\/shop\/ameublement-maison\/salle-de-bain\/brabantia-mindset-porte-brosse-a-dents-blanc\/#breadcrumb","itemListElement":[{"@type":"ListItem","position":1,"name":"Home","item":"https:\/\/www.erresse-shop.it\/fr\/"},{"@type":"ListItem","position":2,"name":"Shop","item":"https:\/\/www.erresse-shop.it\/fr\/shop\/"},{"@type":"ListItem","position":3,"name":"BRABANTIA MindSet Porte-brosse \u00e0 dents Blanc"}]},{"@type":"WebSite","@id":"https:\/\/www.erresse-shop.it\/fr\/#website","url":"https:\/\/www.erresse-shop.it\/fr\/","name":"Erresse Shop","description":"Articoli di qualit\u00e0 per la casa","potentialAction":[{"@type":"SearchAction","target":{"@type":"EntryPoint","urlTemplate":"https:\/\/www.erresse-shop.it\/fr\/?s={search_term_string}"},"query-input":"required name=search_term_string"}],"inLanguage":"fr-FR"}]}},"df_price":10.975,"df_sale_price":10.975,"df_regular_price":21.95,"df_image_link":"https:\/\/www.erresse-shop.it\/wp-content\/uploads\/2022\/05\/BRABANTIA-MindSet-Portaspazzolino-bianco-2-300x300.jpg","_links":{"self":[{"href":"https:\/\/www.erresse-shop.it\/fr\/wp-json\/wp\/v2\/product\/156421"}],"collection":[{"href":"https:\/\/www.erresse-shop.it\/fr\/wp-json\/wp\/v2\/product"}],"about":[{"href":"https:\/\/www.erresse-shop.it\/fr\/wp-json\/wp\/v2\/types\/product"}],"wp:featuredmedia":[{"embeddable":true,"href":"https:\/\/www.erresse-shop.it\/fr\/wp-json\/wp\/v2\/media\/156426"}],"wp:attachment":[{"href":"https:\/\/www.erresse-shop.it\/fr\/wp-json\/wp\/v2\/media?parent=156421"}],"wp:term":[{"taxonomy":"product_cat","embeddable":true,"href":"https:\/\/www.erresse-shop.it\/fr\/wp-json\/wp\/v2\/product_cat?post=156421"},{"taxonomy":"product_tag","embeddable":true,"href":"https:\/\/www.erresse-shop.it\/fr\/wp-json\/wp\/v2\/product_tag?post=156421"}],"curies":[{"name":"wp","href":"https:\/\/api.w.org\/{rel}","templated":true}]}}