{"id":156313,"date":"2022-05-04T06:18:00","date_gmt":"2022-05-04T06:18:24","guid":{"rendered":"https:\/\/www.erresse-shop.it\/?post_type=product&#038;p=156313"},"modified":"2025-01-14T17:33:05","modified_gmt":"2025-01-14T17:33:05","slug":"brabantia-mindset-distributeur-de-savon-gris","status":"publish","type":"product","link":"https:\/\/www.erresse-shop.it\/fr\/shop\/cuisine\/brabantia-mindset-distributeur-de-savon-gris\/","title":{"rendered":"BRABANTIA MindSet Distributeur de savon gris"},"content":{"rendered":"<p>Apportez du style dans la plus petite pi\u00e8ce, la salle de bain ou la cuisine avec l&#8217;excellent distributeur de savon MindSet de Brabantia. Un accessoire de classe en verre et m\u00e9tal, pour ceux qui prennent au s\u00e9rieux l&#8217;hygi\u00e8ne des mains et le design. Ce petit bijou ne se contente pas de distribuer du savon, il respire la qualit\u00e9, de sa grande ouverture pour la recharge \u00e0 son support transparent. Un exemple brillant de la conception pratique de Brabantia.<\/p>\n<p><strong>Avantages et caract\u00e9ristiques<\/strong><\/p>\n<ul>\n<li>Capacit\u00e9 pratique &#8211; compatible avec la plupart des packs de recharge, 200 ml.<\/li>\n<li>Facile \u00e0 (re)charger &#8211; grande ouverture pour le remplissage.<\/li>\n<li>Nettoyer &#8211; le m\u00e9canisme de la pompe anti-goutte.<\/li>\n<li>Multifonctionnel &#8211; le grand embout fonctionne aussi tr\u00e8s bien pour les lotions.<\/li>\n<li>Facile \u00e0 nettoyer &#8211; corps m\u00e9tallique avec porte-verre amovible, le m\u00e9canisme se nettoie en pompant de l&#8217;eau chaude.<\/li>\n<li>Tout est sous contr\u00f4le &#8211; r\u00e9servoir \u00e0 savon en verre transparent.<\/li>\n<li>Finition textur\u00e9e &#8211; rev\u00eatement min\u00e9ral moderne.<\/li>\n<li>Id\u00e9al pour les zones humides &#8211; fabriqu\u00e9 en mat\u00e9riaux anticorrosion.<\/li>\n<li>Utilisation sans probl\u00e8me &#8211; Service et garantie de 5 ans.<\/li>\n<li>Un choix plus durable &#8211; fabriqu\u00e9 \u00e0 partir de 13% de mat\u00e9riaux recycl\u00e9s, recyclable \u00e0 84% apr\u00e8s usage.<\/li>\n<\/ul>\n<p><strong>Dimensions<\/strong><\/p>\n<p>Hauteur : 11 cm<br \/>\nLongueur : 9,5 cm<br \/>\nLargeur : 8 cm<\/p>\n<p><strong>Garantie<\/strong><br \/>\n5 ans<\/p>\n","protected":false},"excerpt":{"rendered":"<p><\/p>\n","protected":false},"featured_media":156318,"template":"","meta":{"_acf_changed":false,"inline_featured_image":false},"product_cat":[12748],"product_tag":[24365],"acf":[],"yoast_head":"<!-- This site is optimized with the Yoast SEO Premium plugin v18.6 (Yoast SEO v19.13) - https:\/\/yoast.com\/wordpress\/plugins\/seo\/ -->\n<title>BRABANTIA MindSet Distributeur de savon gris<\/title>\n<meta name=\"description\" content=\"D\u00e9couvrez BRABANTIA MindSet Distributeur de savon gris sur ErresseShop. Qualit\u00e9, prix r\u00e9duits et achat s\u00e9curis\u00e9 \u2013 commandez d\u00e8s maintenant en ligne !\" \/>\n<meta name=\"robots\" content=\"index, follow, max-snippet:-1, max-image-preview:large, max-video-preview:-1\" \/>\n<link rel=\"canonical\" href=\"https:\/\/www.erresse-shop.it\/fr\/shop\/cuisine\/brabantia-mindset-distributeur-de-savon-gris\/\" \/>\n<meta property=\"og:locale\" content=\"fr_FR\" \/>\n<meta property=\"og:type\" content=\"article\" \/>\n<meta property=\"og:title\" content=\"BRABANTIA MindSet Distributeur de savon gris\" \/>\n<meta property=\"og:description\" content=\"D\u00e9couvrez BRABANTIA MindSet Distributeur de savon gris sur ErresseShop. Qualit\u00e9, prix r\u00e9duits et achat s\u00e9curis\u00e9 \u2013 commandez d\u00e8s maintenant en ligne !\" \/>\n<meta property=\"og:url\" content=\"https:\/\/www.erresse-shop.it\/fr\/shop\/cuisine\/brabantia-mindset-distributeur-de-savon-gris\/\" \/>\n<meta property=\"og:site_name\" content=\"Erresse Shop\" \/>\n<meta property=\"article:modified_time\" content=\"2025-01-14T17:33:05+00:00\" \/>\n<meta property=\"og:image\" content=\"https:\/\/www.erresse-shop.it\/wp-content\/uploads\/2022\/05\/BRABANTIA-MindSet-Dosatore-di-sapone.jpg\" \/>\n\t<meta property=\"og:image:width\" content=\"1000\" \/>\n\t<meta property=\"og:image:height\" content=\"1000\" \/>\n\t<meta property=\"og:image:type\" content=\"image\/jpeg\" \/>\n<meta name=\"twitter:card\" content=\"summary_large_image\" \/>\n<script type=\"application\/ld+json\" class=\"yoast-schema-graph\">{\"@context\":\"https:\/\/schema.org\",\"@graph\":[{\"@type\":\"WebPage\",\"@id\":\"https:\/\/www.erresse-shop.it\/fr\/shop\/cuisine\/brabantia-mindset-distributeur-de-savon-gris\/\",\"url\":\"https:\/\/www.erresse-shop.it\/fr\/shop\/cuisine\/brabantia-mindset-distributeur-de-savon-gris\/\",\"name\":\"BRABANTIA MindSet Distributeur de savon gris\",\"isPartOf\":{\"@id\":\"https:\/\/www.erresse-shop.it\/fr\/#website\"},\"datePublished\":\"2022-05-04T06:18:24+00:00\",\"dateModified\":\"2025-01-14T17:33:05+00:00\",\"description\":\"D\u00e9couvrez BRABANTIA MindSet Distributeur de savon gris sur ErresseShop. Qualit\u00e9, prix r\u00e9duits et achat s\u00e9curis\u00e9 \u2013 commandez d\u00e8s maintenant en ligne !\",\"breadcrumb\":{\"@id\":\"https:\/\/www.erresse-shop.it\/fr\/shop\/cuisine\/brabantia-mindset-distributeur-de-savon-gris\/#breadcrumb\"},\"inLanguage\":\"fr-FR\",\"potentialAction\":[{\"@type\":\"ReadAction\",\"target\":[\"https:\/\/www.erresse-shop.it\/fr\/shop\/cuisine\/brabantia-mindset-distributeur-de-savon-gris\/\"]}]},{\"@type\":\"BreadcrumbList\",\"@id\":\"https:\/\/www.erresse-shop.it\/fr\/shop\/cuisine\/brabantia-mindset-distributeur-de-savon-gris\/#breadcrumb\",\"itemListElement\":[{\"@type\":\"ListItem\",\"position\":1,\"name\":\"Home\",\"item\":\"https:\/\/www.erresse-shop.it\/fr\/\"},{\"@type\":\"ListItem\",\"position\":2,\"name\":\"Shop\",\"item\":\"https:\/\/www.erresse-shop.it\/fr\/shop\/\"},{\"@type\":\"ListItem\",\"position\":3,\"name\":\"BRABANTIA MindSet Distributeur de savon gris\"}]},{\"@type\":\"WebSite\",\"@id\":\"https:\/\/www.erresse-shop.it\/fr\/#website\",\"url\":\"https:\/\/www.erresse-shop.it\/fr\/\",\"name\":\"Erresse Shop\",\"description\":\"Articoli di qualit\u00e0 per la casa\",\"potentialAction\":[{\"@type\":\"SearchAction\",\"target\":{\"@type\":\"EntryPoint\",\"urlTemplate\":\"https:\/\/www.erresse-shop.it\/fr\/?s={search_term_string}\"},\"query-input\":\"required name=search_term_string\"}],\"inLanguage\":\"fr-FR\"}]}<\/script>\n<!-- \/ Yoast SEO Premium plugin. -->","yoast_head_json":{"title":"BRABANTIA MindSet Distributeur de savon gris","description":"D\u00e9couvrez BRABANTIA MindSet Distributeur de savon gris sur ErresseShop. Qualit\u00e9, prix r\u00e9duits et achat s\u00e9curis\u00e9 \u2013 commandez d\u00e8s maintenant en ligne !","robots":{"index":"index","follow":"follow","max-snippet":"max-snippet:-1","max-image-preview":"max-image-preview:large","max-video-preview":"max-video-preview:-1"},"canonical":"https:\/\/www.erresse-shop.it\/fr\/shop\/cuisine\/brabantia-mindset-distributeur-de-savon-gris\/","og_locale":"fr_FR","og_type":"article","og_title":"BRABANTIA MindSet Distributeur de savon gris","og_description":"D\u00e9couvrez BRABANTIA MindSet Distributeur de savon gris sur ErresseShop. Qualit\u00e9, prix r\u00e9duits et achat s\u00e9curis\u00e9 \u2013 commandez d\u00e8s maintenant en ligne !","og_url":"https:\/\/www.erresse-shop.it\/fr\/shop\/cuisine\/brabantia-mindset-distributeur-de-savon-gris\/","og_site_name":"Erresse Shop","article_modified_time":"2025-01-14T17:33:05+00:00","og_image":[{"width":1000,"height":1000,"url":"https:\/\/www.erresse-shop.it\/wp-content\/uploads\/2022\/05\/BRABANTIA-MindSet-Dosatore-di-sapone.jpg","type":"image\/jpeg"}],"twitter_card":"summary_large_image","schema":{"@context":"https:\/\/schema.org","@graph":[{"@type":"WebPage","@id":"https:\/\/www.erresse-shop.it\/fr\/shop\/cuisine\/brabantia-mindset-distributeur-de-savon-gris\/","url":"https:\/\/www.erresse-shop.it\/fr\/shop\/cuisine\/brabantia-mindset-distributeur-de-savon-gris\/","name":"BRABANTIA MindSet Distributeur de savon gris","isPartOf":{"@id":"https:\/\/www.erresse-shop.it\/fr\/#website"},"datePublished":"2022-05-04T06:18:24+00:00","dateModified":"2025-01-14T17:33:05+00:00","description":"D\u00e9couvrez BRABANTIA MindSet Distributeur de savon gris sur ErresseShop. Qualit\u00e9, prix r\u00e9duits et achat s\u00e9curis\u00e9 \u2013 commandez d\u00e8s maintenant en ligne !","breadcrumb":{"@id":"https:\/\/www.erresse-shop.it\/fr\/shop\/cuisine\/brabantia-mindset-distributeur-de-savon-gris\/#breadcrumb"},"inLanguage":"fr-FR","potentialAction":[{"@type":"ReadAction","target":["https:\/\/www.erresse-shop.it\/fr\/shop\/cuisine\/brabantia-mindset-distributeur-de-savon-gris\/"]}]},{"@type":"BreadcrumbList","@id":"https:\/\/www.erresse-shop.it\/fr\/shop\/cuisine\/brabantia-mindset-distributeur-de-savon-gris\/#breadcrumb","itemListElement":[{"@type":"ListItem","position":1,"name":"Home","item":"https:\/\/www.erresse-shop.it\/fr\/"},{"@type":"ListItem","position":2,"name":"Shop","item":"https:\/\/www.erresse-shop.it\/fr\/shop\/"},{"@type":"ListItem","position":3,"name":"BRABANTIA MindSet Distributeur de savon gris"}]},{"@type":"WebSite","@id":"https:\/\/www.erresse-shop.it\/fr\/#website","url":"https:\/\/www.erresse-shop.it\/fr\/","name":"Erresse Shop","description":"Articoli di qualit\u00e0 per la casa","potentialAction":[{"@type":"SearchAction","target":{"@type":"EntryPoint","urlTemplate":"https:\/\/www.erresse-shop.it\/fr\/?s={search_term_string}"},"query-input":"required name=search_term_string"}],"inLanguage":"fr-FR"}]}},"df_price":19,"df_sale_price":19,"df_regular_price":27.95,"df_image_link":"https:\/\/www.erresse-shop.it\/wp-content\/uploads\/2022\/05\/BRABANTIA-MindSet-Dosatore-di-sapone-300x300.jpg","_links":{"self":[{"href":"https:\/\/www.erresse-shop.it\/fr\/wp-json\/wp\/v2\/product\/156313"}],"collection":[{"href":"https:\/\/www.erresse-shop.it\/fr\/wp-json\/wp\/v2\/product"}],"about":[{"href":"https:\/\/www.erresse-shop.it\/fr\/wp-json\/wp\/v2\/types\/product"}],"wp:featuredmedia":[{"embeddable":true,"href":"https:\/\/www.erresse-shop.it\/fr\/wp-json\/wp\/v2\/media\/156318"}],"wp:attachment":[{"href":"https:\/\/www.erresse-shop.it\/fr\/wp-json\/wp\/v2\/media?parent=156313"}],"wp:term":[{"taxonomy":"product_cat","embeddable":true,"href":"https:\/\/www.erresse-shop.it\/fr\/wp-json\/wp\/v2\/product_cat?post=156313"},{"taxonomy":"product_tag","embeddable":true,"href":"https:\/\/www.erresse-shop.it\/fr\/wp-json\/wp\/v2\/product_tag?post=156313"}],"curies":[{"name":"wp","href":"https:\/\/api.w.org\/{rel}","templated":true}]}}