{"id":155735,"date":"2022-04-29T14:09:10","date_gmt":"2022-04-29T14:09:49","guid":{"rendered":"https:\/\/www.erresse-shop.it\/?post_type=product&#038;p=155735"},"modified":"2025-01-14T17:33:13","modified_gmt":"2025-01-14T17:33:13","slug":"brabantia-mindset-receveur-de-douche-avec-raclette-gris","status":"publish","type":"product","link":"https:\/\/www.erresse-shop.it\/fr\/shop\/ameublement-maison\/salle-de-bain\/brabantia-mindset-receveur-de-douche-avec-raclette-gris\/","title":{"rendered":"BRABANTIA MindSet Receveur de douche avec raclette Gris"},"content":{"rendered":"<p>Organisez compl\u00e8tement votre douche d&#8217;un seul coup &#8211; offrez-vous ce bac \u00e0 douche MindSet intelligent avec raclette de Brabantia. Le support peut all\u00e8grement contenir votre shampooing ou votre gel pour cheveux. La petite raclette au design minimaliste est faite pour nettoyer sans effort la porte de la douche et les carreaux. Tout est propre ? Remettez-le dans le support.<\/p>\n<p><strong>Avantages et caract\u00e9ristiques<\/strong><\/p>\n<ul>\n<li>Tout \u00e0 port\u00e9e de main &#8211; rangez votre shampooing, votre gel douche ou votre gel douche dans le support.<\/li>\n<li>Hygi\u00e9nique &#8211; l&#8217;eau s&#8217;\u00e9coule par les trous pratiques du fond.<\/li>\n<li>Sans bande &#8211; raclette en silicone incluse.<\/li>\n<li>Facile \u00e0 ranger &#8211; il suffit de mettre la raclette dans le support.<\/li>\n<li>Facile \u00e0 accrocher &#8211; support mural, instructions et mat\u00e9riel de montage inclus.<\/li>\n<li>Id\u00e9al pour les zones humides &#8211; fabriqu\u00e9 \u00e0 partir de mat\u00e9riaux anticorrosion.<\/li>\n<li>Robuste &#8211; peut supporter jusqu&#8217;\u00e0 2 kg.<\/li>\n<li>Utilisation sans souci &#8211; 10 ans de garantie et de service sur le support et 5 ans sur la raclette.<\/li>\n<li>Un choix plus durable &#8211; fabriqu\u00e9 \u00e0 partir de 10 % de mat\u00e9riaux recycl\u00e9s, recyclable \u00e0 90 % apr\u00e8s usage.<\/li>\n<\/ul>\n<p><strong>Dimensions<\/strong><br \/>\nHauteur : 7,3 cm<br \/>\nLongueur : 9 cm<br \/>\nLargeur : 42,1 cm<\/p>\n<p><strong>Mois de garantie<\/strong><br \/>\n5 ans<\/p>\n","protected":false},"excerpt":{"rendered":"<p><\/p>\n","protected":false},"featured_media":155740,"template":"","meta":{"_acf_changed":false,"inline_featured_image":false},"product_cat":[12738,19011],"product_tag":[25086,25021,24397,21365],"acf":[],"yoast_head":"<!-- This site is optimized with the Yoast SEO Premium plugin v18.6 (Yoast SEO v19.13) - https:\/\/yoast.com\/wordpress\/plugins\/seo\/ -->\n<title>BRABANTIA MindSet Receveur de douche avec raclette Gris<\/title>\n<meta name=\"description\" content=\"D\u00e9couvrez BRABANTIA MindSet Receveur de douche avec raclette Gris sur ErresseShop. Qualit\u00e9, prix r\u00e9duits et achat s\u00e9curis\u00e9 \u2013 commandez d\u00e8s maintenant en ligne !\" \/>\n<meta name=\"robots\" content=\"index, follow, max-snippet:-1, max-image-preview:large, max-video-preview:-1\" \/>\n<link rel=\"canonical\" href=\"https:\/\/www.erresse-shop.it\/fr\/shop\/ameublement-maison\/salle-de-bain\/brabantia-mindset-receveur-de-douche-avec-raclette-gris\/\" \/>\n<meta property=\"og:locale\" content=\"fr_FR\" \/>\n<meta property=\"og:type\" content=\"article\" \/>\n<meta property=\"og:title\" content=\"BRABANTIA MindSet Receveur de douche avec raclette Gris\" \/>\n<meta property=\"og:description\" content=\"D\u00e9couvrez BRABANTIA MindSet Receveur de douche avec raclette Gris sur ErresseShop. Qualit\u00e9, prix r\u00e9duits et achat s\u00e9curis\u00e9 \u2013 commandez d\u00e8s maintenant en ligne !\" \/>\n<meta property=\"og:url\" content=\"https:\/\/www.erresse-shop.it\/fr\/shop\/ameublement-maison\/salle-de-bain\/brabantia-mindset-receveur-de-douche-avec-raclette-gris\/\" \/>\n<meta property=\"og:site_name\" content=\"Erresse Shop\" \/>\n<meta property=\"article:modified_time\" content=\"2025-01-14T17:33:13+00:00\" \/>\n<meta property=\"og:image\" content=\"https:\/\/www.erresse-shop.it\/wp-content\/uploads\/2022\/04\/BRABANTIA-MindSet-Portaoggetti-da-doccia-nero-2.jpg\" \/>\n\t<meta property=\"og:image:width\" content=\"1000\" \/>\n\t<meta property=\"og:image:height\" content=\"1000\" \/>\n\t<meta property=\"og:image:type\" content=\"image\/jpeg\" \/>\n<meta name=\"twitter:card\" content=\"summary_large_image\" \/>\n<script type=\"application\/ld+json\" class=\"yoast-schema-graph\">{\"@context\":\"https:\/\/schema.org\",\"@graph\":[{\"@type\":\"WebPage\",\"@id\":\"https:\/\/www.erresse-shop.it\/fr\/shop\/ameublement-maison\/salle-de-bain\/brabantia-mindset-receveur-de-douche-avec-raclette-gris\/\",\"url\":\"https:\/\/www.erresse-shop.it\/fr\/shop\/ameublement-maison\/salle-de-bain\/brabantia-mindset-receveur-de-douche-avec-raclette-gris\/\",\"name\":\"BRABANTIA MindSet Receveur de douche avec raclette Gris\",\"isPartOf\":{\"@id\":\"https:\/\/www.erresse-shop.it\/fr\/#website\"},\"datePublished\":\"2022-04-29T14:09:49+00:00\",\"dateModified\":\"2025-01-14T17:33:13+00:00\",\"description\":\"D\u00e9couvrez BRABANTIA MindSet Receveur de douche avec raclette Gris sur ErresseShop. Qualit\u00e9, prix r\u00e9duits et achat s\u00e9curis\u00e9 \u2013 commandez d\u00e8s maintenant en ligne !\",\"breadcrumb\":{\"@id\":\"https:\/\/www.erresse-shop.it\/fr\/shop\/ameublement-maison\/salle-de-bain\/brabantia-mindset-receveur-de-douche-avec-raclette-gris\/#breadcrumb\"},\"inLanguage\":\"fr-FR\",\"potentialAction\":[{\"@type\":\"ReadAction\",\"target\":[\"https:\/\/www.erresse-shop.it\/fr\/shop\/ameublement-maison\/salle-de-bain\/brabantia-mindset-receveur-de-douche-avec-raclette-gris\/\"]}]},{\"@type\":\"BreadcrumbList\",\"@id\":\"https:\/\/www.erresse-shop.it\/fr\/shop\/ameublement-maison\/salle-de-bain\/brabantia-mindset-receveur-de-douche-avec-raclette-gris\/#breadcrumb\",\"itemListElement\":[{\"@type\":\"ListItem\",\"position\":1,\"name\":\"Home\",\"item\":\"https:\/\/www.erresse-shop.it\/fr\/\"},{\"@type\":\"ListItem\",\"position\":2,\"name\":\"Shop\",\"item\":\"https:\/\/www.erresse-shop.it\/fr\/shop\/\"},{\"@type\":\"ListItem\",\"position\":3,\"name\":\"BRABANTIA MindSet Receveur de douche avec raclette Gris\"}]},{\"@type\":\"WebSite\",\"@id\":\"https:\/\/www.erresse-shop.it\/fr\/#website\",\"url\":\"https:\/\/www.erresse-shop.it\/fr\/\",\"name\":\"Erresse Shop\",\"description\":\"Articoli di qualit\u00e0 per la casa\",\"potentialAction\":[{\"@type\":\"SearchAction\",\"target\":{\"@type\":\"EntryPoint\",\"urlTemplate\":\"https:\/\/www.erresse-shop.it\/fr\/?s={search_term_string}\"},\"query-input\":\"required name=search_term_string\"}],\"inLanguage\":\"fr-FR\"}]}<\/script>\n<!-- \/ Yoast SEO Premium plugin. -->","yoast_head_json":{"title":"BRABANTIA MindSet Receveur de douche avec raclette Gris","description":"D\u00e9couvrez BRABANTIA MindSet Receveur de douche avec raclette Gris sur ErresseShop. Qualit\u00e9, prix r\u00e9duits et achat s\u00e9curis\u00e9 \u2013 commandez d\u00e8s maintenant en ligne !","robots":{"index":"index","follow":"follow","max-snippet":"max-snippet:-1","max-image-preview":"max-image-preview:large","max-video-preview":"max-video-preview:-1"},"canonical":"https:\/\/www.erresse-shop.it\/fr\/shop\/ameublement-maison\/salle-de-bain\/brabantia-mindset-receveur-de-douche-avec-raclette-gris\/","og_locale":"fr_FR","og_type":"article","og_title":"BRABANTIA MindSet Receveur de douche avec raclette Gris","og_description":"D\u00e9couvrez BRABANTIA MindSet Receveur de douche avec raclette Gris sur ErresseShop. Qualit\u00e9, prix r\u00e9duits et achat s\u00e9curis\u00e9 \u2013 commandez d\u00e8s maintenant en ligne !","og_url":"https:\/\/www.erresse-shop.it\/fr\/shop\/ameublement-maison\/salle-de-bain\/brabantia-mindset-receveur-de-douche-avec-raclette-gris\/","og_site_name":"Erresse Shop","article_modified_time":"2025-01-14T17:33:13+00:00","og_image":[{"width":1000,"height":1000,"url":"https:\/\/www.erresse-shop.it\/wp-content\/uploads\/2022\/04\/BRABANTIA-MindSet-Portaoggetti-da-doccia-nero-2.jpg","type":"image\/jpeg"}],"twitter_card":"summary_large_image","schema":{"@context":"https:\/\/schema.org","@graph":[{"@type":"WebPage","@id":"https:\/\/www.erresse-shop.it\/fr\/shop\/ameublement-maison\/salle-de-bain\/brabantia-mindset-receveur-de-douche-avec-raclette-gris\/","url":"https:\/\/www.erresse-shop.it\/fr\/shop\/ameublement-maison\/salle-de-bain\/brabantia-mindset-receveur-de-douche-avec-raclette-gris\/","name":"BRABANTIA MindSet Receveur de douche avec raclette Gris","isPartOf":{"@id":"https:\/\/www.erresse-shop.it\/fr\/#website"},"datePublished":"2022-04-29T14:09:49+00:00","dateModified":"2025-01-14T17:33:13+00:00","description":"D\u00e9couvrez BRABANTIA MindSet Receveur de douche avec raclette Gris sur ErresseShop. Qualit\u00e9, prix r\u00e9duits et achat s\u00e9curis\u00e9 \u2013 commandez d\u00e8s maintenant en ligne !","breadcrumb":{"@id":"https:\/\/www.erresse-shop.it\/fr\/shop\/ameublement-maison\/salle-de-bain\/brabantia-mindset-receveur-de-douche-avec-raclette-gris\/#breadcrumb"},"inLanguage":"fr-FR","potentialAction":[{"@type":"ReadAction","target":["https:\/\/www.erresse-shop.it\/fr\/shop\/ameublement-maison\/salle-de-bain\/brabantia-mindset-receveur-de-douche-avec-raclette-gris\/"]}]},{"@type":"BreadcrumbList","@id":"https:\/\/www.erresse-shop.it\/fr\/shop\/ameublement-maison\/salle-de-bain\/brabantia-mindset-receveur-de-douche-avec-raclette-gris\/#breadcrumb","itemListElement":[{"@type":"ListItem","position":1,"name":"Home","item":"https:\/\/www.erresse-shop.it\/fr\/"},{"@type":"ListItem","position":2,"name":"Shop","item":"https:\/\/www.erresse-shop.it\/fr\/shop\/"},{"@type":"ListItem","position":3,"name":"BRABANTIA MindSet Receveur de douche avec raclette Gris"}]},{"@type":"WebSite","@id":"https:\/\/www.erresse-shop.it\/fr\/#website","url":"https:\/\/www.erresse-shop.it\/fr\/","name":"Erresse Shop","description":"Articoli di qualit\u00e0 per la casa","potentialAction":[{"@type":"SearchAction","target":{"@type":"EntryPoint","urlTemplate":"https:\/\/www.erresse-shop.it\/fr\/?s={search_term_string}"},"query-input":"required name=search_term_string"}],"inLanguage":"fr-FR"}]}},"df_price":27.5,"df_sale_price":27.5,"df_regular_price":55,"df_image_link":"https:\/\/www.erresse-shop.it\/wp-content\/uploads\/2022\/04\/BRABANTIA-MindSet-Portaoggetti-da-doccia-nero-2-300x300.jpg","_links":{"self":[{"href":"https:\/\/www.erresse-shop.it\/fr\/wp-json\/wp\/v2\/product\/155735"}],"collection":[{"href":"https:\/\/www.erresse-shop.it\/fr\/wp-json\/wp\/v2\/product"}],"about":[{"href":"https:\/\/www.erresse-shop.it\/fr\/wp-json\/wp\/v2\/types\/product"}],"wp:featuredmedia":[{"embeddable":true,"href":"https:\/\/www.erresse-shop.it\/fr\/wp-json\/wp\/v2\/media\/155740"}],"wp:attachment":[{"href":"https:\/\/www.erresse-shop.it\/fr\/wp-json\/wp\/v2\/media?parent=155735"}],"wp:term":[{"taxonomy":"product_cat","embeddable":true,"href":"https:\/\/www.erresse-shop.it\/fr\/wp-json\/wp\/v2\/product_cat?post=155735"},{"taxonomy":"product_tag","embeddable":true,"href":"https:\/\/www.erresse-shop.it\/fr\/wp-json\/wp\/v2\/product_tag?post=155735"}],"curies":[{"name":"wp","href":"https:\/\/api.w.org\/{rel}","templated":true}]}}