{"id":155474,"date":"2022-04-28T12:27:49","date_gmt":"2022-04-28T12:27:53","guid":{"rendered":"https:\/\/www.erresse-shop.it\/?post_type=product&#038;p=155474"},"modified":"2022-04-28T12:49:16","modified_gmt":"2022-04-28T12:49:16","slug":"vulcanus-gril-multiple-pro730","status":"publish","type":"product","link":"https:\/\/www.erresse-shop.it\/fr\/shop\/petits-electromenagers\/grilles-et-barbecues\/vulcanus-gril-multiple-pro730\/","title":{"rendered":"VULCANUS Gril multiple PRO730"},"content":{"rendered":"<p>Une \u00e9norme grille en fonte transforme votre barbecue en une v\u00e9ritable cuisini\u00e8re, id\u00e9ale pour pr\u00e9parer de nombreux plats savoureux &#8211; et pour griller directement sur le feu.<\/p>\n<p>En retirant la grille centrale ronde, vous pouvez placer une casserole dans l&#8217;ouverture pour cuire des rago\u00fbts sensationnels.<\/p>\n<p><strong>POURQUOI ACHETER LE VULCANUS MULTIGRID ?<\/strong><\/p>\n<p>-Fonte solide de haute qualit\u00e9 et durable<br \/>\n-Compatible avec une large gamme d&#8217;accessoires, qui s&#8217;enrichit constamment<br \/>\n-Deux hauteurs r\u00e9glables<br \/>\n-Peut \u00e9galement \u00eatre utilis\u00e9 en dehors de Vulcanus avec ses accessoires.<\/p>\n<p>Finition : huile<\/p>\n<p>Mat\u00e9riau : acier pour chaudi\u00e8re<\/p>\n<p>Dimensions : 330 x 330 x 126 (\u00d8 300) mm<\/p>\n<p>Origine : R\u00e9publique tch\u00e8que<\/p>\n<p>Poids : 15 kg<\/p>\n<p>Garantie : 5 ans<\/p>\n","protected":false},"excerpt":{"rendered":"<p>Une \u00e9norme grille en fonte transforme votre barbecue en une v\u00e9ritable cuisini\u00e8re, id\u00e9ale pour pr\u00e9parer de nombreux plats savoureux &#8211;<\/p>\n","protected":false},"featured_media":155391,"template":"","meta":{"_acf_changed":false,"inline_featured_image":false},"product_cat":[13383,12449],"product_tag":[13384],"acf":[],"yoast_head":"<!-- This site is optimized with the Yoast SEO Premium plugin v18.6 (Yoast SEO v19.13) - https:\/\/yoast.com\/wordpress\/plugins\/seo\/ -->\n<title>VULCANUS Gril multiple PRO730 - Erresse Shop<\/title>\n<meta name=\"description\" content=\"Une \u00e9norme grille en fonte transforme votre barbecue en une v\u00e9ritable cuisini\u00e8re, id\u00e9ale pour pr\u00e9parer de nombreux plats savoureux - et pour griller\" \/>\n<meta name=\"robots\" content=\"index, follow, max-snippet:-1, max-image-preview:large, max-video-preview:-1\" \/>\n<link rel=\"canonical\" href=\"https:\/\/www.erresse-shop.it\/fr\/shop\/petits-electromenagers\/grilles-et-barbecues\/vulcanus-gril-multiple-pro730\/\" \/>\n<meta property=\"og:locale\" content=\"fr_FR\" \/>\n<meta property=\"og:type\" content=\"article\" \/>\n<meta property=\"og:title\" content=\"VULCANUS Gril multiple PRO730\" \/>\n<meta property=\"og:description\" content=\"Une \u00e9norme grille en fonte transforme votre barbecue en une v\u00e9ritable cuisini\u00e8re, id\u00e9ale pour pr\u00e9parer de nombreux plats savoureux - et pour griller\" \/>\n<meta property=\"og:url\" content=\"https:\/\/www.erresse-shop.it\/fr\/shop\/petits-electromenagers\/grilles-et-barbecues\/vulcanus-gril-multiple-pro730\/\" \/>\n<meta property=\"og:site_name\" content=\"Erresse Shop\" \/>\n<meta property=\"article:modified_time\" content=\"2022-04-28T12:49:16+00:00\" \/>\n<meta property=\"og:image\" content=\"https:\/\/www.erresse-shop.it\/wp-content\/uploads\/2022\/04\/VULCANUS-Griglia-Multipla-PRO730.jpg\" \/>\n\t<meta property=\"og:image:width\" content=\"1000\" \/>\n\t<meta property=\"og:image:height\" content=\"1000\" \/>\n\t<meta property=\"og:image:type\" content=\"image\/jpeg\" \/>\n<meta name=\"twitter:card\" content=\"summary_large_image\" \/>\n<script type=\"application\/ld+json\" class=\"yoast-schema-graph\">{\"@context\":\"https:\/\/schema.org\",\"@graph\":[{\"@type\":\"WebPage\",\"@id\":\"https:\/\/www.erresse-shop.it\/fr\/shop\/petits-electromenagers\/grilles-et-barbecues\/vulcanus-gril-multiple-pro730\/\",\"url\":\"https:\/\/www.erresse-shop.it\/fr\/shop\/petits-electromenagers\/grilles-et-barbecues\/vulcanus-gril-multiple-pro730\/\",\"name\":\"VULCANUS Gril multiple PRO730 - Erresse Shop\",\"isPartOf\":{\"@id\":\"https:\/\/www.erresse-shop.it\/fr\/#website\"},\"datePublished\":\"2022-04-28T12:27:53+00:00\",\"dateModified\":\"2022-04-28T12:49:16+00:00\",\"description\":\"Une \u00e9norme grille en fonte transforme votre barbecue en une v\u00e9ritable cuisini\u00e8re, id\u00e9ale pour pr\u00e9parer de nombreux plats savoureux - et pour griller\",\"breadcrumb\":{\"@id\":\"https:\/\/www.erresse-shop.it\/fr\/shop\/petits-electromenagers\/grilles-et-barbecues\/vulcanus-gril-multiple-pro730\/#breadcrumb\"},\"inLanguage\":\"fr-FR\",\"potentialAction\":[{\"@type\":\"ReadAction\",\"target\":[\"https:\/\/www.erresse-shop.it\/fr\/shop\/petits-electromenagers\/grilles-et-barbecues\/vulcanus-gril-multiple-pro730\/\"]}]},{\"@type\":\"BreadcrumbList\",\"@id\":\"https:\/\/www.erresse-shop.it\/fr\/shop\/petits-electromenagers\/grilles-et-barbecues\/vulcanus-gril-multiple-pro730\/#breadcrumb\",\"itemListElement\":[{\"@type\":\"ListItem\",\"position\":1,\"name\":\"Home\",\"item\":\"https:\/\/www.erresse-shop.it\/fr\/\"},{\"@type\":\"ListItem\",\"position\":2,\"name\":\"Shop\",\"item\":\"https:\/\/www.erresse-shop.it\/fr\/shop\/\"},{\"@type\":\"ListItem\",\"position\":3,\"name\":\"VULCANUS Gril multiple PRO730\"}]},{\"@type\":\"WebSite\",\"@id\":\"https:\/\/www.erresse-shop.it\/fr\/#website\",\"url\":\"https:\/\/www.erresse-shop.it\/fr\/\",\"name\":\"Erresse Shop\",\"description\":\"Articoli di qualit\u00e0 per la casa\",\"potentialAction\":[{\"@type\":\"SearchAction\",\"target\":{\"@type\":\"EntryPoint\",\"urlTemplate\":\"https:\/\/www.erresse-shop.it\/fr\/?s={search_term_string}\"},\"query-input\":\"required name=search_term_string\"}],\"inLanguage\":\"fr-FR\"}]}<\/script>\n<!-- \/ Yoast SEO Premium plugin. -->","yoast_head_json":{"title":"VULCANUS Gril multiple PRO730 - Erresse Shop","description":"Une \u00e9norme grille en fonte transforme votre barbecue en une v\u00e9ritable cuisini\u00e8re, id\u00e9ale pour pr\u00e9parer de nombreux plats savoureux - et pour griller","robots":{"index":"index","follow":"follow","max-snippet":"max-snippet:-1","max-image-preview":"max-image-preview:large","max-video-preview":"max-video-preview:-1"},"canonical":"https:\/\/www.erresse-shop.it\/fr\/shop\/petits-electromenagers\/grilles-et-barbecues\/vulcanus-gril-multiple-pro730\/","og_locale":"fr_FR","og_type":"article","og_title":"VULCANUS Gril multiple PRO730","og_description":"Une \u00e9norme grille en fonte transforme votre barbecue en une v\u00e9ritable cuisini\u00e8re, id\u00e9ale pour pr\u00e9parer de nombreux plats savoureux - et pour griller","og_url":"https:\/\/www.erresse-shop.it\/fr\/shop\/petits-electromenagers\/grilles-et-barbecues\/vulcanus-gril-multiple-pro730\/","og_site_name":"Erresse Shop","article_modified_time":"2022-04-28T12:49:16+00:00","og_image":[{"width":1000,"height":1000,"url":"https:\/\/www.erresse-shop.it\/wp-content\/uploads\/2022\/04\/VULCANUS-Griglia-Multipla-PRO730.jpg","type":"image\/jpeg"}],"twitter_card":"summary_large_image","schema":{"@context":"https:\/\/schema.org","@graph":[{"@type":"WebPage","@id":"https:\/\/www.erresse-shop.it\/fr\/shop\/petits-electromenagers\/grilles-et-barbecues\/vulcanus-gril-multiple-pro730\/","url":"https:\/\/www.erresse-shop.it\/fr\/shop\/petits-electromenagers\/grilles-et-barbecues\/vulcanus-gril-multiple-pro730\/","name":"VULCANUS Gril multiple PRO730 - Erresse Shop","isPartOf":{"@id":"https:\/\/www.erresse-shop.it\/fr\/#website"},"datePublished":"2022-04-28T12:27:53+00:00","dateModified":"2022-04-28T12:49:16+00:00","description":"Une \u00e9norme grille en fonte transforme votre barbecue en une v\u00e9ritable cuisini\u00e8re, id\u00e9ale pour pr\u00e9parer de nombreux plats savoureux - et pour griller","breadcrumb":{"@id":"https:\/\/www.erresse-shop.it\/fr\/shop\/petits-electromenagers\/grilles-et-barbecues\/vulcanus-gril-multiple-pro730\/#breadcrumb"},"inLanguage":"fr-FR","potentialAction":[{"@type":"ReadAction","target":["https:\/\/www.erresse-shop.it\/fr\/shop\/petits-electromenagers\/grilles-et-barbecues\/vulcanus-gril-multiple-pro730\/"]}]},{"@type":"BreadcrumbList","@id":"https:\/\/www.erresse-shop.it\/fr\/shop\/petits-electromenagers\/grilles-et-barbecues\/vulcanus-gril-multiple-pro730\/#breadcrumb","itemListElement":[{"@type":"ListItem","position":1,"name":"Home","item":"https:\/\/www.erresse-shop.it\/fr\/"},{"@type":"ListItem","position":2,"name":"Shop","item":"https:\/\/www.erresse-shop.it\/fr\/shop\/"},{"@type":"ListItem","position":3,"name":"VULCANUS Gril multiple PRO730"}]},{"@type":"WebSite","@id":"https:\/\/www.erresse-shop.it\/fr\/#website","url":"https:\/\/www.erresse-shop.it\/fr\/","name":"Erresse Shop","description":"Articoli di qualit\u00e0 per la casa","potentialAction":[{"@type":"SearchAction","target":{"@type":"EntryPoint","urlTemplate":"https:\/\/www.erresse-shop.it\/fr\/?s={search_term_string}"},"query-input":"required name=search_term_string"}],"inLanguage":"fr-FR"}]}},"df_price":290,"df_sale_price":290,"df_regular_price":290,"df_image_link":"https:\/\/www.erresse-shop.it\/wp-content\/uploads\/2022\/04\/VULCANUS-Griglia-Multipla-PRO730-300x300.jpg","_links":{"self":[{"href":"https:\/\/www.erresse-shop.it\/fr\/wp-json\/wp\/v2\/product\/155474"}],"collection":[{"href":"https:\/\/www.erresse-shop.it\/fr\/wp-json\/wp\/v2\/product"}],"about":[{"href":"https:\/\/www.erresse-shop.it\/fr\/wp-json\/wp\/v2\/types\/product"}],"wp:featuredmedia":[{"embeddable":true,"href":"https:\/\/www.erresse-shop.it\/fr\/wp-json\/wp\/v2\/media\/155391"}],"wp:attachment":[{"href":"https:\/\/www.erresse-shop.it\/fr\/wp-json\/wp\/v2\/media?parent=155474"}],"wp:term":[{"taxonomy":"product_cat","embeddable":true,"href":"https:\/\/www.erresse-shop.it\/fr\/wp-json\/wp\/v2\/product_cat?post=155474"},{"taxonomy":"product_tag","embeddable":true,"href":"https:\/\/www.erresse-shop.it\/fr\/wp-json\/wp\/v2\/product_tag?post=155474"}],"curies":[{"name":"wp","href":"https:\/\/api.w.org\/{rel}","templated":true}]}}