{"id":155235,"date":"2022-04-28T10:05:10","date_gmt":"2022-04-28T10:05:14","guid":{"rendered":"https:\/\/www.erresse-shop.it\/?post_type=product&#038;p=155235"},"modified":"2025-01-14T14:14:49","modified_gmt":"2025-01-14T14:14:49","slug":"berkel-planche-a-decouper-avec-plaque-en-acier-inoxydable-red-line-220-et-250-2","status":"publish","type":"product","link":"https:\/\/www.erresse-shop.it\/fr\/shop\/cuisine\/planches-a-decouper\/berkel-planche-a-decouper-avec-plaque-en-acier-inoxydable-red-line-220-et-250-2\/","title":{"rendered":"BERKEL Planche \u00e0 d\u00e9couper avec plaque en acier inoxydable Red Line 220 et 250"},"content":{"rendered":"<p>La planche \u00e0 d\u00e9couper avec plaque en acier inoxydable est sp\u00e9cialement con\u00e7ue pour le Home Line 200-250 par les designers eux-m\u00eames. La planche \u00e0 d\u00e9couper glisse en douceur sur la plaque et s&#8217;int\u00e8gre parfaitement dans l&#8217;espace.<br \/>\nFabriqu\u00e9 en bois, il est \u00e9galement \u00e9quip\u00e9 d&#8217;une plaque en acier inoxydable. Les tranches glissent de la lame et reposent directement sur la planche \u00e0 d\u00e9couper. Sur le bord, nous trouvons la prestigieuse signature Berkel, qui met encore plus en valeur le produit.<\/p>\n<p>Dimensions : 280 x 261 x 23 mm<br \/>\nMat\u00e9riau : bois trait\u00e9 thermiquement avec plaque en acier inoxydable.<\/p>\n","protected":false},"excerpt":{"rendered":"<p>La planche \u00e0 d\u00e9couper avec plaque en acier inoxydable est sp\u00e9cialement con\u00e7ue pour le Home Line 200-250 par les designers<\/p>\n","protected":false},"featured_media":162441,"template":"","meta":{"_acf_changed":false,"inline_featured_image":false},"product_cat":[12748,12449,12759,17347],"product_tag":[17352,17288,12856,19128,17353],"acf":[],"yoast_head":"<!-- This site is optimized with the Yoast SEO Premium plugin v18.6 (Yoast SEO v19.13) - https:\/\/yoast.com\/wordpress\/plugins\/seo\/ -->\n<title>BERKEL Planche \u00e0 d\u00e9couper avec plaque en acier inoxydable Red Line 220 et 250<\/title>\n<meta name=\"description\" content=\"D\u00e9couvrez BERKEL Planche \u00e0 d\u00e9couper avec plaque en acier inoxydable Red Line 220 et 250 sur ErresseShop. Qualit\u00e9, prix r\u00e9duits et achat s\u00e9curis\u00e9 \u2013 commandez d\u00e8s maintenant en ligne !\" \/>\n<meta name=\"robots\" content=\"index, follow, max-snippet:-1, max-image-preview:large, max-video-preview:-1\" \/>\n<link rel=\"canonical\" href=\"https:\/\/www.erresse-shop.it\/fr\/shop\/cuisine\/planches-a-decouper\/berkel-planche-a-decouper-avec-plaque-en-acier-inoxydable-red-line-220-et-250-2\/\" \/>\n<meta property=\"og:locale\" content=\"fr_FR\" \/>\n<meta property=\"og:type\" content=\"article\" \/>\n<meta property=\"og:title\" content=\"BERKEL Planche \u00e0 d\u00e9couper avec plaque en acier inoxydable Red Line 220 et 250\" \/>\n<meta property=\"og:description\" content=\"D\u00e9couvrez BERKEL Planche \u00e0 d\u00e9couper avec plaque en acier inoxydable Red Line 220 et 250 sur ErresseShop. Qualit\u00e9, prix r\u00e9duits et achat s\u00e9curis\u00e9 \u2013 commandez d\u00e8s maintenant en ligne !\" \/>\n<meta property=\"og:url\" content=\"https:\/\/www.erresse-shop.it\/fr\/shop\/cuisine\/planches-a-decouper\/berkel-planche-a-decouper-avec-plaque-en-acier-inoxydable-red-line-220-et-250-2\/\" \/>\n<meta property=\"og:site_name\" content=\"Erresse Shop\" \/>\n<meta property=\"article:modified_time\" content=\"2025-01-14T14:14:49+00:00\" \/>\n<meta property=\"og:image\" content=\"https:\/\/www.erresse-shop.it\/wp-content\/uploads\/2022\/04\/BERKEL-Tagliere-Con-Piastra-Inox-Home-Line-220-e-250-3.jpg\" \/>\n\t<meta property=\"og:image:width\" content=\"800\" \/>\n\t<meta property=\"og:image:height\" content=\"800\" \/>\n\t<meta property=\"og:image:type\" content=\"image\/jpeg\" \/>\n<meta name=\"twitter:card\" content=\"summary_large_image\" \/>\n<script type=\"application\/ld+json\" class=\"yoast-schema-graph\">{\"@context\":\"https:\/\/schema.org\",\"@graph\":[{\"@type\":\"WebPage\",\"@id\":\"https:\/\/www.erresse-shop.it\/fr\/shop\/cuisine\/planches-a-decouper\/berkel-planche-a-decouper-avec-plaque-en-acier-inoxydable-red-line-220-et-250-2\/\",\"url\":\"https:\/\/www.erresse-shop.it\/fr\/shop\/cuisine\/planches-a-decouper\/berkel-planche-a-decouper-avec-plaque-en-acier-inoxydable-red-line-220-et-250-2\/\",\"name\":\"BERKEL Planche \u00e0 d\u00e9couper avec plaque en acier inoxydable Red Line 220 et 250\",\"isPartOf\":{\"@id\":\"https:\/\/www.erresse-shop.it\/fr\/#website\"},\"datePublished\":\"2022-04-28T10:05:14+00:00\",\"dateModified\":\"2025-01-14T14:14:49+00:00\",\"description\":\"D\u00e9couvrez BERKEL Planche \u00e0 d\u00e9couper avec plaque en acier inoxydable Red Line 220 et 250 sur ErresseShop. Qualit\u00e9, prix r\u00e9duits et achat s\u00e9curis\u00e9 \u2013 commandez d\u00e8s maintenant en ligne !\",\"breadcrumb\":{\"@id\":\"https:\/\/www.erresse-shop.it\/fr\/shop\/cuisine\/planches-a-decouper\/berkel-planche-a-decouper-avec-plaque-en-acier-inoxydable-red-line-220-et-250-2\/#breadcrumb\"},\"inLanguage\":\"fr-FR\",\"potentialAction\":[{\"@type\":\"ReadAction\",\"target\":[\"https:\/\/www.erresse-shop.it\/fr\/shop\/cuisine\/planches-a-decouper\/berkel-planche-a-decouper-avec-plaque-en-acier-inoxydable-red-line-220-et-250-2\/\"]}]},{\"@type\":\"BreadcrumbList\",\"@id\":\"https:\/\/www.erresse-shop.it\/fr\/shop\/cuisine\/planches-a-decouper\/berkel-planche-a-decouper-avec-plaque-en-acier-inoxydable-red-line-220-et-250-2\/#breadcrumb\",\"itemListElement\":[{\"@type\":\"ListItem\",\"position\":1,\"name\":\"Home\",\"item\":\"https:\/\/www.erresse-shop.it\/fr\/\"},{\"@type\":\"ListItem\",\"position\":2,\"name\":\"Shop\",\"item\":\"https:\/\/www.erresse-shop.it\/fr\/shop\/\"},{\"@type\":\"ListItem\",\"position\":3,\"name\":\"BERKEL Planche \u00e0 d\u00e9couper avec plaque en acier inoxydable Red Line 220 et 250\"}]},{\"@type\":\"WebSite\",\"@id\":\"https:\/\/www.erresse-shop.it\/fr\/#website\",\"url\":\"https:\/\/www.erresse-shop.it\/fr\/\",\"name\":\"Erresse Shop\",\"description\":\"Articoli di qualit\u00e0 per la casa\",\"potentialAction\":[{\"@type\":\"SearchAction\",\"target\":{\"@type\":\"EntryPoint\",\"urlTemplate\":\"https:\/\/www.erresse-shop.it\/fr\/?s={search_term_string}\"},\"query-input\":\"required name=search_term_string\"}],\"inLanguage\":\"fr-FR\"}]}<\/script>\n<!-- \/ Yoast SEO Premium plugin. -->","yoast_head_json":{"title":"BERKEL Planche \u00e0 d\u00e9couper avec plaque en acier inoxydable Red Line 220 et 250","description":"D\u00e9couvrez BERKEL Planche \u00e0 d\u00e9couper avec plaque en acier inoxydable Red Line 220 et 250 sur ErresseShop. Qualit\u00e9, prix r\u00e9duits et achat s\u00e9curis\u00e9 \u2013 commandez d\u00e8s maintenant en ligne !","robots":{"index":"index","follow":"follow","max-snippet":"max-snippet:-1","max-image-preview":"max-image-preview:large","max-video-preview":"max-video-preview:-1"},"canonical":"https:\/\/www.erresse-shop.it\/fr\/shop\/cuisine\/planches-a-decouper\/berkel-planche-a-decouper-avec-plaque-en-acier-inoxydable-red-line-220-et-250-2\/","og_locale":"fr_FR","og_type":"article","og_title":"BERKEL Planche \u00e0 d\u00e9couper avec plaque en acier inoxydable Red Line 220 et 250","og_description":"D\u00e9couvrez BERKEL Planche \u00e0 d\u00e9couper avec plaque en acier inoxydable Red Line 220 et 250 sur ErresseShop. Qualit\u00e9, prix r\u00e9duits et achat s\u00e9curis\u00e9 \u2013 commandez d\u00e8s maintenant en ligne !","og_url":"https:\/\/www.erresse-shop.it\/fr\/shop\/cuisine\/planches-a-decouper\/berkel-planche-a-decouper-avec-plaque-en-acier-inoxydable-red-line-220-et-250-2\/","og_site_name":"Erresse Shop","article_modified_time":"2025-01-14T14:14:49+00:00","og_image":[{"width":800,"height":800,"url":"https:\/\/www.erresse-shop.it\/wp-content\/uploads\/2022\/04\/BERKEL-Tagliere-Con-Piastra-Inox-Home-Line-220-e-250-3.jpg","type":"image\/jpeg"}],"twitter_card":"summary_large_image","schema":{"@context":"https:\/\/schema.org","@graph":[{"@type":"WebPage","@id":"https:\/\/www.erresse-shop.it\/fr\/shop\/cuisine\/planches-a-decouper\/berkel-planche-a-decouper-avec-plaque-en-acier-inoxydable-red-line-220-et-250-2\/","url":"https:\/\/www.erresse-shop.it\/fr\/shop\/cuisine\/planches-a-decouper\/berkel-planche-a-decouper-avec-plaque-en-acier-inoxydable-red-line-220-et-250-2\/","name":"BERKEL Planche \u00e0 d\u00e9couper avec plaque en acier inoxydable Red Line 220 et 250","isPartOf":{"@id":"https:\/\/www.erresse-shop.it\/fr\/#website"},"datePublished":"2022-04-28T10:05:14+00:00","dateModified":"2025-01-14T14:14:49+00:00","description":"D\u00e9couvrez BERKEL Planche \u00e0 d\u00e9couper avec plaque en acier inoxydable Red Line 220 et 250 sur ErresseShop. Qualit\u00e9, prix r\u00e9duits et achat s\u00e9curis\u00e9 \u2013 commandez d\u00e8s maintenant en ligne !","breadcrumb":{"@id":"https:\/\/www.erresse-shop.it\/fr\/shop\/cuisine\/planches-a-decouper\/berkel-planche-a-decouper-avec-plaque-en-acier-inoxydable-red-line-220-et-250-2\/#breadcrumb"},"inLanguage":"fr-FR","potentialAction":[{"@type":"ReadAction","target":["https:\/\/www.erresse-shop.it\/fr\/shop\/cuisine\/planches-a-decouper\/berkel-planche-a-decouper-avec-plaque-en-acier-inoxydable-red-line-220-et-250-2\/"]}]},{"@type":"BreadcrumbList","@id":"https:\/\/www.erresse-shop.it\/fr\/shop\/cuisine\/planches-a-decouper\/berkel-planche-a-decouper-avec-plaque-en-acier-inoxydable-red-line-220-et-250-2\/#breadcrumb","itemListElement":[{"@type":"ListItem","position":1,"name":"Home","item":"https:\/\/www.erresse-shop.it\/fr\/"},{"@type":"ListItem","position":2,"name":"Shop","item":"https:\/\/www.erresse-shop.it\/fr\/shop\/"},{"@type":"ListItem","position":3,"name":"BERKEL Planche \u00e0 d\u00e9couper avec plaque en acier inoxydable Red Line 220 et 250"}]},{"@type":"WebSite","@id":"https:\/\/www.erresse-shop.it\/fr\/#website","url":"https:\/\/www.erresse-shop.it\/fr\/","name":"Erresse Shop","description":"Articoli di qualit\u00e0 per la casa","potentialAction":[{"@type":"SearchAction","target":{"@type":"EntryPoint","urlTemplate":"https:\/\/www.erresse-shop.it\/fr\/?s={search_term_string}"},"query-input":"required name=search_term_string"}],"inLanguage":"fr-FR"}]}},"df_price":64.5,"df_sale_price":64.5,"df_regular_price":129,"df_image_link":"https:\/\/www.erresse-shop.it\/wp-content\/uploads\/2022\/04\/BERKEL-Tagliere-Con-Piastra-Inox-Home-Line-220-e-250-3-300x300.jpg","_links":{"self":[{"href":"https:\/\/www.erresse-shop.it\/fr\/wp-json\/wp\/v2\/product\/155235"}],"collection":[{"href":"https:\/\/www.erresse-shop.it\/fr\/wp-json\/wp\/v2\/product"}],"about":[{"href":"https:\/\/www.erresse-shop.it\/fr\/wp-json\/wp\/v2\/types\/product"}],"wp:featuredmedia":[{"embeddable":true,"href":"https:\/\/www.erresse-shop.it\/fr\/wp-json\/wp\/v2\/media\/162441"}],"wp:attachment":[{"href":"https:\/\/www.erresse-shop.it\/fr\/wp-json\/wp\/v2\/media?parent=155235"}],"wp:term":[{"taxonomy":"product_cat","embeddable":true,"href":"https:\/\/www.erresse-shop.it\/fr\/wp-json\/wp\/v2\/product_cat?post=155235"},{"taxonomy":"product_tag","embeddable":true,"href":"https:\/\/www.erresse-shop.it\/fr\/wp-json\/wp\/v2\/product_tag?post=155235"}],"curies":[{"name":"wp","href":"https:\/\/api.w.org\/{rel}","templated":true}]}}