{"id":155079,"date":"2022-04-28T07:55:46","date_gmt":"2022-04-28T07:55:50","guid":{"rendered":"https:\/\/www.erresse-shop.it\/?post_type=product&#038;p=155079"},"modified":"2025-04-16T06:23:45","modified_gmt":"2025-04-16T06:23:45","slug":"berkel-volant-dinertie-b3-tribute-b114-bs300-rouge","status":"publish","type":"product","link":"https:\/\/www.erresse-shop.it\/fr\/shop\/petits-electromenagers\/trancheuses\/berkel-volant-dinertie-b3-tribute-b114-bs300-rouge\/","title":{"rendered":"BERKEL Volant d&#8217;inertie B3 \/ TRIBUTE \/ B114 \/ BS300 Rouge"},"content":{"rendered":"<p><strong>LA BEAUT\u00c9 M\u00c9RITE UN PI\u00c9DESTAL.<\/strong><\/p>\n<p>Un \u00e9l\u00e9ment raffin\u00e9 qui met en valeur toute l&#8217;\u00e9l\u00e9gance de l&#8217;historique trancheuse \u00e0 volant.<\/p>\n<p>La couleur du pi\u00e9destal est assortie \u00e0 la couleur de la trancheuse choisie. Certains d\u00e9tails peuvent diff\u00e9rer de ceux pr\u00e9sent\u00e9s sur la photo.<\/p>\n<p>Avec ce pi\u00e9destal pour les trancheurs \u00e0 volant B3, Tribute et B114, vous pouvez agr\u00e9menter votre mod\u00e8le d&#8217;un \u00e9l\u00e9ment raffin\u00e9. Le pi\u00e9destal, disponible en rouge, met en valeur toute l&#8217;\u00e9l\u00e9gance de l&#8217;historique trancheuse \u00e0 volant.<\/p>\n<p><strong>FICHE TECHNIQUE<\/strong><\/p>\n<p>Hauteur 780\u00a0mm<br \/>\nProfondeur 580\u00a0mm<br \/>\nLargeur 580\u00a0mm<br \/>\nPoids 45\u00a0kg<\/p>\n<p>Non compatible avec B3, B114, TRIBUTE dans les anciennes versions B300-0001, 01-9129-330, TRIBUTE115 hors production<\/p>\n<p><span style=\"text-decoration: underline;\"><strong>Ne peut \u00eatre vendu en dehors de l&#8217;Europe<\/strong><\/span><\/p>\n","protected":false},"excerpt":{"rendered":"<p>LA BEAUT\u00c9 M\u00c9RITE UN PI\u00c9DESTAL. Un \u00e9l\u00e9ment raffin\u00e9 qui met en valeur toute l&#8217;\u00e9l\u00e9gance de l&#8217;historique trancheuse \u00e0 volant. La<\/p>\n","protected":false},"featured_media":162323,"template":"","meta":{"_acf_changed":false,"inline_featured_image":false},"product_cat":[12449,17347],"product_tag":[17288,12856,19128],"acf":[],"yoast_head":"<!-- This site is optimized with the Yoast SEO Premium plugin v18.6 (Yoast SEO v19.13) - https:\/\/yoast.com\/wordpress\/plugins\/seo\/ -->\n<title>BERKEL Volant d&#039;inertie B3 \/ TRIBUTE \/ B114 \/ BS300 Rouge<\/title>\n<meta name=\"description\" content=\"D\u00e9couvrez BERKEL Volant d&#039;inertie B3 \/ TRIBUTE \/ B114 \/ BS300 Rouge sur ErresseShop. Qualit\u00e9, prix r\u00e9duits et achat s\u00e9curis\u00e9 \u2013 commandez d\u00e8s maintenant en ligne !\" \/>\n<meta name=\"robots\" content=\"index, follow, max-snippet:-1, max-image-preview:large, max-video-preview:-1\" \/>\n<link rel=\"canonical\" href=\"https:\/\/www.erresse-shop.it\/fr\/shop\/petits-electromenagers\/trancheuses\/berkel-volant-dinertie-b3-tribute-b114-bs300-rouge\/\" \/>\n<meta property=\"og:locale\" content=\"fr_FR\" \/>\n<meta property=\"og:type\" content=\"article\" \/>\n<meta property=\"og:title\" content=\"BERKEL Volant d&#039;inertie B3 \/ TRIBUTE \/ B114 \/ BS300 Rouge\" \/>\n<meta property=\"og:description\" content=\"D\u00e9couvrez BERKEL Volant d&#039;inertie B3 \/ TRIBUTE \/ B114 \/ BS300 Rouge sur ErresseShop. Qualit\u00e9, prix r\u00e9duits et achat s\u00e9curis\u00e9 \u2013 commandez d\u00e8s maintenant en ligne !\" \/>\n<meta property=\"og:url\" content=\"https:\/\/www.erresse-shop.it\/fr\/shop\/petits-electromenagers\/trancheuses\/berkel-volant-dinertie-b3-tribute-b114-bs300-rouge\/\" \/>\n<meta property=\"og:site_name\" content=\"Erresse Shop\" \/>\n<meta property=\"article:modified_time\" content=\"2025-04-16T06:23:45+00:00\" \/>\n<meta property=\"og:image\" content=\"https:\/\/www.erresse-shop.it\/wp-content\/uploads\/2021\/11\/BERKEL-Piedistallo-B3-Tribute-B114-BS300-Rosso.jpg\" \/>\n\t<meta property=\"og:image:width\" content=\"800\" \/>\n\t<meta property=\"og:image:height\" content=\"800\" \/>\n\t<meta property=\"og:image:type\" content=\"image\/jpeg\" \/>\n<meta name=\"twitter:card\" content=\"summary_large_image\" \/>\n<script type=\"application\/ld+json\" class=\"yoast-schema-graph\">{\"@context\":\"https:\/\/schema.org\",\"@graph\":[{\"@type\":\"WebPage\",\"@id\":\"https:\/\/www.erresse-shop.it\/fr\/shop\/petits-electromenagers\/trancheuses\/berkel-volant-dinertie-b3-tribute-b114-bs300-rouge\/\",\"url\":\"https:\/\/www.erresse-shop.it\/fr\/shop\/petits-electromenagers\/trancheuses\/berkel-volant-dinertie-b3-tribute-b114-bs300-rouge\/\",\"name\":\"BERKEL Volant d'inertie B3 \/ TRIBUTE \/ B114 \/ BS300 Rouge\",\"isPartOf\":{\"@id\":\"https:\/\/www.erresse-shop.it\/fr\/#website\"},\"datePublished\":\"2022-04-28T07:55:50+00:00\",\"dateModified\":\"2025-04-16T06:23:45+00:00\",\"description\":\"D\u00e9couvrez BERKEL Volant d'inertie B3 \/ TRIBUTE \/ B114 \/ BS300 Rouge sur ErresseShop. Qualit\u00e9, prix r\u00e9duits et achat s\u00e9curis\u00e9 \u2013 commandez d\u00e8s maintenant en ligne !\",\"breadcrumb\":{\"@id\":\"https:\/\/www.erresse-shop.it\/fr\/shop\/petits-electromenagers\/trancheuses\/berkel-volant-dinertie-b3-tribute-b114-bs300-rouge\/#breadcrumb\"},\"inLanguage\":\"fr-FR\",\"potentialAction\":[{\"@type\":\"ReadAction\",\"target\":[\"https:\/\/www.erresse-shop.it\/fr\/shop\/petits-electromenagers\/trancheuses\/berkel-volant-dinertie-b3-tribute-b114-bs300-rouge\/\"]}]},{\"@type\":\"BreadcrumbList\",\"@id\":\"https:\/\/www.erresse-shop.it\/fr\/shop\/petits-electromenagers\/trancheuses\/berkel-volant-dinertie-b3-tribute-b114-bs300-rouge\/#breadcrumb\",\"itemListElement\":[{\"@type\":\"ListItem\",\"position\":1,\"name\":\"Home\",\"item\":\"https:\/\/www.erresse-shop.it\/fr\/\"},{\"@type\":\"ListItem\",\"position\":2,\"name\":\"Shop\",\"item\":\"https:\/\/www.erresse-shop.it\/fr\/shop\/\"},{\"@type\":\"ListItem\",\"position\":3,\"name\":\"BERKEL Volant d&#8217;inertie B3 \/ TRIBUTE \/ B114 \/ BS300 Rouge\"}]},{\"@type\":\"WebSite\",\"@id\":\"https:\/\/www.erresse-shop.it\/fr\/#website\",\"url\":\"https:\/\/www.erresse-shop.it\/fr\/\",\"name\":\"Erresse Shop\",\"description\":\"Articoli di qualit\u00e0 per la casa\",\"potentialAction\":[{\"@type\":\"SearchAction\",\"target\":{\"@type\":\"EntryPoint\",\"urlTemplate\":\"https:\/\/www.erresse-shop.it\/fr\/?s={search_term_string}\"},\"query-input\":\"required name=search_term_string\"}],\"inLanguage\":\"fr-FR\"}]}<\/script>\n<!-- \/ Yoast SEO Premium plugin. -->","yoast_head_json":{"title":"BERKEL Volant d'inertie B3 \/ TRIBUTE \/ B114 \/ BS300 Rouge","description":"D\u00e9couvrez BERKEL Volant d'inertie B3 \/ TRIBUTE \/ B114 \/ BS300 Rouge sur ErresseShop. Qualit\u00e9, prix r\u00e9duits et achat s\u00e9curis\u00e9 \u2013 commandez d\u00e8s maintenant en ligne !","robots":{"index":"index","follow":"follow","max-snippet":"max-snippet:-1","max-image-preview":"max-image-preview:large","max-video-preview":"max-video-preview:-1"},"canonical":"https:\/\/www.erresse-shop.it\/fr\/shop\/petits-electromenagers\/trancheuses\/berkel-volant-dinertie-b3-tribute-b114-bs300-rouge\/","og_locale":"fr_FR","og_type":"article","og_title":"BERKEL Volant d'inertie B3 \/ TRIBUTE \/ B114 \/ BS300 Rouge","og_description":"D\u00e9couvrez BERKEL Volant d'inertie B3 \/ TRIBUTE \/ B114 \/ BS300 Rouge sur ErresseShop. Qualit\u00e9, prix r\u00e9duits et achat s\u00e9curis\u00e9 \u2013 commandez d\u00e8s maintenant en ligne !","og_url":"https:\/\/www.erresse-shop.it\/fr\/shop\/petits-electromenagers\/trancheuses\/berkel-volant-dinertie-b3-tribute-b114-bs300-rouge\/","og_site_name":"Erresse Shop","article_modified_time":"2025-04-16T06:23:45+00:00","og_image":[{"width":800,"height":800,"url":"https:\/\/www.erresse-shop.it\/wp-content\/uploads\/2021\/11\/BERKEL-Piedistallo-B3-Tribute-B114-BS300-Rosso.jpg","type":"image\/jpeg"}],"twitter_card":"summary_large_image","schema":{"@context":"https:\/\/schema.org","@graph":[{"@type":"WebPage","@id":"https:\/\/www.erresse-shop.it\/fr\/shop\/petits-electromenagers\/trancheuses\/berkel-volant-dinertie-b3-tribute-b114-bs300-rouge\/","url":"https:\/\/www.erresse-shop.it\/fr\/shop\/petits-electromenagers\/trancheuses\/berkel-volant-dinertie-b3-tribute-b114-bs300-rouge\/","name":"BERKEL Volant d'inertie B3 \/ TRIBUTE \/ B114 \/ BS300 Rouge","isPartOf":{"@id":"https:\/\/www.erresse-shop.it\/fr\/#website"},"datePublished":"2022-04-28T07:55:50+00:00","dateModified":"2025-04-16T06:23:45+00:00","description":"D\u00e9couvrez BERKEL Volant d'inertie B3 \/ TRIBUTE \/ B114 \/ BS300 Rouge sur ErresseShop. Qualit\u00e9, prix r\u00e9duits et achat s\u00e9curis\u00e9 \u2013 commandez d\u00e8s maintenant en ligne !","breadcrumb":{"@id":"https:\/\/www.erresse-shop.it\/fr\/shop\/petits-electromenagers\/trancheuses\/berkel-volant-dinertie-b3-tribute-b114-bs300-rouge\/#breadcrumb"},"inLanguage":"fr-FR","potentialAction":[{"@type":"ReadAction","target":["https:\/\/www.erresse-shop.it\/fr\/shop\/petits-electromenagers\/trancheuses\/berkel-volant-dinertie-b3-tribute-b114-bs300-rouge\/"]}]},{"@type":"BreadcrumbList","@id":"https:\/\/www.erresse-shop.it\/fr\/shop\/petits-electromenagers\/trancheuses\/berkel-volant-dinertie-b3-tribute-b114-bs300-rouge\/#breadcrumb","itemListElement":[{"@type":"ListItem","position":1,"name":"Home","item":"https:\/\/www.erresse-shop.it\/fr\/"},{"@type":"ListItem","position":2,"name":"Shop","item":"https:\/\/www.erresse-shop.it\/fr\/shop\/"},{"@type":"ListItem","position":3,"name":"BERKEL Volant d&#8217;inertie B3 \/ TRIBUTE \/ B114 \/ BS300 Rouge"}]},{"@type":"WebSite","@id":"https:\/\/www.erresse-shop.it\/fr\/#website","url":"https:\/\/www.erresse-shop.it\/fr\/","name":"Erresse Shop","description":"Articoli di qualit\u00e0 per la casa","potentialAction":[{"@type":"SearchAction","target":{"@type":"EntryPoint","urlTemplate":"https:\/\/www.erresse-shop.it\/fr\/?s={search_term_string}"},"query-input":"required name=search_term_string"}],"inLanguage":"fr-FR"}]}},"df_price":879.5,"df_sale_price":879.5,"df_regular_price":1759,"df_image_link":"https:\/\/www.erresse-shop.it\/wp-content\/uploads\/2021\/11\/BERKEL-Piedistallo-B3-Tribute-B114-BS300-Rosso-300x300.jpg","_links":{"self":[{"href":"https:\/\/www.erresse-shop.it\/fr\/wp-json\/wp\/v2\/product\/155079"}],"collection":[{"href":"https:\/\/www.erresse-shop.it\/fr\/wp-json\/wp\/v2\/product"}],"about":[{"href":"https:\/\/www.erresse-shop.it\/fr\/wp-json\/wp\/v2\/types\/product"}],"wp:featuredmedia":[{"embeddable":true,"href":"https:\/\/www.erresse-shop.it\/fr\/wp-json\/wp\/v2\/media\/162323"}],"wp:attachment":[{"href":"https:\/\/www.erresse-shop.it\/fr\/wp-json\/wp\/v2\/media?parent=155079"}],"wp:term":[{"taxonomy":"product_cat","embeddable":true,"href":"https:\/\/www.erresse-shop.it\/fr\/wp-json\/wp\/v2\/product_cat?post=155079"},{"taxonomy":"product_tag","embeddable":true,"href":"https:\/\/www.erresse-shop.it\/fr\/wp-json\/wp\/v2\/product_tag?post=155079"}],"curies":[{"name":"wp","href":"https:\/\/api.w.org\/{rel}","templated":true}]}}