{"id":154863,"date":"2022-04-27T14:06:44","date_gmt":"2022-04-27T14:07:22","guid":{"rendered":"https:\/\/www.erresse-shop.it\/?post_type=product&#038;p=154863"},"modified":"2025-01-14T14:14:59","modified_gmt":"2025-01-14T14:14:59","slug":"berkel-tribute-red-trancheur-de-volant-dinertie","status":"publish","type":"product","link":"https:\/\/www.erresse-shop.it\/fr\/shop\/petits-electromenagers\/trancheuses\/berkel-tribute-red-trancheur-de-volant-dinertie\/","title":{"rendered":"BERKEL Tribute Red trancheur de volant d&#8217;inertie"},"content":{"rendered":"<p>Le Berkel Tribute est un trancheur manuel \u00e0 volant d&#8217;inertie, une r\u00e9\u00e9dition de l&#8217;historique Berkel mod\u00e8le B des ann\u00e9es 1920, autrefois fabriqu\u00e9 en Indiana (USA). Ce trancheur \u00e0 volant, \u00e9quip\u00e9 de d\u00e9tails en acier inoxydable chrom\u00e9 et d&#8217;une \u00e9tiquette NFC pour le certificat d&#8217;authenticit\u00e9, est disponible en rouge et est un hommage \u00e0 la tradition et \u00e0 l&#8217;\u00e9l\u00e9gance qui rencontrent les derni\u00e8res technologies. Id\u00e9al pour ceux qui ont besoin d&#8217;un produit adapt\u00e9 \u00e0 un usage intensif, aussi bien pour la restauration que pour la maison, ce mod\u00e8le de trancheuse avec une lame de 300 mm de diam\u00e8tre et un aiguiseur int\u00e9gr\u00e9 permet d&#8217;obtenir une coupe uniforme et professionnelle de la charcuterie, sans sacrifier un design pr\u00e9cieux.<\/p>\n<p><strong>PERFORMANCE<\/strong><\/p>\n<ul>\n<li>Structure du bo\u00eetier en alliage sp\u00e9cial d&#8217;aluminium et acier inoxydable et pieds en caoutchouc pour une stabilit\u00e9 maximale pendant l&#8217;utilisation.<\/li>\n<li>Les pieds peuvent \u00eatre mont\u00e9s dans diff\u00e9rentes configurations<\/li>\n<li>Lame de 300 mm en acier chrom\u00e9 100cr6 avec profil professionnel : r\u00e9duit les d\u00e9chets et assure des tranches r\u00e9guli\u00e8res.<\/li>\n<li>Syst\u00e8me d&#8217;alimentation rapide et bouton de r\u00e9glage millim\u00e9trique de la plaque pour un positionnement parfait du produit.<\/li>\n<li>Conception classique de la tour Berkel, construction solide et \u00e9l\u00e9gance combin\u00e9es.<\/li>\n<li>D\u00e9corations de couleur or sur toutes les parties peintes<\/li>\n<li>Volant d&#8217;inertie Berkel classique \u00e0 profil carr\u00e9 et \u00e9quilibr\u00e9 int\u00e9rieurement pour bloquer la rotation dans n&#8217;importe quelle position.<\/li>\n<li>Aff\u00fbteur amovible d\u00e9j\u00e0 inclus avec syst\u00e8me d&#8217;aff\u00fbtage en deux \u00e9tapes pour une pr\u00e9cision maximale<\/li>\n<li>Bouton de r\u00e9glage de l&#8217;\u00e9paisseur de la tranche avec 11 positions qui permettent de r\u00e9gler l&#8217;\u00e9paisseur de la tranche entre 0 mm et 1,5 mm<\/li>\n<li>\u00c9paisseur minimale de la derni\u00e8re tranche pour minimiser le gaspillage de produit<\/li>\n<li>Grand protecteur de tranches en acier avec crochet facile pour faciliter le d\u00e9tachement des tranches<\/li>\n<li>TAG NFC non amovible dans le bo\u00eetier pour garantir l&#8217;originalit\u00e9<\/li>\n<\/ul>\n<p><strong>NETTOYAGE ET HYGI\u00c8NE<\/strong><\/p>\n<ul>\n<li>Plaque et sous-plaque en acier inoxydable professionnel avec syst\u00e8me de d\u00e9verrouillage pour un nettoyage maximal<\/li>\n<li>Poussoir assist\u00e9 en acier chrom\u00e9 pour un blocage optimal du produit<\/li>\n<li>Espace de nettoyage g\u00e9n\u00e9reux et r\u00e9ceptacle \u00e0 d\u00e9chets arri\u00e8re<\/li>\n<li>Syst\u00e8me de retrait rapide du rabat pour un nettoyage facile<\/li>\n<li>Gants en acier inoxydable amovibles et lavables au lave-vaisselle<\/li>\n<\/ul>\n<p><strong>S\u00c9CURIT\u00c9<\/strong><\/p>\n<ul>\n<li>Anneau de protection totale de la lame en acier chrom\u00e9<\/li>\n<li>Syst\u00e8me de d\u00e9verrouillage manuel de l&#8217;anneau de protection de la lame pour un fonctionnement s\u00fbr<\/li>\n<li>Commandes ergonomiques en aluminium anodis\u00e9 noir pour faciliter la prise en main et minimiser l&#8217;effort de l&#8217;op\u00e9rateur.<\/li>\n<\/ul>\n<p><strong>SP\u00c9CIFICATIONS TECHNIQUES<\/strong><br \/>\nPoids 52 kg<br \/>\nHauteur [B] 700 mm<br \/>\nProfondeur [C] 805 mm<br \/>\nLargeur [A] 670 mm<br \/>\nDiam\u00e8tre de la lame 300 mm<br \/>\nMat\u00e9riau de la lame de tranchage 100Cr6<br \/>\n\u00c9paisseur de coupe 0 &#8211; 1,5 mm<br \/>\nCapacit\u00e9 de coupe (circulaire) 210 mm<br \/>\nCapacit\u00e9 de coupe (rectangulaire) 270&#215;210 mm<br \/>\nD\u00e9tails : M\u00e9canisme \u00e0 vis pour le mouvement de la garde de la lame ; D\u00e9coration et signature en berkel peint.<br \/>\nPi\u00e8ces amovibles : prot\u00e8ge-lame, bo\u00eete \u00e0 gants, plaque de recouvrement.<br \/>\nAiguisoir : inclus, deux mouvements<\/p>\n<p><span style=\"text-decoration: underline;\"><strong>Ne peut \u00eatre vendu en dehors de l&#8217;Europe<\/strong><\/span><\/p>\n","protected":false},"excerpt":{"rendered":"<p>Le Berkel Tribute est un trancheur manuel \u00e0 volant d&#8217;inertie, une r\u00e9\u00e9dition de l&#8217;historique Berkel mod\u00e8le B des ann\u00e9es 1920,<\/p>\n","protected":false},"featured_media":162275,"template":"","meta":{"_acf_changed":false,"inline_featured_image":false},"product_cat":[12449,17347],"product_tag":[17352,17288,24680,12856,19128,17353],"acf":[],"yoast_head":"<!-- This site is optimized with the Yoast SEO Premium plugin v18.6 (Yoast SEO v19.13) - https:\/\/yoast.com\/wordpress\/plugins\/seo\/ -->\n<title>BERKEL Tribute Red trancheur de volant d&#039;inertie<\/title>\n<meta name=\"description\" content=\"D\u00e9couvrez BERKEL Tribute Red trancheur de volant d&#039;inertie sur ErresseShop. Qualit\u00e9, prix r\u00e9duits et achat s\u00e9curis\u00e9 \u2013 commandez d\u00e8s maintenant en ligne !\" \/>\n<meta name=\"robots\" content=\"index, follow, max-snippet:-1, max-image-preview:large, max-video-preview:-1\" \/>\n<link rel=\"canonical\" href=\"https:\/\/www.erresse-shop.it\/fr\/shop\/petits-electromenagers\/trancheuses\/berkel-tribute-red-trancheur-de-volant-dinertie\/\" \/>\n<meta property=\"og:locale\" content=\"fr_FR\" \/>\n<meta property=\"og:type\" content=\"article\" \/>\n<meta property=\"og:title\" content=\"BERKEL Tribute Red trancheur de volant d&#039;inertie\" \/>\n<meta property=\"og:description\" content=\"D\u00e9couvrez BERKEL Tribute Red trancheur de volant d&#039;inertie sur ErresseShop. Qualit\u00e9, prix r\u00e9duits et achat s\u00e9curis\u00e9 \u2013 commandez d\u00e8s maintenant en ligne !\" \/>\n<meta property=\"og:url\" content=\"https:\/\/www.erresse-shop.it\/fr\/shop\/petits-electromenagers\/trancheuses\/berkel-tribute-red-trancheur-de-volant-dinertie\/\" \/>\n<meta property=\"og:site_name\" content=\"Erresse Shop\" \/>\n<meta property=\"article:modified_time\" content=\"2025-01-14T14:14:59+00:00\" \/>\n<meta property=\"og:image\" content=\"https:\/\/www.erresse-shop.it\/wp-content\/uploads\/2021\/11\/BERKEL-Affettatrice-Volano-Tribute-Rosso-1.jpg\" \/>\n\t<meta property=\"og:image:width\" content=\"800\" \/>\n\t<meta property=\"og:image:height\" content=\"800\" \/>\n\t<meta property=\"og:image:type\" content=\"image\/jpeg\" \/>\n<meta name=\"twitter:card\" content=\"summary_large_image\" \/>\n<script type=\"application\/ld+json\" class=\"yoast-schema-graph\">{\"@context\":\"https:\/\/schema.org\",\"@graph\":[{\"@type\":\"WebPage\",\"@id\":\"https:\/\/www.erresse-shop.it\/fr\/shop\/petits-electromenagers\/trancheuses\/berkel-tribute-red-trancheur-de-volant-dinertie\/\",\"url\":\"https:\/\/www.erresse-shop.it\/fr\/shop\/petits-electromenagers\/trancheuses\/berkel-tribute-red-trancheur-de-volant-dinertie\/\",\"name\":\"BERKEL Tribute Red trancheur de volant d'inertie\",\"isPartOf\":{\"@id\":\"https:\/\/www.erresse-shop.it\/fr\/#website\"},\"datePublished\":\"2022-04-27T14:07:22+00:00\",\"dateModified\":\"2025-01-14T14:14:59+00:00\",\"description\":\"D\u00e9couvrez BERKEL Tribute Red trancheur de volant d'inertie sur ErresseShop. Qualit\u00e9, prix r\u00e9duits et achat s\u00e9curis\u00e9 \u2013 commandez d\u00e8s maintenant en ligne !\",\"breadcrumb\":{\"@id\":\"https:\/\/www.erresse-shop.it\/fr\/shop\/petits-electromenagers\/trancheuses\/berkel-tribute-red-trancheur-de-volant-dinertie\/#breadcrumb\"},\"inLanguage\":\"fr-FR\",\"potentialAction\":[{\"@type\":\"ReadAction\",\"target\":[\"https:\/\/www.erresse-shop.it\/fr\/shop\/petits-electromenagers\/trancheuses\/berkel-tribute-red-trancheur-de-volant-dinertie\/\"]}]},{\"@type\":\"BreadcrumbList\",\"@id\":\"https:\/\/www.erresse-shop.it\/fr\/shop\/petits-electromenagers\/trancheuses\/berkel-tribute-red-trancheur-de-volant-dinertie\/#breadcrumb\",\"itemListElement\":[{\"@type\":\"ListItem\",\"position\":1,\"name\":\"Home\",\"item\":\"https:\/\/www.erresse-shop.it\/fr\/\"},{\"@type\":\"ListItem\",\"position\":2,\"name\":\"Shop\",\"item\":\"https:\/\/www.erresse-shop.it\/fr\/shop\/\"},{\"@type\":\"ListItem\",\"position\":3,\"name\":\"BERKEL Tribute Red trancheur de volant d&#8217;inertie\"}]},{\"@type\":\"WebSite\",\"@id\":\"https:\/\/www.erresse-shop.it\/fr\/#website\",\"url\":\"https:\/\/www.erresse-shop.it\/fr\/\",\"name\":\"Erresse Shop\",\"description\":\"Articoli di qualit\u00e0 per la casa\",\"potentialAction\":[{\"@type\":\"SearchAction\",\"target\":{\"@type\":\"EntryPoint\",\"urlTemplate\":\"https:\/\/www.erresse-shop.it\/fr\/?s={search_term_string}\"},\"query-input\":\"required name=search_term_string\"}],\"inLanguage\":\"fr-FR\"}]}<\/script>\n<!-- \/ Yoast SEO Premium plugin. -->","yoast_head_json":{"title":"BERKEL Tribute Red trancheur de volant d'inertie","description":"D\u00e9couvrez BERKEL Tribute Red trancheur de volant d'inertie sur ErresseShop. Qualit\u00e9, prix r\u00e9duits et achat s\u00e9curis\u00e9 \u2013 commandez d\u00e8s maintenant en ligne !","robots":{"index":"index","follow":"follow","max-snippet":"max-snippet:-1","max-image-preview":"max-image-preview:large","max-video-preview":"max-video-preview:-1"},"canonical":"https:\/\/www.erresse-shop.it\/fr\/shop\/petits-electromenagers\/trancheuses\/berkel-tribute-red-trancheur-de-volant-dinertie\/","og_locale":"fr_FR","og_type":"article","og_title":"BERKEL Tribute Red trancheur de volant d'inertie","og_description":"D\u00e9couvrez BERKEL Tribute Red trancheur de volant d'inertie sur ErresseShop. Qualit\u00e9, prix r\u00e9duits et achat s\u00e9curis\u00e9 \u2013 commandez d\u00e8s maintenant en ligne !","og_url":"https:\/\/www.erresse-shop.it\/fr\/shop\/petits-electromenagers\/trancheuses\/berkel-tribute-red-trancheur-de-volant-dinertie\/","og_site_name":"Erresse Shop","article_modified_time":"2025-01-14T14:14:59+00:00","og_image":[{"width":800,"height":800,"url":"https:\/\/www.erresse-shop.it\/wp-content\/uploads\/2021\/11\/BERKEL-Affettatrice-Volano-Tribute-Rosso-1.jpg","type":"image\/jpeg"}],"twitter_card":"summary_large_image","schema":{"@context":"https:\/\/schema.org","@graph":[{"@type":"WebPage","@id":"https:\/\/www.erresse-shop.it\/fr\/shop\/petits-electromenagers\/trancheuses\/berkel-tribute-red-trancheur-de-volant-dinertie\/","url":"https:\/\/www.erresse-shop.it\/fr\/shop\/petits-electromenagers\/trancheuses\/berkel-tribute-red-trancheur-de-volant-dinertie\/","name":"BERKEL Tribute Red trancheur de volant d'inertie","isPartOf":{"@id":"https:\/\/www.erresse-shop.it\/fr\/#website"},"datePublished":"2022-04-27T14:07:22+00:00","dateModified":"2025-01-14T14:14:59+00:00","description":"D\u00e9couvrez BERKEL Tribute Red trancheur de volant d'inertie sur ErresseShop. Qualit\u00e9, prix r\u00e9duits et achat s\u00e9curis\u00e9 \u2013 commandez d\u00e8s maintenant en ligne !","breadcrumb":{"@id":"https:\/\/www.erresse-shop.it\/fr\/shop\/petits-electromenagers\/trancheuses\/berkel-tribute-red-trancheur-de-volant-dinertie\/#breadcrumb"},"inLanguage":"fr-FR","potentialAction":[{"@type":"ReadAction","target":["https:\/\/www.erresse-shop.it\/fr\/shop\/petits-electromenagers\/trancheuses\/berkel-tribute-red-trancheur-de-volant-dinertie\/"]}]},{"@type":"BreadcrumbList","@id":"https:\/\/www.erresse-shop.it\/fr\/shop\/petits-electromenagers\/trancheuses\/berkel-tribute-red-trancheur-de-volant-dinertie\/#breadcrumb","itemListElement":[{"@type":"ListItem","position":1,"name":"Home","item":"https:\/\/www.erresse-shop.it\/fr\/"},{"@type":"ListItem","position":2,"name":"Shop","item":"https:\/\/www.erresse-shop.it\/fr\/shop\/"},{"@type":"ListItem","position":3,"name":"BERKEL Tribute Red trancheur de volant d&#8217;inertie"}]},{"@type":"WebSite","@id":"https:\/\/www.erresse-shop.it\/fr\/#website","url":"https:\/\/www.erresse-shop.it\/fr\/","name":"Erresse Shop","description":"Articoli di qualit\u00e0 per la casa","potentialAction":[{"@type":"SearchAction","target":{"@type":"EntryPoint","urlTemplate":"https:\/\/www.erresse-shop.it\/fr\/?s={search_term_string}"},"query-input":"required name=search_term_string"}],"inLanguage":"fr-FR"}]}},"df_price":4409.5,"df_sale_price":4409.5,"df_regular_price":8819,"df_image_link":"https:\/\/www.erresse-shop.it\/wp-content\/uploads\/2021\/11\/BERKEL-Affettatrice-Volano-Tribute-Rosso-1-300x300.jpg","_links":{"self":[{"href":"https:\/\/www.erresse-shop.it\/fr\/wp-json\/wp\/v2\/product\/154863"}],"collection":[{"href":"https:\/\/www.erresse-shop.it\/fr\/wp-json\/wp\/v2\/product"}],"about":[{"href":"https:\/\/www.erresse-shop.it\/fr\/wp-json\/wp\/v2\/types\/product"}],"wp:featuredmedia":[{"embeddable":true,"href":"https:\/\/www.erresse-shop.it\/fr\/wp-json\/wp\/v2\/media\/162275"}],"wp:attachment":[{"href":"https:\/\/www.erresse-shop.it\/fr\/wp-json\/wp\/v2\/media?parent=154863"}],"wp:term":[{"taxonomy":"product_cat","embeddable":true,"href":"https:\/\/www.erresse-shop.it\/fr\/wp-json\/wp\/v2\/product_cat?post=154863"},{"taxonomy":"product_tag","embeddable":true,"href":"https:\/\/www.erresse-shop.it\/fr\/wp-json\/wp\/v2\/product_tag?post=154863"}],"curies":[{"name":"wp","href":"https:\/\/api.w.org\/{rel}","templated":true}]}}