{"id":151045,"date":"2022-04-11T13:30:12","date_gmt":"2022-04-11T13:30:14","guid":{"rendered":"https:\/\/www.erresse-shop.it\/?post_type=product&#038;p=151045"},"modified":"2023-07-31T00:11:01","modified_gmt":"2023-07-31T00:11:01","slug":"seletti-toiletpaper-chaise-longue-pliante-serpents","status":"publish","type":"product","link":"https:\/\/www.erresse-shop.it\/fr\/shop\/ameublement-maison\/chaises-et-fauteuils\/seletti-toiletpaper-chaise-longue-pliante-serpents\/","title":{"rendered":"SELETTI Toiletpaper Chaise longue pliante Serpents"},"content":{"rendered":"<p>Asseyez-vous, prenez votre magazine pr\u00e9f\u00e9r\u00e9 et sirotez votre boisson comme si personne ne vous regardait. Sur les nouvelles chaises longues, vous aurez toujours l&#8217;impression d&#8217;\u00eatre en vacances.<\/p>\n<p>Fabriqu\u00e9 dans l&#8217;UE<br \/>\nR\u00e9sistant aux UV<br \/>\nBois de h\u00eatre de haute qualit\u00e9<br \/>\nDimensions : ferm\u00e9 122 x 58 x 4 cm \/ ouverture maximale 87 x 58 x h. 81 cm<\/p>\n","protected":false},"excerpt":{"rendered":"<p>Asseyez-vous, prenez votre magazine pr\u00e9f\u00e9r\u00e9 et sirotez votre boisson comme si personne ne vous regardait. Sur les nouvelles chaises longues,<\/p>\n","protected":false},"featured_media":151051,"template":"","meta":{"_acf_changed":false,"inline_featured_image":false},"product_cat":[12738,14437],"product_tag":[21775,25021,24603,13102],"acf":[],"yoast_head":"<!-- This site is optimized with the Yoast SEO Premium plugin v18.6 (Yoast SEO v19.13) - https:\/\/yoast.com\/wordpress\/plugins\/seo\/ -->\n<title>SELETTI Toiletpaper Chaise longue pliante Serpents - Erresse Shop<\/title>\n<meta name=\"description\" content=\"Asseyez-vous, prenez votre magazine pr\u00e9f\u00e9r\u00e9 et sirotez votre boisson comme si personne ne vous regardait. Sur les nouvelles chaises longues, vous aurez\" \/>\n<meta name=\"robots\" content=\"index, follow, max-snippet:-1, max-image-preview:large, max-video-preview:-1\" \/>\n<link rel=\"canonical\" href=\"https:\/\/www.erresse-shop.it\/fr\/shop\/ameublement-maison\/chaises-et-fauteuils\/seletti-toiletpaper-chaise-longue-pliante-serpents\/\" \/>\n<meta property=\"og:locale\" content=\"fr_FR\" \/>\n<meta property=\"og:type\" content=\"article\" \/>\n<meta property=\"og:title\" content=\"SELETTI Toiletpaper Chaise longue pliante Serpents\" \/>\n<meta property=\"og:description\" content=\"Asseyez-vous, prenez votre magazine pr\u00e9f\u00e9r\u00e9 et sirotez votre boisson comme si personne ne vous regardait. Sur les nouvelles chaises longues, vous aurez\" \/>\n<meta property=\"og:url\" content=\"https:\/\/www.erresse-shop.it\/fr\/shop\/ameublement-maison\/chaises-et-fauteuils\/seletti-toiletpaper-chaise-longue-pliante-serpents\/\" \/>\n<meta property=\"og:site_name\" content=\"Erresse Shop\" \/>\n<meta property=\"article:modified_time\" content=\"2023-07-31T00:11:01+00:00\" \/>\n<meta property=\"og:image\" content=\"https:\/\/www.erresse-shop.it\/wp-content\/uploads\/2022\/04\/Seletti-toiletpaper-sdraio-snakes.jpg\" \/>\n\t<meta property=\"og:image:width\" content=\"1000\" \/>\n\t<meta property=\"og:image:height\" content=\"1000\" \/>\n\t<meta property=\"og:image:type\" content=\"image\/jpeg\" \/>\n<meta name=\"twitter:card\" content=\"summary_large_image\" \/>\n<script type=\"application\/ld+json\" class=\"yoast-schema-graph\">{\"@context\":\"https:\/\/schema.org\",\"@graph\":[{\"@type\":\"WebPage\",\"@id\":\"https:\/\/www.erresse-shop.it\/fr\/shop\/ameublement-maison\/chaises-et-fauteuils\/seletti-toiletpaper-chaise-longue-pliante-serpents\/\",\"url\":\"https:\/\/www.erresse-shop.it\/fr\/shop\/ameublement-maison\/chaises-et-fauteuils\/seletti-toiletpaper-chaise-longue-pliante-serpents\/\",\"name\":\"SELETTI Toiletpaper Chaise longue pliante Serpents - Erresse Shop\",\"isPartOf\":{\"@id\":\"https:\/\/www.erresse-shop.it\/fr\/#website\"},\"datePublished\":\"2022-04-11T13:30:14+00:00\",\"dateModified\":\"2023-07-31T00:11:01+00:00\",\"description\":\"Asseyez-vous, prenez votre magazine pr\u00e9f\u00e9r\u00e9 et sirotez votre boisson comme si personne ne vous regardait. Sur les nouvelles chaises longues, vous aurez\",\"breadcrumb\":{\"@id\":\"https:\/\/www.erresse-shop.it\/fr\/shop\/ameublement-maison\/chaises-et-fauteuils\/seletti-toiletpaper-chaise-longue-pliante-serpents\/#breadcrumb\"},\"inLanguage\":\"fr-FR\",\"potentialAction\":[{\"@type\":\"ReadAction\",\"target\":[\"https:\/\/www.erresse-shop.it\/fr\/shop\/ameublement-maison\/chaises-et-fauteuils\/seletti-toiletpaper-chaise-longue-pliante-serpents\/\"]}]},{\"@type\":\"BreadcrumbList\",\"@id\":\"https:\/\/www.erresse-shop.it\/fr\/shop\/ameublement-maison\/chaises-et-fauteuils\/seletti-toiletpaper-chaise-longue-pliante-serpents\/#breadcrumb\",\"itemListElement\":[{\"@type\":\"ListItem\",\"position\":1,\"name\":\"Home\",\"item\":\"https:\/\/www.erresse-shop.it\/fr\/\"},{\"@type\":\"ListItem\",\"position\":2,\"name\":\"Shop\",\"item\":\"https:\/\/www.erresse-shop.it\/fr\/shop\/\"},{\"@type\":\"ListItem\",\"position\":3,\"name\":\"SELETTI Toiletpaper Chaise longue pliante Serpents\"}]},{\"@type\":\"WebSite\",\"@id\":\"https:\/\/www.erresse-shop.it\/fr\/#website\",\"url\":\"https:\/\/www.erresse-shop.it\/fr\/\",\"name\":\"Erresse Shop\",\"description\":\"Articoli di qualit\u00e0 per la casa\",\"potentialAction\":[{\"@type\":\"SearchAction\",\"target\":{\"@type\":\"EntryPoint\",\"urlTemplate\":\"https:\/\/www.erresse-shop.it\/fr\/?s={search_term_string}\"},\"query-input\":\"required name=search_term_string\"}],\"inLanguage\":\"fr-FR\"}]}<\/script>\n<!-- \/ Yoast SEO Premium plugin. -->","yoast_head_json":{"title":"SELETTI Toiletpaper Chaise longue pliante Serpents - Erresse Shop","description":"Asseyez-vous, prenez votre magazine pr\u00e9f\u00e9r\u00e9 et sirotez votre boisson comme si personne ne vous regardait. Sur les nouvelles chaises longues, vous aurez","robots":{"index":"index","follow":"follow","max-snippet":"max-snippet:-1","max-image-preview":"max-image-preview:large","max-video-preview":"max-video-preview:-1"},"canonical":"https:\/\/www.erresse-shop.it\/fr\/shop\/ameublement-maison\/chaises-et-fauteuils\/seletti-toiletpaper-chaise-longue-pliante-serpents\/","og_locale":"fr_FR","og_type":"article","og_title":"SELETTI Toiletpaper Chaise longue pliante Serpents","og_description":"Asseyez-vous, prenez votre magazine pr\u00e9f\u00e9r\u00e9 et sirotez votre boisson comme si personne ne vous regardait. Sur les nouvelles chaises longues, vous aurez","og_url":"https:\/\/www.erresse-shop.it\/fr\/shop\/ameublement-maison\/chaises-et-fauteuils\/seletti-toiletpaper-chaise-longue-pliante-serpents\/","og_site_name":"Erresse Shop","article_modified_time":"2023-07-31T00:11:01+00:00","og_image":[{"width":1000,"height":1000,"url":"https:\/\/www.erresse-shop.it\/wp-content\/uploads\/2022\/04\/Seletti-toiletpaper-sdraio-snakes.jpg","type":"image\/jpeg"}],"twitter_card":"summary_large_image","schema":{"@context":"https:\/\/schema.org","@graph":[{"@type":"WebPage","@id":"https:\/\/www.erresse-shop.it\/fr\/shop\/ameublement-maison\/chaises-et-fauteuils\/seletti-toiletpaper-chaise-longue-pliante-serpents\/","url":"https:\/\/www.erresse-shop.it\/fr\/shop\/ameublement-maison\/chaises-et-fauteuils\/seletti-toiletpaper-chaise-longue-pliante-serpents\/","name":"SELETTI Toiletpaper Chaise longue pliante Serpents - Erresse Shop","isPartOf":{"@id":"https:\/\/www.erresse-shop.it\/fr\/#website"},"datePublished":"2022-04-11T13:30:14+00:00","dateModified":"2023-07-31T00:11:01+00:00","description":"Asseyez-vous, prenez votre magazine pr\u00e9f\u00e9r\u00e9 et sirotez votre boisson comme si personne ne vous regardait. Sur les nouvelles chaises longues, vous aurez","breadcrumb":{"@id":"https:\/\/www.erresse-shop.it\/fr\/shop\/ameublement-maison\/chaises-et-fauteuils\/seletti-toiletpaper-chaise-longue-pliante-serpents\/#breadcrumb"},"inLanguage":"fr-FR","potentialAction":[{"@type":"ReadAction","target":["https:\/\/www.erresse-shop.it\/fr\/shop\/ameublement-maison\/chaises-et-fauteuils\/seletti-toiletpaper-chaise-longue-pliante-serpents\/"]}]},{"@type":"BreadcrumbList","@id":"https:\/\/www.erresse-shop.it\/fr\/shop\/ameublement-maison\/chaises-et-fauteuils\/seletti-toiletpaper-chaise-longue-pliante-serpents\/#breadcrumb","itemListElement":[{"@type":"ListItem","position":1,"name":"Home","item":"https:\/\/www.erresse-shop.it\/fr\/"},{"@type":"ListItem","position":2,"name":"Shop","item":"https:\/\/www.erresse-shop.it\/fr\/shop\/"},{"@type":"ListItem","position":3,"name":"SELETTI Toiletpaper Chaise longue pliante Serpents"}]},{"@type":"WebSite","@id":"https:\/\/www.erresse-shop.it\/fr\/#website","url":"https:\/\/www.erresse-shop.it\/fr\/","name":"Erresse Shop","description":"Articoli di qualit\u00e0 per la casa","potentialAction":[{"@type":"SearchAction","target":{"@type":"EntryPoint","urlTemplate":"https:\/\/www.erresse-shop.it\/fr\/?s={search_term_string}"},"query-input":"required name=search_term_string"}],"inLanguage":"fr-FR"}]}},"df_price":62.550000000000004,"df_sale_price":62.550000000000004,"df_regular_price":139,"df_image_link":"https:\/\/www.erresse-shop.it\/wp-content\/uploads\/2022\/04\/Seletti-toiletpaper-sdraio-snakes-300x300.jpg","_links":{"self":[{"href":"https:\/\/www.erresse-shop.it\/fr\/wp-json\/wp\/v2\/product\/151045"}],"collection":[{"href":"https:\/\/www.erresse-shop.it\/fr\/wp-json\/wp\/v2\/product"}],"about":[{"href":"https:\/\/www.erresse-shop.it\/fr\/wp-json\/wp\/v2\/types\/product"}],"wp:featuredmedia":[{"embeddable":true,"href":"https:\/\/www.erresse-shop.it\/fr\/wp-json\/wp\/v2\/media\/151051"}],"wp:attachment":[{"href":"https:\/\/www.erresse-shop.it\/fr\/wp-json\/wp\/v2\/media?parent=151045"}],"wp:term":[{"taxonomy":"product_cat","embeddable":true,"href":"https:\/\/www.erresse-shop.it\/fr\/wp-json\/wp\/v2\/product_cat?post=151045"},{"taxonomy":"product_tag","embeddable":true,"href":"https:\/\/www.erresse-shop.it\/fr\/wp-json\/wp\/v2\/product_tag?post=151045"}],"curies":[{"name":"wp","href":"https:\/\/api.w.org\/{rel}","templated":true}]}}