{"id":150930,"date":"2022-04-11T07:52:47","date_gmt":"2022-04-11T07:52:50","guid":{"rendered":"https:\/\/www.erresse-shop.it\/?post_type=product&#038;p=150930"},"modified":"2025-05-22T05:46:18","modified_gmt":"2025-05-22T05:46:18","slug":"sage-creatista-plus","status":"publish","type":"product","link":"https:\/\/www.erresse-shop.it\/fr\/shop\/petits-electromenagers\/machines-cafe\/a-dosettes-et-a-capsules\/sage-creatista-plus\/","title":{"rendered":"SAGE Creatista Plus"},"content":{"rendered":"<p>Nespresso Creatista Plus vous donne la possibilit\u00e9 de cr\u00e9er facilement votre caf\u00e9 pr\u00e9f\u00e9r\u00e9 \u00e0 la maison, aussi bien qu&#8217;au bar. Avec son design \u00e9l\u00e9gant et sa finition en acier inoxydable, le Creatista Plus dispose d&#8217;un temps de chauffe de 3 secondes, de 8 niveaux de texture et de 11 r\u00e9glages de temp\u00e9rature du lait. Chaque machine est livr\u00e9e avec un pot \u00e0 lait en acier inoxydable.<\/p>\n<p><strong>Mousse \u00e0 microbulles comme au bar :<\/strong><\/p>\n<p>Gr\u00e2ce \u00e0 la buse \u00e0 vapeur enti\u00e8rement automatique, vous pouvez cr\u00e9er une texture de lait parfaite pour l&#8217;art du latt\u00e9, dans le confort de votre maison, \u00e0 la temp\u00e9rature que vous souhaitez.<\/p>\n<p><strong>Le confort sans compromis :<\/strong><\/p>\n<p>Toute la commodit\u00e9 d&#8217;une machine \u00e0 caf\u00e9 \u00e0 capsules Nespresso combin\u00e9e pour la premi\u00e8re fois \u00e0 la technologie avanc\u00e9e de mousse de lait \u00e0 microbulles de Sage.<\/p>\n<p><strong>Cr\u00e9ez facilement votre caf\u00e9 pr\u00e9f\u00e9r\u00e9 :<\/strong><\/p>\n<p>Que vous ayez une passion pour le caf\u00e9 noir ou servi avec du lait parfaitement textur\u00e9, l&#8217;\u00e9cran num\u00e9rique intuitif vous guidera dans les diff\u00e9rentes pr\u00e9parations de caf\u00e9 et vous permettra de les personnaliser.<\/p>\n<p><strong>Fonction de nettoyage automatique :<\/strong><\/p>\n<p>La brosse \u00e0 vapeur automatique effectue un lavage pour un nettoyage de base.<\/p>\n<p><strong>Pr\u00e9parations de caf\u00e9 :\u00a0<\/strong><\/p>\n<p>Ristretto, Espresso, Lungo, Latte, Cappuccino, Latte macchiato.<\/p>\n<p>Alimentation \u00e9lectrique : 1500 Watt<\/p>\n<p>Dimensions (LxPxH) : 40,8 x 17,1 x 31 cm<\/p>\n<p>Mat\u00e9riaux de construction : Finition en acier inoxydable<\/p>\n<p>Poids : 5,2 kg<\/p>\n<p>Capacit\u00e9 : r\u00e9servoir amovible de 1,5 l<\/p>\n<p>Contenance des g\u00e9lules : 12 g\u00e9lules usag\u00e9es<\/p>\n<p>Plateau d&#8217;\u00e9gouttage : plateau amovible et indicateur de plateau plein<\/p>\n<p>Pression de la pompe : 19 bar<\/p>\n<p>Syst\u00e8me de chauffage : \u00e9l\u00e9ment chauffant ThermoJet\u00ae.<\/p>\n<p>Temps de chauffage : 3 secondes<\/p>\n<p>Voltage : 220-240 Volt<\/p>\n<p><strong>Param\u00e8tres :\u00a0<\/strong><\/p>\n<ul>\n<li>3 tailles programmables<\/li>\n<li>8 niveaux de texture et 11 r\u00e9glages de la temp\u00e9rature du lait<\/li>\n<li>Duret\u00e9 de l&#8217;eau programmable<\/li>\n<\/ul>\n<p><strong>Accessoires :<\/strong><\/p>\n<ul>\n<li>Pot \u00e0 lait en acier inoxydable et s\u00e9lection de capsules Nespresso pour la d\u00e9gustation<\/li>\n<li>Porte-gobelet amovible<\/li>\n<li>Mat\u00e9riaux sans BPA<\/li>\n<li>Affichage num\u00e9rique en couleur<\/li>\n<\/ul>\n<p>Garantie : 2 ans pour r\u00e9paration ou remplacement (couverture fournie directement par Nespresso)<\/p>\n<p><strong>Non commercialis\u00e9 en dehors de l&#8217;Europe<\/strong><\/p>\n","protected":false},"excerpt":{"rendered":"<p>Nespresso Creatista Plus vous donne la possibilit\u00e9 de cr\u00e9er facilement votre caf\u00e9 pr\u00e9f\u00e9r\u00e9 \u00e0 la maison, aussi bien qu&#8217;au bar.<\/p>\n","protected":false},"featured_media":150937,"template":"","meta":{"_acf_changed":false,"inline_featured_image":false},"product_cat":[25380,12764,12449],"product_tag":[23563,23586],"acf":[],"yoast_head":"<!-- This site is optimized with the Yoast SEO Premium plugin v18.6 (Yoast SEO v19.13) - https:\/\/yoast.com\/wordpress\/plugins\/seo\/ -->\n<title>SAGE Creatista Plus - Erresse Shop<\/title>\n<meta name=\"description\" content=\"Nespresso Creatista Plus vous donne la possibilit\u00e9 de cr\u00e9er facilement votre caf\u00e9 pr\u00e9f\u00e9r\u00e9 \u00e0 la maison, aussi bien qu&#039;au bar. Avec son design \u00e9l\u00e9gant et sa\" \/>\n<meta name=\"robots\" content=\"index, follow, max-snippet:-1, max-image-preview:large, max-video-preview:-1\" \/>\n<link rel=\"canonical\" href=\"https:\/\/www.erresse-shop.it\/fr\/shop\/petits-electromenagers\/machines-cafe\/a-dosettes-et-a-capsules\/sage-creatista-plus\/\" \/>\n<meta property=\"og:locale\" content=\"fr_FR\" \/>\n<meta property=\"og:type\" content=\"article\" \/>\n<meta property=\"og:title\" content=\"SAGE Creatista Plus\" \/>\n<meta property=\"og:description\" content=\"Nespresso Creatista Plus vous donne la possibilit\u00e9 de cr\u00e9er facilement votre caf\u00e9 pr\u00e9f\u00e9r\u00e9 \u00e0 la maison, aussi bien qu&#039;au bar. Avec son design \u00e9l\u00e9gant et sa\" \/>\n<meta property=\"og:url\" content=\"https:\/\/www.erresse-shop.it\/fr\/shop\/petits-electromenagers\/machines-cafe\/a-dosettes-et-a-capsules\/sage-creatista-plus\/\" \/>\n<meta property=\"og:site_name\" content=\"Erresse Shop\" \/>\n<meta property=\"article:modified_time\" content=\"2025-05-22T05:46:18+00:00\" \/>\n<meta property=\"og:image\" content=\"https:\/\/www.erresse-shop.it\/wp-content\/uploads\/2022\/04\/Creatista-Plus-1.jpg\" \/>\n\t<meta property=\"og:image:width\" content=\"1000\" \/>\n\t<meta property=\"og:image:height\" content=\"1000\" \/>\n\t<meta property=\"og:image:type\" content=\"image\/jpeg\" \/>\n<meta name=\"twitter:card\" content=\"summary_large_image\" \/>\n<script type=\"application\/ld+json\" class=\"yoast-schema-graph\">{\"@context\":\"https:\/\/schema.org\",\"@graph\":[{\"@type\":\"WebPage\",\"@id\":\"https:\/\/www.erresse-shop.it\/fr\/shop\/petits-electromenagers\/machines-cafe\/a-dosettes-et-a-capsules\/sage-creatista-plus\/\",\"url\":\"https:\/\/www.erresse-shop.it\/fr\/shop\/petits-electromenagers\/machines-cafe\/a-dosettes-et-a-capsules\/sage-creatista-plus\/\",\"name\":\"SAGE Creatista Plus - Erresse Shop\",\"isPartOf\":{\"@id\":\"https:\/\/www.erresse-shop.it\/fr\/#website\"},\"datePublished\":\"2022-04-11T07:52:50+00:00\",\"dateModified\":\"2025-05-22T05:46:18+00:00\",\"description\":\"Nespresso Creatista Plus vous donne la possibilit\u00e9 de cr\u00e9er facilement votre caf\u00e9 pr\u00e9f\u00e9r\u00e9 \u00e0 la maison, aussi bien qu'au bar. Avec son design \u00e9l\u00e9gant et sa\",\"breadcrumb\":{\"@id\":\"https:\/\/www.erresse-shop.it\/fr\/shop\/petits-electromenagers\/machines-cafe\/a-dosettes-et-a-capsules\/sage-creatista-plus\/#breadcrumb\"},\"inLanguage\":\"fr-FR\",\"potentialAction\":[{\"@type\":\"ReadAction\",\"target\":[\"https:\/\/www.erresse-shop.it\/fr\/shop\/petits-electromenagers\/machines-cafe\/a-dosettes-et-a-capsules\/sage-creatista-plus\/\"]}]},{\"@type\":\"BreadcrumbList\",\"@id\":\"https:\/\/www.erresse-shop.it\/fr\/shop\/petits-electromenagers\/machines-cafe\/a-dosettes-et-a-capsules\/sage-creatista-plus\/#breadcrumb\",\"itemListElement\":[{\"@type\":\"ListItem\",\"position\":1,\"name\":\"Home\",\"item\":\"https:\/\/www.erresse-shop.it\/fr\/\"},{\"@type\":\"ListItem\",\"position\":2,\"name\":\"Shop\",\"item\":\"https:\/\/www.erresse-shop.it\/fr\/shop\/\"},{\"@type\":\"ListItem\",\"position\":3,\"name\":\"SAGE Creatista Plus\"}]},{\"@type\":\"WebSite\",\"@id\":\"https:\/\/www.erresse-shop.it\/fr\/#website\",\"url\":\"https:\/\/www.erresse-shop.it\/fr\/\",\"name\":\"Erresse Shop\",\"description\":\"Articoli di qualit\u00e0 per la casa\",\"potentialAction\":[{\"@type\":\"SearchAction\",\"target\":{\"@type\":\"EntryPoint\",\"urlTemplate\":\"https:\/\/www.erresse-shop.it\/fr\/?s={search_term_string}\"},\"query-input\":\"required name=search_term_string\"}],\"inLanguage\":\"fr-FR\"}]}<\/script>\n<!-- \/ Yoast SEO Premium plugin. -->","yoast_head_json":{"title":"SAGE Creatista Plus - Erresse Shop","description":"Nespresso Creatista Plus vous donne la possibilit\u00e9 de cr\u00e9er facilement votre caf\u00e9 pr\u00e9f\u00e9r\u00e9 \u00e0 la maison, aussi bien qu'au bar. Avec son design \u00e9l\u00e9gant et sa","robots":{"index":"index","follow":"follow","max-snippet":"max-snippet:-1","max-image-preview":"max-image-preview:large","max-video-preview":"max-video-preview:-1"},"canonical":"https:\/\/www.erresse-shop.it\/fr\/shop\/petits-electromenagers\/machines-cafe\/a-dosettes-et-a-capsules\/sage-creatista-plus\/","og_locale":"fr_FR","og_type":"article","og_title":"SAGE Creatista Plus","og_description":"Nespresso Creatista Plus vous donne la possibilit\u00e9 de cr\u00e9er facilement votre caf\u00e9 pr\u00e9f\u00e9r\u00e9 \u00e0 la maison, aussi bien qu'au bar. Avec son design \u00e9l\u00e9gant et sa","og_url":"https:\/\/www.erresse-shop.it\/fr\/shop\/petits-electromenagers\/machines-cafe\/a-dosettes-et-a-capsules\/sage-creatista-plus\/","og_site_name":"Erresse Shop","article_modified_time":"2025-05-22T05:46:18+00:00","og_image":[{"width":1000,"height":1000,"url":"https:\/\/www.erresse-shop.it\/wp-content\/uploads\/2022\/04\/Creatista-Plus-1.jpg","type":"image\/jpeg"}],"twitter_card":"summary_large_image","schema":{"@context":"https:\/\/schema.org","@graph":[{"@type":"WebPage","@id":"https:\/\/www.erresse-shop.it\/fr\/shop\/petits-electromenagers\/machines-cafe\/a-dosettes-et-a-capsules\/sage-creatista-plus\/","url":"https:\/\/www.erresse-shop.it\/fr\/shop\/petits-electromenagers\/machines-cafe\/a-dosettes-et-a-capsules\/sage-creatista-plus\/","name":"SAGE Creatista Plus - Erresse Shop","isPartOf":{"@id":"https:\/\/www.erresse-shop.it\/fr\/#website"},"datePublished":"2022-04-11T07:52:50+00:00","dateModified":"2025-05-22T05:46:18+00:00","description":"Nespresso Creatista Plus vous donne la possibilit\u00e9 de cr\u00e9er facilement votre caf\u00e9 pr\u00e9f\u00e9r\u00e9 \u00e0 la maison, aussi bien qu'au bar. Avec son design \u00e9l\u00e9gant et sa","breadcrumb":{"@id":"https:\/\/www.erresse-shop.it\/fr\/shop\/petits-electromenagers\/machines-cafe\/a-dosettes-et-a-capsules\/sage-creatista-plus\/#breadcrumb"},"inLanguage":"fr-FR","potentialAction":[{"@type":"ReadAction","target":["https:\/\/www.erresse-shop.it\/fr\/shop\/petits-electromenagers\/machines-cafe\/a-dosettes-et-a-capsules\/sage-creatista-plus\/"]}]},{"@type":"BreadcrumbList","@id":"https:\/\/www.erresse-shop.it\/fr\/shop\/petits-electromenagers\/machines-cafe\/a-dosettes-et-a-capsules\/sage-creatista-plus\/#breadcrumb","itemListElement":[{"@type":"ListItem","position":1,"name":"Home","item":"https:\/\/www.erresse-shop.it\/fr\/"},{"@type":"ListItem","position":2,"name":"Shop","item":"https:\/\/www.erresse-shop.it\/fr\/shop\/"},{"@type":"ListItem","position":3,"name":"SAGE Creatista Plus"}]},{"@type":"WebSite","@id":"https:\/\/www.erresse-shop.it\/fr\/#website","url":"https:\/\/www.erresse-shop.it\/fr\/","name":"Erresse Shop","description":"Articoli di qualit\u00e0 per la casa","potentialAction":[{"@type":"SearchAction","target":{"@type":"EntryPoint","urlTemplate":"https:\/\/www.erresse-shop.it\/fr\/?s={search_term_string}"},"query-input":"required name=search_term_string"}],"inLanguage":"fr-FR"}]}},"df_price":529,"df_sale_price":529,"df_regular_price":549.9,"df_image_link":"https:\/\/www.erresse-shop.it\/wp-content\/uploads\/2022\/04\/Creatista-Plus-1-300x300.jpg","_links":{"self":[{"href":"https:\/\/www.erresse-shop.it\/fr\/wp-json\/wp\/v2\/product\/150930"}],"collection":[{"href":"https:\/\/www.erresse-shop.it\/fr\/wp-json\/wp\/v2\/product"}],"about":[{"href":"https:\/\/www.erresse-shop.it\/fr\/wp-json\/wp\/v2\/types\/product"}],"wp:featuredmedia":[{"embeddable":true,"href":"https:\/\/www.erresse-shop.it\/fr\/wp-json\/wp\/v2\/media\/150937"}],"wp:attachment":[{"href":"https:\/\/www.erresse-shop.it\/fr\/wp-json\/wp\/v2\/media?parent=150930"}],"wp:term":[{"taxonomy":"product_cat","embeddable":true,"href":"https:\/\/www.erresse-shop.it\/fr\/wp-json\/wp\/v2\/product_cat?post=150930"},{"taxonomy":"product_tag","embeddable":true,"href":"https:\/\/www.erresse-shop.it\/fr\/wp-json\/wp\/v2\/product_tag?post=150930"}],"curies":[{"name":"wp","href":"https:\/\/api.w.org\/{rel}","templated":true}]}}