{"id":150376,"date":"2022-04-08T13:15:04","date_gmt":"2022-04-08T13:15:11","guid":{"rendered":"https:\/\/www.erresse-shop.it\/?post_type=product&#038;p=150376"},"modified":"2024-06-11T00:02:58","modified_gmt":"2024-06-11T00:02:58","slug":"sage-the-smart-grill-pro","status":"publish","type":"product","link":"https:\/\/www.erresse-shop.it\/fr\/shop\/petits-electromenagers\/grilles-et-barbecues\/sage-the-smart-grill-pro\/","title":{"rendered":"SAGE The Smart Grill Pro"},"content":{"rendered":"<p>Vous n&#8217;avez plus besoin d&#8217;un jardin pour faire des grillades : gr\u00e2ce \u00e0 un meilleur contr\u00f4le de la chaleur, des \u00e9l\u00e9ments int\u00e9gr\u00e9s et des plaques amovibles, vous pouvez pr\u00e9parer de savoureuses grillades en faisant simplement de la place sur le plan de travail de votre cuisine. La sonde de temp\u00e9rature intelligente vous permet de savoir quand votre viande est pr\u00eate et quand la laisser reposer. Ouvrez les plaques pour utiliser le gril en mode barbecue.<\/p>\n<p><strong>Plaques avec \u00e9l\u00e9ments IQ<\/strong><\/p>\n<p>Avec des \u00e9l\u00e9ments chauffants de 2400 W int\u00e9gr\u00e9s aux plaques, plut\u00f4t que sous celles-ci, et un thermostat \u00e9lectronique qui d\u00e9tecte rapidement les changements de temp\u00e9rature, m\u00eame minimes, ce gril cuit et saisit les steaks avec une chaleur \u00e9lev\u00e9e constante. Cela r\u00e9duit consid\u00e9rablement le temps de pr\u00e9chauffage et de cuisson.<\/p>\n<p><strong>R\u00e9glages intelligents avec indicateur de repos :<\/strong><\/p>\n<p>Cinq r\u00e9glages diff\u00e9rents, dont le b\u0153uf, l&#8217;agneau, le porc, la volaille et le poisson, sont associ\u00e9s \u00e0 des temp\u00e9ratures programm\u00e9es pour le niveau de cuisson s\u00e9lectionn\u00e9 et indiquent quand il est temps de reposer les ingr\u00e9dients cuits. La sonde est reli\u00e9e aux r\u00e9glages de l&#8217;\u00e9cran LCD, ce qui vous permet de s\u00e9lectionner le niveau de cuisson souhait\u00e9 ; le produit vous indiquera quand les aliments sur la plaque auront atteint la bonne temp\u00e9rature, peu importe.<\/p>\n<p><strong>Sonde de temp\u00e9rature :<\/strong><\/p>\n<p>Une sonde int\u00e9gr\u00e9e mesure la temp\u00e9rature pr\u00e9cise de la viande et transmet \u00e9lectroniquement l&#8217;information \u00e0 l&#8217;\u00e9cran LCD, vous avertissant lorsqu&#8217;il est temps de la laisser reposer. Les cinq r\u00e9glages de viande sont associ\u00e9s \u00e0 une temp\u00e9rature programm\u00e9e pour chaque niveau de cuisson, de &#8220;saignant&#8221; \u00e0 &#8220;bien cuit&#8221;.<\/p>\n<p><strong>Utilisation du mode BBQ :<\/strong><\/p>\n<p>Ouvrez le gril pour cr\u00e9er une surface de travail de 660 cm\u00b2, parfaite pour griller des fruits de mer et des steaks ou pr\u00e9parer de savoureuses cr\u00eapes et des \u0153ufs grill\u00e9s. Le plateau d&#8217;\u00e9gouttage fonctionne aussi bien en mode barbecue qu&#8217;en utilisation traditionnelle.<\/p>\n<p><strong>Plaques amovibles :<\/strong><\/p>\n<p>Sortez les plaques amovibles sans PFOA pour un lavage \u00e0 la main facile et pratique.<\/p>\n<p>Alimentation \u00e9lectrique : 2400 Watt<br \/>\nDimensions (LxPxH) : 36,7 x 17 x 39,2 cm<br \/>\nContr\u00f4le de la hauteur r\u00e9glable : les niveaux inf\u00e9rieurs r\u00e9duisent le poids sur les aliments d\u00e9licats et emp\u00eachent la garniture de s&#8217;\u00e9chapper des sandwichs.<br \/>\nConception de la plaque : amovible avec rev\u00eatement antiadh\u00e9sif<br \/>\nPlaque antiadh\u00e9sive : rev\u00eatement antiadh\u00e9sif de haute qualit\u00e9 sans PFOA pour un nettoyage rapide et facile.<br \/>\nInclinaison des plaques : permet de r\u00e9gler l&#8217;angle de la base pour \u00e9goutter la graisse ou peut \u00eatre utilis\u00e9 pour pr\u00e9parer des \u0153ufs, des cr\u00eapes et des sandwichs grill\u00e9s \u00e0 la perfection.<br \/>\nVoltage : 220-240 Volt<\/p>\n<p>No. 5 r\u00e9glages de viande avec niveau de cuisson<\/p>\n<p>Garantie : 2 ans pour r\u00e9paration ou remplacement<br \/>\n<strong>Ne peut \u00eatre vendu en dehors de l&#8217;Europe<\/strong><\/p>\n","protected":false},"excerpt":{"rendered":"<p>Vous n&#8217;avez plus besoin d&#8217;un jardin pour faire des grillades : gr\u00e2ce \u00e0 un meilleur contr\u00f4le de la chaleur, des<\/p>\n","protected":false},"featured_media":150853,"template":"","meta":{"_acf_changed":false,"inline_featured_image":false},"product_cat":[13383,12449],"product_tag":[23910,12858,22068,21005],"acf":[],"yoast_head":"<!-- This site is optimized with the Yoast SEO Premium plugin v18.6 (Yoast SEO v19.13) - https:\/\/yoast.com\/wordpress\/plugins\/seo\/ -->\n<title>SAGE The Smart Grill Pro - Erresse Shop<\/title>\n<meta name=\"description\" content=\"Vous n&#039;avez plus besoin d&#039;un jardin pour faire des grillades : gr\u00e2ce \u00e0 un meilleur contr\u00f4le de la chaleur, des \u00e9l\u00e9ments int\u00e9gr\u00e9s et des plaques amovibles,\" \/>\n<meta name=\"robots\" content=\"index, follow, max-snippet:-1, max-image-preview:large, max-video-preview:-1\" \/>\n<link rel=\"canonical\" href=\"https:\/\/www.erresse-shop.it\/fr\/shop\/petits-electromenagers\/grilles-et-barbecues\/sage-the-smart-grill-pro\/\" \/>\n<meta property=\"og:locale\" content=\"fr_FR\" \/>\n<meta property=\"og:type\" content=\"article\" \/>\n<meta property=\"og:title\" content=\"SAGE The Smart Grill Pro\" \/>\n<meta property=\"og:description\" content=\"Vous n&#039;avez plus besoin d&#039;un jardin pour faire des grillades : gr\u00e2ce \u00e0 un meilleur contr\u00f4le de la chaleur, des \u00e9l\u00e9ments int\u00e9gr\u00e9s et des plaques amovibles,\" \/>\n<meta property=\"og:url\" content=\"https:\/\/www.erresse-shop.it\/fr\/shop\/petits-electromenagers\/grilles-et-barbecues\/sage-the-smart-grill-pro\/\" \/>\n<meta property=\"og:site_name\" content=\"Erresse Shop\" \/>\n<meta property=\"article:modified_time\" content=\"2024-06-11T00:02:58+00:00\" \/>\n<meta property=\"og:image\" content=\"https:\/\/www.erresse-shop.it\/wp-content\/uploads\/2022\/04\/The-Smart-Grill-Pro-3.jpg\" \/>\n\t<meta property=\"og:image:width\" content=\"1000\" \/>\n\t<meta property=\"og:image:height\" content=\"1000\" \/>\n\t<meta property=\"og:image:type\" content=\"image\/jpeg\" \/>\n<meta name=\"twitter:card\" content=\"summary_large_image\" \/>\n<script type=\"application\/ld+json\" class=\"yoast-schema-graph\">{\"@context\":\"https:\/\/schema.org\",\"@graph\":[{\"@type\":\"WebPage\",\"@id\":\"https:\/\/www.erresse-shop.it\/fr\/shop\/petits-electromenagers\/grilles-et-barbecues\/sage-the-smart-grill-pro\/\",\"url\":\"https:\/\/www.erresse-shop.it\/fr\/shop\/petits-electromenagers\/grilles-et-barbecues\/sage-the-smart-grill-pro\/\",\"name\":\"SAGE The Smart Grill Pro - Erresse Shop\",\"isPartOf\":{\"@id\":\"https:\/\/www.erresse-shop.it\/fr\/#website\"},\"datePublished\":\"2022-04-08T13:15:11+00:00\",\"dateModified\":\"2024-06-11T00:02:58+00:00\",\"description\":\"Vous n'avez plus besoin d'un jardin pour faire des grillades : gr\u00e2ce \u00e0 un meilleur contr\u00f4le de la chaleur, des \u00e9l\u00e9ments int\u00e9gr\u00e9s et des plaques amovibles,\",\"breadcrumb\":{\"@id\":\"https:\/\/www.erresse-shop.it\/fr\/shop\/petits-electromenagers\/grilles-et-barbecues\/sage-the-smart-grill-pro\/#breadcrumb\"},\"inLanguage\":\"fr-FR\",\"potentialAction\":[{\"@type\":\"ReadAction\",\"target\":[\"https:\/\/www.erresse-shop.it\/fr\/shop\/petits-electromenagers\/grilles-et-barbecues\/sage-the-smart-grill-pro\/\"]}]},{\"@type\":\"BreadcrumbList\",\"@id\":\"https:\/\/www.erresse-shop.it\/fr\/shop\/petits-electromenagers\/grilles-et-barbecues\/sage-the-smart-grill-pro\/#breadcrumb\",\"itemListElement\":[{\"@type\":\"ListItem\",\"position\":1,\"name\":\"Home\",\"item\":\"https:\/\/www.erresse-shop.it\/fr\/\"},{\"@type\":\"ListItem\",\"position\":2,\"name\":\"Shop\",\"item\":\"https:\/\/www.erresse-shop.it\/fr\/shop\/\"},{\"@type\":\"ListItem\",\"position\":3,\"name\":\"SAGE The Smart Grill Pro\"}]},{\"@type\":\"WebSite\",\"@id\":\"https:\/\/www.erresse-shop.it\/fr\/#website\",\"url\":\"https:\/\/www.erresse-shop.it\/fr\/\",\"name\":\"Erresse Shop\",\"description\":\"Articoli di qualit\u00e0 per la casa\",\"potentialAction\":[{\"@type\":\"SearchAction\",\"target\":{\"@type\":\"EntryPoint\",\"urlTemplate\":\"https:\/\/www.erresse-shop.it\/fr\/?s={search_term_string}\"},\"query-input\":\"required name=search_term_string\"}],\"inLanguage\":\"fr-FR\"}]}<\/script>\n<!-- \/ Yoast SEO Premium plugin. -->","yoast_head_json":{"title":"SAGE The Smart Grill Pro - Erresse Shop","description":"Vous n'avez plus besoin d'un jardin pour faire des grillades : gr\u00e2ce \u00e0 un meilleur contr\u00f4le de la chaleur, des \u00e9l\u00e9ments int\u00e9gr\u00e9s et des plaques amovibles,","robots":{"index":"index","follow":"follow","max-snippet":"max-snippet:-1","max-image-preview":"max-image-preview:large","max-video-preview":"max-video-preview:-1"},"canonical":"https:\/\/www.erresse-shop.it\/fr\/shop\/petits-electromenagers\/grilles-et-barbecues\/sage-the-smart-grill-pro\/","og_locale":"fr_FR","og_type":"article","og_title":"SAGE The Smart Grill Pro","og_description":"Vous n'avez plus besoin d'un jardin pour faire des grillades : gr\u00e2ce \u00e0 un meilleur contr\u00f4le de la chaleur, des \u00e9l\u00e9ments int\u00e9gr\u00e9s et des plaques amovibles,","og_url":"https:\/\/www.erresse-shop.it\/fr\/shop\/petits-electromenagers\/grilles-et-barbecues\/sage-the-smart-grill-pro\/","og_site_name":"Erresse Shop","article_modified_time":"2024-06-11T00:02:58+00:00","og_image":[{"width":1000,"height":1000,"url":"https:\/\/www.erresse-shop.it\/wp-content\/uploads\/2022\/04\/The-Smart-Grill-Pro-3.jpg","type":"image\/jpeg"}],"twitter_card":"summary_large_image","schema":{"@context":"https:\/\/schema.org","@graph":[{"@type":"WebPage","@id":"https:\/\/www.erresse-shop.it\/fr\/shop\/petits-electromenagers\/grilles-et-barbecues\/sage-the-smart-grill-pro\/","url":"https:\/\/www.erresse-shop.it\/fr\/shop\/petits-electromenagers\/grilles-et-barbecues\/sage-the-smart-grill-pro\/","name":"SAGE The Smart Grill Pro - Erresse Shop","isPartOf":{"@id":"https:\/\/www.erresse-shop.it\/fr\/#website"},"datePublished":"2022-04-08T13:15:11+00:00","dateModified":"2024-06-11T00:02:58+00:00","description":"Vous n'avez plus besoin d'un jardin pour faire des grillades : gr\u00e2ce \u00e0 un meilleur contr\u00f4le de la chaleur, des \u00e9l\u00e9ments int\u00e9gr\u00e9s et des plaques amovibles,","breadcrumb":{"@id":"https:\/\/www.erresse-shop.it\/fr\/shop\/petits-electromenagers\/grilles-et-barbecues\/sage-the-smart-grill-pro\/#breadcrumb"},"inLanguage":"fr-FR","potentialAction":[{"@type":"ReadAction","target":["https:\/\/www.erresse-shop.it\/fr\/shop\/petits-electromenagers\/grilles-et-barbecues\/sage-the-smart-grill-pro\/"]}]},{"@type":"BreadcrumbList","@id":"https:\/\/www.erresse-shop.it\/fr\/shop\/petits-electromenagers\/grilles-et-barbecues\/sage-the-smart-grill-pro\/#breadcrumb","itemListElement":[{"@type":"ListItem","position":1,"name":"Home","item":"https:\/\/www.erresse-shop.it\/fr\/"},{"@type":"ListItem","position":2,"name":"Shop","item":"https:\/\/www.erresse-shop.it\/fr\/shop\/"},{"@type":"ListItem","position":3,"name":"SAGE The Smart Grill Pro"}]},{"@type":"WebSite","@id":"https:\/\/www.erresse-shop.it\/fr\/#website","url":"https:\/\/www.erresse-shop.it\/fr\/","name":"Erresse Shop","description":"Articoli di qualit\u00e0 per la casa","potentialAction":[{"@type":"SearchAction","target":{"@type":"EntryPoint","urlTemplate":"https:\/\/www.erresse-shop.it\/fr\/?s={search_term_string}"},"query-input":"required name=search_term_string"}],"inLanguage":"fr-FR"}]}},"df_price":369.95,"df_sale_price":369.95,"df_regular_price":419.9,"df_image_link":"https:\/\/www.erresse-shop.it\/wp-content\/uploads\/2022\/04\/The-Smart-Grill-Pro-3-300x300.jpg","_links":{"self":[{"href":"https:\/\/www.erresse-shop.it\/fr\/wp-json\/wp\/v2\/product\/150376"}],"collection":[{"href":"https:\/\/www.erresse-shop.it\/fr\/wp-json\/wp\/v2\/product"}],"about":[{"href":"https:\/\/www.erresse-shop.it\/fr\/wp-json\/wp\/v2\/types\/product"}],"wp:featuredmedia":[{"embeddable":true,"href":"https:\/\/www.erresse-shop.it\/fr\/wp-json\/wp\/v2\/media\/150853"}],"wp:attachment":[{"href":"https:\/\/www.erresse-shop.it\/fr\/wp-json\/wp\/v2\/media?parent=150376"}],"wp:term":[{"taxonomy":"product_cat","embeddable":true,"href":"https:\/\/www.erresse-shop.it\/fr\/wp-json\/wp\/v2\/product_cat?post=150376"},{"taxonomy":"product_tag","embeddable":true,"href":"https:\/\/www.erresse-shop.it\/fr\/wp-json\/wp\/v2\/product_tag?post=150376"}],"curies":[{"name":"wp","href":"https:\/\/api.w.org\/{rel}","templated":true}]}}