{"id":150243,"date":"2022-04-08T09:18:19","date_gmt":"2022-04-08T09:18:33","guid":{"rendered":"https:\/\/www.erresse-shop.it\/?post_type=product&#038;p=150243"},"modified":"2025-03-05T13:00:07","modified_gmt":"2025-03-05T13:00:07","slug":"sage-the-dose-control-pro","status":"publish","type":"product","link":"https:\/\/www.erresse-shop.it\/fr\/shop\/petits-electromenagers\/machines-cafe\/manuels\/sage-the-dose-control-pro\/","title":{"rendered":"SAGE The Dose Control Pro"},"content":{"rendered":"<div class=\"c_product-detail__description font-archer-book\">Prenez le contr\u00f4le de vos grains fra\u00eechement torr\u00e9fi\u00e9s \u00e0 la seconde pr\u00e8s gr\u00e2ce \u00e0 60 r\u00e9glages de mouture pr\u00e9cis. Les broyeurs coniques de pr\u00e9cision inoxydable permettent de minimiser la chaleur \u00e9mise par la mouture et de prot\u00e9ger les huiles essentielles contenant les ar\u00f4mes de caf\u00e9.<\/div>\n<div><\/div>\n<div><strong>Une Monture Sur Mesure:<\/strong><\/div>\n<div>\n<div class=\"half-content base aem-GridColumn aem-GridColumn--default--12\">\n<div class=\"c_half-content c_half-content--left \" data-module=\"halfcontent\">\n<div class=\"c_half-content__text  dna-class\" data-status=\"false\">\n<div class=\"text-content\">\n<p class=\"c_half-content__desc\">La machine Dose Control Pro vous permet de moudre le caf\u00e9 directement dans le porte-filtre, le panier \u00e0 filtre en m\u00e9tal ou le filtre papier. C&#8217;est vous qui choisissez.<\/p>\n<p><strong>60 R\u00e9glages De Mouture:<\/strong><\/p>\n<p>Ce large panel d&#8217;options vous permet de moudre votre caf\u00e9 finement pour cr\u00e9er un expresso ou plus grossi\u00e8rement \u00e0 la mani\u00e8re d&#8217;une cafeti\u00e8re \u00e0 piston.<\/p>\n<p class=\"c_half-content__heading h2\"><strong>Minuteur \u00c9lectronique De Pr\u00e9cision:<\/strong><\/p>\n<p>Ajustez la dur\u00e9e de mouture par incr\u00e9ments pr\u00e9cis d&#8217;une seconde afin d&#8217;obtenir la quantit\u00e9 parfaitement adapt\u00e9e \u00e0 n&#8217;importe quelle boisson.<\/p>\n<p class=\"c_half-content__heading h2\"><strong>M\u00e9canisme De Mouture:<\/strong><\/p>\n<p>Le broyeur conique en acier inoxydable est con\u00e7u pour minimiser la chaleur \u00e9mise par la mouture et prot\u00e9ger les huiles essentielles des grains de caf\u00e9.<\/p>\n<p>Alimentation \u00e9lectrique : 130 Watt<br \/>\nCapacit\u00e9 du porte-plume : 340 grammes<br \/>\nDimensions (LxPxH) : 20,4 x 16 x 34,2 cm<br \/>\nFonction : Moudre le caf\u00e9 directement dans le porte-filtre, le filtre en or ou les filtres en papier.<br \/>\nGarantie : 2 ans de garantie pour r\u00e9paration, remplacement ou remboursement (\u00e0 la seule discr\u00e9tion de Sage Appliances)<br \/>\nMeuleuse int\u00e9gr\u00e9e : Meuleuses coniques en acier inoxydable<br \/>\nM\u00e9canisme de mouture : Les moulins coniques en acier inoxydable sont con\u00e7us pour minimiser la chaleur d\u00e9velopp\u00e9e pendant la mouture et pr\u00e9server les huiles essentielles contenues dans les grains de caf\u00e9.<br \/>\nVoltage : 220-240 Volt<\/p>\n<p><strong>Accessoires inclus:<\/strong><\/p>\n<ul>\n<li>Bo\u00eetier porte-filtre &#8211; Petit 50-54 mm<\/li>\n<li>Logement du porte-filtre-Large 58 mm<\/li>\n<li>Lame r\u00e9glable pour niveler la dose &#8211; nivelle le caf\u00e9 moulu pour une extraction uniforme<\/li>\n<li>Comprend une lame interchangeable pour les porte-filtres de 50 mm, 54 mm et 58 mm<\/li>\n<\/ul>\n<p><strong>Ne peut \u00eatre vendu en dehors de l&#8217;Europe<\/strong><\/p>\n<\/div>\n<\/div>\n<\/div>\n<\/div>\n<\/div>\n","protected":false},"excerpt":{"rendered":"<p>Prenez le contr\u00f4le de vos grains fra\u00eechement torr\u00e9fi\u00e9s \u00e0 la seconde pr\u00e8s gr\u00e2ce \u00e0 60 r\u00e9glages de mouture pr\u00e9cis. Les<\/p>\n","protected":false},"featured_media":150249,"template":"","meta":{"_acf_changed":false,"inline_featured_image":false},"product_cat":[12764,25365,25385,12449],"product_tag":[23563,23964],"acf":[],"yoast_head":"<!-- This site is optimized with the Yoast SEO Premium plugin v18.6 (Yoast SEO v19.13) - https:\/\/yoast.com\/wordpress\/plugins\/seo\/ -->\n<title>SAGE The Dose Control Pro - Erresse Shop<\/title>\n<meta name=\"description\" content=\"Prenez le contr\u00f4le de vos grains fra\u00eechement torr\u00e9fi\u00e9s \u00e0 la seconde pr\u00e8s gr\u00e2ce \u00e0 60 r\u00e9glages de mouture pr\u00e9cis. Les broyeurs coniques de pr\u00e9cision\" \/>\n<meta name=\"robots\" content=\"index, follow, max-snippet:-1, max-image-preview:large, max-video-preview:-1\" \/>\n<link rel=\"canonical\" href=\"https:\/\/www.erresse-shop.it\/fr\/shop\/petits-electromenagers\/machines-cafe\/manuels\/sage-the-dose-control-pro\/\" \/>\n<meta property=\"og:locale\" content=\"fr_FR\" \/>\n<meta property=\"og:type\" content=\"article\" \/>\n<meta property=\"og:title\" content=\"SAGE The Dose Control Pro\" \/>\n<meta property=\"og:description\" content=\"Prenez le contr\u00f4le de vos grains fra\u00eechement torr\u00e9fi\u00e9s \u00e0 la seconde pr\u00e8s gr\u00e2ce \u00e0 60 r\u00e9glages de mouture pr\u00e9cis. Les broyeurs coniques de pr\u00e9cision\" \/>\n<meta property=\"og:url\" content=\"https:\/\/www.erresse-shop.it\/fr\/shop\/petits-electromenagers\/machines-cafe\/manuels\/sage-the-dose-control-pro\/\" \/>\n<meta property=\"og:site_name\" content=\"Erresse Shop\" \/>\n<meta property=\"article:modified_time\" content=\"2025-03-05T13:00:07+00:00\" \/>\n<meta property=\"og:image\" content=\"https:\/\/www.erresse-shop.it\/wp-content\/uploads\/2022\/04\/The-Dose-Control-Pro.jpg\" \/>\n\t<meta property=\"og:image:width\" content=\"1000\" \/>\n\t<meta property=\"og:image:height\" content=\"1000\" \/>\n\t<meta property=\"og:image:type\" content=\"image\/jpeg\" \/>\n<meta name=\"twitter:card\" content=\"summary_large_image\" \/>\n<script type=\"application\/ld+json\" class=\"yoast-schema-graph\">{\"@context\":\"https:\/\/schema.org\",\"@graph\":[{\"@type\":\"WebPage\",\"@id\":\"https:\/\/www.erresse-shop.it\/fr\/shop\/petits-electromenagers\/machines-cafe\/manuels\/sage-the-dose-control-pro\/\",\"url\":\"https:\/\/www.erresse-shop.it\/fr\/shop\/petits-electromenagers\/machines-cafe\/manuels\/sage-the-dose-control-pro\/\",\"name\":\"SAGE The Dose Control Pro - Erresse Shop\",\"isPartOf\":{\"@id\":\"https:\/\/www.erresse-shop.it\/fr\/#website\"},\"datePublished\":\"2022-04-08T09:18:33+00:00\",\"dateModified\":\"2025-03-05T13:00:07+00:00\",\"description\":\"Prenez le contr\u00f4le de vos grains fra\u00eechement torr\u00e9fi\u00e9s \u00e0 la seconde pr\u00e8s gr\u00e2ce \u00e0 60 r\u00e9glages de mouture pr\u00e9cis. Les broyeurs coniques de pr\u00e9cision\",\"breadcrumb\":{\"@id\":\"https:\/\/www.erresse-shop.it\/fr\/shop\/petits-electromenagers\/machines-cafe\/manuels\/sage-the-dose-control-pro\/#breadcrumb\"},\"inLanguage\":\"fr-FR\",\"potentialAction\":[{\"@type\":\"ReadAction\",\"target\":[\"https:\/\/www.erresse-shop.it\/fr\/shop\/petits-electromenagers\/machines-cafe\/manuels\/sage-the-dose-control-pro\/\"]}]},{\"@type\":\"BreadcrumbList\",\"@id\":\"https:\/\/www.erresse-shop.it\/fr\/shop\/petits-electromenagers\/machines-cafe\/manuels\/sage-the-dose-control-pro\/#breadcrumb\",\"itemListElement\":[{\"@type\":\"ListItem\",\"position\":1,\"name\":\"Home\",\"item\":\"https:\/\/www.erresse-shop.it\/fr\/\"},{\"@type\":\"ListItem\",\"position\":2,\"name\":\"Shop\",\"item\":\"https:\/\/www.erresse-shop.it\/fr\/shop\/\"},{\"@type\":\"ListItem\",\"position\":3,\"name\":\"SAGE The Dose Control Pro\"}]},{\"@type\":\"WebSite\",\"@id\":\"https:\/\/www.erresse-shop.it\/fr\/#website\",\"url\":\"https:\/\/www.erresse-shop.it\/fr\/\",\"name\":\"Erresse Shop\",\"description\":\"Articoli di qualit\u00e0 per la casa\",\"potentialAction\":[{\"@type\":\"SearchAction\",\"target\":{\"@type\":\"EntryPoint\",\"urlTemplate\":\"https:\/\/www.erresse-shop.it\/fr\/?s={search_term_string}\"},\"query-input\":\"required name=search_term_string\"}],\"inLanguage\":\"fr-FR\"}]}<\/script>\n<!-- \/ Yoast SEO Premium plugin. -->","yoast_head_json":{"title":"SAGE The Dose Control Pro - Erresse Shop","description":"Prenez le contr\u00f4le de vos grains fra\u00eechement torr\u00e9fi\u00e9s \u00e0 la seconde pr\u00e8s gr\u00e2ce \u00e0 60 r\u00e9glages de mouture pr\u00e9cis. Les broyeurs coniques de pr\u00e9cision","robots":{"index":"index","follow":"follow","max-snippet":"max-snippet:-1","max-image-preview":"max-image-preview:large","max-video-preview":"max-video-preview:-1"},"canonical":"https:\/\/www.erresse-shop.it\/fr\/shop\/petits-electromenagers\/machines-cafe\/manuels\/sage-the-dose-control-pro\/","og_locale":"fr_FR","og_type":"article","og_title":"SAGE The Dose Control Pro","og_description":"Prenez le contr\u00f4le de vos grains fra\u00eechement torr\u00e9fi\u00e9s \u00e0 la seconde pr\u00e8s gr\u00e2ce \u00e0 60 r\u00e9glages de mouture pr\u00e9cis. Les broyeurs coniques de pr\u00e9cision","og_url":"https:\/\/www.erresse-shop.it\/fr\/shop\/petits-electromenagers\/machines-cafe\/manuels\/sage-the-dose-control-pro\/","og_site_name":"Erresse Shop","article_modified_time":"2025-03-05T13:00:07+00:00","og_image":[{"width":1000,"height":1000,"url":"https:\/\/www.erresse-shop.it\/wp-content\/uploads\/2022\/04\/The-Dose-Control-Pro.jpg","type":"image\/jpeg"}],"twitter_card":"summary_large_image","schema":{"@context":"https:\/\/schema.org","@graph":[{"@type":"WebPage","@id":"https:\/\/www.erresse-shop.it\/fr\/shop\/petits-electromenagers\/machines-cafe\/manuels\/sage-the-dose-control-pro\/","url":"https:\/\/www.erresse-shop.it\/fr\/shop\/petits-electromenagers\/machines-cafe\/manuels\/sage-the-dose-control-pro\/","name":"SAGE The Dose Control Pro - Erresse Shop","isPartOf":{"@id":"https:\/\/www.erresse-shop.it\/fr\/#website"},"datePublished":"2022-04-08T09:18:33+00:00","dateModified":"2025-03-05T13:00:07+00:00","description":"Prenez le contr\u00f4le de vos grains fra\u00eechement torr\u00e9fi\u00e9s \u00e0 la seconde pr\u00e8s gr\u00e2ce \u00e0 60 r\u00e9glages de mouture pr\u00e9cis. Les broyeurs coniques de pr\u00e9cision","breadcrumb":{"@id":"https:\/\/www.erresse-shop.it\/fr\/shop\/petits-electromenagers\/machines-cafe\/manuels\/sage-the-dose-control-pro\/#breadcrumb"},"inLanguage":"fr-FR","potentialAction":[{"@type":"ReadAction","target":["https:\/\/www.erresse-shop.it\/fr\/shop\/petits-electromenagers\/machines-cafe\/manuels\/sage-the-dose-control-pro\/"]}]},{"@type":"BreadcrumbList","@id":"https:\/\/www.erresse-shop.it\/fr\/shop\/petits-electromenagers\/machines-cafe\/manuels\/sage-the-dose-control-pro\/#breadcrumb","itemListElement":[{"@type":"ListItem","position":1,"name":"Home","item":"https:\/\/www.erresse-shop.it\/fr\/"},{"@type":"ListItem","position":2,"name":"Shop","item":"https:\/\/www.erresse-shop.it\/fr\/shop\/"},{"@type":"ListItem","position":3,"name":"SAGE The Dose Control Pro"}]},{"@type":"WebSite","@id":"https:\/\/www.erresse-shop.it\/fr\/#website","url":"https:\/\/www.erresse-shop.it\/fr\/","name":"Erresse Shop","description":"Articoli di qualit\u00e0 per la casa","potentialAction":[{"@type":"SearchAction","target":{"@type":"EntryPoint","urlTemplate":"https:\/\/www.erresse-shop.it\/fr\/?s={search_term_string}"},"query-input":"required name=search_term_string"}],"inLanguage":"fr-FR"}]}},"df_price":189.95,"df_sale_price":189.95,"df_regular_price":219.9,"df_image_link":"https:\/\/www.erresse-shop.it\/wp-content\/uploads\/2022\/04\/The-Dose-Control-Pro-300x300.jpg","_links":{"self":[{"href":"https:\/\/www.erresse-shop.it\/fr\/wp-json\/wp\/v2\/product\/150243"}],"collection":[{"href":"https:\/\/www.erresse-shop.it\/fr\/wp-json\/wp\/v2\/product"}],"about":[{"href":"https:\/\/www.erresse-shop.it\/fr\/wp-json\/wp\/v2\/types\/product"}],"wp:featuredmedia":[{"embeddable":true,"href":"https:\/\/www.erresse-shop.it\/fr\/wp-json\/wp\/v2\/media\/150249"}],"wp:attachment":[{"href":"https:\/\/www.erresse-shop.it\/fr\/wp-json\/wp\/v2\/media?parent=150243"}],"wp:term":[{"taxonomy":"product_cat","embeddable":true,"href":"https:\/\/www.erresse-shop.it\/fr\/wp-json\/wp\/v2\/product_cat?post=150243"},{"taxonomy":"product_tag","embeddable":true,"href":"https:\/\/www.erresse-shop.it\/fr\/wp-json\/wp\/v2\/product_tag?post=150243"}],"curies":[{"name":"wp","href":"https:\/\/api.w.org\/{rel}","templated":true}]}}