{"id":150159,"date":"2022-04-08T07:41:11","date_gmt":"2022-04-08T07:41:18","guid":{"rendered":"https:\/\/www.erresse-shop.it\/?post_type=product&#038;p=150159"},"modified":"2025-05-15T10:44:22","modified_gmt":"2025-05-15T10:44:22","slug":"sage-the-duo-temp-pro-2","status":"publish","type":"product","link":"https:\/\/www.erresse-shop.it\/fr\/shop\/petits-electromenagers\/machines-cafe\/sage-the-duo-temp-pro-2\/","title":{"rendered":"SAGE The Duo Temp Pro"},"content":{"rendered":"<p>Pour obtenir un ar\u00f4me \u00e9quilibr\u00e9, il est essentiel d&#8217;effectuer une extraction uniforme en utilisant une pr\u00e9-infusion \u00e0 basse pression, tout comme les machines professionnelles. Le secret d&#8217;un excellent espresso ou cappuccino r\u00e9side dans le bon \u00e9quilibre entre les notes sucr\u00e9es, acides et am\u00e8res. Le Duo-Temp Pro apporte tout le go\u00fbt d&#8217;un caf\u00e9 de haute qualit\u00e9 directement chez vous.<\/p>\n<p><strong>Extraction pr\u00e9cise<\/strong><br \/>\nLa pr\u00e9-infusion \u00e0 basse pression garantit que tous les ar\u00f4mes sont extraits de mani\u00e8re homog\u00e8ne pendant l&#8217;extraction, pour un r\u00e9sultat final \u00e9quilibr\u00e9.<\/p>\n<p><strong>Fouet \u00e0 lait \u00e0 microbulles<\/strong><br \/>\nL&#8217;\u00e9l\u00e9ment chauffant de 1600 W cr\u00e9e de la vapeur pour faire mousser les micro-bulles, ce qui est id\u00e9al pour rehausser les saveurs et faire de l&#8217;art du caf\u00e9 au lait.<\/p>\n<p><strong>Lampes d&#8217;entretien<\/strong><br \/>\nNos machines vous font savoir quand elles ont besoin d&#8217;attention. Les alertes de nettoyage et de vidange du bac d&#8217;\u00e9gouttement font de l&#8217;entretien de routine un jeu d&#8217;enfant.<\/p>\n<p><strong>Sp\u00e9cifications des produits<\/strong><\/p>\n<ul>\n<li>Alimentation \u00e9lectrique : 1600 Watt<\/li>\n<li>Capacit\u00e9 du r\u00e9servoir d&#8217;eau : 1,8l<\/li>\n<li>Dimensions (LxPxH) : 32 x 25,7 x 33,4 cm<\/li>\n<li>Garantie : 2 ans de garantie pour r\u00e9paration, remplacement ou remboursement (\u00e0 la seule discr\u00e9tion de Sage Appliances)<\/li>\n<li>Param\u00e8tres : Contr\u00f4le manuel du volume d&#8217;extraction<\/li>\n<li>Mat\u00e9riau de construction : acier inoxydable bross\u00e9<\/li>\n<li>Pompe de 15 bars de fabrication italienne<\/li>\n<li>Voltage : 220-240 Volts<\/li>\n<\/ul>\n<p><strong>Accessoires inclus:<\/strong><\/p>\n<ul>\n<li>Porte-filtre de 54 mm<\/li>\n<li>Presseur int\u00e9gr\u00e9<\/li>\n<li>Dispositif de dosage de pr\u00e9cision<\/li>\n<li>Razor Filtres \u00e0 simple et double paroi pour 1 et 2 tasses (4)<\/li>\n<li>Pot \u00e0 lait en acier inoxydable<\/li>\n<li>Cl\u00e9 Allen<\/li>\n<li>Filtre \u00e0 eau avec support<\/li>\n<\/ul>\n<p><strong>Ne peut \u00eatre vendu en dehors de l&#8217;Europe<\/strong><\/p>\n<div class=\"su-youtube su-u-responsive-media-yes\"><iframe loading=\"lazy\" width=\"500\" height=\"200\" src=\"https:\/\/www.youtube.com\/embed\/axLqwiJKL1c?\" frameborder=\"0\" allowfullscreen allow=\"autoplay; encrypted-media; picture-in-picture\" title=\"\"><\/iframe><\/div>\n","protected":false},"excerpt":{"rendered":"<p>Pour obtenir un ar\u00f4me \u00e9quilibr\u00e9, il est essentiel d&#8217;effectuer une extraction uniforme en utilisant une pr\u00e9-infusion \u00e0 basse pression, tout<\/p>\n","protected":false},"featured_media":150164,"template":"","meta":{"_acf_changed":false,"inline_featured_image":false},"product_cat":[12764,12449],"product_tag":[18753,18754,13254,18755],"acf":[],"yoast_head":"<!-- This site is optimized with the Yoast SEO Premium plugin v18.6 (Yoast SEO v19.13) - https:\/\/yoast.com\/wordpress\/plugins\/seo\/ -->\n<title>SAGE The Duo Temp Pro - Erresse Shop<\/title>\n<meta name=\"description\" content=\"Pour obtenir un ar\u00f4me \u00e9quilibr\u00e9, il est essentiel d&#039;effectuer une extraction uniforme en utilisant une pr\u00e9-infusion \u00e0 basse pression, tout comme les\" \/>\n<meta name=\"robots\" content=\"index, follow, max-snippet:-1, max-image-preview:large, max-video-preview:-1\" \/>\n<link rel=\"canonical\" href=\"https:\/\/www.erresse-shop.it\/fr\/shop\/petits-electromenagers\/machines-cafe\/sage-the-duo-temp-pro-2\/\" \/>\n<meta property=\"og:locale\" content=\"fr_FR\" \/>\n<meta property=\"og:type\" content=\"article\" \/>\n<meta property=\"og:title\" content=\"SAGE The Duo Temp Pro\" \/>\n<meta property=\"og:description\" content=\"Pour obtenir un ar\u00f4me \u00e9quilibr\u00e9, il est essentiel d&#039;effectuer une extraction uniforme en utilisant une pr\u00e9-infusion \u00e0 basse pression, tout comme les\" \/>\n<meta property=\"og:url\" content=\"https:\/\/www.erresse-shop.it\/fr\/shop\/petits-electromenagers\/machines-cafe\/sage-the-duo-temp-pro-2\/\" \/>\n<meta property=\"og:site_name\" content=\"Erresse Shop\" \/>\n<meta property=\"article:modified_time\" content=\"2025-05-15T10:44:22+00:00\" \/>\n<meta property=\"og:image\" content=\"https:\/\/www.erresse-shop.it\/wp-content\/uploads\/2022\/04\/The-Duo-Temp-Pro-4.jpg\" \/>\n\t<meta property=\"og:image:width\" content=\"992\" \/>\n\t<meta property=\"og:image:height\" content=\"992\" \/>\n\t<meta property=\"og:image:type\" content=\"image\/jpeg\" \/>\n<meta name=\"twitter:card\" content=\"summary_large_image\" \/>\n<script type=\"application\/ld+json\" class=\"yoast-schema-graph\">{\"@context\":\"https:\/\/schema.org\",\"@graph\":[{\"@type\":\"WebPage\",\"@id\":\"https:\/\/www.erresse-shop.it\/fr\/shop\/petits-electromenagers\/machines-cafe\/sage-the-duo-temp-pro-2\/\",\"url\":\"https:\/\/www.erresse-shop.it\/fr\/shop\/petits-electromenagers\/machines-cafe\/sage-the-duo-temp-pro-2\/\",\"name\":\"SAGE The Duo Temp Pro - Erresse Shop\",\"isPartOf\":{\"@id\":\"https:\/\/www.erresse-shop.it\/fr\/#website\"},\"datePublished\":\"2022-04-08T07:41:18+00:00\",\"dateModified\":\"2025-05-15T10:44:22+00:00\",\"description\":\"Pour obtenir un ar\u00f4me \u00e9quilibr\u00e9, il est essentiel d'effectuer une extraction uniforme en utilisant une pr\u00e9-infusion \u00e0 basse pression, tout comme les\",\"breadcrumb\":{\"@id\":\"https:\/\/www.erresse-shop.it\/fr\/shop\/petits-electromenagers\/machines-cafe\/sage-the-duo-temp-pro-2\/#breadcrumb\"},\"inLanguage\":\"fr-FR\",\"potentialAction\":[{\"@type\":\"ReadAction\",\"target\":[\"https:\/\/www.erresse-shop.it\/fr\/shop\/petits-electromenagers\/machines-cafe\/sage-the-duo-temp-pro-2\/\"]}]},{\"@type\":\"BreadcrumbList\",\"@id\":\"https:\/\/www.erresse-shop.it\/fr\/shop\/petits-electromenagers\/machines-cafe\/sage-the-duo-temp-pro-2\/#breadcrumb\",\"itemListElement\":[{\"@type\":\"ListItem\",\"position\":1,\"name\":\"Home\",\"item\":\"https:\/\/www.erresse-shop.it\/fr\/\"},{\"@type\":\"ListItem\",\"position\":2,\"name\":\"Shop\",\"item\":\"https:\/\/www.erresse-shop.it\/fr\/shop\/\"},{\"@type\":\"ListItem\",\"position\":3,\"name\":\"SAGE The Duo Temp Pro\"}]},{\"@type\":\"WebSite\",\"@id\":\"https:\/\/www.erresse-shop.it\/fr\/#website\",\"url\":\"https:\/\/www.erresse-shop.it\/fr\/\",\"name\":\"Erresse Shop\",\"description\":\"Articoli di qualit\u00e0 per la casa\",\"potentialAction\":[{\"@type\":\"SearchAction\",\"target\":{\"@type\":\"EntryPoint\",\"urlTemplate\":\"https:\/\/www.erresse-shop.it\/fr\/?s={search_term_string}\"},\"query-input\":\"required name=search_term_string\"}],\"inLanguage\":\"fr-FR\"}]}<\/script>\n<!-- \/ Yoast SEO Premium plugin. -->","yoast_head_json":{"title":"SAGE The Duo Temp Pro - Erresse Shop","description":"Pour obtenir un ar\u00f4me \u00e9quilibr\u00e9, il est essentiel d'effectuer une extraction uniforme en utilisant une pr\u00e9-infusion \u00e0 basse pression, tout comme les","robots":{"index":"index","follow":"follow","max-snippet":"max-snippet:-1","max-image-preview":"max-image-preview:large","max-video-preview":"max-video-preview:-1"},"canonical":"https:\/\/www.erresse-shop.it\/fr\/shop\/petits-electromenagers\/machines-cafe\/sage-the-duo-temp-pro-2\/","og_locale":"fr_FR","og_type":"article","og_title":"SAGE The Duo Temp Pro","og_description":"Pour obtenir un ar\u00f4me \u00e9quilibr\u00e9, il est essentiel d'effectuer une extraction uniforme en utilisant une pr\u00e9-infusion \u00e0 basse pression, tout comme les","og_url":"https:\/\/www.erresse-shop.it\/fr\/shop\/petits-electromenagers\/machines-cafe\/sage-the-duo-temp-pro-2\/","og_site_name":"Erresse Shop","article_modified_time":"2025-05-15T10:44:22+00:00","og_image":[{"width":992,"height":992,"url":"https:\/\/www.erresse-shop.it\/wp-content\/uploads\/2022\/04\/The-Duo-Temp-Pro-4.jpg","type":"image\/jpeg"}],"twitter_card":"summary_large_image","schema":{"@context":"https:\/\/schema.org","@graph":[{"@type":"WebPage","@id":"https:\/\/www.erresse-shop.it\/fr\/shop\/petits-electromenagers\/machines-cafe\/sage-the-duo-temp-pro-2\/","url":"https:\/\/www.erresse-shop.it\/fr\/shop\/petits-electromenagers\/machines-cafe\/sage-the-duo-temp-pro-2\/","name":"SAGE The Duo Temp Pro - Erresse Shop","isPartOf":{"@id":"https:\/\/www.erresse-shop.it\/fr\/#website"},"datePublished":"2022-04-08T07:41:18+00:00","dateModified":"2025-05-15T10:44:22+00:00","description":"Pour obtenir un ar\u00f4me \u00e9quilibr\u00e9, il est essentiel d'effectuer une extraction uniforme en utilisant une pr\u00e9-infusion \u00e0 basse pression, tout comme les","breadcrumb":{"@id":"https:\/\/www.erresse-shop.it\/fr\/shop\/petits-electromenagers\/machines-cafe\/sage-the-duo-temp-pro-2\/#breadcrumb"},"inLanguage":"fr-FR","potentialAction":[{"@type":"ReadAction","target":["https:\/\/www.erresse-shop.it\/fr\/shop\/petits-electromenagers\/machines-cafe\/sage-the-duo-temp-pro-2\/"]}]},{"@type":"BreadcrumbList","@id":"https:\/\/www.erresse-shop.it\/fr\/shop\/petits-electromenagers\/machines-cafe\/sage-the-duo-temp-pro-2\/#breadcrumb","itemListElement":[{"@type":"ListItem","position":1,"name":"Home","item":"https:\/\/www.erresse-shop.it\/fr\/"},{"@type":"ListItem","position":2,"name":"Shop","item":"https:\/\/www.erresse-shop.it\/fr\/shop\/"},{"@type":"ListItem","position":3,"name":"SAGE The Duo Temp Pro"}]},{"@type":"WebSite","@id":"https:\/\/www.erresse-shop.it\/fr\/#website","url":"https:\/\/www.erresse-shop.it\/fr\/","name":"Erresse Shop","description":"Articoli di qualit\u00e0 per la casa","potentialAction":[{"@type":"SearchAction","target":{"@type":"EntryPoint","urlTemplate":"https:\/\/www.erresse-shop.it\/fr\/?s={search_term_string}"},"query-input":"required name=search_term_string"}],"inLanguage":"fr-FR"}]}},"df_price":429.9,"df_sale_price":429.9,"df_regular_price":429.9,"df_image_link":"https:\/\/www.erresse-shop.it\/wp-content\/uploads\/2022\/04\/The-Duo-Temp-Pro-4-300x300.jpg","_links":{"self":[{"href":"https:\/\/www.erresse-shop.it\/fr\/wp-json\/wp\/v2\/product\/150159"}],"collection":[{"href":"https:\/\/www.erresse-shop.it\/fr\/wp-json\/wp\/v2\/product"}],"about":[{"href":"https:\/\/www.erresse-shop.it\/fr\/wp-json\/wp\/v2\/types\/product"}],"wp:featuredmedia":[{"embeddable":true,"href":"https:\/\/www.erresse-shop.it\/fr\/wp-json\/wp\/v2\/media\/150164"}],"wp:attachment":[{"href":"https:\/\/www.erresse-shop.it\/fr\/wp-json\/wp\/v2\/media?parent=150159"}],"wp:term":[{"taxonomy":"product_cat","embeddable":true,"href":"https:\/\/www.erresse-shop.it\/fr\/wp-json\/wp\/v2\/product_cat?post=150159"},{"taxonomy":"product_tag","embeddable":true,"href":"https:\/\/www.erresse-shop.it\/fr\/wp-json\/wp\/v2\/product_tag?post=150159"}],"curies":[{"name":"wp","href":"https:\/\/api.w.org\/{rel}","templated":true}]}}