{"id":149970,"date":"2022-04-07T12:50:00","date_gmt":"2022-04-07T12:50:04","guid":{"rendered":"https:\/\/www.erresse-shop.it\/?post_type=product&#038;p=149970"},"modified":"2025-01-13T17:18:17","modified_gmt":"2025-01-13T17:18:17","slug":"sage-the-oracle-touch","status":"publish","type":"product","link":"https:\/\/www.erresse-shop.it\/fr\/shop\/petits-electromenagers\/machines-cafe\/automatique\/sage-the-oracle-touch\/","title":{"rendered":"SAGE The Oracle Touch"},"content":{"rendered":"<p>Gr\u00e2ce \u00e0 l&#8217;\u00e9cran tactile automatique, la pr\u00e9paration de votre caf\u00e9 pr\u00e9f\u00e9r\u00e9 n&#8217;a jamais \u00e9t\u00e9 aussi facile. Il suffit de trois \u00e9tapes : le broyage, l&#8217;extraction et le moussage du lait. Vous pouvez facilement r\u00e9gler la force du caf\u00e9 et la mousse ou la temp\u00e9rature du lait en fonction de vos go\u00fbts, puis enregistrer les param\u00e8tres sous votre nom. Vous pouvez cr\u00e9er et sauvegarder jusqu&#8217;\u00e0 8 caf\u00e9s personnalis\u00e9s.<\/p>\n<p><strong>Faire d\u00e9filer, s\u00e9lectionner, appr\u00e9cier<\/strong><br \/>\nGr\u00e2ce \u00e0 un processus enti\u00e8rement automatique, vous pouvez rapidement et facilement faire d\u00e9filer et s\u00e9lectionner votre caf\u00e9 pr\u00e9f\u00e9r\u00e9 : qu&#8217;il s&#8217;agisse d&#8217;un caf\u00e9 noir, d&#8217;un latte ou d&#8217;un cappuccino, vous pouvez d\u00e9sormais d\u00e9guster un v\u00e9ritable caf\u00e9 de troisi\u00e8me g\u00e9n\u00e9ration chez vous, quand vous le souhaitez.<\/p>\n<p><strong>Dose<\/strong><br \/>\nLe moulin conique int\u00e9gr\u00e9 moud, dose et presse automatiquement 22 grammes de caf\u00e9, tout comme la machine professionnelle de votre bar \u00e0 caf\u00e9 pr\u00e9f\u00e9r\u00e9.<\/p>\n<p><strong>Contr\u00f4le pr\u00e9cis de la temp\u00e9rature de l&#8217;eau<\/strong><br \/>\nLa soupape de s\u00e9curit\u00e9 est une fonction Oracle Touch normalement r\u00e9serv\u00e9e aux machines commerciales. Il limite la pression maximale lors de l&#8217;extraction, \u00e9vitant ainsi que le caf\u00e9 ne prenne un go\u00fbt amer. Il dispose \u00e9galement d&#8217;une fonction de pr\u00e9-infusion \u00e0 basse pression, qui augmente progressivement la pression afin de dilater doucement le caf\u00e9 moulu et d&#8217;obtenir une extraction uniforme.<\/p>\n<p><strong>Une pression d&#8217;eau optimale<\/strong><br \/>\nLa soupape de s\u00e9curit\u00e9 est une fonction Oracle Touch normalement r\u00e9serv\u00e9e aux machines commerciales. Il limite la pression maximale lors de l&#8217;extraction, \u00e9vitant ainsi que le caf\u00e9 ne prenne un go\u00fbt amer. Il dispose \u00e9galement d&#8217;une fonction de pr\u00e9-infusion \u00e0 basse pression, qui augmente progressivement la pression afin de dilater doucement le caf\u00e9 moulu et d&#8217;obtenir une extraction uniforme.<\/p>\n<p><strong>Pression de vapeur suffisante<\/strong><br \/>\nUn caf\u00e9 de qualit\u00e9 est le r\u00e9sultat d&#8217;un \u00e9quilibre d\u00e9licat entre l&#8217;ar\u00f4me de l&#8217;espresso et la douceur d&#8217;une mousse de lait riche en micro-bulles. La baguette \u00e0 vapeur, aliment\u00e9e par une chaudi\u00e8re \u00e0 vapeur d\u00e9di\u00e9e, fait mousser automatiquement le lait selon vos go\u00fbts et \u00e0 la temp\u00e9rature de votre choix. Le r\u00e9sultat est une mousse velout\u00e9e qui rehausse le go\u00fbt du caf\u00e9, comme au bar. Et il se nettoie tout seul !<\/p>\n<p><strong>Fonction One Touch pour Americano<\/strong><br \/>\nLa fonction innovante One Touch vous permet de pr\u00e9parer un Americano parfait : la machine pr\u00e9pare d&#8217;abord un double espresso ; puis, par un bec d\u00e9di\u00e9, elle remplit la tasse d&#8217;eau chaude s\u00e9par\u00e9ment, comme le feraient des machines professionnelles.<\/p>\n<p>Alimentation \u00e9lectrique : 2400 Watt<br \/>\nCapacit\u00e9 du porte-gobelet : 280 grammes<br \/>\nDimensions (LxPxH) : 39,2 x 37,3 x 45,4 cm<br \/>\nFonction de pr\u00e9-infusion : Cette fonction augmente progressivement la pression de l&#8217;eau afin de dilater doucement le caf\u00e9 moulu et d&#8217;assurer une extraction uniforme.<br \/>\nGarantie : 2 ans de garantie pour r\u00e9paration, remplacement ou remboursement (\u00e0 la seule discr\u00e9tion de Sage Appliances)<br \/>\nMoulin \u00e0 caf\u00e9 int\u00e9gr\u00e9 : Moulin \u00e0 caf\u00e9 conique int\u00e9gr\u00e9 en acier inoxydable.<br \/>\nMat\u00e9riaux de construction : Acier inoxydable bross\u00e9 ; Double chaudi\u00e8re en acier inoxydable.<br \/>\nVoltage : 220-240 Volt<br \/>\nMinuterie : la minuterie espresso indique la dur\u00e9e de l&#8217;extraction, afin que vous obteniez toujours des r\u00e9sultats optimaux.<br \/>\nSoupape de s\u00e9curit\u00e9 : cette caract\u00e9ristique typique des machines professionnelles limite la pression de la pompe italienne de 15 bars pendant l&#8217;extraction, afin que le caf\u00e9 ne devienne pas amer.<\/p>\n<p><strong>Accessoires inclus:<\/strong><\/p>\n<ul>\n<li>Petit porte-filtre<\/li>\n<li>Porte-filtre complet en acier inoxydable de 58 mm<\/li>\n<li>Filtres \u00e0 paroi simple 1 et 2 tasses<\/li>\n<li>Pot \u00e0 lait en acier inoxydable de 480 ml<\/li>\n<li>Pi\u00e8ces de rechange pour la buse \u00e0 vapeur<\/li>\n<li>Kit de nettoyage<\/li>\n<li>Bande de test de la duret\u00e9 de l&#8217;eau<\/li>\n<li>Filtre \u00e0 eau avec support<\/li>\n<\/ul>\n<p><strong>Param\u00e8tres:<\/strong><\/p>\n<ul>\n<li>Utilisation de l&#8217;\u00e9cran tactile<\/li>\n<li>5 r\u00e9glages favoris pr\u00e9programm\u00e9s<\/li>\n<li>Cr\u00e9er, enregistrer et nommer 8 param\u00e8tres personnalisables<\/li>\n<li>Contr\u00f4le de la mouture r\u00e9glable<\/li>\n<li>Temp\u00e9rature et mousse de lait programmables<\/li>\n<li>Espresso simple ou double<\/li>\n<li>Eau chaude<\/li>\n<\/ul>\n<p><strong>Syst\u00e8me de chauffage triple:<\/strong><\/p>\n<ul>\n<li>Chaudi\u00e8re \u00e0 vapeur d\u00e9di\u00e9e avec \u00e9changeur de chaleur int\u00e9gr\u00e9 pour une stabilit\u00e9 thermique accrue.<\/li>\n<li>Chaudi\u00e8re d\u00e9di\u00e9e \u00e0 l&#8217;espresso avec contr\u00f4le num\u00e9rique PID pour une temp\u00e9rature de l&#8217;eau pr\u00e9cise.<\/li>\n<li>Groupe d&#8217;infusion chauff\u00e9 : L&#8217;\u00e9l\u00e9ment int\u00e9gr\u00e9 contr\u00f4l\u00e9 par PID maintient la stabilit\u00e9 thermique.<\/li>\n<\/ul>\n<p><strong>Non commercialis\u00e9 en dehors de l&#8217;Europe<\/strong><\/p>\n","protected":false},"excerpt":{"rendered":"<p>Gr\u00e2ce \u00e0 l&#8217;\u00e9cran tactile automatique, la pr\u00e9paration de votre caf\u00e9 pr\u00e9f\u00e9r\u00e9 n&#8217;a jamais \u00e9t\u00e9 aussi facile. Il suffit de trois<\/p>\n","protected":false},"featured_media":156050,"template":"","meta":{"_acf_changed":false,"inline_featured_image":false},"product_cat":[25360,12764,12449],"product_tag":[18753,18754,23563,23568,18755],"acf":[],"yoast_head":"<!-- This site is optimized with the Yoast SEO Premium plugin v18.6 (Yoast SEO v19.13) - https:\/\/yoast.com\/wordpress\/plugins\/seo\/ -->\n<title>SAGE The Oracle Touch<\/title>\n<meta name=\"description\" content=\"D\u00e9couvrez SAGE The Oracle Touch sur ErresseShop. Qualit\u00e9, prix r\u00e9duits et achat s\u00e9curis\u00e9 \u2013 commandez d\u00e8s maintenant en ligne !\" \/>\n<meta name=\"robots\" content=\"index, follow, max-snippet:-1, max-image-preview:large, max-video-preview:-1\" \/>\n<link rel=\"canonical\" href=\"https:\/\/www.erresse-shop.it\/fr\/shop\/petits-electromenagers\/machines-cafe\/automatique\/sage-the-oracle-touch\/\" \/>\n<meta property=\"og:locale\" content=\"fr_FR\" \/>\n<meta property=\"og:type\" content=\"article\" \/>\n<meta property=\"og:title\" content=\"SAGE The Oracle Touch\" \/>\n<meta property=\"og:description\" content=\"D\u00e9couvrez SAGE The Oracle Touch sur ErresseShop. Qualit\u00e9, prix r\u00e9duits et achat s\u00e9curis\u00e9 \u2013 commandez d\u00e8s maintenant en ligne !\" \/>\n<meta property=\"og:url\" content=\"https:\/\/www.erresse-shop.it\/fr\/shop\/petits-electromenagers\/machines-cafe\/automatique\/sage-the-oracle-touch\/\" \/>\n<meta property=\"og:site_name\" content=\"Erresse Shop\" \/>\n<meta property=\"article:modified_time\" content=\"2025-01-13T17:18:17+00:00\" \/>\n<meta property=\"og:image\" content=\"https:\/\/www.erresse-shop.it\/wp-content\/uploads\/2022\/04\/SAGE-The-Oracle-Touch.jpg\" \/>\n\t<meta property=\"og:image:width\" content=\"992\" \/>\n\t<meta property=\"og:image:height\" content=\"992\" \/>\n\t<meta property=\"og:image:type\" content=\"image\/jpeg\" \/>\n<meta name=\"twitter:card\" content=\"summary_large_image\" \/>\n<script type=\"application\/ld+json\" class=\"yoast-schema-graph\">{\"@context\":\"https:\/\/schema.org\",\"@graph\":[{\"@type\":\"WebPage\",\"@id\":\"https:\/\/www.erresse-shop.it\/fr\/shop\/petits-electromenagers\/machines-cafe\/automatique\/sage-the-oracle-touch\/\",\"url\":\"https:\/\/www.erresse-shop.it\/fr\/shop\/petits-electromenagers\/machines-cafe\/automatique\/sage-the-oracle-touch\/\",\"name\":\"SAGE The Oracle Touch\",\"isPartOf\":{\"@id\":\"https:\/\/www.erresse-shop.it\/fr\/#website\"},\"datePublished\":\"2022-04-07T12:50:04+00:00\",\"dateModified\":\"2025-01-13T17:18:17+00:00\",\"description\":\"D\u00e9couvrez SAGE The Oracle Touch sur ErresseShop. Qualit\u00e9, prix r\u00e9duits et achat s\u00e9curis\u00e9 \u2013 commandez d\u00e8s maintenant en ligne !\",\"breadcrumb\":{\"@id\":\"https:\/\/www.erresse-shop.it\/fr\/shop\/petits-electromenagers\/machines-cafe\/automatique\/sage-the-oracle-touch\/#breadcrumb\"},\"inLanguage\":\"fr-FR\",\"potentialAction\":[{\"@type\":\"ReadAction\",\"target\":[\"https:\/\/www.erresse-shop.it\/fr\/shop\/petits-electromenagers\/machines-cafe\/automatique\/sage-the-oracle-touch\/\"]}]},{\"@type\":\"BreadcrumbList\",\"@id\":\"https:\/\/www.erresse-shop.it\/fr\/shop\/petits-electromenagers\/machines-cafe\/automatique\/sage-the-oracle-touch\/#breadcrumb\",\"itemListElement\":[{\"@type\":\"ListItem\",\"position\":1,\"name\":\"Home\",\"item\":\"https:\/\/www.erresse-shop.it\/fr\/\"},{\"@type\":\"ListItem\",\"position\":2,\"name\":\"Shop\",\"item\":\"https:\/\/www.erresse-shop.it\/fr\/shop\/\"},{\"@type\":\"ListItem\",\"position\":3,\"name\":\"SAGE The Oracle Touch\"}]},{\"@type\":\"WebSite\",\"@id\":\"https:\/\/www.erresse-shop.it\/fr\/#website\",\"url\":\"https:\/\/www.erresse-shop.it\/fr\/\",\"name\":\"Erresse Shop\",\"description\":\"Articoli di qualit\u00e0 per la casa\",\"potentialAction\":[{\"@type\":\"SearchAction\",\"target\":{\"@type\":\"EntryPoint\",\"urlTemplate\":\"https:\/\/www.erresse-shop.it\/fr\/?s={search_term_string}\"},\"query-input\":\"required name=search_term_string\"}],\"inLanguage\":\"fr-FR\"}]}<\/script>\n<!-- \/ Yoast SEO Premium plugin. -->","yoast_head_json":{"title":"SAGE The Oracle Touch","description":"D\u00e9couvrez SAGE The Oracle Touch sur ErresseShop. Qualit\u00e9, prix r\u00e9duits et achat s\u00e9curis\u00e9 \u2013 commandez d\u00e8s maintenant en ligne !","robots":{"index":"index","follow":"follow","max-snippet":"max-snippet:-1","max-image-preview":"max-image-preview:large","max-video-preview":"max-video-preview:-1"},"canonical":"https:\/\/www.erresse-shop.it\/fr\/shop\/petits-electromenagers\/machines-cafe\/automatique\/sage-the-oracle-touch\/","og_locale":"fr_FR","og_type":"article","og_title":"SAGE The Oracle Touch","og_description":"D\u00e9couvrez SAGE The Oracle Touch sur ErresseShop. Qualit\u00e9, prix r\u00e9duits et achat s\u00e9curis\u00e9 \u2013 commandez d\u00e8s maintenant en ligne !","og_url":"https:\/\/www.erresse-shop.it\/fr\/shop\/petits-electromenagers\/machines-cafe\/automatique\/sage-the-oracle-touch\/","og_site_name":"Erresse Shop","article_modified_time":"2025-01-13T17:18:17+00:00","og_image":[{"width":992,"height":992,"url":"https:\/\/www.erresse-shop.it\/wp-content\/uploads\/2022\/04\/SAGE-The-Oracle-Touch.jpg","type":"image\/jpeg"}],"twitter_card":"summary_large_image","schema":{"@context":"https:\/\/schema.org","@graph":[{"@type":"WebPage","@id":"https:\/\/www.erresse-shop.it\/fr\/shop\/petits-electromenagers\/machines-cafe\/automatique\/sage-the-oracle-touch\/","url":"https:\/\/www.erresse-shop.it\/fr\/shop\/petits-electromenagers\/machines-cafe\/automatique\/sage-the-oracle-touch\/","name":"SAGE The Oracle Touch","isPartOf":{"@id":"https:\/\/www.erresse-shop.it\/fr\/#website"},"datePublished":"2022-04-07T12:50:04+00:00","dateModified":"2025-01-13T17:18:17+00:00","description":"D\u00e9couvrez SAGE The Oracle Touch sur ErresseShop. Qualit\u00e9, prix r\u00e9duits et achat s\u00e9curis\u00e9 \u2013 commandez d\u00e8s maintenant en ligne !","breadcrumb":{"@id":"https:\/\/www.erresse-shop.it\/fr\/shop\/petits-electromenagers\/machines-cafe\/automatique\/sage-the-oracle-touch\/#breadcrumb"},"inLanguage":"fr-FR","potentialAction":[{"@type":"ReadAction","target":["https:\/\/www.erresse-shop.it\/fr\/shop\/petits-electromenagers\/machines-cafe\/automatique\/sage-the-oracle-touch\/"]}]},{"@type":"BreadcrumbList","@id":"https:\/\/www.erresse-shop.it\/fr\/shop\/petits-electromenagers\/machines-cafe\/automatique\/sage-the-oracle-touch\/#breadcrumb","itemListElement":[{"@type":"ListItem","position":1,"name":"Home","item":"https:\/\/www.erresse-shop.it\/fr\/"},{"@type":"ListItem","position":2,"name":"Shop","item":"https:\/\/www.erresse-shop.it\/fr\/shop\/"},{"@type":"ListItem","position":3,"name":"SAGE The Oracle Touch"}]},{"@type":"WebSite","@id":"https:\/\/www.erresse-shop.it\/fr\/#website","url":"https:\/\/www.erresse-shop.it\/fr\/","name":"Erresse Shop","description":"Articoli di qualit\u00e0 per la casa","potentialAction":[{"@type":"SearchAction","target":{"@type":"EntryPoint","urlTemplate":"https:\/\/www.erresse-shop.it\/fr\/?s={search_term_string}"},"query-input":"required name=search_term_string"}],"inLanguage":"fr-FR"}]}},"df_price":2599.9,"df_sale_price":2599.9,"df_regular_price":2599.9,"df_image_link":"https:\/\/www.erresse-shop.it\/wp-content\/uploads\/2022\/04\/SAGE-The-Oracle-Touch-300x300.jpg","_links":{"self":[{"href":"https:\/\/www.erresse-shop.it\/fr\/wp-json\/wp\/v2\/product\/149970"}],"collection":[{"href":"https:\/\/www.erresse-shop.it\/fr\/wp-json\/wp\/v2\/product"}],"about":[{"href":"https:\/\/www.erresse-shop.it\/fr\/wp-json\/wp\/v2\/types\/product"}],"wp:featuredmedia":[{"embeddable":true,"href":"https:\/\/www.erresse-shop.it\/fr\/wp-json\/wp\/v2\/media\/156050"}],"wp:attachment":[{"href":"https:\/\/www.erresse-shop.it\/fr\/wp-json\/wp\/v2\/media?parent=149970"}],"wp:term":[{"taxonomy":"product_cat","embeddable":true,"href":"https:\/\/www.erresse-shop.it\/fr\/wp-json\/wp\/v2\/product_cat?post=149970"},{"taxonomy":"product_tag","embeddable":true,"href":"https:\/\/www.erresse-shop.it\/fr\/wp-json\/wp\/v2\/product_tag?post=149970"}],"curies":[{"name":"wp","href":"https:\/\/api.w.org\/{rel}","templated":true}]}}