{"id":149667,"date":"2022-04-06T10:28:31","date_gmt":"2022-04-06T10:28:33","guid":{"rendered":"https:\/\/www.erresse-shop.it\/?post_type=product&#038;p=149667"},"modified":"2025-01-13T17:18:11","modified_gmt":"2025-01-13T17:18:11","slug":"sage-the-oracle","status":"publish","type":"product","link":"https:\/\/www.erresse-shop.it\/fr\/shop\/petits-electromenagers\/machines-cafe\/automatique\/sage-the-oracle\/","title":{"rendered":"SAGE The Oracle"},"content":{"rendered":"<p>Un caf\u00e9 de sp\u00e9cialit\u00e9 de troisi\u00e8me g\u00e9n\u00e9ration, directement chez vous. The Oracle cr\u00e9e un caf\u00e9 de sp\u00e9cialit\u00e9 de troisi\u00e8me g\u00e9n\u00e9ration, identique \u00e0 celui que vous prendriez dans votre caf\u00e9 favori. The Oracle est dot\u00e9 d&#8217;une fonction de mouture, de dosage, de tassage et de texture du lait automatiques, facilitant ainsi les deux \u00e9tapes les plus difficiles de r\u00e9alisation d&#8217;un expresso. Vous pouvez extraire votre expresso et r\u00e9aliser votre mousse de lait en moins d&#8217;une minute.<\/p>\n<p><strong>Broyage et Tassement Automatiques<\/strong><br \/>\nLe broyeur conique int\u00e9gr\u00e9 permet de moudre, doser et tasser automatiquement 22 grammes de caf\u00e9 directement dans le porte-filtre.<\/p>\n<p><strong>Extraction Pr\u00e9cise de l&#8217;Expresso<\/strong><br \/>\nLe chauffe-eau double en acier inoxydable et le groupe chauffant contr\u00f4l\u00e9s par PID chauffent l&#8217;eau \u00e0 la temp\u00e9rature requise, pour un maximum de saveurs.<\/p>\n<p>Alimentation: 2400 Watts<br \/>\nCapacit\u00e9 de la tr\u00e9mie \u00e0 grains: 280 grammes<br \/>\nCapacit\u00e9 du r\u00e9servoir d&#8217;eau: 2,5 litres<br \/>\nDimensions (IxPxH): 40,9 x 37,3 x 45,3 cm<br \/>\nFonction de pr\u00e9infusion: Augmente progressivement la pression de l&#8217;eau pour d\u00e9ployer doucement la mouture afin d&#8217;obtenir une extraction uniforme.<br \/>\nGarantie: Garantie r\u00e9paration, remplacement ou remboursement de 2 ans (\u00e0 la seule discr\u00e9tion de Sage Appliances)<br \/>\nMat\u00e9riaux: Ext\u00e9rieur en acier inoxydable bross\u00e9; Chauffe-eau double en acier inoxydable<br \/>\nMinuteur: Le minuteur de dose de l&#8217;expresso indique la dur\u00e9e d&#8217;\u00e9coulement, pour une extraction constante.<br \/>\nMoulin \u00e0 caf\u00e9 int\u00e9gr\u00e9: Broyeur conique en acier inoxydable int\u00e9gr\u00e9<br \/>\nTension: 220\u2013240 Volts<br \/>\nValeur de surpression: Cette caract\u00e9ristique professionnelle limite la pression de la pompe italienne de 15 bars pendant toute la dur\u00e9e de l&#8217;extraction, \u00e9vitant ainsi de r\u00e9aliser un caf\u00e9 trop amer.<\/p>\n<p><strong>Param\u00e8tres:<\/strong><\/p>\n<ul>\n<li>Contr\u00f4le de la mouture r\u00e9glable<\/li>\n<li>Texture et temp\u00e9rature du lait programmables<\/li>\n<li>Une\/deux doses<\/li>\n<li>Caf\u00e9 noir allong\u00e9<\/li>\n<li>Eau chaude<\/li>\n<\/ul>\n<p><strong>Syst\u00e8me de triple chauffage:<\/strong><\/p>\n<ul>\n<li>Chauffe-eau \u00e0 vapeur d\u00e9di\u00e9 avec syst\u00e8me d&#8217;\u00e9change de chaleur int\u00e9gr\u00e9, pour une temp\u00e9rature stable<\/li>\n<li>Chauffe-eau \u00e0 expresso d\u00e9di\u00e9 avec contr\u00f4le PID num\u00e9rique, pour une temp\u00e9rature de l&#8217;eau pr\u00e9cise<\/li>\n<li>Groupe chauffant: l&#8217;\u00e9l\u00e9ment int\u00e9gr\u00e9 contr\u00f4l\u00e9 par PID maintient une temp\u00e9rature stable.<\/li>\n<\/ul>\n<p><strong>Accessoires inclus:<\/strong><\/p>\n<ul>\n<li>Mini-r\u00e9cipient \u00e0 mouture us\u00e9e<\/li>\n<li>Porte-filtre en acier inoxydable de 58 mm<\/li>\n<li>Paniers-filtres \u00e0 simple paroi (1 tasse et 2 tasses)<\/li>\n<li>Pichet \u00e0 lait en acier inoxydable 470 ml<\/li>\n<li>Pi\u00e8ces d\u00e9tach\u00e9es pour la buse vapeur<\/li>\n<li>Kit de nettoyage<\/li>\n<li>Bandelette de test de duret\u00e9 de l&#8217;eau<\/li>\n<li>Support de filtre et filtre \u00e0 eau<\/li>\n<\/ul>\n","protected":false},"excerpt":{"rendered":"<p>Un caf\u00e9 de sp\u00e9cialit\u00e9 de troisi\u00e8me g\u00e9n\u00e9ration, directement chez vous. The Oracle cr\u00e9e un caf\u00e9 de sp\u00e9cialit\u00e9 de troisi\u00e8me g\u00e9n\u00e9ration,<\/p>\n","protected":false},"featured_media":149676,"template":"","meta":{"_acf_changed":false,"inline_featured_image":false},"product_cat":[25360,12764,12449],"product_tag":[23563,23568,12856],"acf":[],"yoast_head":"<!-- This site is optimized with the Yoast SEO Premium plugin v18.6 (Yoast SEO v19.13) - https:\/\/yoast.com\/wordpress\/plugins\/seo\/ -->\n<title>SAGE The Oracle<\/title>\n<meta name=\"description\" content=\"D\u00e9couvrez SAGE The Oracle sur ErresseShop. Qualit\u00e9, prix r\u00e9duits et achat s\u00e9curis\u00e9 \u2013 commandez d\u00e8s maintenant en ligne !\" \/>\n<meta name=\"robots\" content=\"index, follow, max-snippet:-1, max-image-preview:large, max-video-preview:-1\" \/>\n<link rel=\"canonical\" href=\"https:\/\/www.erresse-shop.it\/fr\/shop\/petits-electromenagers\/machines-cafe\/automatique\/sage-the-oracle\/\" \/>\n<meta property=\"og:locale\" content=\"fr_FR\" \/>\n<meta property=\"og:type\" content=\"article\" \/>\n<meta property=\"og:title\" content=\"SAGE The Oracle\" \/>\n<meta property=\"og:description\" content=\"D\u00e9couvrez SAGE The Oracle sur ErresseShop. Qualit\u00e9, prix r\u00e9duits et achat s\u00e9curis\u00e9 \u2013 commandez d\u00e8s maintenant en ligne !\" \/>\n<meta property=\"og:url\" content=\"https:\/\/www.erresse-shop.it\/fr\/shop\/petits-electromenagers\/machines-cafe\/automatique\/sage-the-oracle\/\" \/>\n<meta property=\"og:site_name\" content=\"Erresse Shop\" \/>\n<meta property=\"article:modified_time\" content=\"2025-01-13T17:18:11+00:00\" \/>\n<meta property=\"og:image\" content=\"https:\/\/www.erresse-shop.it\/wp-content\/uploads\/2022\/04\/The-Oracle.jpg\" \/>\n\t<meta property=\"og:image:width\" content=\"992\" \/>\n\t<meta property=\"og:image:height\" content=\"992\" \/>\n\t<meta property=\"og:image:type\" content=\"image\/jpeg\" \/>\n<meta name=\"twitter:card\" content=\"summary_large_image\" \/>\n<script type=\"application\/ld+json\" class=\"yoast-schema-graph\">{\"@context\":\"https:\/\/schema.org\",\"@graph\":[{\"@type\":\"WebPage\",\"@id\":\"https:\/\/www.erresse-shop.it\/fr\/shop\/petits-electromenagers\/machines-cafe\/automatique\/sage-the-oracle\/\",\"url\":\"https:\/\/www.erresse-shop.it\/fr\/shop\/petits-electromenagers\/machines-cafe\/automatique\/sage-the-oracle\/\",\"name\":\"SAGE The Oracle\",\"isPartOf\":{\"@id\":\"https:\/\/www.erresse-shop.it\/fr\/#website\"},\"datePublished\":\"2022-04-06T10:28:33+00:00\",\"dateModified\":\"2025-01-13T17:18:11+00:00\",\"description\":\"D\u00e9couvrez SAGE The Oracle sur ErresseShop. Qualit\u00e9, prix r\u00e9duits et achat s\u00e9curis\u00e9 \u2013 commandez d\u00e8s maintenant en ligne !\",\"breadcrumb\":{\"@id\":\"https:\/\/www.erresse-shop.it\/fr\/shop\/petits-electromenagers\/machines-cafe\/automatique\/sage-the-oracle\/#breadcrumb\"},\"inLanguage\":\"fr-FR\",\"potentialAction\":[{\"@type\":\"ReadAction\",\"target\":[\"https:\/\/www.erresse-shop.it\/fr\/shop\/petits-electromenagers\/machines-cafe\/automatique\/sage-the-oracle\/\"]}]},{\"@type\":\"BreadcrumbList\",\"@id\":\"https:\/\/www.erresse-shop.it\/fr\/shop\/petits-electromenagers\/machines-cafe\/automatique\/sage-the-oracle\/#breadcrumb\",\"itemListElement\":[{\"@type\":\"ListItem\",\"position\":1,\"name\":\"Home\",\"item\":\"https:\/\/www.erresse-shop.it\/fr\/\"},{\"@type\":\"ListItem\",\"position\":2,\"name\":\"Shop\",\"item\":\"https:\/\/www.erresse-shop.it\/fr\/shop\/\"},{\"@type\":\"ListItem\",\"position\":3,\"name\":\"SAGE The Oracle\"}]},{\"@type\":\"WebSite\",\"@id\":\"https:\/\/www.erresse-shop.it\/fr\/#website\",\"url\":\"https:\/\/www.erresse-shop.it\/fr\/\",\"name\":\"Erresse Shop\",\"description\":\"Articoli di qualit\u00e0 per la casa\",\"potentialAction\":[{\"@type\":\"SearchAction\",\"target\":{\"@type\":\"EntryPoint\",\"urlTemplate\":\"https:\/\/www.erresse-shop.it\/fr\/?s={search_term_string}\"},\"query-input\":\"required name=search_term_string\"}],\"inLanguage\":\"fr-FR\"}]}<\/script>\n<!-- \/ Yoast SEO Premium plugin. -->","yoast_head_json":{"title":"SAGE The Oracle","description":"D\u00e9couvrez SAGE The Oracle sur ErresseShop. Qualit\u00e9, prix r\u00e9duits et achat s\u00e9curis\u00e9 \u2013 commandez d\u00e8s maintenant en ligne !","robots":{"index":"index","follow":"follow","max-snippet":"max-snippet:-1","max-image-preview":"max-image-preview:large","max-video-preview":"max-video-preview:-1"},"canonical":"https:\/\/www.erresse-shop.it\/fr\/shop\/petits-electromenagers\/machines-cafe\/automatique\/sage-the-oracle\/","og_locale":"fr_FR","og_type":"article","og_title":"SAGE The Oracle","og_description":"D\u00e9couvrez SAGE The Oracle sur ErresseShop. Qualit\u00e9, prix r\u00e9duits et achat s\u00e9curis\u00e9 \u2013 commandez d\u00e8s maintenant en ligne !","og_url":"https:\/\/www.erresse-shop.it\/fr\/shop\/petits-electromenagers\/machines-cafe\/automatique\/sage-the-oracle\/","og_site_name":"Erresse Shop","article_modified_time":"2025-01-13T17:18:11+00:00","og_image":[{"width":992,"height":992,"url":"https:\/\/www.erresse-shop.it\/wp-content\/uploads\/2022\/04\/The-Oracle.jpg","type":"image\/jpeg"}],"twitter_card":"summary_large_image","schema":{"@context":"https:\/\/schema.org","@graph":[{"@type":"WebPage","@id":"https:\/\/www.erresse-shop.it\/fr\/shop\/petits-electromenagers\/machines-cafe\/automatique\/sage-the-oracle\/","url":"https:\/\/www.erresse-shop.it\/fr\/shop\/petits-electromenagers\/machines-cafe\/automatique\/sage-the-oracle\/","name":"SAGE The Oracle","isPartOf":{"@id":"https:\/\/www.erresse-shop.it\/fr\/#website"},"datePublished":"2022-04-06T10:28:33+00:00","dateModified":"2025-01-13T17:18:11+00:00","description":"D\u00e9couvrez SAGE The Oracle sur ErresseShop. Qualit\u00e9, prix r\u00e9duits et achat s\u00e9curis\u00e9 \u2013 commandez d\u00e8s maintenant en ligne !","breadcrumb":{"@id":"https:\/\/www.erresse-shop.it\/fr\/shop\/petits-electromenagers\/machines-cafe\/automatique\/sage-the-oracle\/#breadcrumb"},"inLanguage":"fr-FR","potentialAction":[{"@type":"ReadAction","target":["https:\/\/www.erresse-shop.it\/fr\/shop\/petits-electromenagers\/machines-cafe\/automatique\/sage-the-oracle\/"]}]},{"@type":"BreadcrumbList","@id":"https:\/\/www.erresse-shop.it\/fr\/shop\/petits-electromenagers\/machines-cafe\/automatique\/sage-the-oracle\/#breadcrumb","itemListElement":[{"@type":"ListItem","position":1,"name":"Home","item":"https:\/\/www.erresse-shop.it\/fr\/"},{"@type":"ListItem","position":2,"name":"Shop","item":"https:\/\/www.erresse-shop.it\/fr\/shop\/"},{"@type":"ListItem","position":3,"name":"SAGE The Oracle"}]},{"@type":"WebSite","@id":"https:\/\/www.erresse-shop.it\/fr\/#website","url":"https:\/\/www.erresse-shop.it\/fr\/","name":"Erresse Shop","description":"Articoli di qualit\u00e0 per la casa","potentialAction":[{"@type":"SearchAction","target":{"@type":"EntryPoint","urlTemplate":"https:\/\/www.erresse-shop.it\/fr\/?s={search_term_string}"},"query-input":"required name=search_term_string"}],"inLanguage":"fr-FR"}]}},"df_price":1799.95,"df_sale_price":1799.95,"df_regular_price":2099.9,"df_image_link":"https:\/\/www.erresse-shop.it\/wp-content\/uploads\/2022\/04\/The-Oracle-300x300.jpg","_links":{"self":[{"href":"https:\/\/www.erresse-shop.it\/fr\/wp-json\/wp\/v2\/product\/149667"}],"collection":[{"href":"https:\/\/www.erresse-shop.it\/fr\/wp-json\/wp\/v2\/product"}],"about":[{"href":"https:\/\/www.erresse-shop.it\/fr\/wp-json\/wp\/v2\/types\/product"}],"wp:featuredmedia":[{"embeddable":true,"href":"https:\/\/www.erresse-shop.it\/fr\/wp-json\/wp\/v2\/media\/149676"}],"wp:attachment":[{"href":"https:\/\/www.erresse-shop.it\/fr\/wp-json\/wp\/v2\/media?parent=149667"}],"wp:term":[{"taxonomy":"product_cat","embeddable":true,"href":"https:\/\/www.erresse-shop.it\/fr\/wp-json\/wp\/v2\/product_cat?post=149667"},{"taxonomy":"product_tag","embeddable":true,"href":"https:\/\/www.erresse-shop.it\/fr\/wp-json\/wp\/v2\/product_tag?post=149667"}],"curies":[{"name":"wp","href":"https:\/\/api.w.org\/{rel}","templated":true}]}}