{"id":149566,"date":"2022-04-06T08:56:53","date_gmt":"2022-04-06T08:56:56","guid":{"rendered":"https:\/\/www.erresse-shop.it\/?post_type=product&#038;p=149566"},"modified":"2025-01-13T17:18:04","modified_gmt":"2025-01-13T17:18:04","slug":"sage-the-duo-temp-pro","status":"publish","type":"product","link":"https:\/\/www.erresse-shop.it\/fr\/shop\/petits-electromenagers\/machines-cafe\/manuels\/sage-the-duo-temp-pro\/","title":{"rendered":"SAGE The Duo Temp Pro"},"content":{"rendered":"<p>Une extraction constante et une pr\u00e9-infusion \u00e0 basse pression sont la cl\u00e9 d&#8217;un caf\u00e9 aux saveurs \u00e9quilibr\u00e9es. Trouver le juste \u00e9quilibre entre douceur, acidit\u00e9 et amertume permet d&#8217;obtenir un expresso ou un cappuccino de grande qualit\u00e9. Avec the Duo-Temp Pro, d\u00e9gustez un caf\u00e9 de sp\u00e9cialit\u00e9 de troisi\u00e8me g\u00e9n\u00e9ration directement chez vous.<\/p>\n<p><strong>Extraction Pr\u00e9cise de l&#8217;Expresso<\/strong><br \/>\nLa pr\u00e9-infusion \u00e0 basse pression garantit l&#8217;extraction uniforme de tous les ar\u00f4mes, pour un caf\u00e9 aux saveurs \u00e9quilibr\u00e9es.<\/p>\n<p><strong>Texture Micro-Mousse<\/strong><br \/>\nL&#8217;\u00e9l\u00e9ment haute puissance de 1600 W d\u00e9livre suffisamment de vapeur pour obtenir une micro-mousse et accentuer les saveurs. Ma\u00eetrisez l&#8217;art du latte.<\/p>\n<p><strong>Indicateurs de Maintenance<\/strong><br \/>\nNos machines vous indiquent lorsqu&#8217;un entretien est n\u00e9cessaire. Les alertes Cleaning et Drip Tray font de l&#8217;entretien de routine un jeu d&#8217;enfant.<\/p>\n<p>Alimentation: 1600 Watts<br \/>\nCapacit\u00e9 du r\u00e9servoir d&#8217;eau: 1,8 litre<br \/>\nDimensions (IxPxH): 32 x 25,7 x 33,4 cm<br \/>\nGarantie: Garantie r\u00e9paration, remplacement ou remboursement de 2 ans (\u00e0 la seule discr\u00e9tion de Sage Appliances)<br \/>\nMat\u00e9riaux: Acier inoxydable bross\u00e9<br \/>\nParam\u00e8tres: Contr\u00f4le manuel de la dose d&#8217;expresso.<br \/>\nPompe 15 bars de fabrication italienne<br \/>\nTension: 220\u2013240 Volts<\/p>\n<p><strong>Accessoires inclus :<\/strong><\/p>\n<ul>\n<li>Porte-filtre 54 mm<\/li>\n<li>Dameur int\u00e9gr\u00e9<\/li>\n<li>Outil de dosage the Razor<\/li>\n<li>Paniers-filtres \u00e0 simple et double paroi (1 tasse et 2 tasses)<\/li>\n<li>Pichet \u00e0 lait en acier inoxydable<\/li>\n<li>Cl\u00e9 Allen<\/li>\n<li>Support de filtre et filtre \u00e0 eau<\/li>\n<\/ul>\n<p><strong>Non commercialis\u00e9 en dehors de l&#8217;Europe<\/strong><\/p>\n","protected":false},"excerpt":{"rendered":"<p>Une extraction constante et une pr\u00e9-infusion \u00e0 basse pression sont la cl\u00e9 d&#8217;un caf\u00e9 aux saveurs \u00e9quilibr\u00e9es. Trouver le juste<\/p>\n","protected":false},"featured_media":149579,"template":"","meta":{"_acf_changed":false,"inline_featured_image":false},"product_cat":[12764,25365,12449],"product_tag":[18753,18754,23563,13254,23581,18755],"acf":[],"yoast_head":"<!-- This site is optimized with the Yoast SEO Premium plugin v18.6 (Yoast SEO v19.13) - https:\/\/yoast.com\/wordpress\/plugins\/seo\/ -->\n<title>SAGE The Duo Temp Pro<\/title>\n<meta name=\"description\" content=\"D\u00e9couvrez SAGE The Duo Temp Pro sur ErresseShop. Qualit\u00e9, prix r\u00e9duits et achat s\u00e9curis\u00e9 \u2013 commandez d\u00e8s maintenant en ligne !\" \/>\n<meta name=\"robots\" content=\"index, follow, max-snippet:-1, max-image-preview:large, max-video-preview:-1\" \/>\n<link rel=\"canonical\" href=\"https:\/\/www.erresse-shop.it\/fr\/shop\/petits-electromenagers\/machines-cafe\/manuels\/sage-the-duo-temp-pro\/\" \/>\n<meta property=\"og:locale\" content=\"fr_FR\" \/>\n<meta property=\"og:type\" content=\"article\" \/>\n<meta property=\"og:title\" content=\"SAGE The Duo Temp Pro\" \/>\n<meta property=\"og:description\" content=\"D\u00e9couvrez SAGE The Duo Temp Pro sur ErresseShop. Qualit\u00e9, prix r\u00e9duits et achat s\u00e9curis\u00e9 \u2013 commandez d\u00e8s maintenant en ligne !\" \/>\n<meta property=\"og:url\" content=\"https:\/\/www.erresse-shop.it\/fr\/shop\/petits-electromenagers\/machines-cafe\/manuels\/sage-the-duo-temp-pro\/\" \/>\n<meta property=\"og:site_name\" content=\"Erresse Shop\" \/>\n<meta property=\"article:modified_time\" content=\"2025-01-13T17:18:04+00:00\" \/>\n<meta property=\"og:image\" content=\"https:\/\/www.erresse-shop.it\/wp-content\/uploads\/2022\/04\/The-Duo-Temp-Pro.jpg\" \/>\n\t<meta property=\"og:image:width\" content=\"992\" \/>\n\t<meta property=\"og:image:height\" content=\"992\" \/>\n\t<meta property=\"og:image:type\" content=\"image\/jpeg\" \/>\n<meta name=\"twitter:card\" content=\"summary_large_image\" \/>\n<script type=\"application\/ld+json\" class=\"yoast-schema-graph\">{\"@context\":\"https:\/\/schema.org\",\"@graph\":[{\"@type\":\"WebPage\",\"@id\":\"https:\/\/www.erresse-shop.it\/fr\/shop\/petits-electromenagers\/machines-cafe\/manuels\/sage-the-duo-temp-pro\/\",\"url\":\"https:\/\/www.erresse-shop.it\/fr\/shop\/petits-electromenagers\/machines-cafe\/manuels\/sage-the-duo-temp-pro\/\",\"name\":\"SAGE The Duo Temp Pro\",\"isPartOf\":{\"@id\":\"https:\/\/www.erresse-shop.it\/fr\/#website\"},\"datePublished\":\"2022-04-06T08:56:56+00:00\",\"dateModified\":\"2025-01-13T17:18:04+00:00\",\"description\":\"D\u00e9couvrez SAGE The Duo Temp Pro sur ErresseShop. Qualit\u00e9, prix r\u00e9duits et achat s\u00e9curis\u00e9 \u2013 commandez d\u00e8s maintenant en ligne !\",\"breadcrumb\":{\"@id\":\"https:\/\/www.erresse-shop.it\/fr\/shop\/petits-electromenagers\/machines-cafe\/manuels\/sage-the-duo-temp-pro\/#breadcrumb\"},\"inLanguage\":\"fr-FR\",\"potentialAction\":[{\"@type\":\"ReadAction\",\"target\":[\"https:\/\/www.erresse-shop.it\/fr\/shop\/petits-electromenagers\/machines-cafe\/manuels\/sage-the-duo-temp-pro\/\"]}]},{\"@type\":\"BreadcrumbList\",\"@id\":\"https:\/\/www.erresse-shop.it\/fr\/shop\/petits-electromenagers\/machines-cafe\/manuels\/sage-the-duo-temp-pro\/#breadcrumb\",\"itemListElement\":[{\"@type\":\"ListItem\",\"position\":1,\"name\":\"Home\",\"item\":\"https:\/\/www.erresse-shop.it\/fr\/\"},{\"@type\":\"ListItem\",\"position\":2,\"name\":\"Shop\",\"item\":\"https:\/\/www.erresse-shop.it\/fr\/shop\/\"},{\"@type\":\"ListItem\",\"position\":3,\"name\":\"SAGE The Duo Temp Pro\"}]},{\"@type\":\"WebSite\",\"@id\":\"https:\/\/www.erresse-shop.it\/fr\/#website\",\"url\":\"https:\/\/www.erresse-shop.it\/fr\/\",\"name\":\"Erresse Shop\",\"description\":\"Articoli di qualit\u00e0 per la casa\",\"potentialAction\":[{\"@type\":\"SearchAction\",\"target\":{\"@type\":\"EntryPoint\",\"urlTemplate\":\"https:\/\/www.erresse-shop.it\/fr\/?s={search_term_string}\"},\"query-input\":\"required name=search_term_string\"}],\"inLanguage\":\"fr-FR\"}]}<\/script>\n<!-- \/ Yoast SEO Premium plugin. -->","yoast_head_json":{"title":"SAGE The Duo Temp Pro","description":"D\u00e9couvrez SAGE The Duo Temp Pro sur ErresseShop. Qualit\u00e9, prix r\u00e9duits et achat s\u00e9curis\u00e9 \u2013 commandez d\u00e8s maintenant en ligne !","robots":{"index":"index","follow":"follow","max-snippet":"max-snippet:-1","max-image-preview":"max-image-preview:large","max-video-preview":"max-video-preview:-1"},"canonical":"https:\/\/www.erresse-shop.it\/fr\/shop\/petits-electromenagers\/machines-cafe\/manuels\/sage-the-duo-temp-pro\/","og_locale":"fr_FR","og_type":"article","og_title":"SAGE The Duo Temp Pro","og_description":"D\u00e9couvrez SAGE The Duo Temp Pro sur ErresseShop. Qualit\u00e9, prix r\u00e9duits et achat s\u00e9curis\u00e9 \u2013 commandez d\u00e8s maintenant en ligne !","og_url":"https:\/\/www.erresse-shop.it\/fr\/shop\/petits-electromenagers\/machines-cafe\/manuels\/sage-the-duo-temp-pro\/","og_site_name":"Erresse Shop","article_modified_time":"2025-01-13T17:18:04+00:00","og_image":[{"width":992,"height":992,"url":"https:\/\/www.erresse-shop.it\/wp-content\/uploads\/2022\/04\/The-Duo-Temp-Pro.jpg","type":"image\/jpeg"}],"twitter_card":"summary_large_image","schema":{"@context":"https:\/\/schema.org","@graph":[{"@type":"WebPage","@id":"https:\/\/www.erresse-shop.it\/fr\/shop\/petits-electromenagers\/machines-cafe\/manuels\/sage-the-duo-temp-pro\/","url":"https:\/\/www.erresse-shop.it\/fr\/shop\/petits-electromenagers\/machines-cafe\/manuels\/sage-the-duo-temp-pro\/","name":"SAGE The Duo Temp Pro","isPartOf":{"@id":"https:\/\/www.erresse-shop.it\/fr\/#website"},"datePublished":"2022-04-06T08:56:56+00:00","dateModified":"2025-01-13T17:18:04+00:00","description":"D\u00e9couvrez SAGE The Duo Temp Pro sur ErresseShop. Qualit\u00e9, prix r\u00e9duits et achat s\u00e9curis\u00e9 \u2013 commandez d\u00e8s maintenant en ligne !","breadcrumb":{"@id":"https:\/\/www.erresse-shop.it\/fr\/shop\/petits-electromenagers\/machines-cafe\/manuels\/sage-the-duo-temp-pro\/#breadcrumb"},"inLanguage":"fr-FR","potentialAction":[{"@type":"ReadAction","target":["https:\/\/www.erresse-shop.it\/fr\/shop\/petits-electromenagers\/machines-cafe\/manuels\/sage-the-duo-temp-pro\/"]}]},{"@type":"BreadcrumbList","@id":"https:\/\/www.erresse-shop.it\/fr\/shop\/petits-electromenagers\/machines-cafe\/manuels\/sage-the-duo-temp-pro\/#breadcrumb","itemListElement":[{"@type":"ListItem","position":1,"name":"Home","item":"https:\/\/www.erresse-shop.it\/fr\/"},{"@type":"ListItem","position":2,"name":"Shop","item":"https:\/\/www.erresse-shop.it\/fr\/shop\/"},{"@type":"ListItem","position":3,"name":"SAGE The Duo Temp Pro"}]},{"@type":"WebSite","@id":"https:\/\/www.erresse-shop.it\/fr\/#website","url":"https:\/\/www.erresse-shop.it\/fr\/","name":"Erresse Shop","description":"Articoli di qualit\u00e0 per la casa","potentialAction":[{"@type":"SearchAction","target":{"@type":"EntryPoint","urlTemplate":"https:\/\/www.erresse-shop.it\/fr\/?s={search_term_string}"},"query-input":"required name=search_term_string"}],"inLanguage":"fr-FR"}]}},"df_price":429.9,"df_sale_price":429.9,"df_regular_price":429.9,"df_image_link":"https:\/\/www.erresse-shop.it\/wp-content\/uploads\/2022\/04\/The-Duo-Temp-Pro-300x300.jpg","_links":{"self":[{"href":"https:\/\/www.erresse-shop.it\/fr\/wp-json\/wp\/v2\/product\/149566"}],"collection":[{"href":"https:\/\/www.erresse-shop.it\/fr\/wp-json\/wp\/v2\/product"}],"about":[{"href":"https:\/\/www.erresse-shop.it\/fr\/wp-json\/wp\/v2\/types\/product"}],"wp:featuredmedia":[{"embeddable":true,"href":"https:\/\/www.erresse-shop.it\/fr\/wp-json\/wp\/v2\/media\/149579"}],"wp:attachment":[{"href":"https:\/\/www.erresse-shop.it\/fr\/wp-json\/wp\/v2\/media?parent=149566"}],"wp:term":[{"taxonomy":"product_cat","embeddable":true,"href":"https:\/\/www.erresse-shop.it\/fr\/wp-json\/wp\/v2\/product_cat?post=149566"},{"taxonomy":"product_tag","embeddable":true,"href":"https:\/\/www.erresse-shop.it\/fr\/wp-json\/wp\/v2\/product_tag?post=149566"}],"curies":[{"name":"wp","href":"https:\/\/api.w.org\/{rel}","templated":true}]}}