{"id":148525,"date":"2022-04-01T09:40:56","date_gmt":"2022-04-01T09:41:00","guid":{"rendered":"https:\/\/www.erresse-shop.it\/?post_type=product&#038;p=148525"},"modified":"2025-01-13T17:17:26","modified_gmt":"2025-01-13T17:17:26","slug":"rosenthal-vase-des-phases-vase-30-cm-blanc-matt","status":"publish","type":"product","link":"https:\/\/www.erresse-shop.it\/fr\/shop\/ameublement-maison\/vases-fr\/rosenthal-vase-des-phases-vase-30-cm-blanc-matt\/","title":{"rendered":"ROSENTHAL Vase des Phases Vase 30 cm Blanc matt"},"content":{"rendered":"<p>Le vase de la collection PHASES de Rosenthal, cr\u00e9\u00e9 par Dror Benshetrits, un designer d\u00e9di\u00e9 \u00e0 l&#8217;innovation qui, \u00e0 travers de nouvelles utilisations des mat\u00e9riaux, tant au niveau des techniques que des formes, a cr\u00e9\u00e9 cette collection, inspir\u00e9e par le concept des diff\u00e9rentes \u00e9tapes de la vie.<br \/>En utilisant la forme d&#8217;un vase aux formes douces et f\u00e9minines, il repr\u00e9sente, \u00e0 travers une phase de destruction, la transformation en un objet qui, bien que plus brut, est aussi plus int\u00e9ressant et fascinant.<br \/>Gr\u00e2ce \u00e0 un processus de r\u00e9paration qui vise \u00e0 mettre en valeur les caract\u00e9ristiques nouvellement acquises du vase, au lieu de tenter de r\u00e9tablir les formes originales, il consolide son aspect suggestif.<\/p>\n<p>Mat\u00e9riau : Porcelaine<br \/>Collection : Phases<\/p>\n","protected":false},"excerpt":{"rendered":"<p><br data-mce-bogus=\"1\"><\/p>\n","protected":false},"featured_media":148517,"template":"","meta":{"_acf_changed":false,"inline_featured_image":false},"product_cat":[12738,14422],"product_tag":[23910,23690,13849,18593],"acf":[],"yoast_head":"<!-- This site is optimized with the Yoast SEO Premium plugin v18.6 (Yoast SEO v19.13) - https:\/\/yoast.com\/wordpress\/plugins\/seo\/ -->\n<title>ROSENTHAL Vase des Phases Vase 30 cm Blanc matt<\/title>\n<meta name=\"description\" content=\"D\u00e9couvrez ROSENTHAL Vase des Phases Vase 30 cm Blanc matt sur ErresseShop. Qualit\u00e9, prix r\u00e9duits et achat s\u00e9curis\u00e9 \u2013 commandez d\u00e8s maintenant en ligne !\" \/>\n<meta name=\"robots\" content=\"index, follow, max-snippet:-1, max-image-preview:large, max-video-preview:-1\" \/>\n<link rel=\"canonical\" href=\"https:\/\/www.erresse-shop.it\/fr\/shop\/ameublement-maison\/vases-fr\/rosenthal-vase-des-phases-vase-30-cm-blanc-matt\/\" \/>\n<meta property=\"og:locale\" content=\"fr_FR\" \/>\n<meta property=\"og:type\" content=\"article\" \/>\n<meta property=\"og:title\" content=\"ROSENTHAL Vase des Phases Vase 30 cm Blanc matt\" \/>\n<meta property=\"og:description\" content=\"D\u00e9couvrez ROSENTHAL Vase des Phases Vase 30 cm Blanc matt sur ErresseShop. Qualit\u00e9, prix r\u00e9duits et achat s\u00e9curis\u00e9 \u2013 commandez d\u00e8s maintenant en ligne !\" \/>\n<meta property=\"og:url\" content=\"https:\/\/www.erresse-shop.it\/fr\/shop\/ameublement-maison\/vases-fr\/rosenthal-vase-des-phases-vase-30-cm-blanc-matt\/\" \/>\n<meta property=\"og:site_name\" content=\"Erresse Shop\" \/>\n<meta property=\"article:modified_time\" content=\"2025-01-13T17:17:26+00:00\" \/>\n<meta property=\"og:image\" content=\"https:\/\/www.erresse-shop.it\/wp-content\/uploads\/2022\/04\/Vaso-Vase-of-Phases-Weiss-30cm.jpg\" \/>\n\t<meta property=\"og:image:width\" content=\"1000\" \/>\n\t<meta property=\"og:image:height\" content=\"1000\" \/>\n\t<meta property=\"og:image:type\" content=\"image\/jpeg\" \/>\n<meta name=\"twitter:card\" content=\"summary_large_image\" \/>\n<script type=\"application\/ld+json\" class=\"yoast-schema-graph\">{\"@context\":\"https:\/\/schema.org\",\"@graph\":[{\"@type\":\"WebPage\",\"@id\":\"https:\/\/www.erresse-shop.it\/fr\/shop\/ameublement-maison\/vases-fr\/rosenthal-vase-des-phases-vase-30-cm-blanc-matt\/\",\"url\":\"https:\/\/www.erresse-shop.it\/fr\/shop\/ameublement-maison\/vases-fr\/rosenthal-vase-des-phases-vase-30-cm-blanc-matt\/\",\"name\":\"ROSENTHAL Vase des Phases Vase 30 cm Blanc matt\",\"isPartOf\":{\"@id\":\"https:\/\/www.erresse-shop.it\/fr\/#website\"},\"datePublished\":\"2022-04-01T09:41:00+00:00\",\"dateModified\":\"2025-01-13T17:17:26+00:00\",\"description\":\"D\u00e9couvrez ROSENTHAL Vase des Phases Vase 30 cm Blanc matt sur ErresseShop. Qualit\u00e9, prix r\u00e9duits et achat s\u00e9curis\u00e9 \u2013 commandez d\u00e8s maintenant en ligne !\",\"breadcrumb\":{\"@id\":\"https:\/\/www.erresse-shop.it\/fr\/shop\/ameublement-maison\/vases-fr\/rosenthal-vase-des-phases-vase-30-cm-blanc-matt\/#breadcrumb\"},\"inLanguage\":\"fr-FR\",\"potentialAction\":[{\"@type\":\"ReadAction\",\"target\":[\"https:\/\/www.erresse-shop.it\/fr\/shop\/ameublement-maison\/vases-fr\/rosenthal-vase-des-phases-vase-30-cm-blanc-matt\/\"]}]},{\"@type\":\"BreadcrumbList\",\"@id\":\"https:\/\/www.erresse-shop.it\/fr\/shop\/ameublement-maison\/vases-fr\/rosenthal-vase-des-phases-vase-30-cm-blanc-matt\/#breadcrumb\",\"itemListElement\":[{\"@type\":\"ListItem\",\"position\":1,\"name\":\"Home\",\"item\":\"https:\/\/www.erresse-shop.it\/fr\/\"},{\"@type\":\"ListItem\",\"position\":2,\"name\":\"Shop\",\"item\":\"https:\/\/www.erresse-shop.it\/fr\/shop\/\"},{\"@type\":\"ListItem\",\"position\":3,\"name\":\"ROSENTHAL Vase des Phases Vase 30 cm Blanc matt\"}]},{\"@type\":\"WebSite\",\"@id\":\"https:\/\/www.erresse-shop.it\/fr\/#website\",\"url\":\"https:\/\/www.erresse-shop.it\/fr\/\",\"name\":\"Erresse Shop\",\"description\":\"Articoli di qualit\u00e0 per la casa\",\"potentialAction\":[{\"@type\":\"SearchAction\",\"target\":{\"@type\":\"EntryPoint\",\"urlTemplate\":\"https:\/\/www.erresse-shop.it\/fr\/?s={search_term_string}\"},\"query-input\":\"required name=search_term_string\"}],\"inLanguage\":\"fr-FR\"}]}<\/script>\n<!-- \/ Yoast SEO Premium plugin. -->","yoast_head_json":{"title":"ROSENTHAL Vase des Phases Vase 30 cm Blanc matt","description":"D\u00e9couvrez ROSENTHAL Vase des Phases Vase 30 cm Blanc matt sur ErresseShop. Qualit\u00e9, prix r\u00e9duits et achat s\u00e9curis\u00e9 \u2013 commandez d\u00e8s maintenant en ligne !","robots":{"index":"index","follow":"follow","max-snippet":"max-snippet:-1","max-image-preview":"max-image-preview:large","max-video-preview":"max-video-preview:-1"},"canonical":"https:\/\/www.erresse-shop.it\/fr\/shop\/ameublement-maison\/vases-fr\/rosenthal-vase-des-phases-vase-30-cm-blanc-matt\/","og_locale":"fr_FR","og_type":"article","og_title":"ROSENTHAL Vase des Phases Vase 30 cm Blanc matt","og_description":"D\u00e9couvrez ROSENTHAL Vase des Phases Vase 30 cm Blanc matt sur ErresseShop. Qualit\u00e9, prix r\u00e9duits et achat s\u00e9curis\u00e9 \u2013 commandez d\u00e8s maintenant en ligne !","og_url":"https:\/\/www.erresse-shop.it\/fr\/shop\/ameublement-maison\/vases-fr\/rosenthal-vase-des-phases-vase-30-cm-blanc-matt\/","og_site_name":"Erresse Shop","article_modified_time":"2025-01-13T17:17:26+00:00","og_image":[{"width":1000,"height":1000,"url":"https:\/\/www.erresse-shop.it\/wp-content\/uploads\/2022\/04\/Vaso-Vase-of-Phases-Weiss-30cm.jpg","type":"image\/jpeg"}],"twitter_card":"summary_large_image","schema":{"@context":"https:\/\/schema.org","@graph":[{"@type":"WebPage","@id":"https:\/\/www.erresse-shop.it\/fr\/shop\/ameublement-maison\/vases-fr\/rosenthal-vase-des-phases-vase-30-cm-blanc-matt\/","url":"https:\/\/www.erresse-shop.it\/fr\/shop\/ameublement-maison\/vases-fr\/rosenthal-vase-des-phases-vase-30-cm-blanc-matt\/","name":"ROSENTHAL Vase des Phases Vase 30 cm Blanc matt","isPartOf":{"@id":"https:\/\/www.erresse-shop.it\/fr\/#website"},"datePublished":"2022-04-01T09:41:00+00:00","dateModified":"2025-01-13T17:17:26+00:00","description":"D\u00e9couvrez ROSENTHAL Vase des Phases Vase 30 cm Blanc matt sur ErresseShop. Qualit\u00e9, prix r\u00e9duits et achat s\u00e9curis\u00e9 \u2013 commandez d\u00e8s maintenant en ligne !","breadcrumb":{"@id":"https:\/\/www.erresse-shop.it\/fr\/shop\/ameublement-maison\/vases-fr\/rosenthal-vase-des-phases-vase-30-cm-blanc-matt\/#breadcrumb"},"inLanguage":"fr-FR","potentialAction":[{"@type":"ReadAction","target":["https:\/\/www.erresse-shop.it\/fr\/shop\/ameublement-maison\/vases-fr\/rosenthal-vase-des-phases-vase-30-cm-blanc-matt\/"]}]},{"@type":"BreadcrumbList","@id":"https:\/\/www.erresse-shop.it\/fr\/shop\/ameublement-maison\/vases-fr\/rosenthal-vase-des-phases-vase-30-cm-blanc-matt\/#breadcrumb","itemListElement":[{"@type":"ListItem","position":1,"name":"Home","item":"https:\/\/www.erresse-shop.it\/fr\/"},{"@type":"ListItem","position":2,"name":"Shop","item":"https:\/\/www.erresse-shop.it\/fr\/shop\/"},{"@type":"ListItem","position":3,"name":"ROSENTHAL Vase des Phases Vase 30 cm Blanc matt"}]},{"@type":"WebSite","@id":"https:\/\/www.erresse-shop.it\/fr\/#website","url":"https:\/\/www.erresse-shop.it\/fr\/","name":"Erresse Shop","description":"Articoli di qualit\u00e0 per la casa","potentialAction":[{"@type":"SearchAction","target":{"@type":"EntryPoint","urlTemplate":"https:\/\/www.erresse-shop.it\/fr\/?s={search_term_string}"},"query-input":"required name=search_term_string"}],"inLanguage":"fr-FR"}]}},"df_price":125.95000000000002,"df_sale_price":125.95000000000002,"df_regular_price":229,"df_image_link":"https:\/\/www.erresse-shop.it\/wp-content\/uploads\/2022\/04\/Vaso-Vase-of-Phases-Weiss-30cm-300x300.jpg","_links":{"self":[{"href":"https:\/\/www.erresse-shop.it\/fr\/wp-json\/wp\/v2\/product\/148525"}],"collection":[{"href":"https:\/\/www.erresse-shop.it\/fr\/wp-json\/wp\/v2\/product"}],"about":[{"href":"https:\/\/www.erresse-shop.it\/fr\/wp-json\/wp\/v2\/types\/product"}],"wp:featuredmedia":[{"embeddable":true,"href":"https:\/\/www.erresse-shop.it\/fr\/wp-json\/wp\/v2\/media\/148517"}],"wp:attachment":[{"href":"https:\/\/www.erresse-shop.it\/fr\/wp-json\/wp\/v2\/media?parent=148525"}],"wp:term":[{"taxonomy":"product_cat","embeddable":true,"href":"https:\/\/www.erresse-shop.it\/fr\/wp-json\/wp\/v2\/product_cat?post=148525"},{"taxonomy":"product_tag","embeddable":true,"href":"https:\/\/www.erresse-shop.it\/fr\/wp-json\/wp\/v2\/product_tag?post=148525"}],"curies":[{"name":"wp","href":"https:\/\/api.w.org\/{rel}","templated":true}]}}