{"id":148273,"date":"2022-03-31T14:35:16","date_gmt":"2022-03-31T14:35:20","guid":{"rendered":"https:\/\/www.erresse-shop.it\/?post_type=product&#038;p=148273"},"modified":"2025-01-13T17:17:08","modified_gmt":"2025-01-13T17:17:08","slug":"zwilling-4-couteaux-a-steak-a-lame-lisse","status":"publish","type":"product","link":"https:\/\/www.erresse-shop.it\/fr\/shop\/cuisine\/couteaux\/zwilling-4-couteaux-a-steak-a-lame-lisse\/","title":{"rendered":"ZWILLING 4 Couteaux \u00e0 Steak \u00e0 lame lisse"},"content":{"rendered":"<p>Le jeu de 4 couteaux \u00e0 steak <strong>ZWILLING\u00ae<\/strong> est id\u00e9al pour les amateurs de bons steaks. Il impressionne non seulement par la haute qualit\u00e9 de ses mat\u00e9riaux et le tranchant de ses lames qui vous aident \u00e0 p\u00e9n\u00e9trer la viande sans effort, mais aussi par le design cr\u00e9\u00e9 par Matteo Thun et Antonio Rodriguez. Les lames des couteaux de ce set ZWILLING\u00ae ont une longueur de 12 cm et sont fabriqu\u00e9es en acier inoxydable robuste et durable. Les poign\u00e9es sont en acrylonitrile-butadi\u00e8ne-styr\u00e8ne ou ABS. Ce mat\u00e9riau est \u00e9galement tr\u00e8s robuste et r\u00e9sistant aux influences ext\u00e9rieures. M\u00eame apr\u00e8s des ann\u00e9es d&#8217;utilisation, les poign\u00e9es en ABS conservent leur esth\u00e9tique. Ils sont l\u00e9g\u00e8rement plus larges \u00e0 l&#8217;extr\u00e9mit\u00e9, ce qui les rend plus confortables et moins glissants lors de la coupe. Le manche et la lame sont reli\u00e9s par trois rivets et conf\u00e8rent \u00e0 l&#8217;ensemble de couteaux un aspect classique qui est populaire depuis de nombreuses ann\u00e9es et qui le restera pour les ann\u00e9es \u00e0 venir.<\/p>\n<ul>\n<li>Lames robustes, r\u00e9sistantes \u00e0 la corrosion et flexibles en acier inoxydable sp\u00e9cial.<\/li>\n<li>Lames parfaitement \u00e9quilibr\u00e9es pour un travail sans fatigue<\/li>\n<li>Poign\u00e9es ergonomiques avec conception \u00e0 trois rivets<\/li>\n<li>Un billet en bois de haute qualit\u00e9, donc parfait comme cadeau.<\/li>\n<\/ul>\n","protected":false},"excerpt":{"rendered":"<p>Le jeu de 4 couteaux \u00e0 steak ZWILLING\u00ae est id\u00e9al pour les amateurs de bons steaks. Il impressionne non seulement<\/p>\n","protected":false},"featured_media":148296,"template":"","meta":{"_acf_changed":false,"inline_featured_image":false},"product_cat":[12742,12747,12748],"product_tag":[12838,12839,15869,13621,23247,15400,24603,12823,15401,15402,12841],"acf":[],"yoast_head":"<!-- This site is optimized with the Yoast SEO Premium plugin v18.6 (Yoast SEO v19.13) - https:\/\/yoast.com\/wordpress\/plugins\/seo\/ -->\n<title>ZWILLING 4 Couteaux \u00e0 Steak \u00e0 lame lisse<\/title>\n<meta name=\"description\" content=\"D\u00e9couvrez ZWILLING 4 Couteaux \u00e0 Steak \u00e0 lame lisse sur ErresseShop. Qualit\u00e9, prix r\u00e9duits et achat s\u00e9curis\u00e9 \u2013 commandez d\u00e8s maintenant en ligne !\" \/>\n<meta name=\"robots\" content=\"index, follow, max-snippet:-1, max-image-preview:large, max-video-preview:-1\" \/>\n<link rel=\"canonical\" href=\"https:\/\/www.erresse-shop.it\/fr\/shop\/cuisine\/couteaux\/zwilling-4-couteaux-a-steak-a-lame-lisse\/\" \/>\n<meta property=\"og:locale\" content=\"fr_FR\" \/>\n<meta property=\"og:type\" content=\"article\" \/>\n<meta property=\"og:title\" content=\"ZWILLING 4 Couteaux \u00e0 Steak \u00e0 lame lisse\" \/>\n<meta property=\"og:description\" content=\"D\u00e9couvrez ZWILLING 4 Couteaux \u00e0 Steak \u00e0 lame lisse sur ErresseShop. Qualit\u00e9, prix r\u00e9duits et achat s\u00e9curis\u00e9 \u2013 commandez d\u00e8s maintenant en ligne !\" \/>\n<meta property=\"og:url\" content=\"https:\/\/www.erresse-shop.it\/fr\/shop\/cuisine\/couteaux\/zwilling-4-couteaux-a-steak-a-lame-lisse\/\" \/>\n<meta property=\"og:site_name\" content=\"Erresse Shop\" \/>\n<meta property=\"article:modified_time\" content=\"2025-01-13T17:17:08+00:00\" \/>\n<meta property=\"og:image\" content=\"https:\/\/www.erresse-shop.it\/wp-content\/uploads\/2022\/03\/ZWILLING-Set-4-coltelli-bistecca-liscio-Professional-S.jpg\" \/>\n\t<meta property=\"og:image:width\" content=\"1000\" \/>\n\t<meta property=\"og:image:height\" content=\"1000\" \/>\n\t<meta property=\"og:image:type\" content=\"image\/jpeg\" \/>\n<meta name=\"twitter:card\" content=\"summary_large_image\" \/>\n<script type=\"application\/ld+json\" class=\"yoast-schema-graph\">{\"@context\":\"https:\/\/schema.org\",\"@graph\":[{\"@type\":\"WebPage\",\"@id\":\"https:\/\/www.erresse-shop.it\/fr\/shop\/cuisine\/couteaux\/zwilling-4-couteaux-a-steak-a-lame-lisse\/\",\"url\":\"https:\/\/www.erresse-shop.it\/fr\/shop\/cuisine\/couteaux\/zwilling-4-couteaux-a-steak-a-lame-lisse\/\",\"name\":\"ZWILLING 4 Couteaux \u00e0 Steak \u00e0 lame lisse\",\"isPartOf\":{\"@id\":\"https:\/\/www.erresse-shop.it\/fr\/#website\"},\"datePublished\":\"2022-03-31T14:35:20+00:00\",\"dateModified\":\"2025-01-13T17:17:08+00:00\",\"description\":\"D\u00e9couvrez ZWILLING 4 Couteaux \u00e0 Steak \u00e0 lame lisse sur ErresseShop. Qualit\u00e9, prix r\u00e9duits et achat s\u00e9curis\u00e9 \u2013 commandez d\u00e8s maintenant en ligne !\",\"breadcrumb\":{\"@id\":\"https:\/\/www.erresse-shop.it\/fr\/shop\/cuisine\/couteaux\/zwilling-4-couteaux-a-steak-a-lame-lisse\/#breadcrumb\"},\"inLanguage\":\"fr-FR\",\"potentialAction\":[{\"@type\":\"ReadAction\",\"target\":[\"https:\/\/www.erresse-shop.it\/fr\/shop\/cuisine\/couteaux\/zwilling-4-couteaux-a-steak-a-lame-lisse\/\"]}]},{\"@type\":\"BreadcrumbList\",\"@id\":\"https:\/\/www.erresse-shop.it\/fr\/shop\/cuisine\/couteaux\/zwilling-4-couteaux-a-steak-a-lame-lisse\/#breadcrumb\",\"itemListElement\":[{\"@type\":\"ListItem\",\"position\":1,\"name\":\"Home\",\"item\":\"https:\/\/www.erresse-shop.it\/fr\/\"},{\"@type\":\"ListItem\",\"position\":2,\"name\":\"Shop\",\"item\":\"https:\/\/www.erresse-shop.it\/fr\/shop\/\"},{\"@type\":\"ListItem\",\"position\":3,\"name\":\"ZWILLING 4 Couteaux \u00e0 Steak \u00e0 lame lisse\"}]},{\"@type\":\"WebSite\",\"@id\":\"https:\/\/www.erresse-shop.it\/fr\/#website\",\"url\":\"https:\/\/www.erresse-shop.it\/fr\/\",\"name\":\"Erresse Shop\",\"description\":\"Articoli di qualit\u00e0 per la casa\",\"potentialAction\":[{\"@type\":\"SearchAction\",\"target\":{\"@type\":\"EntryPoint\",\"urlTemplate\":\"https:\/\/www.erresse-shop.it\/fr\/?s={search_term_string}\"},\"query-input\":\"required name=search_term_string\"}],\"inLanguage\":\"fr-FR\"}]}<\/script>\n<!-- \/ Yoast SEO Premium plugin. -->","yoast_head_json":{"title":"ZWILLING 4 Couteaux \u00e0 Steak \u00e0 lame lisse","description":"D\u00e9couvrez ZWILLING 4 Couteaux \u00e0 Steak \u00e0 lame lisse sur ErresseShop. Qualit\u00e9, prix r\u00e9duits et achat s\u00e9curis\u00e9 \u2013 commandez d\u00e8s maintenant en ligne !","robots":{"index":"index","follow":"follow","max-snippet":"max-snippet:-1","max-image-preview":"max-image-preview:large","max-video-preview":"max-video-preview:-1"},"canonical":"https:\/\/www.erresse-shop.it\/fr\/shop\/cuisine\/couteaux\/zwilling-4-couteaux-a-steak-a-lame-lisse\/","og_locale":"fr_FR","og_type":"article","og_title":"ZWILLING 4 Couteaux \u00e0 Steak \u00e0 lame lisse","og_description":"D\u00e9couvrez ZWILLING 4 Couteaux \u00e0 Steak \u00e0 lame lisse sur ErresseShop. Qualit\u00e9, prix r\u00e9duits et achat s\u00e9curis\u00e9 \u2013 commandez d\u00e8s maintenant en ligne !","og_url":"https:\/\/www.erresse-shop.it\/fr\/shop\/cuisine\/couteaux\/zwilling-4-couteaux-a-steak-a-lame-lisse\/","og_site_name":"Erresse Shop","article_modified_time":"2025-01-13T17:17:08+00:00","og_image":[{"width":1000,"height":1000,"url":"https:\/\/www.erresse-shop.it\/wp-content\/uploads\/2022\/03\/ZWILLING-Set-4-coltelli-bistecca-liscio-Professional-S.jpg","type":"image\/jpeg"}],"twitter_card":"summary_large_image","schema":{"@context":"https:\/\/schema.org","@graph":[{"@type":"WebPage","@id":"https:\/\/www.erresse-shop.it\/fr\/shop\/cuisine\/couteaux\/zwilling-4-couteaux-a-steak-a-lame-lisse\/","url":"https:\/\/www.erresse-shop.it\/fr\/shop\/cuisine\/couteaux\/zwilling-4-couteaux-a-steak-a-lame-lisse\/","name":"ZWILLING 4 Couteaux \u00e0 Steak \u00e0 lame lisse","isPartOf":{"@id":"https:\/\/www.erresse-shop.it\/fr\/#website"},"datePublished":"2022-03-31T14:35:20+00:00","dateModified":"2025-01-13T17:17:08+00:00","description":"D\u00e9couvrez ZWILLING 4 Couteaux \u00e0 Steak \u00e0 lame lisse sur ErresseShop. Qualit\u00e9, prix r\u00e9duits et achat s\u00e9curis\u00e9 \u2013 commandez d\u00e8s maintenant en ligne !","breadcrumb":{"@id":"https:\/\/www.erresse-shop.it\/fr\/shop\/cuisine\/couteaux\/zwilling-4-couteaux-a-steak-a-lame-lisse\/#breadcrumb"},"inLanguage":"fr-FR","potentialAction":[{"@type":"ReadAction","target":["https:\/\/www.erresse-shop.it\/fr\/shop\/cuisine\/couteaux\/zwilling-4-couteaux-a-steak-a-lame-lisse\/"]}]},{"@type":"BreadcrumbList","@id":"https:\/\/www.erresse-shop.it\/fr\/shop\/cuisine\/couteaux\/zwilling-4-couteaux-a-steak-a-lame-lisse\/#breadcrumb","itemListElement":[{"@type":"ListItem","position":1,"name":"Home","item":"https:\/\/www.erresse-shop.it\/fr\/"},{"@type":"ListItem","position":2,"name":"Shop","item":"https:\/\/www.erresse-shop.it\/fr\/shop\/"},{"@type":"ListItem","position":3,"name":"ZWILLING 4 Couteaux \u00e0 Steak \u00e0 lame lisse"}]},{"@type":"WebSite","@id":"https:\/\/www.erresse-shop.it\/fr\/#website","url":"https:\/\/www.erresse-shop.it\/fr\/","name":"Erresse Shop","description":"Articoli di qualit\u00e0 per la casa","potentialAction":[{"@type":"SearchAction","target":{"@type":"EntryPoint","urlTemplate":"https:\/\/www.erresse-shop.it\/fr\/?s={search_term_string}"},"query-input":"required name=search_term_string"}],"inLanguage":"fr-FR"}]}},"df_price":27.475,"df_sale_price":27.475,"df_regular_price":54.95,"df_image_link":"https:\/\/www.erresse-shop.it\/wp-content\/uploads\/2022\/03\/ZWILLING-Set-4-coltelli-bistecca-liscio-Professional-S-300x300.jpg","_links":{"self":[{"href":"https:\/\/www.erresse-shop.it\/fr\/wp-json\/wp\/v2\/product\/148273"}],"collection":[{"href":"https:\/\/www.erresse-shop.it\/fr\/wp-json\/wp\/v2\/product"}],"about":[{"href":"https:\/\/www.erresse-shop.it\/fr\/wp-json\/wp\/v2\/types\/product"}],"wp:featuredmedia":[{"embeddable":true,"href":"https:\/\/www.erresse-shop.it\/fr\/wp-json\/wp\/v2\/media\/148296"}],"wp:attachment":[{"href":"https:\/\/www.erresse-shop.it\/fr\/wp-json\/wp\/v2\/media?parent=148273"}],"wp:term":[{"taxonomy":"product_cat","embeddable":true,"href":"https:\/\/www.erresse-shop.it\/fr\/wp-json\/wp\/v2\/product_cat?post=148273"},{"taxonomy":"product_tag","embeddable":true,"href":"https:\/\/www.erresse-shop.it\/fr\/wp-json\/wp\/v2\/product_tag?post=148273"}],"curies":[{"name":"wp","href":"https:\/\/api.w.org\/{rel}","templated":true}]}}