{"id":148223,"date":"2022-03-31T13:55:44","date_gmt":"2022-03-31T13:55:46","guid":{"rendered":"https:\/\/www.erresse-shop.it\/?post_type=product&#038;p=148223"},"modified":"2025-01-13T17:17:01","modified_gmt":"2025-01-13T17:17:01","slug":"marcato-machine-pour-pates-otello-champagne","status":"publish","type":"product","link":"https:\/\/www.erresse-shop.it\/fr\/shop\/cuisine\/machines-pour-pates\/marcato-machine-pour-pates-otello-champagne\/","title":{"rendered":"MARCATO Machine pour P\u00e2tes Otello Champagne"},"content":{"rendered":"<p><strong>Mode de vie Marcato<\/strong><\/p>\n<p>La cuisine est le lieu o\u00f9 l&#8217;on se retrouve avec ses proches, le lieu o\u00f9 l&#8217;on se retrouve apr\u00e8s une journ\u00e9e de travail, le moment de se r\u00e9unir autour de la table. La cuisine doit \u00eatre un lieu de d\u00e9tente et de convivialit\u00e9 pour la famille.<br \/>\nDepuis 1930, nous cr\u00e9ons avec passion des produits qui rendent les gens heureux ! La culture d&#8217;une alimentation saine est le premier pas vers le bien-\u00eatre : \u00e0 commencer par les p\u00e2tes faites d&#8217;ingr\u00e9dients simples et authentiques, symbole du r\u00e9gime m\u00e9diterran\u00e9en. Tous les produits Marcato sont destin\u00e9s \u00e0 ceux qui aiment les choses faites avec art et \u00e0 ceux qui ont red\u00e9couvert le plaisir de bien manger, en toute s\u00e9curit\u00e9.<\/p>\n<p><strong>La conception<\/strong><\/p>\n<p>Dans le projet original, Otello Marcato a pr\u00e9sent\u00e9 des solutions avant-gardistes comme le r\u00e9gulateur permettant de modifier l&#8217;\u00e9paisseur de la feuille de p\u00e2tes avec 7 positions.<br \/>\nLa version moderne de la machine combine le design original avec des finitions modernes : les rouleaux sont en alliage d&#8217;aluminium anodis\u00e9 tandis que le mat\u00e9riau des peignes et des raclettes est un technopolym\u00e8re.<\/p>\n<p>Otello est la machine en <strong>\u00e9dition limit\u00e9e<\/strong> qui c\u00e9l\u00e8bre le projet original du fondateur de la soci\u00e9t\u00e9, en reproposant le design historique avec des technologies modernes, des mat\u00e9riaux pr\u00e9cieux et des finitions exclusives.<\/p>\n<p><strong>Finitions<\/strong><\/p>\n<p>La structure d&#8217;Otello est faite d&#8217;aluminium chrom\u00e9 avec traitement PVD (Physical Vapor Deposition), un proc\u00e9d\u00e9 qui d\u00e9pose une fine pellicule m\u00e9tallique sur le chrome, garantissant un effet esth\u00e9tique spectaculaire et un durcissement de la surface.<\/p>\n<p><strong>Les bois<\/strong><\/p>\n<p>Les bases et les poign\u00e9es sont en bois de weng\u00e9 massif. Ils donnent un aspect vintage sans renoncer \u00e0 la stabilit\u00e9 et \u00e0 la r\u00e9sistance typiques des produits Marcato. Le bois est trait\u00e9 avec une huile naturelle pour augmenter sa r\u00e9sistance et sa durabilit\u00e9.<\/p>\n<p><strong>Une ic\u00f4ne italienne<\/strong><\/p>\n<p>Otello est un objet de collection en \u00e9dition limit\u00e9e, con\u00e7u et fabriqu\u00e9 par nos soins pour repr\u00e9senter le design italien dans le monde entier. Mais Otello est aussi une v\u00e9ritable machine \u00e0 p\u00e2tes fra\u00eeches, avec laquelle vous pouvez pr\u00e9parer des feuilles de p\u00e2tes, des fettuccine et des tagliolini.<\/p>\n<p>Avec Otello, vous pouvez faire des lasagnes d&#8217;une largeur maximale de 150 mm, des fettuccine de 6,5 mm et des tagliolini de 1,5 mm.<\/p>\n<p><span style=\"text-decoration: underline;\"><strong>Accessoires<br \/>\n<\/strong><\/span><br \/>\nOtello est vendu avec une pince qui permet un maintien ferme sur le plateau de la table.<\/p>\n","protected":false},"excerpt":{"rendered":"<p>Mode de vie Marcato La cuisine est le lieu o\u00f9 l&#8217;on se retrouve avec ses proches, le lieu o\u00f9 l&#8217;on<\/p>\n","protected":false},"featured_media":148266,"template":"","meta":{"_acf_changed":false,"inline_featured_image":false},"product_cat":[12748,12941],"product_tag":[15668,14831,16810],"acf":[],"yoast_head":"<!-- This site is optimized with the Yoast SEO Premium plugin v18.6 (Yoast SEO v19.13) - https:\/\/yoast.com\/wordpress\/plugins\/seo\/ -->\n<title>MARCATO Machine pour P\u00e2tes Otello Champagne<\/title>\n<meta name=\"description\" content=\"D\u00e9couvrez MARCATO Machine pour P\u00e2tes Otello Champagne sur ErresseShop. Qualit\u00e9, prix r\u00e9duits et achat s\u00e9curis\u00e9 \u2013 commandez d\u00e8s maintenant en ligne !\" \/>\n<meta name=\"robots\" content=\"index, follow, max-snippet:-1, max-image-preview:large, max-video-preview:-1\" \/>\n<link rel=\"canonical\" href=\"https:\/\/www.erresse-shop.it\/fr\/shop\/cuisine\/machines-pour-pates\/marcato-machine-pour-pates-otello-champagne\/\" \/>\n<meta property=\"og:locale\" content=\"fr_FR\" \/>\n<meta property=\"og:type\" content=\"article\" \/>\n<meta property=\"og:title\" content=\"MARCATO Machine pour P\u00e2tes Otello Champagne\" \/>\n<meta property=\"og:description\" content=\"D\u00e9couvrez MARCATO Machine pour P\u00e2tes Otello Champagne sur ErresseShop. Qualit\u00e9, prix r\u00e9duits et achat s\u00e9curis\u00e9 \u2013 commandez d\u00e8s maintenant en ligne !\" \/>\n<meta property=\"og:url\" content=\"https:\/\/www.erresse-shop.it\/fr\/shop\/cuisine\/machines-pour-pates\/marcato-machine-pour-pates-otello-champagne\/\" \/>\n<meta property=\"og:site_name\" content=\"Erresse Shop\" \/>\n<meta property=\"article:modified_time\" content=\"2025-01-13T17:17:01+00:00\" \/>\n<meta property=\"og:image\" content=\"https:\/\/www.erresse-shop.it\/wp-content\/uploads\/2022\/03\/MARCATO-Macchina-per-Pasta-Otello-Champagne.jpg\" \/>\n\t<meta property=\"og:image:width\" content=\"1000\" \/>\n\t<meta property=\"og:image:height\" content=\"1000\" \/>\n\t<meta property=\"og:image:type\" content=\"image\/jpeg\" \/>\n<meta name=\"twitter:card\" content=\"summary_large_image\" \/>\n<script type=\"application\/ld+json\" class=\"yoast-schema-graph\">{\"@context\":\"https:\/\/schema.org\",\"@graph\":[{\"@type\":\"WebPage\",\"@id\":\"https:\/\/www.erresse-shop.it\/fr\/shop\/cuisine\/machines-pour-pates\/marcato-machine-pour-pates-otello-champagne\/\",\"url\":\"https:\/\/www.erresse-shop.it\/fr\/shop\/cuisine\/machines-pour-pates\/marcato-machine-pour-pates-otello-champagne\/\",\"name\":\"MARCATO Machine pour P\u00e2tes Otello Champagne\",\"isPartOf\":{\"@id\":\"https:\/\/www.erresse-shop.it\/fr\/#website\"},\"datePublished\":\"2022-03-31T13:55:46+00:00\",\"dateModified\":\"2025-01-13T17:17:01+00:00\",\"description\":\"D\u00e9couvrez MARCATO Machine pour P\u00e2tes Otello Champagne sur ErresseShop. Qualit\u00e9, prix r\u00e9duits et achat s\u00e9curis\u00e9 \u2013 commandez d\u00e8s maintenant en ligne !\",\"breadcrumb\":{\"@id\":\"https:\/\/www.erresse-shop.it\/fr\/shop\/cuisine\/machines-pour-pates\/marcato-machine-pour-pates-otello-champagne\/#breadcrumb\"},\"inLanguage\":\"fr-FR\",\"potentialAction\":[{\"@type\":\"ReadAction\",\"target\":[\"https:\/\/www.erresse-shop.it\/fr\/shop\/cuisine\/machines-pour-pates\/marcato-machine-pour-pates-otello-champagne\/\"]}]},{\"@type\":\"BreadcrumbList\",\"@id\":\"https:\/\/www.erresse-shop.it\/fr\/shop\/cuisine\/machines-pour-pates\/marcato-machine-pour-pates-otello-champagne\/#breadcrumb\",\"itemListElement\":[{\"@type\":\"ListItem\",\"position\":1,\"name\":\"Home\",\"item\":\"https:\/\/www.erresse-shop.it\/fr\/\"},{\"@type\":\"ListItem\",\"position\":2,\"name\":\"Shop\",\"item\":\"https:\/\/www.erresse-shop.it\/fr\/shop\/\"},{\"@type\":\"ListItem\",\"position\":3,\"name\":\"MARCATO Machine pour P\u00e2tes Otello Champagne\"}]},{\"@type\":\"WebSite\",\"@id\":\"https:\/\/www.erresse-shop.it\/fr\/#website\",\"url\":\"https:\/\/www.erresse-shop.it\/fr\/\",\"name\":\"Erresse Shop\",\"description\":\"Articoli di qualit\u00e0 per la casa\",\"potentialAction\":[{\"@type\":\"SearchAction\",\"target\":{\"@type\":\"EntryPoint\",\"urlTemplate\":\"https:\/\/www.erresse-shop.it\/fr\/?s={search_term_string}\"},\"query-input\":\"required name=search_term_string\"}],\"inLanguage\":\"fr-FR\"}]}<\/script>\n<!-- \/ Yoast SEO Premium plugin. -->","yoast_head_json":{"title":"MARCATO Machine pour P\u00e2tes Otello Champagne","description":"D\u00e9couvrez MARCATO Machine pour P\u00e2tes Otello Champagne sur ErresseShop. Qualit\u00e9, prix r\u00e9duits et achat s\u00e9curis\u00e9 \u2013 commandez d\u00e8s maintenant en ligne !","robots":{"index":"index","follow":"follow","max-snippet":"max-snippet:-1","max-image-preview":"max-image-preview:large","max-video-preview":"max-video-preview:-1"},"canonical":"https:\/\/www.erresse-shop.it\/fr\/shop\/cuisine\/machines-pour-pates\/marcato-machine-pour-pates-otello-champagne\/","og_locale":"fr_FR","og_type":"article","og_title":"MARCATO Machine pour P\u00e2tes Otello Champagne","og_description":"D\u00e9couvrez MARCATO Machine pour P\u00e2tes Otello Champagne sur ErresseShop. Qualit\u00e9, prix r\u00e9duits et achat s\u00e9curis\u00e9 \u2013 commandez d\u00e8s maintenant en ligne !","og_url":"https:\/\/www.erresse-shop.it\/fr\/shop\/cuisine\/machines-pour-pates\/marcato-machine-pour-pates-otello-champagne\/","og_site_name":"Erresse Shop","article_modified_time":"2025-01-13T17:17:01+00:00","og_image":[{"width":1000,"height":1000,"url":"https:\/\/www.erresse-shop.it\/wp-content\/uploads\/2022\/03\/MARCATO-Macchina-per-Pasta-Otello-Champagne.jpg","type":"image\/jpeg"}],"twitter_card":"summary_large_image","schema":{"@context":"https:\/\/schema.org","@graph":[{"@type":"WebPage","@id":"https:\/\/www.erresse-shop.it\/fr\/shop\/cuisine\/machines-pour-pates\/marcato-machine-pour-pates-otello-champagne\/","url":"https:\/\/www.erresse-shop.it\/fr\/shop\/cuisine\/machines-pour-pates\/marcato-machine-pour-pates-otello-champagne\/","name":"MARCATO Machine pour P\u00e2tes Otello Champagne","isPartOf":{"@id":"https:\/\/www.erresse-shop.it\/fr\/#website"},"datePublished":"2022-03-31T13:55:46+00:00","dateModified":"2025-01-13T17:17:01+00:00","description":"D\u00e9couvrez MARCATO Machine pour P\u00e2tes Otello Champagne sur ErresseShop. Qualit\u00e9, prix r\u00e9duits et achat s\u00e9curis\u00e9 \u2013 commandez d\u00e8s maintenant en ligne !","breadcrumb":{"@id":"https:\/\/www.erresse-shop.it\/fr\/shop\/cuisine\/machines-pour-pates\/marcato-machine-pour-pates-otello-champagne\/#breadcrumb"},"inLanguage":"fr-FR","potentialAction":[{"@type":"ReadAction","target":["https:\/\/www.erresse-shop.it\/fr\/shop\/cuisine\/machines-pour-pates\/marcato-machine-pour-pates-otello-champagne\/"]}]},{"@type":"BreadcrumbList","@id":"https:\/\/www.erresse-shop.it\/fr\/shop\/cuisine\/machines-pour-pates\/marcato-machine-pour-pates-otello-champagne\/#breadcrumb","itemListElement":[{"@type":"ListItem","position":1,"name":"Home","item":"https:\/\/www.erresse-shop.it\/fr\/"},{"@type":"ListItem","position":2,"name":"Shop","item":"https:\/\/www.erresse-shop.it\/fr\/shop\/"},{"@type":"ListItem","position":3,"name":"MARCATO Machine pour P\u00e2tes Otello Champagne"}]},{"@type":"WebSite","@id":"https:\/\/www.erresse-shop.it\/fr\/#website","url":"https:\/\/www.erresse-shop.it\/fr\/","name":"Erresse Shop","description":"Articoli di qualit\u00e0 per la casa","potentialAction":[{"@type":"SearchAction","target":{"@type":"EntryPoint","urlTemplate":"https:\/\/www.erresse-shop.it\/fr\/?s={search_term_string}"},"query-input":"required name=search_term_string"}],"inLanguage":"fr-FR"}]}},"df_price":184.95,"df_sale_price":184.95,"df_regular_price":369.9,"df_image_link":"https:\/\/www.erresse-shop.it\/wp-content\/uploads\/2022\/03\/MARCATO-Macchina-per-Pasta-Otello-Champagne-300x300.jpg","_links":{"self":[{"href":"https:\/\/www.erresse-shop.it\/fr\/wp-json\/wp\/v2\/product\/148223"}],"collection":[{"href":"https:\/\/www.erresse-shop.it\/fr\/wp-json\/wp\/v2\/product"}],"about":[{"href":"https:\/\/www.erresse-shop.it\/fr\/wp-json\/wp\/v2\/types\/product"}],"wp:featuredmedia":[{"embeddable":true,"href":"https:\/\/www.erresse-shop.it\/fr\/wp-json\/wp\/v2\/media\/148266"}],"wp:attachment":[{"href":"https:\/\/www.erresse-shop.it\/fr\/wp-json\/wp\/v2\/media?parent=148223"}],"wp:term":[{"taxonomy":"product_cat","embeddable":true,"href":"https:\/\/www.erresse-shop.it\/fr\/wp-json\/wp\/v2\/product_cat?post=148223"},{"taxonomy":"product_tag","embeddable":true,"href":"https:\/\/www.erresse-shop.it\/fr\/wp-json\/wp\/v2\/product_tag?post=148223"}],"curies":[{"name":"wp","href":"https:\/\/api.w.org\/{rel}","templated":true}]}}