{"id":145210,"date":"2022-03-24T14:53:05","date_gmt":"2022-03-24T14:53:08","guid":{"rendered":"https:\/\/www.erresse-shop.it\/?post_type=product&#038;p=145210"},"modified":"2025-01-13T16:05:06","modified_gmt":"2025-01-13T16:05:06","slug":"le-creuset-cocotte-ronde-en-fonte-emaillee-20-cm-vert","status":"publish","type":"product","link":"https:\/\/www.erresse-shop.it\/fr\/shop\/poeles-pots\/marmites-et-cocottes-poeles-pots\/le-creuset-cocotte-ronde-en-fonte-emaillee-20-cm-vert\/","title":{"rendered":"LE CREUSET Cocotte Ronde en Fonte \u00c9maill\u00e9e 20 cm Vert"},"content":{"rendered":"<p style=\"text-align: justify;\"><strong>LA REINE DE LA CUISINE<\/strong><br \/>\nIndispensable dans une cuisine, la cocotte Le Creuset est appr\u00e9ci\u00e9e des cuisiniers du monde entier depuis pr\u00e8s d\u2019un si\u00e8cle. Parfaitement con\u00e7u pour les rago\u00fbts, les r\u00f4tis, les soupes, la cuisson mijot\u00e9e ou au four, cet ustensile embl\u00e9matique est votre outil \u00e0 tout faire pour des repas exceptionnels avec une profondeur intense et des saveurs all\u00e9chantes.<\/p>\n<p style=\"text-align: justify;\">La <strong>cocotte ronde Le Creuset Evolution<\/strong> est indispensable dans toutes les cuisines pour pr\u00e9parer des plats savoureux et sains ! Gr\u00e2ce \u00e0 sa polyvalence, la cocotte ronde Le Creuset deviendra votre alli\u00e9e de tous les jours pour cuisiner des l\u00e9gumes, des risottos, des sauces, du pain et mille autres recettes pour surprendre tous vos invit\u00e9s.<br \/>\nLa fonte \u00e9maill\u00e9e, \u00e9tant un excellent conducteur de chaleur, est l&#8217;un des meilleurs mat\u00e9riaux \u00e0 utiliser dans la cuisine. En outre, la base, les parois et le couvercle ont la m\u00eame \u00e9paisseur, ce qui garantit une absorption et une distribution uniformes de la chaleur, sans cr\u00e9er de zones surchauff\u00e9es. Par cons\u00e9quent, les aliments ne br\u00fblent pas et ne restent pas crus \u00e0 l&#8217;int\u00e9rieur. De plus, ils ne perdent pas leur liquide \u00e0 la cuisson, ce qui signifie que leurs nutriments et leurs vitamines sont pr\u00e9serv\u00e9s.<\/p>\n<p style=\"text-align: justify;\">G\u00e9n\u00e9ration apr\u00e8s g\u00e9n\u00e9ration, la cocotte en fonte \u00e9maill\u00e9e Le Creuset est devenue synonyme de bonne nourriture et de grande qualit\u00e9, apportant une cuisine saine sur les tables et dans les cuisines du monde entier, \u00e0 la hauteur des meilleures recettes.<\/p>\n<p style=\"text-align: justify;\"><strong>Propri\u00e9t\u00e9s de la cocotte en fonte \u00e9maill\u00e9e :<\/strong><\/p>\n<p style=\"text-align: justify;\">&#8211; Distribution uniforme de la chaleur sans zones de surchauffe.<br \/>\n&#8211; Excellente r\u00e9tention de la chaleur.<br \/>\n&#8211; Bouton en acier inoxydable r\u00e9sistant \u00e0 toutes les temp\u00e9ratures.<br \/>\n&#8211; Poign\u00e9es con\u00e7ues pour une excellente prise en main.<br \/>\n&#8211; Surfaces int\u00e9rieure et ext\u00e9rieure vitrifi\u00e9es. N&#8217;absorbe pas l&#8217;humidit\u00e9, le go\u00fbt ou l&#8217;odeur des aliments.<br \/>\n&#8211; <strong>Compatible avec toutes les sources de chaleur : four, gaz, \u00e9lectrique, induction.<\/strong><br \/>\n&#8211; Recommand\u00e9 par les grands chefs et les blogueurs pour la cuisson du pain au four.<br \/>\n&#8211; Facile \u00e0 nettoyer.<br \/>\n&#8211; Durabilit\u00e9 exceptionnelle.<br \/>\n&#8211; Garantie \u00e0 vie.<\/p>\n<p style=\"text-align: justify;\">Notre c\u00e9l\u00e8bre gamme en fonte vitrifi\u00e9e est le mat\u00e9riau le plus durable et le plus hygi\u00e9nique du march\u00e9. Essayez-le et les r\u00e9sultats vous surprendront.<\/p>\n<p style=\"text-align: justify;\"><a href=\"https:\/\/www.youtube.com\/watch?v=HDOljJrHsg0\" target=\"_blank\" rel=\"noopener\">Voir le film 1<\/a><br \/>\n<a href=\"https:\/\/www.youtube.com\/watch?v=ro9F2zRA4gE\" target=\"_blank\" rel=\"noopener\">Voir le film 2<\/a><\/p>\n","protected":false},"excerpt":{"rendered":"<p>LA REINE DE LA CUISINE Indispensable dans une cuisine, la cocotte Le Creuset est appr\u00e9ci\u00e9e des cuisiniers du monde entier<\/p>\n","protected":false},"featured_media":460459,"template":"","meta":{"_acf_changed":false,"inline_featured_image":false},"product_cat":[12458,14792],"product_tag":[25086,25021,14826,12994,12460,12461,12465,12466,21327,12468,12469],"acf":[],"yoast_head":"<!-- This site is optimized with the Yoast SEO Premium plugin v18.6 (Yoast SEO v19.13) - https:\/\/yoast.com\/wordpress\/plugins\/seo\/ -->\n<title>LE CREUSET Cocotte Ronde en Fonte \u00c9maill\u00e9e 20 cm Vert<\/title>\n<meta name=\"description\" content=\"D\u00e9couvrez LE CREUSET Cocotte Ronde en Fonte \u00c9maill\u00e9e 20 cm Vert sur ErresseShop. Qualit\u00e9, prix r\u00e9duits et achat s\u00e9curis\u00e9 \u2013 commandez d\u00e8s maintenant en ligne !\" \/>\n<meta name=\"robots\" content=\"index, follow, max-snippet:-1, max-image-preview:large, max-video-preview:-1\" \/>\n<link rel=\"canonical\" href=\"https:\/\/www.erresse-shop.it\/fr\/shop\/poeles-pots\/marmites-et-cocottes-poeles-pots\/le-creuset-cocotte-ronde-en-fonte-emaillee-20-cm-vert\/\" \/>\n<meta property=\"og:locale\" content=\"fr_FR\" \/>\n<meta property=\"og:type\" content=\"article\" \/>\n<meta property=\"og:title\" content=\"LE CREUSET Cocotte Ronde en Fonte \u00c9maill\u00e9e 20 cm Vert\" \/>\n<meta property=\"og:description\" content=\"D\u00e9couvrez LE CREUSET Cocotte Ronde en Fonte \u00c9maill\u00e9e 20 cm Vert sur ErresseShop. Qualit\u00e9, prix r\u00e9duits et achat s\u00e9curis\u00e9 \u2013 commandez d\u00e8s maintenant en ligne !\" \/>\n<meta property=\"og:url\" content=\"https:\/\/www.erresse-shop.it\/fr\/shop\/poeles-pots\/marmites-et-cocottes-poeles-pots\/le-creuset-cocotte-ronde-en-fonte-emaillee-20-cm-vert\/\" \/>\n<meta property=\"og:site_name\" content=\"Erresse Shop\" \/>\n<meta property=\"article:modified_time\" content=\"2025-01-13T16:05:06+00:00\" \/>\n<meta property=\"og:image\" content=\"https:\/\/www.erresse-shop.it\/wp-content\/uploads\/2022\/03\/LE-CREUSET-Cocotte-Evolution-in-Ghisa-20-cm-Verde-Bamboo.jpg\" \/>\n\t<meta property=\"og:image:width\" content=\"1200\" \/>\n\t<meta property=\"og:image:height\" content=\"1200\" \/>\n\t<meta property=\"og:image:type\" content=\"image\/jpeg\" \/>\n<meta name=\"twitter:card\" content=\"summary_large_image\" \/>\n<script type=\"application\/ld+json\" class=\"yoast-schema-graph\">{\"@context\":\"https:\/\/schema.org\",\"@graph\":[{\"@type\":\"WebPage\",\"@id\":\"https:\/\/www.erresse-shop.it\/fr\/shop\/poeles-pots\/marmites-et-cocottes-poeles-pots\/le-creuset-cocotte-ronde-en-fonte-emaillee-20-cm-vert\/\",\"url\":\"https:\/\/www.erresse-shop.it\/fr\/shop\/poeles-pots\/marmites-et-cocottes-poeles-pots\/le-creuset-cocotte-ronde-en-fonte-emaillee-20-cm-vert\/\",\"name\":\"LE CREUSET Cocotte Ronde en Fonte \u00c9maill\u00e9e 20 cm Vert\",\"isPartOf\":{\"@id\":\"https:\/\/www.erresse-shop.it\/fr\/#website\"},\"datePublished\":\"2022-03-24T14:53:08+00:00\",\"dateModified\":\"2025-01-13T16:05:06+00:00\",\"description\":\"D\u00e9couvrez LE CREUSET Cocotte Ronde en Fonte \u00c9maill\u00e9e 20 cm Vert sur ErresseShop. Qualit\u00e9, prix r\u00e9duits et achat s\u00e9curis\u00e9 \u2013 commandez d\u00e8s maintenant en ligne !\",\"breadcrumb\":{\"@id\":\"https:\/\/www.erresse-shop.it\/fr\/shop\/poeles-pots\/marmites-et-cocottes-poeles-pots\/le-creuset-cocotte-ronde-en-fonte-emaillee-20-cm-vert\/#breadcrumb\"},\"inLanguage\":\"fr-FR\",\"potentialAction\":[{\"@type\":\"ReadAction\",\"target\":[\"https:\/\/www.erresse-shop.it\/fr\/shop\/poeles-pots\/marmites-et-cocottes-poeles-pots\/le-creuset-cocotte-ronde-en-fonte-emaillee-20-cm-vert\/\"]}]},{\"@type\":\"BreadcrumbList\",\"@id\":\"https:\/\/www.erresse-shop.it\/fr\/shop\/poeles-pots\/marmites-et-cocottes-poeles-pots\/le-creuset-cocotte-ronde-en-fonte-emaillee-20-cm-vert\/#breadcrumb\",\"itemListElement\":[{\"@type\":\"ListItem\",\"position\":1,\"name\":\"Home\",\"item\":\"https:\/\/www.erresse-shop.it\/fr\/\"},{\"@type\":\"ListItem\",\"position\":2,\"name\":\"Shop\",\"item\":\"https:\/\/www.erresse-shop.it\/fr\/shop\/\"},{\"@type\":\"ListItem\",\"position\":3,\"name\":\"LE CREUSET Cocotte Ronde en Fonte \u00c9maill\u00e9e 20 cm Vert\"}]},{\"@type\":\"WebSite\",\"@id\":\"https:\/\/www.erresse-shop.it\/fr\/#website\",\"url\":\"https:\/\/www.erresse-shop.it\/fr\/\",\"name\":\"Erresse Shop\",\"description\":\"Articoli di qualit\u00e0 per la casa\",\"potentialAction\":[{\"@type\":\"SearchAction\",\"target\":{\"@type\":\"EntryPoint\",\"urlTemplate\":\"https:\/\/www.erresse-shop.it\/fr\/?s={search_term_string}\"},\"query-input\":\"required name=search_term_string\"}],\"inLanguage\":\"fr-FR\"}]}<\/script>\n<!-- \/ Yoast SEO Premium plugin. -->","yoast_head_json":{"title":"LE CREUSET Cocotte Ronde en Fonte \u00c9maill\u00e9e 20 cm Vert","description":"D\u00e9couvrez LE CREUSET Cocotte Ronde en Fonte \u00c9maill\u00e9e 20 cm Vert sur ErresseShop. Qualit\u00e9, prix r\u00e9duits et achat s\u00e9curis\u00e9 \u2013 commandez d\u00e8s maintenant en ligne !","robots":{"index":"index","follow":"follow","max-snippet":"max-snippet:-1","max-image-preview":"max-image-preview:large","max-video-preview":"max-video-preview:-1"},"canonical":"https:\/\/www.erresse-shop.it\/fr\/shop\/poeles-pots\/marmites-et-cocottes-poeles-pots\/le-creuset-cocotte-ronde-en-fonte-emaillee-20-cm-vert\/","og_locale":"fr_FR","og_type":"article","og_title":"LE CREUSET Cocotte Ronde en Fonte \u00c9maill\u00e9e 20 cm Vert","og_description":"D\u00e9couvrez LE CREUSET Cocotte Ronde en Fonte \u00c9maill\u00e9e 20 cm Vert sur ErresseShop. Qualit\u00e9, prix r\u00e9duits et achat s\u00e9curis\u00e9 \u2013 commandez d\u00e8s maintenant en ligne !","og_url":"https:\/\/www.erresse-shop.it\/fr\/shop\/poeles-pots\/marmites-et-cocottes-poeles-pots\/le-creuset-cocotte-ronde-en-fonte-emaillee-20-cm-vert\/","og_site_name":"Erresse Shop","article_modified_time":"2025-01-13T16:05:06+00:00","og_image":[{"width":1200,"height":1200,"url":"https:\/\/www.erresse-shop.it\/wp-content\/uploads\/2022\/03\/LE-CREUSET-Cocotte-Evolution-in-Ghisa-20-cm-Verde-Bamboo.jpg","type":"image\/jpeg"}],"twitter_card":"summary_large_image","schema":{"@context":"https:\/\/schema.org","@graph":[{"@type":"WebPage","@id":"https:\/\/www.erresse-shop.it\/fr\/shop\/poeles-pots\/marmites-et-cocottes-poeles-pots\/le-creuset-cocotte-ronde-en-fonte-emaillee-20-cm-vert\/","url":"https:\/\/www.erresse-shop.it\/fr\/shop\/poeles-pots\/marmites-et-cocottes-poeles-pots\/le-creuset-cocotte-ronde-en-fonte-emaillee-20-cm-vert\/","name":"LE CREUSET Cocotte Ronde en Fonte \u00c9maill\u00e9e 20 cm Vert","isPartOf":{"@id":"https:\/\/www.erresse-shop.it\/fr\/#website"},"datePublished":"2022-03-24T14:53:08+00:00","dateModified":"2025-01-13T16:05:06+00:00","description":"D\u00e9couvrez LE CREUSET Cocotte Ronde en Fonte \u00c9maill\u00e9e 20 cm Vert sur ErresseShop. Qualit\u00e9, prix r\u00e9duits et achat s\u00e9curis\u00e9 \u2013 commandez d\u00e8s maintenant en ligne !","breadcrumb":{"@id":"https:\/\/www.erresse-shop.it\/fr\/shop\/poeles-pots\/marmites-et-cocottes-poeles-pots\/le-creuset-cocotte-ronde-en-fonte-emaillee-20-cm-vert\/#breadcrumb"},"inLanguage":"fr-FR","potentialAction":[{"@type":"ReadAction","target":["https:\/\/www.erresse-shop.it\/fr\/shop\/poeles-pots\/marmites-et-cocottes-poeles-pots\/le-creuset-cocotte-ronde-en-fonte-emaillee-20-cm-vert\/"]}]},{"@type":"BreadcrumbList","@id":"https:\/\/www.erresse-shop.it\/fr\/shop\/poeles-pots\/marmites-et-cocottes-poeles-pots\/le-creuset-cocotte-ronde-en-fonte-emaillee-20-cm-vert\/#breadcrumb","itemListElement":[{"@type":"ListItem","position":1,"name":"Home","item":"https:\/\/www.erresse-shop.it\/fr\/"},{"@type":"ListItem","position":2,"name":"Shop","item":"https:\/\/www.erresse-shop.it\/fr\/shop\/"},{"@type":"ListItem","position":3,"name":"LE CREUSET Cocotte Ronde en Fonte \u00c9maill\u00e9e 20 cm Vert"}]},{"@type":"WebSite","@id":"https:\/\/www.erresse-shop.it\/fr\/#website","url":"https:\/\/www.erresse-shop.it\/fr\/","name":"Erresse Shop","description":"Articoli di qualit\u00e0 per la casa","potentialAction":[{"@type":"SearchAction","target":{"@type":"EntryPoint","urlTemplate":"https:\/\/www.erresse-shop.it\/fr\/?s={search_term_string}"},"query-input":"required name=search_term_string"}],"inLanguage":"fr-FR"}]}},"df_price":123.75,"df_sale_price":123.75,"df_regular_price":275,"df_image_link":"https:\/\/www.erresse-shop.it\/wp-content\/uploads\/2022\/03\/LE-CREUSET-Cocotte-Evolution-in-Ghisa-20-cm-Verde-Bamboo-300x300.jpg","_links":{"self":[{"href":"https:\/\/www.erresse-shop.it\/fr\/wp-json\/wp\/v2\/product\/145210"}],"collection":[{"href":"https:\/\/www.erresse-shop.it\/fr\/wp-json\/wp\/v2\/product"}],"about":[{"href":"https:\/\/www.erresse-shop.it\/fr\/wp-json\/wp\/v2\/types\/product"}],"wp:featuredmedia":[{"embeddable":true,"href":"https:\/\/www.erresse-shop.it\/fr\/wp-json\/wp\/v2\/media\/460459"}],"wp:attachment":[{"href":"https:\/\/www.erresse-shop.it\/fr\/wp-json\/wp\/v2\/media?parent=145210"}],"wp:term":[{"taxonomy":"product_cat","embeddable":true,"href":"https:\/\/www.erresse-shop.it\/fr\/wp-json\/wp\/v2\/product_cat?post=145210"},{"taxonomy":"product_tag","embeddable":true,"href":"https:\/\/www.erresse-shop.it\/fr\/wp-json\/wp\/v2\/product_tag?post=145210"}],"curies":[{"name":"wp","href":"https:\/\/api.w.org\/{rel}","templated":true}]}}