{"id":145074,"date":"2022-03-24T09:53:29","date_gmt":"2022-03-24T09:54:08","guid":{"rendered":"https:\/\/www.erresse-shop.it\/?post_type=product&#038;p=145074"},"modified":"2025-01-13T16:04:52","modified_gmt":"2025-01-13T16:04:52","slug":"le-creuset-sauteuse-en-fonte-emaillee-avec-manche-en-bois-28-cm-vert","status":"publish","type":"product","link":"https:\/\/www.erresse-shop.it\/fr\/shop\/poeles-pots\/poeles\/le-creuset-sauteuse-en-fonte-emaillee-avec-manche-en-bois-28-cm-vert\/","title":{"rendered":"LE CREUSET Sauteuse en fonte \u00e9maill\u00e9e avec manche en bois 28 cm Vert"},"content":{"rendered":"<p>Cette magnifique po\u00eale \u00e0 la poign\u00e9e en bois est id\u00e9ale pour faire sauter des l\u00e9gumes, griller du poisson ou de la viande. Fabriqu\u00e9e \u00e0 partir de notre c\u00e9l\u00e8bre fonte \u00e9maill\u00e9e, elle permet une r\u00e9partition uniforme de la chaleur et la saisie de vos aliments en un clin d\u2019\u0153il. Le r\u00e9sultat ? Il favorise l\u2019hydratation, conserve les nutriments et r\u00e9v\u00e8le les saveurs pour des plats m\u00e9morables. Un r\u00e9gal !<\/p>\n<p>Caract\u00e9ristiques<br \/>\nUn nettoyage express : l\u2019int\u00e9rieur en fonte \u00e9maill\u00e9e rend le nettoyage plus facile.<br \/>\nDes plats savoureux : la conception en fonte \u00e9maill\u00e9e retient la chaleur pour une cuisson uniforme et dor\u00e9e. Vos plats gourmands resteront \u00e9galement plus longtemps au chaud \u00e0 table.<br \/>\nBonne prise en main : ses poign\u00e9es \u00e9l\u00e9gantes et agr\u00e9ables sont parfaites pour le soulever en toute s\u00e9curit\u00e9.<br \/>\nUn style traditionnel : l\u2019\u00e9l\u00e9gante poign\u00e9e en bois ne chauffe pas pour faciliter la manipulation.<br \/>\nUne aide pr\u00e9cieuse : la poign\u00e9e d\u2019assistance est parfaite pour soulever et d\u00e9placer votre ustensile entre la plaque de cuisson, le four et la table.<br \/>\nLes couleurs de l\u2019arc-en-ciel : disponible dans une sublime palette de couleurs acidul\u00e9es, notre gamme apporte un zeste de fantaisie \u00e0 votre cuisine.<br \/>\nContr\u00f4le de la temp\u00e9rature : cuisinez \u00e0 feu doux ou mod\u00e9r\u00e9 pour prendre soin de votre fonte \u00e9maill\u00e9e et obtenir des r\u00e9sultats sensationnels.<br \/>\nFaites votre choix : diff\u00e9rentes tailles sont disponibles pour r\u00e9pondre \u00e0 tous vos besoins culinaires.<br \/>\nSe bonifie en vieillissant : la fonte \u00e9maill\u00e9e se patine naturellement avec le temps et agit comme un rev\u00eatement anti-adh\u00e9rent. Sa texture fait glisser vos pr\u00e9parations sans attacher, ce qui permet d\u2019utiliser peu de mati\u00e8re grasse. Ne lavez ce produit qu\u2019\u00e0 l\u2019eau (avec du liquide vaisselle) pour favoriser le d\u00e9veloppement de sa patine.<\/p>\n<p>Mat\u00e9riau: Fonte \u00e9maill\u00e9e<br \/>\nFabriqu\u00e9 en France<br \/>\nGarantie \u00e0 vie<\/p>\n","protected":false},"excerpt":{"rendered":"<p>Cette magnifique po\u00eale \u00e0 la poign\u00e9e en bois est id\u00e9ale pour faire sauter des l\u00e9gumes, griller du poisson ou de<\/p>\n","protected":false},"featured_media":502820,"template":"","meta":{"_acf_changed":false,"inline_featured_image":false},"product_cat":[12458,14802],"product_tag":[12994,12460,12461,21327,13178,13273],"acf":[],"yoast_head":"<!-- This site is optimized with the Yoast SEO Premium plugin v18.6 (Yoast SEO v19.13) - https:\/\/yoast.com\/wordpress\/plugins\/seo\/ -->\n<title>LE CREUSET Sauteuse en fonte \u00e9maill\u00e9e avec manche en bois 28 cm Vert<\/title>\n<meta name=\"description\" content=\"D\u00e9couvrez LE CREUSET Sauteuse en fonte \u00e9maill\u00e9e avec manche en bois 28 cm Vert sur ErresseShop. Qualit\u00e9, prix r\u00e9duits et achat s\u00e9curis\u00e9 \u2013 commandez d\u00e8s maintenant en ligne !\" \/>\n<meta name=\"robots\" content=\"index, follow, max-snippet:-1, max-image-preview:large, max-video-preview:-1\" \/>\n<link rel=\"canonical\" href=\"https:\/\/www.erresse-shop.it\/fr\/shop\/poeles-pots\/poeles\/le-creuset-sauteuse-en-fonte-emaillee-avec-manche-en-bois-28-cm-vert\/\" \/>\n<meta property=\"og:locale\" content=\"fr_FR\" \/>\n<meta property=\"og:type\" content=\"article\" \/>\n<meta property=\"og:title\" content=\"LE CREUSET Sauteuse en fonte \u00e9maill\u00e9e avec manche en bois 28 cm Vert\" \/>\n<meta property=\"og:description\" content=\"D\u00e9couvrez LE CREUSET Sauteuse en fonte \u00e9maill\u00e9e avec manche en bois 28 cm Vert sur ErresseShop. Qualit\u00e9, prix r\u00e9duits et achat s\u00e9curis\u00e9 \u2013 commandez d\u00e8s maintenant en ligne !\" \/>\n<meta property=\"og:url\" content=\"https:\/\/www.erresse-shop.it\/fr\/shop\/poeles-pots\/poeles\/le-creuset-sauteuse-en-fonte-emaillee-avec-manche-en-bois-28-cm-vert\/\" \/>\n<meta property=\"og:site_name\" content=\"Erresse Shop\" \/>\n<meta property=\"article:modified_time\" content=\"2025-01-13T16:04:52+00:00\" \/>\n<meta property=\"og:image\" content=\"https:\/\/www.erresse-shop.it\/wp-content\/uploads\/2022\/03\/LE-CREUSET-Padella-Bassa-in-Ghisa-28-cm-Verde-Bamboo.png\" \/>\n\t<meta property=\"og:image:width\" content=\"800\" \/>\n\t<meta property=\"og:image:height\" content=\"800\" \/>\n\t<meta property=\"og:image:type\" content=\"image\/png\" \/>\n<meta name=\"twitter:card\" content=\"summary_large_image\" \/>\n<script type=\"application\/ld+json\" class=\"yoast-schema-graph\">{\"@context\":\"https:\/\/schema.org\",\"@graph\":[{\"@type\":\"WebPage\",\"@id\":\"https:\/\/www.erresse-shop.it\/fr\/shop\/poeles-pots\/poeles\/le-creuset-sauteuse-en-fonte-emaillee-avec-manche-en-bois-28-cm-vert\/\",\"url\":\"https:\/\/www.erresse-shop.it\/fr\/shop\/poeles-pots\/poeles\/le-creuset-sauteuse-en-fonte-emaillee-avec-manche-en-bois-28-cm-vert\/\",\"name\":\"LE CREUSET Sauteuse en fonte \u00e9maill\u00e9e avec manche en bois 28 cm Vert\",\"isPartOf\":{\"@id\":\"https:\/\/www.erresse-shop.it\/fr\/#website\"},\"datePublished\":\"2022-03-24T09:54:08+00:00\",\"dateModified\":\"2025-01-13T16:04:52+00:00\",\"description\":\"D\u00e9couvrez LE CREUSET Sauteuse en fonte \u00e9maill\u00e9e avec manche en bois 28 cm Vert sur ErresseShop. Qualit\u00e9, prix r\u00e9duits et achat s\u00e9curis\u00e9 \u2013 commandez d\u00e8s maintenant en ligne !\",\"breadcrumb\":{\"@id\":\"https:\/\/www.erresse-shop.it\/fr\/shop\/poeles-pots\/poeles\/le-creuset-sauteuse-en-fonte-emaillee-avec-manche-en-bois-28-cm-vert\/#breadcrumb\"},\"inLanguage\":\"fr-FR\",\"potentialAction\":[{\"@type\":\"ReadAction\",\"target\":[\"https:\/\/www.erresse-shop.it\/fr\/shop\/poeles-pots\/poeles\/le-creuset-sauteuse-en-fonte-emaillee-avec-manche-en-bois-28-cm-vert\/\"]}]},{\"@type\":\"BreadcrumbList\",\"@id\":\"https:\/\/www.erresse-shop.it\/fr\/shop\/poeles-pots\/poeles\/le-creuset-sauteuse-en-fonte-emaillee-avec-manche-en-bois-28-cm-vert\/#breadcrumb\",\"itemListElement\":[{\"@type\":\"ListItem\",\"position\":1,\"name\":\"Home\",\"item\":\"https:\/\/www.erresse-shop.it\/fr\/\"},{\"@type\":\"ListItem\",\"position\":2,\"name\":\"Shop\",\"item\":\"https:\/\/www.erresse-shop.it\/fr\/shop\/\"},{\"@type\":\"ListItem\",\"position\":3,\"name\":\"LE CREUSET Sauteuse en fonte \u00e9maill\u00e9e avec manche en bois 28 cm Vert\"}]},{\"@type\":\"WebSite\",\"@id\":\"https:\/\/www.erresse-shop.it\/fr\/#website\",\"url\":\"https:\/\/www.erresse-shop.it\/fr\/\",\"name\":\"Erresse Shop\",\"description\":\"Articoli di qualit\u00e0 per la casa\",\"potentialAction\":[{\"@type\":\"SearchAction\",\"target\":{\"@type\":\"EntryPoint\",\"urlTemplate\":\"https:\/\/www.erresse-shop.it\/fr\/?s={search_term_string}\"},\"query-input\":\"required name=search_term_string\"}],\"inLanguage\":\"fr-FR\"}]}<\/script>\n<!-- \/ Yoast SEO Premium plugin. -->","yoast_head_json":{"title":"LE CREUSET Sauteuse en fonte \u00e9maill\u00e9e avec manche en bois 28 cm Vert","description":"D\u00e9couvrez LE CREUSET Sauteuse en fonte \u00e9maill\u00e9e avec manche en bois 28 cm Vert sur ErresseShop. Qualit\u00e9, prix r\u00e9duits et achat s\u00e9curis\u00e9 \u2013 commandez d\u00e8s maintenant en ligne !","robots":{"index":"index","follow":"follow","max-snippet":"max-snippet:-1","max-image-preview":"max-image-preview:large","max-video-preview":"max-video-preview:-1"},"canonical":"https:\/\/www.erresse-shop.it\/fr\/shop\/poeles-pots\/poeles\/le-creuset-sauteuse-en-fonte-emaillee-avec-manche-en-bois-28-cm-vert\/","og_locale":"fr_FR","og_type":"article","og_title":"LE CREUSET Sauteuse en fonte \u00e9maill\u00e9e avec manche en bois 28 cm Vert","og_description":"D\u00e9couvrez LE CREUSET Sauteuse en fonte \u00e9maill\u00e9e avec manche en bois 28 cm Vert sur ErresseShop. Qualit\u00e9, prix r\u00e9duits et achat s\u00e9curis\u00e9 \u2013 commandez d\u00e8s maintenant en ligne !","og_url":"https:\/\/www.erresse-shop.it\/fr\/shop\/poeles-pots\/poeles\/le-creuset-sauteuse-en-fonte-emaillee-avec-manche-en-bois-28-cm-vert\/","og_site_name":"Erresse Shop","article_modified_time":"2025-01-13T16:04:52+00:00","og_image":[{"width":800,"height":800,"url":"https:\/\/www.erresse-shop.it\/wp-content\/uploads\/2022\/03\/LE-CREUSET-Padella-Bassa-in-Ghisa-28-cm-Verde-Bamboo.png","type":"image\/png"}],"twitter_card":"summary_large_image","schema":{"@context":"https:\/\/schema.org","@graph":[{"@type":"WebPage","@id":"https:\/\/www.erresse-shop.it\/fr\/shop\/poeles-pots\/poeles\/le-creuset-sauteuse-en-fonte-emaillee-avec-manche-en-bois-28-cm-vert\/","url":"https:\/\/www.erresse-shop.it\/fr\/shop\/poeles-pots\/poeles\/le-creuset-sauteuse-en-fonte-emaillee-avec-manche-en-bois-28-cm-vert\/","name":"LE CREUSET Sauteuse en fonte \u00e9maill\u00e9e avec manche en bois 28 cm Vert","isPartOf":{"@id":"https:\/\/www.erresse-shop.it\/fr\/#website"},"datePublished":"2022-03-24T09:54:08+00:00","dateModified":"2025-01-13T16:04:52+00:00","description":"D\u00e9couvrez LE CREUSET Sauteuse en fonte \u00e9maill\u00e9e avec manche en bois 28 cm Vert sur ErresseShop. Qualit\u00e9, prix r\u00e9duits et achat s\u00e9curis\u00e9 \u2013 commandez d\u00e8s maintenant en ligne !","breadcrumb":{"@id":"https:\/\/www.erresse-shop.it\/fr\/shop\/poeles-pots\/poeles\/le-creuset-sauteuse-en-fonte-emaillee-avec-manche-en-bois-28-cm-vert\/#breadcrumb"},"inLanguage":"fr-FR","potentialAction":[{"@type":"ReadAction","target":["https:\/\/www.erresse-shop.it\/fr\/shop\/poeles-pots\/poeles\/le-creuset-sauteuse-en-fonte-emaillee-avec-manche-en-bois-28-cm-vert\/"]}]},{"@type":"BreadcrumbList","@id":"https:\/\/www.erresse-shop.it\/fr\/shop\/poeles-pots\/poeles\/le-creuset-sauteuse-en-fonte-emaillee-avec-manche-en-bois-28-cm-vert\/#breadcrumb","itemListElement":[{"@type":"ListItem","position":1,"name":"Home","item":"https:\/\/www.erresse-shop.it\/fr\/"},{"@type":"ListItem","position":2,"name":"Shop","item":"https:\/\/www.erresse-shop.it\/fr\/shop\/"},{"@type":"ListItem","position":3,"name":"LE CREUSET Sauteuse en fonte \u00e9maill\u00e9e avec manche en bois 28 cm Vert"}]},{"@type":"WebSite","@id":"https:\/\/www.erresse-shop.it\/fr\/#website","url":"https:\/\/www.erresse-shop.it\/fr\/","name":"Erresse Shop","description":"Articoli di qualit\u00e0 per la casa","potentialAction":[{"@type":"SearchAction","target":{"@type":"EntryPoint","urlTemplate":"https:\/\/www.erresse-shop.it\/fr\/?s={search_term_string}"},"query-input":"required name=search_term_string"}],"inLanguage":"fr-FR"}]}},"df_price":110.25,"df_sale_price":110.25,"df_regular_price":245,"df_image_link":"https:\/\/www.erresse-shop.it\/wp-content\/uploads\/2022\/03\/LE-CREUSET-Padella-Bassa-in-Ghisa-28-cm-Verde-Bamboo-300x300.jpg","_links":{"self":[{"href":"https:\/\/www.erresse-shop.it\/fr\/wp-json\/wp\/v2\/product\/145074"}],"collection":[{"href":"https:\/\/www.erresse-shop.it\/fr\/wp-json\/wp\/v2\/product"}],"about":[{"href":"https:\/\/www.erresse-shop.it\/fr\/wp-json\/wp\/v2\/types\/product"}],"wp:featuredmedia":[{"embeddable":true,"href":"https:\/\/www.erresse-shop.it\/fr\/wp-json\/wp\/v2\/media\/502820"}],"wp:attachment":[{"href":"https:\/\/www.erresse-shop.it\/fr\/wp-json\/wp\/v2\/media?parent=145074"}],"wp:term":[{"taxonomy":"product_cat","embeddable":true,"href":"https:\/\/www.erresse-shop.it\/fr\/wp-json\/wp\/v2\/product_cat?post=145074"},{"taxonomy":"product_tag","embeddable":true,"href":"https:\/\/www.erresse-shop.it\/fr\/wp-json\/wp\/v2\/product_tag?post=145074"}],"curies":[{"name":"wp","href":"https:\/\/api.w.org\/{rel}","templated":true}]}}