{"id":143405,"date":"2022-03-14T14:13:02","date_gmt":"2022-03-14T14:13:10","guid":{"rendered":"https:\/\/www.erresse-shop.it\/?post_type=product&#038;p=143405"},"modified":"2025-01-13T16:03:43","modified_gmt":"2025-01-13T16:03:43","slug":"sambonet-arthur-krupp-jeu-de-12-assiettes-nature-essence","status":"publish","type":"product","link":"https:\/\/www.erresse-shop.it\/fr\/shop\/table-fr-2\/plats\/sambonet-arthur-krupp-jeu-de-12-assiettes-nature-essence\/","title":{"rendered":"SAMBONET ARTHUR KRUPP Jeu de 12 Assiettes Nature Essence"},"content":{"rendered":"<p>Assiette plate en porcelaine de la s\u00e9rie Nature Essence d&#8217;Arthur Krupp.<br \/>\nDes d\u00e9corations qui puisent dans la nature des traits, des couleurs et des sensations.<br \/>\nUne porcelaine qui apporte une touche de personnalit\u00e9 \u00e0 l&#8217;espace environnant, de la mode \u00e0 l&#8217;ameublement, en passant par les restaurants.<br \/>\nGr\u00e2ce \u00e0 un relief particulier, Nature Essence amplifie et redessine la nervure v\u00e9g\u00e9tale typique des feuilles.<br \/>\nLe d\u00e9cor prend ainsi des d\u00e9clinaisons et des couleurs presque abstraites sur chaque article, y compris la forme organique particuli\u00e8re. Compl\u00e9mentaires les unes des autres et combinables avec la ligne Wood, la collection donne vie \u00e0 des Mix &amp; Match extr\u00eamement d\u00e9coratifs et impactants.<\/p>\n<ul>\n<li>Le set pour 4 personnes (12 pi\u00e8ces) comprend une assiette \u00e0 d\u00eener de 28 cm de diam\u00e8tre, une assiette \u00e0 soupe de 22 cm de diam\u00e8tre et une assiette \u00e0 fruits de 20 cm de diam\u00e8tre ;<\/li>\n<li>Les d\u00e9corations et les couleurs typiques du gr\u00e8s sont reproduites sur la porcelaine, pour un effet de mati\u00e8re qui conserve le style chaleureux de la c\u00e9ramique, offrant en m\u00eame temps la r\u00e9sistance et la qualit\u00e9 d\u00e9rivant de la cuisson \u00e0 haute temp\u00e9rature.<\/li>\n<li>Lavable au lave-vaisselle<\/li>\n<li>Plats en porcelaine<\/li>\n<\/ul>\n","protected":false},"excerpt":{"rendered":"<p>Assiette plate en porcelaine de la s\u00e9rie Nature Essence d&#8217;Arthur Krupp. Des d\u00e9corations qui puisent dans la nature des traits,<\/p>\n","protected":false},"featured_media":143422,"template":"","meta":{"_acf_changed":false,"inline_featured_image":false},"product_cat":[12788,12782],"product_tag":[17242,23690,25021,21327,24603],"acf":[],"yoast_head":"<!-- This site is optimized with the Yoast SEO Premium plugin v18.6 (Yoast SEO v19.13) - https:\/\/yoast.com\/wordpress\/plugins\/seo\/ -->\n<title>SAMBONET ARTHUR KRUPP Jeu de 12 Assiettes Nature Essence<\/title>\n<meta name=\"description\" content=\"D\u00e9couvrez SAMBONET ARTHUR KRUPP Jeu de 12 Assiettes Nature Essence sur ErresseShop. Qualit\u00e9, prix r\u00e9duits et achat s\u00e9curis\u00e9 \u2013 commandez d\u00e8s maintenant en ligne !\" \/>\n<meta name=\"robots\" content=\"index, follow, max-snippet:-1, max-image-preview:large, max-video-preview:-1\" \/>\n<link rel=\"canonical\" href=\"https:\/\/www.erresse-shop.it\/fr\/shop\/table-fr-2\/plats\/sambonet-arthur-krupp-jeu-de-12-assiettes-nature-essence\/\" \/>\n<meta property=\"og:locale\" content=\"fr_FR\" \/>\n<meta property=\"og:type\" content=\"article\" \/>\n<meta property=\"og:title\" content=\"SAMBONET ARTHUR KRUPP Jeu de 12 Assiettes Nature Essence\" \/>\n<meta property=\"og:description\" content=\"D\u00e9couvrez SAMBONET ARTHUR KRUPP Jeu de 12 Assiettes Nature Essence sur ErresseShop. Qualit\u00e9, prix r\u00e9duits et achat s\u00e9curis\u00e9 \u2013 commandez d\u00e8s maintenant en ligne !\" \/>\n<meta property=\"og:url\" content=\"https:\/\/www.erresse-shop.it\/fr\/shop\/table-fr-2\/plats\/sambonet-arthur-krupp-jeu-de-12-assiettes-nature-essence\/\" \/>\n<meta property=\"og:site_name\" content=\"Erresse Shop\" \/>\n<meta property=\"article:modified_time\" content=\"2025-01-13T16:03:43+00:00\" \/>\n<meta property=\"og:image\" content=\"https:\/\/www.erresse-shop.it\/wp-content\/uploads\/2022\/03\/SAMBONET-ARTHUR-KRUPP-Set-12-Piatti-Nature-Essence.jpg\" \/>\n\t<meta property=\"og:image:width\" content=\"1000\" \/>\n\t<meta property=\"og:image:height\" content=\"1000\" \/>\n\t<meta property=\"og:image:type\" content=\"image\/jpeg\" \/>\n<meta name=\"twitter:card\" content=\"summary_large_image\" \/>\n<script type=\"application\/ld+json\" class=\"yoast-schema-graph\">{\"@context\":\"https:\/\/schema.org\",\"@graph\":[{\"@type\":\"WebPage\",\"@id\":\"https:\/\/www.erresse-shop.it\/fr\/shop\/table-fr-2\/plats\/sambonet-arthur-krupp-jeu-de-12-assiettes-nature-essence\/\",\"url\":\"https:\/\/www.erresse-shop.it\/fr\/shop\/table-fr-2\/plats\/sambonet-arthur-krupp-jeu-de-12-assiettes-nature-essence\/\",\"name\":\"SAMBONET ARTHUR KRUPP Jeu de 12 Assiettes Nature Essence\",\"isPartOf\":{\"@id\":\"https:\/\/www.erresse-shop.it\/fr\/#website\"},\"datePublished\":\"2022-03-14T14:13:10+00:00\",\"dateModified\":\"2025-01-13T16:03:43+00:00\",\"description\":\"D\u00e9couvrez SAMBONET ARTHUR KRUPP Jeu de 12 Assiettes Nature Essence sur ErresseShop. Qualit\u00e9, prix r\u00e9duits et achat s\u00e9curis\u00e9 \u2013 commandez d\u00e8s maintenant en ligne !\",\"breadcrumb\":{\"@id\":\"https:\/\/www.erresse-shop.it\/fr\/shop\/table-fr-2\/plats\/sambonet-arthur-krupp-jeu-de-12-assiettes-nature-essence\/#breadcrumb\"},\"inLanguage\":\"fr-FR\",\"potentialAction\":[{\"@type\":\"ReadAction\",\"target\":[\"https:\/\/www.erresse-shop.it\/fr\/shop\/table-fr-2\/plats\/sambonet-arthur-krupp-jeu-de-12-assiettes-nature-essence\/\"]}]},{\"@type\":\"BreadcrumbList\",\"@id\":\"https:\/\/www.erresse-shop.it\/fr\/shop\/table-fr-2\/plats\/sambonet-arthur-krupp-jeu-de-12-assiettes-nature-essence\/#breadcrumb\",\"itemListElement\":[{\"@type\":\"ListItem\",\"position\":1,\"name\":\"Home\",\"item\":\"https:\/\/www.erresse-shop.it\/fr\/\"},{\"@type\":\"ListItem\",\"position\":2,\"name\":\"Shop\",\"item\":\"https:\/\/www.erresse-shop.it\/fr\/shop\/\"},{\"@type\":\"ListItem\",\"position\":3,\"name\":\"SAMBONET ARTHUR KRUPP Jeu de 12 Assiettes Nature Essence\"}]},{\"@type\":\"WebSite\",\"@id\":\"https:\/\/www.erresse-shop.it\/fr\/#website\",\"url\":\"https:\/\/www.erresse-shop.it\/fr\/\",\"name\":\"Erresse Shop\",\"description\":\"Articoli di qualit\u00e0 per la casa\",\"potentialAction\":[{\"@type\":\"SearchAction\",\"target\":{\"@type\":\"EntryPoint\",\"urlTemplate\":\"https:\/\/www.erresse-shop.it\/fr\/?s={search_term_string}\"},\"query-input\":\"required name=search_term_string\"}],\"inLanguage\":\"fr-FR\"}]}<\/script>\n<!-- \/ Yoast SEO Premium plugin. -->","yoast_head_json":{"title":"SAMBONET ARTHUR KRUPP Jeu de 12 Assiettes Nature Essence","description":"D\u00e9couvrez SAMBONET ARTHUR KRUPP Jeu de 12 Assiettes Nature Essence sur ErresseShop. Qualit\u00e9, prix r\u00e9duits et achat s\u00e9curis\u00e9 \u2013 commandez d\u00e8s maintenant en ligne !","robots":{"index":"index","follow":"follow","max-snippet":"max-snippet:-1","max-image-preview":"max-image-preview:large","max-video-preview":"max-video-preview:-1"},"canonical":"https:\/\/www.erresse-shop.it\/fr\/shop\/table-fr-2\/plats\/sambonet-arthur-krupp-jeu-de-12-assiettes-nature-essence\/","og_locale":"fr_FR","og_type":"article","og_title":"SAMBONET ARTHUR KRUPP Jeu de 12 Assiettes Nature Essence","og_description":"D\u00e9couvrez SAMBONET ARTHUR KRUPP Jeu de 12 Assiettes Nature Essence sur ErresseShop. Qualit\u00e9, prix r\u00e9duits et achat s\u00e9curis\u00e9 \u2013 commandez d\u00e8s maintenant en ligne !","og_url":"https:\/\/www.erresse-shop.it\/fr\/shop\/table-fr-2\/plats\/sambonet-arthur-krupp-jeu-de-12-assiettes-nature-essence\/","og_site_name":"Erresse Shop","article_modified_time":"2025-01-13T16:03:43+00:00","og_image":[{"width":1000,"height":1000,"url":"https:\/\/www.erresse-shop.it\/wp-content\/uploads\/2022\/03\/SAMBONET-ARTHUR-KRUPP-Set-12-Piatti-Nature-Essence.jpg","type":"image\/jpeg"}],"twitter_card":"summary_large_image","schema":{"@context":"https:\/\/schema.org","@graph":[{"@type":"WebPage","@id":"https:\/\/www.erresse-shop.it\/fr\/shop\/table-fr-2\/plats\/sambonet-arthur-krupp-jeu-de-12-assiettes-nature-essence\/","url":"https:\/\/www.erresse-shop.it\/fr\/shop\/table-fr-2\/plats\/sambonet-arthur-krupp-jeu-de-12-assiettes-nature-essence\/","name":"SAMBONET ARTHUR KRUPP Jeu de 12 Assiettes Nature Essence","isPartOf":{"@id":"https:\/\/www.erresse-shop.it\/fr\/#website"},"datePublished":"2022-03-14T14:13:10+00:00","dateModified":"2025-01-13T16:03:43+00:00","description":"D\u00e9couvrez SAMBONET ARTHUR KRUPP Jeu de 12 Assiettes Nature Essence sur ErresseShop. Qualit\u00e9, prix r\u00e9duits et achat s\u00e9curis\u00e9 \u2013 commandez d\u00e8s maintenant en ligne !","breadcrumb":{"@id":"https:\/\/www.erresse-shop.it\/fr\/shop\/table-fr-2\/plats\/sambonet-arthur-krupp-jeu-de-12-assiettes-nature-essence\/#breadcrumb"},"inLanguage":"fr-FR","potentialAction":[{"@type":"ReadAction","target":["https:\/\/www.erresse-shop.it\/fr\/shop\/table-fr-2\/plats\/sambonet-arthur-krupp-jeu-de-12-assiettes-nature-essence\/"]}]},{"@type":"BreadcrumbList","@id":"https:\/\/www.erresse-shop.it\/fr\/shop\/table-fr-2\/plats\/sambonet-arthur-krupp-jeu-de-12-assiettes-nature-essence\/#breadcrumb","itemListElement":[{"@type":"ListItem","position":1,"name":"Home","item":"https:\/\/www.erresse-shop.it\/fr\/"},{"@type":"ListItem","position":2,"name":"Shop","item":"https:\/\/www.erresse-shop.it\/fr\/shop\/"},{"@type":"ListItem","position":3,"name":"SAMBONET ARTHUR KRUPP Jeu de 12 Assiettes Nature Essence"}]},{"@type":"WebSite","@id":"https:\/\/www.erresse-shop.it\/fr\/#website","url":"https:\/\/www.erresse-shop.it\/fr\/","name":"Erresse Shop","description":"Articoli di qualit\u00e0 per la casa","potentialAction":[{"@type":"SearchAction","target":{"@type":"EntryPoint","urlTemplate":"https:\/\/www.erresse-shop.it\/fr\/?s={search_term_string}"},"query-input":"required name=search_term_string"}],"inLanguage":"fr-FR"}]}},"df_price":109.95,"df_sale_price":109.95,"df_regular_price":219.9,"df_image_link":"https:\/\/www.erresse-shop.it\/wp-content\/uploads\/2022\/03\/SAMBONET-ARTHUR-KRUPP-Set-12-Piatti-Nature-Essence-300x300.jpg","_links":{"self":[{"href":"https:\/\/www.erresse-shop.it\/fr\/wp-json\/wp\/v2\/product\/143405"}],"collection":[{"href":"https:\/\/www.erresse-shop.it\/fr\/wp-json\/wp\/v2\/product"}],"about":[{"href":"https:\/\/www.erresse-shop.it\/fr\/wp-json\/wp\/v2\/types\/product"}],"wp:featuredmedia":[{"embeddable":true,"href":"https:\/\/www.erresse-shop.it\/fr\/wp-json\/wp\/v2\/media\/143422"}],"wp:attachment":[{"href":"https:\/\/www.erresse-shop.it\/fr\/wp-json\/wp\/v2\/media?parent=143405"}],"wp:term":[{"taxonomy":"product_cat","embeddable":true,"href":"https:\/\/www.erresse-shop.it\/fr\/wp-json\/wp\/v2\/product_cat?post=143405"},{"taxonomy":"product_tag","embeddable":true,"href":"https:\/\/www.erresse-shop.it\/fr\/wp-json\/wp\/v2\/product_tag?post=143405"}],"curies":[{"name":"wp","href":"https:\/\/api.w.org\/{rel}","templated":true}]}}