{"id":143384,"date":"2022-03-14T11:35:23","date_gmt":"2022-03-14T11:35:26","guid":{"rendered":"https:\/\/www.erresse-shop.it\/?post_type=product&#038;p=143384"},"modified":"2025-02-09T18:00:03","modified_gmt":"2025-02-09T18:00:03","slug":"sambonet-arthur-krupp-jeu-de-12-assiettes-wood-essence","status":"publish","type":"product","link":"https:\/\/www.erresse-shop.it\/fr\/shop\/table-fr-2\/plats\/sambonet-arthur-krupp-jeu-de-12-assiettes-wood-essence\/","title":{"rendered":"SAMBONET ARTHUR KRUPP Jeu de 12 Assiettes Wood Essence"},"content":{"rendered":"<p>Assiettes en porcelaine de la s\u00e9rie Wood Essence d&#8217;Arthur Krupp.<br \/>\nLa nature fait son chemin et conquiert l&#8217;espace domestique, devenant une plateforme d&#8217;inspiration pour les chefs et les d\u00e9corateurs d&#8217;int\u00e9rieur du monde entier.<br \/>\nWood Essence trace, sur les surfaces en porcelaine, l&#8217;essence et l&#8217;intensit\u00e9 des bois matures. Des grains qui r\u00e9v\u00e8lent un agr\u00e9able jeu de brillance et de matit\u00e9.<br \/>\nUn effet \u00e0 peine perceptible mais qui ajoute une touche de raffinement au mat\u00e9riau le plus simple &#8211; mais noble &#8211; qui soit.<\/p>\n<ul>\n<li>Le set pour 4 personnes (12 pi\u00e8ces) comprend une assiette \u00e0 d\u00eener de 28 cm de diam\u00e8tre, une assiette \u00e0 soupe de 22 cm de diam\u00e8tre et une assiette \u00e0 fruits de 20 cm de diam\u00e8tre ;<\/li>\n<li>Les d\u00e9corations et les couleurs typiques du gr\u00e8s sont reproduites sur la porcelaine, pour un effet de mati\u00e8re qui conserve le style chaleureux de la c\u00e9ramique, offrant en m\u00eame temps la r\u00e9sistance et la qualit\u00e9 d\u00e9rivant de la cuisson \u00e0 haute temp\u00e9rature.<\/li>\n<li>Lavable au lave-vaisselle<\/li>\n<li>Plats en porcelaine<\/li>\n<\/ul>\n","protected":false},"excerpt":{"rendered":"<p>Assiettes en porcelaine de la s\u00e9rie Wood Essence d&#8217;Arthur Krupp. La nature fait son chemin et conquiert l&#8217;espace domestique, devenant<\/p>\n","protected":false},"featured_media":143396,"template":"","meta":{"_acf_changed":false,"inline_featured_image":false},"product_cat":[12788,12782],"product_tag":[17242,13169,23690,25021,14261,24603,21821],"acf":[],"yoast_head":"<!-- This site is optimized with the Yoast SEO Premium plugin v18.6 (Yoast SEO v19.13) - https:\/\/yoast.com\/wordpress\/plugins\/seo\/ -->\n<title>SAMBONET ARTHUR KRUPP Jeu de 12 Assiettes Wood Essence<\/title>\n<meta name=\"description\" content=\"D\u00e9couvrez SAMBONET ARTHUR KRUPP Jeu de 12 Assiettes Wood Essence sur ErresseShop. Qualit\u00e9, prix r\u00e9duits et achat s\u00e9curis\u00e9 \u2013 commandez d\u00e8s maintenant en ligne !\" \/>\n<meta name=\"robots\" content=\"index, follow, max-snippet:-1, max-image-preview:large, max-video-preview:-1\" \/>\n<link rel=\"canonical\" href=\"https:\/\/www.erresse-shop.it\/fr\/shop\/table-fr-2\/plats\/sambonet-arthur-krupp-jeu-de-12-assiettes-wood-essence\/\" \/>\n<meta property=\"og:locale\" content=\"fr_FR\" \/>\n<meta property=\"og:type\" content=\"article\" \/>\n<meta property=\"og:title\" content=\"SAMBONET ARTHUR KRUPP Jeu de 12 Assiettes Wood Essence\" \/>\n<meta property=\"og:description\" content=\"D\u00e9couvrez SAMBONET ARTHUR KRUPP Jeu de 12 Assiettes Wood Essence sur ErresseShop. Qualit\u00e9, prix r\u00e9duits et achat s\u00e9curis\u00e9 \u2013 commandez d\u00e8s maintenant en ligne !\" \/>\n<meta property=\"og:url\" content=\"https:\/\/www.erresse-shop.it\/fr\/shop\/table-fr-2\/plats\/sambonet-arthur-krupp-jeu-de-12-assiettes-wood-essence\/\" \/>\n<meta property=\"og:site_name\" content=\"Erresse Shop\" \/>\n<meta property=\"article:modified_time\" content=\"2025-02-09T18:00:03+00:00\" \/>\n<meta property=\"og:image\" content=\"https:\/\/www.erresse-shop.it\/wp-content\/uploads\/2022\/03\/SAMBONET-ARTHUR-KRUPP-Set-12-Piatti-Wood-Essence.jpg\" \/>\n\t<meta property=\"og:image:width\" content=\"1000\" \/>\n\t<meta property=\"og:image:height\" content=\"1000\" \/>\n\t<meta property=\"og:image:type\" content=\"image\/jpeg\" \/>\n<meta name=\"twitter:card\" content=\"summary_large_image\" \/>\n<script type=\"application\/ld+json\" class=\"yoast-schema-graph\">{\"@context\":\"https:\/\/schema.org\",\"@graph\":[{\"@type\":\"WebPage\",\"@id\":\"https:\/\/www.erresse-shop.it\/fr\/shop\/table-fr-2\/plats\/sambonet-arthur-krupp-jeu-de-12-assiettes-wood-essence\/\",\"url\":\"https:\/\/www.erresse-shop.it\/fr\/shop\/table-fr-2\/plats\/sambonet-arthur-krupp-jeu-de-12-assiettes-wood-essence\/\",\"name\":\"SAMBONET ARTHUR KRUPP Jeu de 12 Assiettes Wood Essence\",\"isPartOf\":{\"@id\":\"https:\/\/www.erresse-shop.it\/fr\/#website\"},\"datePublished\":\"2022-03-14T11:35:26+00:00\",\"dateModified\":\"2025-02-09T18:00:03+00:00\",\"description\":\"D\u00e9couvrez SAMBONET ARTHUR KRUPP Jeu de 12 Assiettes Wood Essence sur ErresseShop. Qualit\u00e9, prix r\u00e9duits et achat s\u00e9curis\u00e9 \u2013 commandez d\u00e8s maintenant en ligne !\",\"breadcrumb\":{\"@id\":\"https:\/\/www.erresse-shop.it\/fr\/shop\/table-fr-2\/plats\/sambonet-arthur-krupp-jeu-de-12-assiettes-wood-essence\/#breadcrumb\"},\"inLanguage\":\"fr-FR\",\"potentialAction\":[{\"@type\":\"ReadAction\",\"target\":[\"https:\/\/www.erresse-shop.it\/fr\/shop\/table-fr-2\/plats\/sambonet-arthur-krupp-jeu-de-12-assiettes-wood-essence\/\"]}]},{\"@type\":\"BreadcrumbList\",\"@id\":\"https:\/\/www.erresse-shop.it\/fr\/shop\/table-fr-2\/plats\/sambonet-arthur-krupp-jeu-de-12-assiettes-wood-essence\/#breadcrumb\",\"itemListElement\":[{\"@type\":\"ListItem\",\"position\":1,\"name\":\"Home\",\"item\":\"https:\/\/www.erresse-shop.it\/fr\/\"},{\"@type\":\"ListItem\",\"position\":2,\"name\":\"Shop\",\"item\":\"https:\/\/www.erresse-shop.it\/fr\/shop\/\"},{\"@type\":\"ListItem\",\"position\":3,\"name\":\"SAMBONET ARTHUR KRUPP Jeu de 12 Assiettes Wood Essence\"}]},{\"@type\":\"WebSite\",\"@id\":\"https:\/\/www.erresse-shop.it\/fr\/#website\",\"url\":\"https:\/\/www.erresse-shop.it\/fr\/\",\"name\":\"Erresse Shop\",\"description\":\"Articoli di qualit\u00e0 per la casa\",\"potentialAction\":[{\"@type\":\"SearchAction\",\"target\":{\"@type\":\"EntryPoint\",\"urlTemplate\":\"https:\/\/www.erresse-shop.it\/fr\/?s={search_term_string}\"},\"query-input\":\"required name=search_term_string\"}],\"inLanguage\":\"fr-FR\"}]}<\/script>\n<!-- \/ Yoast SEO Premium plugin. -->","yoast_head_json":{"title":"SAMBONET ARTHUR KRUPP Jeu de 12 Assiettes Wood Essence","description":"D\u00e9couvrez SAMBONET ARTHUR KRUPP Jeu de 12 Assiettes Wood Essence sur ErresseShop. Qualit\u00e9, prix r\u00e9duits et achat s\u00e9curis\u00e9 \u2013 commandez d\u00e8s maintenant en ligne !","robots":{"index":"index","follow":"follow","max-snippet":"max-snippet:-1","max-image-preview":"max-image-preview:large","max-video-preview":"max-video-preview:-1"},"canonical":"https:\/\/www.erresse-shop.it\/fr\/shop\/table-fr-2\/plats\/sambonet-arthur-krupp-jeu-de-12-assiettes-wood-essence\/","og_locale":"fr_FR","og_type":"article","og_title":"SAMBONET ARTHUR KRUPP Jeu de 12 Assiettes Wood Essence","og_description":"D\u00e9couvrez SAMBONET ARTHUR KRUPP Jeu de 12 Assiettes Wood Essence sur ErresseShop. Qualit\u00e9, prix r\u00e9duits et achat s\u00e9curis\u00e9 \u2013 commandez d\u00e8s maintenant en ligne !","og_url":"https:\/\/www.erresse-shop.it\/fr\/shop\/table-fr-2\/plats\/sambonet-arthur-krupp-jeu-de-12-assiettes-wood-essence\/","og_site_name":"Erresse Shop","article_modified_time":"2025-02-09T18:00:03+00:00","og_image":[{"width":1000,"height":1000,"url":"https:\/\/www.erresse-shop.it\/wp-content\/uploads\/2022\/03\/SAMBONET-ARTHUR-KRUPP-Set-12-Piatti-Wood-Essence.jpg","type":"image\/jpeg"}],"twitter_card":"summary_large_image","schema":{"@context":"https:\/\/schema.org","@graph":[{"@type":"WebPage","@id":"https:\/\/www.erresse-shop.it\/fr\/shop\/table-fr-2\/plats\/sambonet-arthur-krupp-jeu-de-12-assiettes-wood-essence\/","url":"https:\/\/www.erresse-shop.it\/fr\/shop\/table-fr-2\/plats\/sambonet-arthur-krupp-jeu-de-12-assiettes-wood-essence\/","name":"SAMBONET ARTHUR KRUPP Jeu de 12 Assiettes Wood Essence","isPartOf":{"@id":"https:\/\/www.erresse-shop.it\/fr\/#website"},"datePublished":"2022-03-14T11:35:26+00:00","dateModified":"2025-02-09T18:00:03+00:00","description":"D\u00e9couvrez SAMBONET ARTHUR KRUPP Jeu de 12 Assiettes Wood Essence sur ErresseShop. Qualit\u00e9, prix r\u00e9duits et achat s\u00e9curis\u00e9 \u2013 commandez d\u00e8s maintenant en ligne !","breadcrumb":{"@id":"https:\/\/www.erresse-shop.it\/fr\/shop\/table-fr-2\/plats\/sambonet-arthur-krupp-jeu-de-12-assiettes-wood-essence\/#breadcrumb"},"inLanguage":"fr-FR","potentialAction":[{"@type":"ReadAction","target":["https:\/\/www.erresse-shop.it\/fr\/shop\/table-fr-2\/plats\/sambonet-arthur-krupp-jeu-de-12-assiettes-wood-essence\/"]}]},{"@type":"BreadcrumbList","@id":"https:\/\/www.erresse-shop.it\/fr\/shop\/table-fr-2\/plats\/sambonet-arthur-krupp-jeu-de-12-assiettes-wood-essence\/#breadcrumb","itemListElement":[{"@type":"ListItem","position":1,"name":"Home","item":"https:\/\/www.erresse-shop.it\/fr\/"},{"@type":"ListItem","position":2,"name":"Shop","item":"https:\/\/www.erresse-shop.it\/fr\/shop\/"},{"@type":"ListItem","position":3,"name":"SAMBONET ARTHUR KRUPP Jeu de 12 Assiettes Wood Essence"}]},{"@type":"WebSite","@id":"https:\/\/www.erresse-shop.it\/fr\/#website","url":"https:\/\/www.erresse-shop.it\/fr\/","name":"Erresse Shop","description":"Articoli di qualit\u00e0 per la casa","potentialAction":[{"@type":"SearchAction","target":{"@type":"EntryPoint","urlTemplate":"https:\/\/www.erresse-shop.it\/fr\/?s={search_term_string}"},"query-input":"required name=search_term_string"}],"inLanguage":"fr-FR"}]}},"df_price":59,"df_sale_price":59,"df_regular_price":219,"df_image_link":"https:\/\/www.erresse-shop.it\/wp-content\/uploads\/2022\/03\/SAMBONET-ARTHUR-KRUPP-Set-12-Piatti-Wood-Essence-300x300.jpg","_links":{"self":[{"href":"https:\/\/www.erresse-shop.it\/fr\/wp-json\/wp\/v2\/product\/143384"}],"collection":[{"href":"https:\/\/www.erresse-shop.it\/fr\/wp-json\/wp\/v2\/product"}],"about":[{"href":"https:\/\/www.erresse-shop.it\/fr\/wp-json\/wp\/v2\/types\/product"}],"wp:featuredmedia":[{"embeddable":true,"href":"https:\/\/www.erresse-shop.it\/fr\/wp-json\/wp\/v2\/media\/143396"}],"wp:attachment":[{"href":"https:\/\/www.erresse-shop.it\/fr\/wp-json\/wp\/v2\/media?parent=143384"}],"wp:term":[{"taxonomy":"product_cat","embeddable":true,"href":"https:\/\/www.erresse-shop.it\/fr\/wp-json\/wp\/v2\/product_cat?post=143384"},{"taxonomy":"product_tag","embeddable":true,"href":"https:\/\/www.erresse-shop.it\/fr\/wp-json\/wp\/v2\/product_tag?post=143384"}],"curies":[{"name":"wp","href":"https:\/\/api.w.org\/{rel}","templated":true}]}}