{"id":142854,"date":"2022-03-08T14:53:24","date_gmt":"2022-03-08T14:53:38","guid":{"rendered":"https:\/\/www.erresse-shop.it\/?post_type=product&#038;p=142854"},"modified":"2025-01-13T16:02:38","modified_gmt":"2025-01-13T16:02:38","slug":"carlo-moretti-wi-free-lampe-de-table-en-verre-de-murano-orange-bleu","status":"publish","type":"product","link":"https:\/\/www.erresse-shop.it\/fr\/shop\/ameublement-maison\/lampes\/carlo-moretti-wi-free-lampe-de-table-en-verre-de-murano-orange-bleu\/","title":{"rendered":"CARLO MORETTI Wi Free Lampe de Table en Verre de Murano Orange Bleu"},"content":{"rendered":"<p>Lampe de table aliment\u00e9e par LED 1,5 W -220 lm -3000 k, dimmable, sans fil.<br \/>\nIl promet plus de <strong>8 heures d&#8217;autonomie<\/strong> en toute libert\u00e9 de mouvement gr\u00e2ce \u00e0 sa batterie lithium-ion, rechargeable avec n&#8217;importe quel c\u00e2ble Micro-USB.<br \/>\nLes abat-jour sont r\u00e9alis\u00e9s en verre de Murano souffl\u00e9 \u00e0 la bouche, de couleur blanc laiteux, et finis \u00e0 la main avec des d\u00e9corations en forme de bandes et de cannes en trois variantes.<br \/>\nBase en m\u00e9tal bross\u00e9 gris anthracite.<\/p>\n","protected":false},"excerpt":{"rendered":"<p><br data-mce-bogus=\"1\"><\/p>\n","protected":false},"featured_media":142861,"template":"","meta":{"_acf_changed":false,"inline_featured_image":false},"product_cat":[12738,12741],"product_tag":[25036,23910,25021,24397,24680,12856,14592,18598],"acf":[],"yoast_head":"<!-- This site is optimized with the Yoast SEO Premium plugin v18.6 (Yoast SEO v19.13) - https:\/\/yoast.com\/wordpress\/plugins\/seo\/ -->\n<title>CARLO MORETTI Wi Free Lampe de Table en Verre de Murano Orange Bleu<\/title>\n<meta name=\"description\" content=\"D\u00e9couvrez CARLO MORETTI Wi Free Lampe de Table en Verre de Murano Orange Bleu sur ErresseShop. Qualit\u00e9, prix r\u00e9duits et achat s\u00e9curis\u00e9 \u2013 commandez d\u00e8s maintenant en ligne !\" \/>\n<meta name=\"robots\" content=\"index, follow, max-snippet:-1, max-image-preview:large, max-video-preview:-1\" \/>\n<link rel=\"canonical\" href=\"https:\/\/www.erresse-shop.it\/fr\/shop\/ameublement-maison\/lampes\/carlo-moretti-wi-free-lampe-de-table-en-verre-de-murano-orange-bleu\/\" \/>\n<meta property=\"og:locale\" content=\"fr_FR\" \/>\n<meta property=\"og:type\" content=\"article\" \/>\n<meta property=\"og:title\" content=\"CARLO MORETTI Wi Free Lampe de Table en Verre de Murano Orange Bleu\" \/>\n<meta property=\"og:description\" content=\"D\u00e9couvrez CARLO MORETTI Wi Free Lampe de Table en Verre de Murano Orange Bleu sur ErresseShop. Qualit\u00e9, prix r\u00e9duits et achat s\u00e9curis\u00e9 \u2013 commandez d\u00e8s maintenant en ligne !\" \/>\n<meta property=\"og:url\" content=\"https:\/\/www.erresse-shop.it\/fr\/shop\/ameublement-maison\/lampes\/carlo-moretti-wi-free-lampe-de-table-en-verre-de-murano-orange-bleu\/\" \/>\n<meta property=\"og:site_name\" content=\"Erresse Shop\" \/>\n<meta property=\"article:modified_time\" content=\"2025-01-13T16:02:38+00:00\" \/>\n<meta property=\"og:image\" content=\"https:\/\/www.erresse-shop.it\/wp-content\/uploads\/2022\/03\/CARLO-MORETTI-Lampada-Wi-Free-Arancione-Blu.jpg\" \/>\n\t<meta property=\"og:image:width\" content=\"1000\" \/>\n\t<meta property=\"og:image:height\" content=\"1000\" \/>\n\t<meta property=\"og:image:type\" content=\"image\/jpeg\" \/>\n<meta name=\"twitter:card\" content=\"summary_large_image\" \/>\n<script type=\"application\/ld+json\" class=\"yoast-schema-graph\">{\"@context\":\"https:\/\/schema.org\",\"@graph\":[{\"@type\":\"WebPage\",\"@id\":\"https:\/\/www.erresse-shop.it\/fr\/shop\/ameublement-maison\/lampes\/carlo-moretti-wi-free-lampe-de-table-en-verre-de-murano-orange-bleu\/\",\"url\":\"https:\/\/www.erresse-shop.it\/fr\/shop\/ameublement-maison\/lampes\/carlo-moretti-wi-free-lampe-de-table-en-verre-de-murano-orange-bleu\/\",\"name\":\"CARLO MORETTI Wi Free Lampe de Table en Verre de Murano Orange Bleu\",\"isPartOf\":{\"@id\":\"https:\/\/www.erresse-shop.it\/fr\/#website\"},\"datePublished\":\"2022-03-08T14:53:38+00:00\",\"dateModified\":\"2025-01-13T16:02:38+00:00\",\"description\":\"D\u00e9couvrez CARLO MORETTI Wi Free Lampe de Table en Verre de Murano Orange Bleu sur ErresseShop. Qualit\u00e9, prix r\u00e9duits et achat s\u00e9curis\u00e9 \u2013 commandez d\u00e8s maintenant en ligne !\",\"breadcrumb\":{\"@id\":\"https:\/\/www.erresse-shop.it\/fr\/shop\/ameublement-maison\/lampes\/carlo-moretti-wi-free-lampe-de-table-en-verre-de-murano-orange-bleu\/#breadcrumb\"},\"inLanguage\":\"fr-FR\",\"potentialAction\":[{\"@type\":\"ReadAction\",\"target\":[\"https:\/\/www.erresse-shop.it\/fr\/shop\/ameublement-maison\/lampes\/carlo-moretti-wi-free-lampe-de-table-en-verre-de-murano-orange-bleu\/\"]}]},{\"@type\":\"BreadcrumbList\",\"@id\":\"https:\/\/www.erresse-shop.it\/fr\/shop\/ameublement-maison\/lampes\/carlo-moretti-wi-free-lampe-de-table-en-verre-de-murano-orange-bleu\/#breadcrumb\",\"itemListElement\":[{\"@type\":\"ListItem\",\"position\":1,\"name\":\"Home\",\"item\":\"https:\/\/www.erresse-shop.it\/fr\/\"},{\"@type\":\"ListItem\",\"position\":2,\"name\":\"Shop\",\"item\":\"https:\/\/www.erresse-shop.it\/fr\/shop\/\"},{\"@type\":\"ListItem\",\"position\":3,\"name\":\"CARLO MORETTI Wi Free Lampe de Table en Verre de Murano Orange Bleu\"}]},{\"@type\":\"WebSite\",\"@id\":\"https:\/\/www.erresse-shop.it\/fr\/#website\",\"url\":\"https:\/\/www.erresse-shop.it\/fr\/\",\"name\":\"Erresse Shop\",\"description\":\"Articoli di qualit\u00e0 per la casa\",\"potentialAction\":[{\"@type\":\"SearchAction\",\"target\":{\"@type\":\"EntryPoint\",\"urlTemplate\":\"https:\/\/www.erresse-shop.it\/fr\/?s={search_term_string}\"},\"query-input\":\"required name=search_term_string\"}],\"inLanguage\":\"fr-FR\"}]}<\/script>\n<!-- \/ Yoast SEO Premium plugin. -->","yoast_head_json":{"title":"CARLO MORETTI Wi Free Lampe de Table en Verre de Murano Orange Bleu","description":"D\u00e9couvrez CARLO MORETTI Wi Free Lampe de Table en Verre de Murano Orange Bleu sur ErresseShop. Qualit\u00e9, prix r\u00e9duits et achat s\u00e9curis\u00e9 \u2013 commandez d\u00e8s maintenant en ligne !","robots":{"index":"index","follow":"follow","max-snippet":"max-snippet:-1","max-image-preview":"max-image-preview:large","max-video-preview":"max-video-preview:-1"},"canonical":"https:\/\/www.erresse-shop.it\/fr\/shop\/ameublement-maison\/lampes\/carlo-moretti-wi-free-lampe-de-table-en-verre-de-murano-orange-bleu\/","og_locale":"fr_FR","og_type":"article","og_title":"CARLO MORETTI Wi Free Lampe de Table en Verre de Murano Orange Bleu","og_description":"D\u00e9couvrez CARLO MORETTI Wi Free Lampe de Table en Verre de Murano Orange Bleu sur ErresseShop. Qualit\u00e9, prix r\u00e9duits et achat s\u00e9curis\u00e9 \u2013 commandez d\u00e8s maintenant en ligne !","og_url":"https:\/\/www.erresse-shop.it\/fr\/shop\/ameublement-maison\/lampes\/carlo-moretti-wi-free-lampe-de-table-en-verre-de-murano-orange-bleu\/","og_site_name":"Erresse Shop","article_modified_time":"2025-01-13T16:02:38+00:00","og_image":[{"width":1000,"height":1000,"url":"https:\/\/www.erresse-shop.it\/wp-content\/uploads\/2022\/03\/CARLO-MORETTI-Lampada-Wi-Free-Arancione-Blu.jpg","type":"image\/jpeg"}],"twitter_card":"summary_large_image","schema":{"@context":"https:\/\/schema.org","@graph":[{"@type":"WebPage","@id":"https:\/\/www.erresse-shop.it\/fr\/shop\/ameublement-maison\/lampes\/carlo-moretti-wi-free-lampe-de-table-en-verre-de-murano-orange-bleu\/","url":"https:\/\/www.erresse-shop.it\/fr\/shop\/ameublement-maison\/lampes\/carlo-moretti-wi-free-lampe-de-table-en-verre-de-murano-orange-bleu\/","name":"CARLO MORETTI Wi Free Lampe de Table en Verre de Murano Orange Bleu","isPartOf":{"@id":"https:\/\/www.erresse-shop.it\/fr\/#website"},"datePublished":"2022-03-08T14:53:38+00:00","dateModified":"2025-01-13T16:02:38+00:00","description":"D\u00e9couvrez CARLO MORETTI Wi Free Lampe de Table en Verre de Murano Orange Bleu sur ErresseShop. Qualit\u00e9, prix r\u00e9duits et achat s\u00e9curis\u00e9 \u2013 commandez d\u00e8s maintenant en ligne !","breadcrumb":{"@id":"https:\/\/www.erresse-shop.it\/fr\/shop\/ameublement-maison\/lampes\/carlo-moretti-wi-free-lampe-de-table-en-verre-de-murano-orange-bleu\/#breadcrumb"},"inLanguage":"fr-FR","potentialAction":[{"@type":"ReadAction","target":["https:\/\/www.erresse-shop.it\/fr\/shop\/ameublement-maison\/lampes\/carlo-moretti-wi-free-lampe-de-table-en-verre-de-murano-orange-bleu\/"]}]},{"@type":"BreadcrumbList","@id":"https:\/\/www.erresse-shop.it\/fr\/shop\/ameublement-maison\/lampes\/carlo-moretti-wi-free-lampe-de-table-en-verre-de-murano-orange-bleu\/#breadcrumb","itemListElement":[{"@type":"ListItem","position":1,"name":"Home","item":"https:\/\/www.erresse-shop.it\/fr\/"},{"@type":"ListItem","position":2,"name":"Shop","item":"https:\/\/www.erresse-shop.it\/fr\/shop\/"},{"@type":"ListItem","position":3,"name":"CARLO MORETTI Wi Free Lampe de Table en Verre de Murano Orange Bleu"}]},{"@type":"WebSite","@id":"https:\/\/www.erresse-shop.it\/fr\/#website","url":"https:\/\/www.erresse-shop.it\/fr\/","name":"Erresse Shop","description":"Articoli di qualit\u00e0 per la casa","potentialAction":[{"@type":"SearchAction","target":{"@type":"EntryPoint","urlTemplate":"https:\/\/www.erresse-shop.it\/fr\/?s={search_term_string}"},"query-input":"required name=search_term_string"}],"inLanguage":"fr-FR"}]}},"df_price":231.00000000000003,"df_sale_price":231.00000000000003,"df_regular_price":420,"df_image_link":"https:\/\/www.erresse-shop.it\/wp-content\/uploads\/2022\/03\/CARLO-MORETTI-Lampada-Wi-Free-Arancione-Blu-300x300.jpg","_links":{"self":[{"href":"https:\/\/www.erresse-shop.it\/fr\/wp-json\/wp\/v2\/product\/142854"}],"collection":[{"href":"https:\/\/www.erresse-shop.it\/fr\/wp-json\/wp\/v2\/product"}],"about":[{"href":"https:\/\/www.erresse-shop.it\/fr\/wp-json\/wp\/v2\/types\/product"}],"wp:featuredmedia":[{"embeddable":true,"href":"https:\/\/www.erresse-shop.it\/fr\/wp-json\/wp\/v2\/media\/142861"}],"wp:attachment":[{"href":"https:\/\/www.erresse-shop.it\/fr\/wp-json\/wp\/v2\/media?parent=142854"}],"wp:term":[{"taxonomy":"product_cat","embeddable":true,"href":"https:\/\/www.erresse-shop.it\/fr\/wp-json\/wp\/v2\/product_cat?post=142854"},{"taxonomy":"product_tag","embeddable":true,"href":"https:\/\/www.erresse-shop.it\/fr\/wp-json\/wp\/v2\/product_tag?post=142854"}],"curies":[{"name":"wp","href":"https:\/\/api.w.org\/{rel}","templated":true}]}}