{"id":142839,"date":"2022-03-08T13:09:45","date_gmt":"2022-03-08T13:10:07","guid":{"rendered":"https:\/\/www.erresse-shop.it\/?post_type=product&#038;p=142839"},"modified":"2025-01-13T16:02:36","modified_gmt":"2025-01-13T16:02:36","slug":"carlo-moretti-cilla-lampe-de-table-en-verre-de-murano-petit","status":"publish","type":"product","link":"https:\/\/www.erresse-shop.it\/fr\/shop\/ameublement-maison\/lampes\/carlo-moretti-cilla-lampe-de-table-en-verre-de-murano-petit\/","title":{"rendered":"CARLO MORETTI Cilla Lampe de Table en Verre de Murano Petit"},"content":{"rendered":"<p><strong>Couleur :<\/strong> transparent<br \/>\n<strong>Mat\u00e9riau :<\/strong> verre de Murano<\/p>\n<p>Remarquable et intemporelle, cette \u00e9l\u00e9gante lampe de table a \u00e9t\u00e9 con\u00e7ue en 1984 par les <strong>ma\u00eetres verriers Carlo Moretti et Paolo Martinuzzi<\/strong>. Alliant artisanat traditionnel et design moderne, cette pi\u00e8ce se d\u00e9marquera dans un int\u00e9rieur contemporain.<\/p>\n<p><strong>Caract\u00e9ristiques du produit<\/strong><br \/>\nLampe de table en cristal de Murano avec structure en laiton chrom\u00e9 et cylindres en verre transparent et opalin. Utilisation \u00e0 l&#8217;int\u00e9rieur.<\/p>\n<p><strong>Ampoule :<\/strong> exclue<br \/>\n<strong>Voltage :<\/strong> 220 Volt<br \/>\n<strong>Degr\u00e9 de protection :<\/strong> IP 20<br \/>\n<span style=\"text-decoration: underline;\"><strong>\u00c9tant donn\u00e9 le caract\u00e8re unique du produit, toute imperfection doit \u00eatre consid\u00e9r\u00e9e comme pr\u00e9cieuse.<\/strong><\/span><\/p>\n","protected":false},"excerpt":{"rendered":"<p><br data-mce-bogus=\"1\"><\/p>\n","protected":false},"featured_media":142845,"template":"","meta":{"_acf_changed":false,"inline_featured_image":false},"product_cat":[12738,12741],"product_tag":[14413,12793,24680,12856,14592,18553],"acf":[],"yoast_head":"<!-- This site is optimized with the Yoast SEO Premium plugin v18.6 (Yoast SEO v19.13) - https:\/\/yoast.com\/wordpress\/plugins\/seo\/ -->\n<title>CARLO MORETTI Cilla Lampe de Table en Verre de Murano Petit<\/title>\n<meta name=\"description\" content=\"D\u00e9couvrez CARLO MORETTI Cilla Lampe de Table en Verre de Murano Petit sur ErresseShop. Qualit\u00e9, prix r\u00e9duits et achat s\u00e9curis\u00e9 \u2013 commandez d\u00e8s maintenant en ligne !\" \/>\n<meta name=\"robots\" content=\"index, follow, max-snippet:-1, max-image-preview:large, max-video-preview:-1\" \/>\n<link rel=\"canonical\" href=\"https:\/\/www.erresse-shop.it\/fr\/shop\/ameublement-maison\/lampes\/carlo-moretti-cilla-lampe-de-table-en-verre-de-murano-petit\/\" \/>\n<meta property=\"og:locale\" content=\"fr_FR\" \/>\n<meta property=\"og:type\" content=\"article\" \/>\n<meta property=\"og:title\" content=\"CARLO MORETTI Cilla Lampe de Table en Verre de Murano Petit\" \/>\n<meta property=\"og:description\" content=\"D\u00e9couvrez CARLO MORETTI Cilla Lampe de Table en Verre de Murano Petit sur ErresseShop. Qualit\u00e9, prix r\u00e9duits et achat s\u00e9curis\u00e9 \u2013 commandez d\u00e8s maintenant en ligne !\" \/>\n<meta property=\"og:url\" content=\"https:\/\/www.erresse-shop.it\/fr\/shop\/ameublement-maison\/lampes\/carlo-moretti-cilla-lampe-de-table-en-verre-de-murano-petit\/\" \/>\n<meta property=\"og:site_name\" content=\"Erresse Shop\" \/>\n<meta property=\"article:modified_time\" content=\"2025-01-13T16:02:36+00:00\" \/>\n<meta property=\"og:image\" content=\"https:\/\/www.erresse-shop.it\/wp-content\/uploads\/2022\/03\/CARLO-MORETTI-Lampada-da-Tavolo-Cilla-Piccolo.jpg\" \/>\n\t<meta property=\"og:image:width\" content=\"1000\" \/>\n\t<meta property=\"og:image:height\" content=\"1000\" \/>\n\t<meta property=\"og:image:type\" content=\"image\/jpeg\" \/>\n<meta name=\"twitter:card\" content=\"summary_large_image\" \/>\n<script type=\"application\/ld+json\" class=\"yoast-schema-graph\">{\"@context\":\"https:\/\/schema.org\",\"@graph\":[{\"@type\":\"WebPage\",\"@id\":\"https:\/\/www.erresse-shop.it\/fr\/shop\/ameublement-maison\/lampes\/carlo-moretti-cilla-lampe-de-table-en-verre-de-murano-petit\/\",\"url\":\"https:\/\/www.erresse-shop.it\/fr\/shop\/ameublement-maison\/lampes\/carlo-moretti-cilla-lampe-de-table-en-verre-de-murano-petit\/\",\"name\":\"CARLO MORETTI Cilla Lampe de Table en Verre de Murano Petit\",\"isPartOf\":{\"@id\":\"https:\/\/www.erresse-shop.it\/fr\/#website\"},\"datePublished\":\"2022-03-08T13:10:07+00:00\",\"dateModified\":\"2025-01-13T16:02:36+00:00\",\"description\":\"D\u00e9couvrez CARLO MORETTI Cilla Lampe de Table en Verre de Murano Petit sur ErresseShop. Qualit\u00e9, prix r\u00e9duits et achat s\u00e9curis\u00e9 \u2013 commandez d\u00e8s maintenant en ligne !\",\"breadcrumb\":{\"@id\":\"https:\/\/www.erresse-shop.it\/fr\/shop\/ameublement-maison\/lampes\/carlo-moretti-cilla-lampe-de-table-en-verre-de-murano-petit\/#breadcrumb\"},\"inLanguage\":\"fr-FR\",\"potentialAction\":[{\"@type\":\"ReadAction\",\"target\":[\"https:\/\/www.erresse-shop.it\/fr\/shop\/ameublement-maison\/lampes\/carlo-moretti-cilla-lampe-de-table-en-verre-de-murano-petit\/\"]}]},{\"@type\":\"BreadcrumbList\",\"@id\":\"https:\/\/www.erresse-shop.it\/fr\/shop\/ameublement-maison\/lampes\/carlo-moretti-cilla-lampe-de-table-en-verre-de-murano-petit\/#breadcrumb\",\"itemListElement\":[{\"@type\":\"ListItem\",\"position\":1,\"name\":\"Home\",\"item\":\"https:\/\/www.erresse-shop.it\/fr\/\"},{\"@type\":\"ListItem\",\"position\":2,\"name\":\"Shop\",\"item\":\"https:\/\/www.erresse-shop.it\/fr\/shop\/\"},{\"@type\":\"ListItem\",\"position\":3,\"name\":\"CARLO MORETTI Cilla Lampe de Table en Verre de Murano Petit\"}]},{\"@type\":\"WebSite\",\"@id\":\"https:\/\/www.erresse-shop.it\/fr\/#website\",\"url\":\"https:\/\/www.erresse-shop.it\/fr\/\",\"name\":\"Erresse Shop\",\"description\":\"Articoli di qualit\u00e0 per la casa\",\"potentialAction\":[{\"@type\":\"SearchAction\",\"target\":{\"@type\":\"EntryPoint\",\"urlTemplate\":\"https:\/\/www.erresse-shop.it\/fr\/?s={search_term_string}\"},\"query-input\":\"required name=search_term_string\"}],\"inLanguage\":\"fr-FR\"}]}<\/script>\n<!-- \/ Yoast SEO Premium plugin. -->","yoast_head_json":{"title":"CARLO MORETTI Cilla Lampe de Table en Verre de Murano Petit","description":"D\u00e9couvrez CARLO MORETTI Cilla Lampe de Table en Verre de Murano Petit sur ErresseShop. Qualit\u00e9, prix r\u00e9duits et achat s\u00e9curis\u00e9 \u2013 commandez d\u00e8s maintenant en ligne !","robots":{"index":"index","follow":"follow","max-snippet":"max-snippet:-1","max-image-preview":"max-image-preview:large","max-video-preview":"max-video-preview:-1"},"canonical":"https:\/\/www.erresse-shop.it\/fr\/shop\/ameublement-maison\/lampes\/carlo-moretti-cilla-lampe-de-table-en-verre-de-murano-petit\/","og_locale":"fr_FR","og_type":"article","og_title":"CARLO MORETTI Cilla Lampe de Table en Verre de Murano Petit","og_description":"D\u00e9couvrez CARLO MORETTI Cilla Lampe de Table en Verre de Murano Petit sur ErresseShop. Qualit\u00e9, prix r\u00e9duits et achat s\u00e9curis\u00e9 \u2013 commandez d\u00e8s maintenant en ligne !","og_url":"https:\/\/www.erresse-shop.it\/fr\/shop\/ameublement-maison\/lampes\/carlo-moretti-cilla-lampe-de-table-en-verre-de-murano-petit\/","og_site_name":"Erresse Shop","article_modified_time":"2025-01-13T16:02:36+00:00","og_image":[{"width":1000,"height":1000,"url":"https:\/\/www.erresse-shop.it\/wp-content\/uploads\/2022\/03\/CARLO-MORETTI-Lampada-da-Tavolo-Cilla-Piccolo.jpg","type":"image\/jpeg"}],"twitter_card":"summary_large_image","schema":{"@context":"https:\/\/schema.org","@graph":[{"@type":"WebPage","@id":"https:\/\/www.erresse-shop.it\/fr\/shop\/ameublement-maison\/lampes\/carlo-moretti-cilla-lampe-de-table-en-verre-de-murano-petit\/","url":"https:\/\/www.erresse-shop.it\/fr\/shop\/ameublement-maison\/lampes\/carlo-moretti-cilla-lampe-de-table-en-verre-de-murano-petit\/","name":"CARLO MORETTI Cilla Lampe de Table en Verre de Murano Petit","isPartOf":{"@id":"https:\/\/www.erresse-shop.it\/fr\/#website"},"datePublished":"2022-03-08T13:10:07+00:00","dateModified":"2025-01-13T16:02:36+00:00","description":"D\u00e9couvrez CARLO MORETTI Cilla Lampe de Table en Verre de Murano Petit sur ErresseShop. Qualit\u00e9, prix r\u00e9duits et achat s\u00e9curis\u00e9 \u2013 commandez d\u00e8s maintenant en ligne !","breadcrumb":{"@id":"https:\/\/www.erresse-shop.it\/fr\/shop\/ameublement-maison\/lampes\/carlo-moretti-cilla-lampe-de-table-en-verre-de-murano-petit\/#breadcrumb"},"inLanguage":"fr-FR","potentialAction":[{"@type":"ReadAction","target":["https:\/\/www.erresse-shop.it\/fr\/shop\/ameublement-maison\/lampes\/carlo-moretti-cilla-lampe-de-table-en-verre-de-murano-petit\/"]}]},{"@type":"BreadcrumbList","@id":"https:\/\/www.erresse-shop.it\/fr\/shop\/ameublement-maison\/lampes\/carlo-moretti-cilla-lampe-de-table-en-verre-de-murano-petit\/#breadcrumb","itemListElement":[{"@type":"ListItem","position":1,"name":"Home","item":"https:\/\/www.erresse-shop.it\/fr\/"},{"@type":"ListItem","position":2,"name":"Shop","item":"https:\/\/www.erresse-shop.it\/fr\/shop\/"},{"@type":"ListItem","position":3,"name":"CARLO MORETTI Cilla Lampe de Table en Verre de Murano Petit"}]},{"@type":"WebSite","@id":"https:\/\/www.erresse-shop.it\/fr\/#website","url":"https:\/\/www.erresse-shop.it\/fr\/","name":"Erresse Shop","description":"Articoli di qualit\u00e0 per la casa","potentialAction":[{"@type":"SearchAction","target":{"@type":"EntryPoint","urlTemplate":"https:\/\/www.erresse-shop.it\/fr\/?s={search_term_string}"},"query-input":"required name=search_term_string"}],"inLanguage":"fr-FR"}]}},"df_price":214.50000000000003,"df_sale_price":214.50000000000003,"df_regular_price":390,"df_image_link":"https:\/\/www.erresse-shop.it\/wp-content\/uploads\/2022\/03\/CARLO-MORETTI-Lampada-da-Tavolo-Cilla-Piccolo-300x300.jpg","_links":{"self":[{"href":"https:\/\/www.erresse-shop.it\/fr\/wp-json\/wp\/v2\/product\/142839"}],"collection":[{"href":"https:\/\/www.erresse-shop.it\/fr\/wp-json\/wp\/v2\/product"}],"about":[{"href":"https:\/\/www.erresse-shop.it\/fr\/wp-json\/wp\/v2\/types\/product"}],"wp:featuredmedia":[{"embeddable":true,"href":"https:\/\/www.erresse-shop.it\/fr\/wp-json\/wp\/v2\/media\/142845"}],"wp:attachment":[{"href":"https:\/\/www.erresse-shop.it\/fr\/wp-json\/wp\/v2\/media?parent=142839"}],"wp:term":[{"taxonomy":"product_cat","embeddable":true,"href":"https:\/\/www.erresse-shop.it\/fr\/wp-json\/wp\/v2\/product_cat?post=142839"},{"taxonomy":"product_tag","embeddable":true,"href":"https:\/\/www.erresse-shop.it\/fr\/wp-json\/wp\/v2\/product_tag?post=142839"}],"curies":[{"name":"wp","href":"https:\/\/api.w.org\/{rel}","templated":true}]}}