{"id":142656,"date":"2022-03-07T14:33:25","date_gmt":"2022-03-07T14:33:28","guid":{"rendered":"https:\/\/www.erresse-shop.it\/?post_type=product&#038;p=142656"},"modified":"2025-01-13T16:02:11","modified_gmt":"2025-01-13T16:02:11","slug":"rosenthal-triu-vase-22-cm-or","status":"publish","type":"product","link":"https:\/\/www.erresse-shop.it\/fr\/shop\/ameublement-maison\/vases-fr\/rosenthal-triu-vase-22-cm-or\/","title":{"rendered":"ROSENTHAL Triu Vase 22 cm Or"},"content":{"rendered":"<p>Triu est une collection de vases \u00e9l\u00e9gants cr\u00e9\u00e9e par Rosenthal.<\/p>\n<p>Les vases Triu sont compos\u00e9s de trois bras \u00e9lanc\u00e9s en forme de U, cr\u00e9ant l&#8217;effet de tubes m\u00e9talliques entrelac\u00e9s les uns dans les autres. La s\u00e9rie est disponible en or et en argent. Le mat\u00e9riau dont ils sont faits est le borosilicate, une vari\u00e9t\u00e9 de verre robuste et r\u00e9sistant \u00e0 la temp\u00e9rature. Les vases Triu sont parfaits soit individuellement, soit attach\u00e9s ensemble. Une excellente id\u00e9e de cadeau pour un espace moderne et sophistiqu\u00e9.<\/p>\n<p><strong>Mat\u00e9riau :<\/strong> Verre borosilicate<br \/>\n<strong>Collection :<\/strong> Triu<\/p>\n","protected":false},"excerpt":{"rendered":"<p>Triu est une collection de vases \u00e9l\u00e9gants cr\u00e9\u00e9e par Rosenthal. Les vases Triu sont compos\u00e9s de trois bras \u00e9lanc\u00e9s en<\/p>\n","protected":false},"featured_media":142661,"template":"","meta":{"_acf_changed":false,"inline_featured_image":false},"product_cat":[12738,14422],"product_tag":[23910,23690,18583,13849],"acf":[],"yoast_head":"<!-- This site is optimized with the Yoast SEO Premium plugin v18.6 (Yoast SEO v19.13) - https:\/\/yoast.com\/wordpress\/plugins\/seo\/ -->\n<title>ROSENTHAL Triu Vase 22 cm Or<\/title>\n<meta name=\"description\" content=\"D\u00e9couvrez ROSENTHAL Triu Vase 22 cm Or sur ErresseShop. Qualit\u00e9, prix r\u00e9duits et achat s\u00e9curis\u00e9 \u2013 commandez d\u00e8s maintenant en ligne !\" \/>\n<meta name=\"robots\" content=\"index, follow, max-snippet:-1, max-image-preview:large, max-video-preview:-1\" \/>\n<link rel=\"canonical\" href=\"https:\/\/www.erresse-shop.it\/fr\/shop\/ameublement-maison\/vases-fr\/rosenthal-triu-vase-22-cm-or\/\" \/>\n<meta property=\"og:locale\" content=\"fr_FR\" \/>\n<meta property=\"og:type\" content=\"article\" \/>\n<meta property=\"og:title\" content=\"ROSENTHAL Triu Vase 22 cm Or\" \/>\n<meta property=\"og:description\" content=\"D\u00e9couvrez ROSENTHAL Triu Vase 22 cm Or sur ErresseShop. Qualit\u00e9, prix r\u00e9duits et achat s\u00e9curis\u00e9 \u2013 commandez d\u00e8s maintenant en ligne !\" \/>\n<meta property=\"og:url\" content=\"https:\/\/www.erresse-shop.it\/fr\/shop\/ameublement-maison\/vases-fr\/rosenthal-triu-vase-22-cm-or\/\" \/>\n<meta property=\"og:site_name\" content=\"Erresse Shop\" \/>\n<meta property=\"article:modified_time\" content=\"2025-01-13T16:02:11+00:00\" \/>\n<meta property=\"og:image\" content=\"https:\/\/www.erresse-shop.it\/wp-content\/uploads\/2022\/03\/ROSENTHAL-Triu-Vaso-22-cm-Oro.jpg\" \/>\n\t<meta property=\"og:image:width\" content=\"1000\" \/>\n\t<meta property=\"og:image:height\" content=\"1000\" \/>\n\t<meta property=\"og:image:type\" content=\"image\/jpeg\" \/>\n<meta name=\"twitter:card\" content=\"summary_large_image\" \/>\n<script type=\"application\/ld+json\" class=\"yoast-schema-graph\">{\"@context\":\"https:\/\/schema.org\",\"@graph\":[{\"@type\":\"WebPage\",\"@id\":\"https:\/\/www.erresse-shop.it\/fr\/shop\/ameublement-maison\/vases-fr\/rosenthal-triu-vase-22-cm-or\/\",\"url\":\"https:\/\/www.erresse-shop.it\/fr\/shop\/ameublement-maison\/vases-fr\/rosenthal-triu-vase-22-cm-or\/\",\"name\":\"ROSENTHAL Triu Vase 22 cm Or\",\"isPartOf\":{\"@id\":\"https:\/\/www.erresse-shop.it\/fr\/#website\"},\"datePublished\":\"2022-03-07T14:33:28+00:00\",\"dateModified\":\"2025-01-13T16:02:11+00:00\",\"description\":\"D\u00e9couvrez ROSENTHAL Triu Vase 22 cm Or sur ErresseShop. Qualit\u00e9, prix r\u00e9duits et achat s\u00e9curis\u00e9 \u2013 commandez d\u00e8s maintenant en ligne !\",\"breadcrumb\":{\"@id\":\"https:\/\/www.erresse-shop.it\/fr\/shop\/ameublement-maison\/vases-fr\/rosenthal-triu-vase-22-cm-or\/#breadcrumb\"},\"inLanguage\":\"fr-FR\",\"potentialAction\":[{\"@type\":\"ReadAction\",\"target\":[\"https:\/\/www.erresse-shop.it\/fr\/shop\/ameublement-maison\/vases-fr\/rosenthal-triu-vase-22-cm-or\/\"]}]},{\"@type\":\"BreadcrumbList\",\"@id\":\"https:\/\/www.erresse-shop.it\/fr\/shop\/ameublement-maison\/vases-fr\/rosenthal-triu-vase-22-cm-or\/#breadcrumb\",\"itemListElement\":[{\"@type\":\"ListItem\",\"position\":1,\"name\":\"Home\",\"item\":\"https:\/\/www.erresse-shop.it\/fr\/\"},{\"@type\":\"ListItem\",\"position\":2,\"name\":\"Shop\",\"item\":\"https:\/\/www.erresse-shop.it\/fr\/shop\/\"},{\"@type\":\"ListItem\",\"position\":3,\"name\":\"ROSENTHAL Triu Vase 22 cm Or\"}]},{\"@type\":\"WebSite\",\"@id\":\"https:\/\/www.erresse-shop.it\/fr\/#website\",\"url\":\"https:\/\/www.erresse-shop.it\/fr\/\",\"name\":\"Erresse Shop\",\"description\":\"Articoli di qualit\u00e0 per la casa\",\"potentialAction\":[{\"@type\":\"SearchAction\",\"target\":{\"@type\":\"EntryPoint\",\"urlTemplate\":\"https:\/\/www.erresse-shop.it\/fr\/?s={search_term_string}\"},\"query-input\":\"required name=search_term_string\"}],\"inLanguage\":\"fr-FR\"}]}<\/script>\n<!-- \/ Yoast SEO Premium plugin. -->","yoast_head_json":{"title":"ROSENTHAL Triu Vase 22 cm Or","description":"D\u00e9couvrez ROSENTHAL Triu Vase 22 cm Or sur ErresseShop. Qualit\u00e9, prix r\u00e9duits et achat s\u00e9curis\u00e9 \u2013 commandez d\u00e8s maintenant en ligne !","robots":{"index":"index","follow":"follow","max-snippet":"max-snippet:-1","max-image-preview":"max-image-preview:large","max-video-preview":"max-video-preview:-1"},"canonical":"https:\/\/www.erresse-shop.it\/fr\/shop\/ameublement-maison\/vases-fr\/rosenthal-triu-vase-22-cm-or\/","og_locale":"fr_FR","og_type":"article","og_title":"ROSENTHAL Triu Vase 22 cm Or","og_description":"D\u00e9couvrez ROSENTHAL Triu Vase 22 cm Or sur ErresseShop. Qualit\u00e9, prix r\u00e9duits et achat s\u00e9curis\u00e9 \u2013 commandez d\u00e8s maintenant en ligne !","og_url":"https:\/\/www.erresse-shop.it\/fr\/shop\/ameublement-maison\/vases-fr\/rosenthal-triu-vase-22-cm-or\/","og_site_name":"Erresse Shop","article_modified_time":"2025-01-13T16:02:11+00:00","og_image":[{"width":1000,"height":1000,"url":"https:\/\/www.erresse-shop.it\/wp-content\/uploads\/2022\/03\/ROSENTHAL-Triu-Vaso-22-cm-Oro.jpg","type":"image\/jpeg"}],"twitter_card":"summary_large_image","schema":{"@context":"https:\/\/schema.org","@graph":[{"@type":"WebPage","@id":"https:\/\/www.erresse-shop.it\/fr\/shop\/ameublement-maison\/vases-fr\/rosenthal-triu-vase-22-cm-or\/","url":"https:\/\/www.erresse-shop.it\/fr\/shop\/ameublement-maison\/vases-fr\/rosenthal-triu-vase-22-cm-or\/","name":"ROSENTHAL Triu Vase 22 cm Or","isPartOf":{"@id":"https:\/\/www.erresse-shop.it\/fr\/#website"},"datePublished":"2022-03-07T14:33:28+00:00","dateModified":"2025-01-13T16:02:11+00:00","description":"D\u00e9couvrez ROSENTHAL Triu Vase 22 cm Or sur ErresseShop. Qualit\u00e9, prix r\u00e9duits et achat s\u00e9curis\u00e9 \u2013 commandez d\u00e8s maintenant en ligne !","breadcrumb":{"@id":"https:\/\/www.erresse-shop.it\/fr\/shop\/ameublement-maison\/vases-fr\/rosenthal-triu-vase-22-cm-or\/#breadcrumb"},"inLanguage":"fr-FR","potentialAction":[{"@type":"ReadAction","target":["https:\/\/www.erresse-shop.it\/fr\/shop\/ameublement-maison\/vases-fr\/rosenthal-triu-vase-22-cm-or\/"]}]},{"@type":"BreadcrumbList","@id":"https:\/\/www.erresse-shop.it\/fr\/shop\/ameublement-maison\/vases-fr\/rosenthal-triu-vase-22-cm-or\/#breadcrumb","itemListElement":[{"@type":"ListItem","position":1,"name":"Home","item":"https:\/\/www.erresse-shop.it\/fr\/"},{"@type":"ListItem","position":2,"name":"Shop","item":"https:\/\/www.erresse-shop.it\/fr\/shop\/"},{"@type":"ListItem","position":3,"name":"ROSENTHAL Triu Vase 22 cm Or"}]},{"@type":"WebSite","@id":"https:\/\/www.erresse-shop.it\/fr\/#website","url":"https:\/\/www.erresse-shop.it\/fr\/","name":"Erresse Shop","description":"Articoli di qualit\u00e0 per la casa","potentialAction":[{"@type":"SearchAction","target":{"@type":"EntryPoint","urlTemplate":"https:\/\/www.erresse-shop.it\/fr\/?s={search_term_string}"},"query-input":"required name=search_term_string"}],"inLanguage":"fr-FR"}]}},"df_price":96.25000000000001,"df_sale_price":96.25000000000001,"df_regular_price":175,"df_image_link":"https:\/\/www.erresse-shop.it\/wp-content\/uploads\/2022\/03\/ROSENTHAL-Triu-Vaso-22-cm-Oro-300x300.jpg","_links":{"self":[{"href":"https:\/\/www.erresse-shop.it\/fr\/wp-json\/wp\/v2\/product\/142656"}],"collection":[{"href":"https:\/\/www.erresse-shop.it\/fr\/wp-json\/wp\/v2\/product"}],"about":[{"href":"https:\/\/www.erresse-shop.it\/fr\/wp-json\/wp\/v2\/types\/product"}],"wp:featuredmedia":[{"embeddable":true,"href":"https:\/\/www.erresse-shop.it\/fr\/wp-json\/wp\/v2\/media\/142661"}],"wp:attachment":[{"href":"https:\/\/www.erresse-shop.it\/fr\/wp-json\/wp\/v2\/media?parent=142656"}],"wp:term":[{"taxonomy":"product_cat","embeddable":true,"href":"https:\/\/www.erresse-shop.it\/fr\/wp-json\/wp\/v2\/product_cat?post=142656"},{"taxonomy":"product_tag","embeddable":true,"href":"https:\/\/www.erresse-shop.it\/fr\/wp-json\/wp\/v2\/product_tag?post=142656"}],"curies":[{"name":"wp","href":"https:\/\/api.w.org\/{rel}","templated":true}]}}