{"id":142642,"date":"2022-03-07T13:38:44","date_gmt":"2022-03-07T13:38:47","guid":{"rendered":"https:\/\/www.erresse-shop.it\/?post_type=product&#038;p=142642"},"modified":"2025-01-13T16:02:08","modified_gmt":"2025-01-13T16:02:08","slug":"rosenthal-vibrations-vase-ovale-32-cm-platine","status":"publish","type":"product","link":"https:\/\/www.erresse-shop.it\/fr\/shop\/ameublement-maison\/vases-fr\/rosenthal-vibrations-vase-ovale-32-cm-platine\/","title":{"rendered":"ROSENTHAL Vibrations Vase Ovale 32 cm Platine"},"content":{"rendered":"<p>Vibrations est une collection de vases \u00e0 la texture unique cr\u00e9\u00e9e par le designer Dieter Mankau pour la marque Rosenthal. De forme ovale, le travail sp\u00e9cial les rend brillants et facett\u00e9s.<\/p>\n<p>La s\u00e9rie de vases Vibrations vibre d&#8217;\u00e9nergie et, gr\u00e2ce \u00e0 un travail sp\u00e9cial en relief, r\u00e9v\u00e8le des \u00e9clats inattendus dans la version en porcelaine titanis\u00e9e platine. Des vases \u00e9l\u00e9gants et raffin\u00e9s avec toute la garantie de qualit\u00e9 de Rosenthal.<\/p>\n<p><strong>Mat\u00e9riau :<\/strong> Porcelaine<br \/>\n<strong>Collection :<\/strong> Vibrations<\/p>\n","protected":false},"excerpt":{"rendered":"<p>Vibrations est une collection de vases \u00e0 la texture unique cr\u00e9\u00e9e par le designer Dieter Mankau pour la marque Rosenthal.<\/p>\n","protected":false},"featured_media":142648,"template":"","meta":{"_acf_changed":false,"inline_featured_image":false},"product_cat":[12738,14422],"product_tag":[23910,23690,13849,18579],"acf":[],"yoast_head":"<!-- This site is optimized with the Yoast SEO Premium plugin v18.6 (Yoast SEO v19.13) - https:\/\/yoast.com\/wordpress\/plugins\/seo\/ -->\n<title>ROSENTHAL Vibrations Vase Ovale 32 cm Platine<\/title>\n<meta name=\"description\" content=\"D\u00e9couvrez ROSENTHAL Vibrations Vase Ovale 32 cm Platine sur ErresseShop. Qualit\u00e9, prix r\u00e9duits et achat s\u00e9curis\u00e9 \u2013 commandez d\u00e8s maintenant en ligne !\" \/>\n<meta name=\"robots\" content=\"index, follow, max-snippet:-1, max-image-preview:large, max-video-preview:-1\" \/>\n<link rel=\"canonical\" href=\"https:\/\/www.erresse-shop.it\/fr\/shop\/ameublement-maison\/vases-fr\/rosenthal-vibrations-vase-ovale-32-cm-platine\/\" \/>\n<meta property=\"og:locale\" content=\"fr_FR\" \/>\n<meta property=\"og:type\" content=\"article\" \/>\n<meta property=\"og:title\" content=\"ROSENTHAL Vibrations Vase Ovale 32 cm Platine\" \/>\n<meta property=\"og:description\" content=\"D\u00e9couvrez ROSENTHAL Vibrations Vase Ovale 32 cm Platine sur ErresseShop. Qualit\u00e9, prix r\u00e9duits et achat s\u00e9curis\u00e9 \u2013 commandez d\u00e8s maintenant en ligne !\" \/>\n<meta property=\"og:url\" content=\"https:\/\/www.erresse-shop.it\/fr\/shop\/ameublement-maison\/vases-fr\/rosenthal-vibrations-vase-ovale-32-cm-platine\/\" \/>\n<meta property=\"og:site_name\" content=\"Erresse Shop\" \/>\n<meta property=\"article:modified_time\" content=\"2025-01-13T16:02:08+00:00\" \/>\n<meta property=\"og:image\" content=\"https:\/\/www.erresse-shop.it\/wp-content\/uploads\/2022\/03\/ROSENTHAL-Vaso-Ovale-32-cm-Platino.jpg\" \/>\n\t<meta property=\"og:image:width\" content=\"1000\" \/>\n\t<meta property=\"og:image:height\" content=\"1000\" \/>\n\t<meta property=\"og:image:type\" content=\"image\/jpeg\" \/>\n<meta name=\"twitter:card\" content=\"summary_large_image\" \/>\n<script type=\"application\/ld+json\" class=\"yoast-schema-graph\">{\"@context\":\"https:\/\/schema.org\",\"@graph\":[{\"@type\":\"WebPage\",\"@id\":\"https:\/\/www.erresse-shop.it\/fr\/shop\/ameublement-maison\/vases-fr\/rosenthal-vibrations-vase-ovale-32-cm-platine\/\",\"url\":\"https:\/\/www.erresse-shop.it\/fr\/shop\/ameublement-maison\/vases-fr\/rosenthal-vibrations-vase-ovale-32-cm-platine\/\",\"name\":\"ROSENTHAL Vibrations Vase Ovale 32 cm Platine\",\"isPartOf\":{\"@id\":\"https:\/\/www.erresse-shop.it\/fr\/#website\"},\"datePublished\":\"2022-03-07T13:38:47+00:00\",\"dateModified\":\"2025-01-13T16:02:08+00:00\",\"description\":\"D\u00e9couvrez ROSENTHAL Vibrations Vase Ovale 32 cm Platine sur ErresseShop. Qualit\u00e9, prix r\u00e9duits et achat s\u00e9curis\u00e9 \u2013 commandez d\u00e8s maintenant en ligne !\",\"breadcrumb\":{\"@id\":\"https:\/\/www.erresse-shop.it\/fr\/shop\/ameublement-maison\/vases-fr\/rosenthal-vibrations-vase-ovale-32-cm-platine\/#breadcrumb\"},\"inLanguage\":\"fr-FR\",\"potentialAction\":[{\"@type\":\"ReadAction\",\"target\":[\"https:\/\/www.erresse-shop.it\/fr\/shop\/ameublement-maison\/vases-fr\/rosenthal-vibrations-vase-ovale-32-cm-platine\/\"]}]},{\"@type\":\"BreadcrumbList\",\"@id\":\"https:\/\/www.erresse-shop.it\/fr\/shop\/ameublement-maison\/vases-fr\/rosenthal-vibrations-vase-ovale-32-cm-platine\/#breadcrumb\",\"itemListElement\":[{\"@type\":\"ListItem\",\"position\":1,\"name\":\"Home\",\"item\":\"https:\/\/www.erresse-shop.it\/fr\/\"},{\"@type\":\"ListItem\",\"position\":2,\"name\":\"Shop\",\"item\":\"https:\/\/www.erresse-shop.it\/fr\/shop\/\"},{\"@type\":\"ListItem\",\"position\":3,\"name\":\"ROSENTHAL Vibrations Vase Ovale 32 cm Platine\"}]},{\"@type\":\"WebSite\",\"@id\":\"https:\/\/www.erresse-shop.it\/fr\/#website\",\"url\":\"https:\/\/www.erresse-shop.it\/fr\/\",\"name\":\"Erresse Shop\",\"description\":\"Articoli di qualit\u00e0 per la casa\",\"potentialAction\":[{\"@type\":\"SearchAction\",\"target\":{\"@type\":\"EntryPoint\",\"urlTemplate\":\"https:\/\/www.erresse-shop.it\/fr\/?s={search_term_string}\"},\"query-input\":\"required name=search_term_string\"}],\"inLanguage\":\"fr-FR\"}]}<\/script>\n<!-- \/ Yoast SEO Premium plugin. -->","yoast_head_json":{"title":"ROSENTHAL Vibrations Vase Ovale 32 cm Platine","description":"D\u00e9couvrez ROSENTHAL Vibrations Vase Ovale 32 cm Platine sur ErresseShop. Qualit\u00e9, prix r\u00e9duits et achat s\u00e9curis\u00e9 \u2013 commandez d\u00e8s maintenant en ligne !","robots":{"index":"index","follow":"follow","max-snippet":"max-snippet:-1","max-image-preview":"max-image-preview:large","max-video-preview":"max-video-preview:-1"},"canonical":"https:\/\/www.erresse-shop.it\/fr\/shop\/ameublement-maison\/vases-fr\/rosenthal-vibrations-vase-ovale-32-cm-platine\/","og_locale":"fr_FR","og_type":"article","og_title":"ROSENTHAL Vibrations Vase Ovale 32 cm Platine","og_description":"D\u00e9couvrez ROSENTHAL Vibrations Vase Ovale 32 cm Platine sur ErresseShop. Qualit\u00e9, prix r\u00e9duits et achat s\u00e9curis\u00e9 \u2013 commandez d\u00e8s maintenant en ligne !","og_url":"https:\/\/www.erresse-shop.it\/fr\/shop\/ameublement-maison\/vases-fr\/rosenthal-vibrations-vase-ovale-32-cm-platine\/","og_site_name":"Erresse Shop","article_modified_time":"2025-01-13T16:02:08+00:00","og_image":[{"width":1000,"height":1000,"url":"https:\/\/www.erresse-shop.it\/wp-content\/uploads\/2022\/03\/ROSENTHAL-Vaso-Ovale-32-cm-Platino.jpg","type":"image\/jpeg"}],"twitter_card":"summary_large_image","schema":{"@context":"https:\/\/schema.org","@graph":[{"@type":"WebPage","@id":"https:\/\/www.erresse-shop.it\/fr\/shop\/ameublement-maison\/vases-fr\/rosenthal-vibrations-vase-ovale-32-cm-platine\/","url":"https:\/\/www.erresse-shop.it\/fr\/shop\/ameublement-maison\/vases-fr\/rosenthal-vibrations-vase-ovale-32-cm-platine\/","name":"ROSENTHAL Vibrations Vase Ovale 32 cm Platine","isPartOf":{"@id":"https:\/\/www.erresse-shop.it\/fr\/#website"},"datePublished":"2022-03-07T13:38:47+00:00","dateModified":"2025-01-13T16:02:08+00:00","description":"D\u00e9couvrez ROSENTHAL Vibrations Vase Ovale 32 cm Platine sur ErresseShop. Qualit\u00e9, prix r\u00e9duits et achat s\u00e9curis\u00e9 \u2013 commandez d\u00e8s maintenant en ligne !","breadcrumb":{"@id":"https:\/\/www.erresse-shop.it\/fr\/shop\/ameublement-maison\/vases-fr\/rosenthal-vibrations-vase-ovale-32-cm-platine\/#breadcrumb"},"inLanguage":"fr-FR","potentialAction":[{"@type":"ReadAction","target":["https:\/\/www.erresse-shop.it\/fr\/shop\/ameublement-maison\/vases-fr\/rosenthal-vibrations-vase-ovale-32-cm-platine\/"]}]},{"@type":"BreadcrumbList","@id":"https:\/\/www.erresse-shop.it\/fr\/shop\/ameublement-maison\/vases-fr\/rosenthal-vibrations-vase-ovale-32-cm-platine\/#breadcrumb","itemListElement":[{"@type":"ListItem","position":1,"name":"Home","item":"https:\/\/www.erresse-shop.it\/fr\/"},{"@type":"ListItem","position":2,"name":"Shop","item":"https:\/\/www.erresse-shop.it\/fr\/shop\/"},{"@type":"ListItem","position":3,"name":"ROSENTHAL Vibrations Vase Ovale 32 cm Platine"}]},{"@type":"WebSite","@id":"https:\/\/www.erresse-shop.it\/fr\/#website","url":"https:\/\/www.erresse-shop.it\/fr\/","name":"Erresse Shop","description":"Articoli di qualit\u00e0 per la casa","potentialAction":[{"@type":"SearchAction","target":{"@type":"EntryPoint","urlTemplate":"https:\/\/www.erresse-shop.it\/fr\/?s={search_term_string}"},"query-input":"required name=search_term_string"}],"inLanguage":"fr-FR"}]}},"df_price":191.95000000000002,"df_sale_price":191.95000000000002,"df_regular_price":349,"df_image_link":"https:\/\/www.erresse-shop.it\/wp-content\/uploads\/2022\/03\/ROSENTHAL-Vaso-Ovale-32-cm-Platino-300x300.jpg","_links":{"self":[{"href":"https:\/\/www.erresse-shop.it\/fr\/wp-json\/wp\/v2\/product\/142642"}],"collection":[{"href":"https:\/\/www.erresse-shop.it\/fr\/wp-json\/wp\/v2\/product"}],"about":[{"href":"https:\/\/www.erresse-shop.it\/fr\/wp-json\/wp\/v2\/types\/product"}],"wp:featuredmedia":[{"embeddable":true,"href":"https:\/\/www.erresse-shop.it\/fr\/wp-json\/wp\/v2\/media\/142648"}],"wp:attachment":[{"href":"https:\/\/www.erresse-shop.it\/fr\/wp-json\/wp\/v2\/media?parent=142642"}],"wp:term":[{"taxonomy":"product_cat","embeddable":true,"href":"https:\/\/www.erresse-shop.it\/fr\/wp-json\/wp\/v2\/product_cat?post=142642"},{"taxonomy":"product_tag","embeddable":true,"href":"https:\/\/www.erresse-shop.it\/fr\/wp-json\/wp\/v2\/product_tag?post=142642"}],"curies":[{"name":"wp","href":"https:\/\/api.w.org\/{rel}","templated":true}]}}