{"id":142119,"date":"2022-03-04T11:28:06","date_gmt":"2022-03-04T11:28:09","guid":{"rendered":"https:\/\/www.erresse-shop.it\/?post_type=product&#038;p=142119"},"modified":"2025-01-13T16:01:36","modified_gmt":"2025-01-13T16:01:36","slug":"carlo-moretti-carafe-vase-en-cristal-de-murano-vert-rouge","status":"publish","type":"product","link":"https:\/\/www.erresse-shop.it\/fr\/shop\/table-fr-2\/vin\/carlo-moretti-carafe-vase-en-cristal-de-murano-vert-rouge\/","title":{"rendered":"CARLO MORETTI Carafe\/Vase en Cristal de Murano Vert-Rouge"},"content":{"rendered":"<p>Gr\u00e2ce \u00e0 sa ligne harmonieuse et effil\u00e9e, il peut \u00eatre utilis\u00e9 aussi bien comme carafe que comme vase.<br \/>\nSouffl\u00e9e \u00e0 la bouche et finie \u00e0 la main, cette carafe pr\u00e9sente des spirales, des pailles, des taches de couleur et des bandes appliqu\u00e9es \u00e0 chaud.<\/p>\n<p>Verre et cristal de Murano : des \u00e9l\u00e9ments de valeur enti\u00e8rement italiens qui trouvent leur plus haute expression dans les pr\u00e9cieuses collections con\u00e7ues par Carlo Moretti, une entreprise bas\u00e9e sur les petites \u00eeles qui composent Murano. Le prestige de cette entreprise de Murano est d\u00fb \u00e0 la grande ma\u00eetrise de l&#8217;utilisation du verre et du cristal, ce dernier ayant une plus grande r\u00e9sistance gr\u00e2ce \u00e0 l&#8217;ajout de plomb dans le m\u00e9lange.<\/p>\n<p><strong>Carafe en Murano travaill\u00e9e et peinte enti\u00e8rement \u00e0 la main. Chaque pi\u00e8ce est donc unique et inimitable.\u00a0<\/strong><\/p>\n","protected":false},"excerpt":{"rendered":"<p>Gr\u00e2ce \u00e0 sa ligne harmonieuse et effil\u00e9e, il peut \u00eatre utilis\u00e9 aussi bien comme carafe que comme vase. Souffl\u00e9e \u00e0<\/p>\n","protected":false},"featured_media":142061,"template":"","meta":{"_acf_changed":false,"inline_featured_image":false},"product_cat":[12738,18539,12782,14422,12754],"product_tag":[25036,23910,14413,25021,24397,24680,12856,14592,14412,23682],"acf":[],"yoast_head":"<!-- This site is optimized with the Yoast SEO Premium plugin v18.6 (Yoast SEO v19.13) - https:\/\/yoast.com\/wordpress\/plugins\/seo\/ -->\n<title>CARLO MORETTI Carafe\/Vase en Cristal de Murano Vert-Rouge<\/title>\n<meta name=\"description\" content=\"D\u00e9couvrez CARLO MORETTI Carafe\/Vase en Cristal de Murano Vert-Rouge sur ErresseShop. Qualit\u00e9, prix r\u00e9duits et achat s\u00e9curis\u00e9 \u2013 commandez d\u00e8s maintenant en ligne !\" \/>\n<meta name=\"robots\" content=\"index, follow, max-snippet:-1, max-image-preview:large, max-video-preview:-1\" \/>\n<link rel=\"canonical\" href=\"https:\/\/www.erresse-shop.it\/fr\/shop\/table-fr-2\/vin\/carlo-moretti-carafe-vase-en-cristal-de-murano-vert-rouge\/\" \/>\n<meta property=\"og:locale\" content=\"fr_FR\" \/>\n<meta property=\"og:type\" content=\"article\" \/>\n<meta property=\"og:title\" content=\"CARLO MORETTI Carafe\/Vase en Cristal de Murano Vert-Rouge\" \/>\n<meta property=\"og:description\" content=\"D\u00e9couvrez CARLO MORETTI Carafe\/Vase en Cristal de Murano Vert-Rouge sur ErresseShop. Qualit\u00e9, prix r\u00e9duits et achat s\u00e9curis\u00e9 \u2013 commandez d\u00e8s maintenant en ligne !\" \/>\n<meta property=\"og:url\" content=\"https:\/\/www.erresse-shop.it\/fr\/shop\/table-fr-2\/vin\/carlo-moretti-carafe-vase-en-cristal-de-murano-vert-rouge\/\" \/>\n<meta property=\"og:site_name\" content=\"Erresse Shop\" \/>\n<meta property=\"article:modified_time\" content=\"2025-01-13T16:01:36+00:00\" \/>\n<meta property=\"og:image\" content=\"https:\/\/www.erresse-shop.it\/wp-content\/uploads\/2022\/03\/CARLO-MORETTI-Decanter-14.dec_.a-2014.jpg\" \/>\n\t<meta property=\"og:image:width\" content=\"1000\" \/>\n\t<meta property=\"og:image:height\" content=\"1000\" \/>\n\t<meta property=\"og:image:type\" content=\"image\/jpeg\" \/>\n<meta name=\"twitter:card\" content=\"summary_large_image\" \/>\n<script type=\"application\/ld+json\" class=\"yoast-schema-graph\">{\"@context\":\"https:\/\/schema.org\",\"@graph\":[{\"@type\":\"WebPage\",\"@id\":\"https:\/\/www.erresse-shop.it\/fr\/shop\/table-fr-2\/vin\/carlo-moretti-carafe-vase-en-cristal-de-murano-vert-rouge\/\",\"url\":\"https:\/\/www.erresse-shop.it\/fr\/shop\/table-fr-2\/vin\/carlo-moretti-carafe-vase-en-cristal-de-murano-vert-rouge\/\",\"name\":\"CARLO MORETTI Carafe\/Vase en Cristal de Murano Vert-Rouge\",\"isPartOf\":{\"@id\":\"https:\/\/www.erresse-shop.it\/fr\/#website\"},\"datePublished\":\"2022-03-04T11:28:09+00:00\",\"dateModified\":\"2025-01-13T16:01:36+00:00\",\"description\":\"D\u00e9couvrez CARLO MORETTI Carafe\/Vase en Cristal de Murano Vert-Rouge sur ErresseShop. Qualit\u00e9, prix r\u00e9duits et achat s\u00e9curis\u00e9 \u2013 commandez d\u00e8s maintenant en ligne !\",\"breadcrumb\":{\"@id\":\"https:\/\/www.erresse-shop.it\/fr\/shop\/table-fr-2\/vin\/carlo-moretti-carafe-vase-en-cristal-de-murano-vert-rouge\/#breadcrumb\"},\"inLanguage\":\"fr-FR\",\"potentialAction\":[{\"@type\":\"ReadAction\",\"target\":[\"https:\/\/www.erresse-shop.it\/fr\/shop\/table-fr-2\/vin\/carlo-moretti-carafe-vase-en-cristal-de-murano-vert-rouge\/\"]}]},{\"@type\":\"BreadcrumbList\",\"@id\":\"https:\/\/www.erresse-shop.it\/fr\/shop\/table-fr-2\/vin\/carlo-moretti-carafe-vase-en-cristal-de-murano-vert-rouge\/#breadcrumb\",\"itemListElement\":[{\"@type\":\"ListItem\",\"position\":1,\"name\":\"Home\",\"item\":\"https:\/\/www.erresse-shop.it\/fr\/\"},{\"@type\":\"ListItem\",\"position\":2,\"name\":\"Shop\",\"item\":\"https:\/\/www.erresse-shop.it\/fr\/shop\/\"},{\"@type\":\"ListItem\",\"position\":3,\"name\":\"CARLO MORETTI Carafe\/Vase en Cristal de Murano Vert-Rouge\"}]},{\"@type\":\"WebSite\",\"@id\":\"https:\/\/www.erresse-shop.it\/fr\/#website\",\"url\":\"https:\/\/www.erresse-shop.it\/fr\/\",\"name\":\"Erresse Shop\",\"description\":\"Articoli di qualit\u00e0 per la casa\",\"potentialAction\":[{\"@type\":\"SearchAction\",\"target\":{\"@type\":\"EntryPoint\",\"urlTemplate\":\"https:\/\/www.erresse-shop.it\/fr\/?s={search_term_string}\"},\"query-input\":\"required name=search_term_string\"}],\"inLanguage\":\"fr-FR\"}]}<\/script>\n<!-- \/ Yoast SEO Premium plugin. -->","yoast_head_json":{"title":"CARLO MORETTI Carafe\/Vase en Cristal de Murano Vert-Rouge","description":"D\u00e9couvrez CARLO MORETTI Carafe\/Vase en Cristal de Murano Vert-Rouge sur ErresseShop. Qualit\u00e9, prix r\u00e9duits et achat s\u00e9curis\u00e9 \u2013 commandez d\u00e8s maintenant en ligne !","robots":{"index":"index","follow":"follow","max-snippet":"max-snippet:-1","max-image-preview":"max-image-preview:large","max-video-preview":"max-video-preview:-1"},"canonical":"https:\/\/www.erresse-shop.it\/fr\/shop\/table-fr-2\/vin\/carlo-moretti-carafe-vase-en-cristal-de-murano-vert-rouge\/","og_locale":"fr_FR","og_type":"article","og_title":"CARLO MORETTI Carafe\/Vase en Cristal de Murano Vert-Rouge","og_description":"D\u00e9couvrez CARLO MORETTI Carafe\/Vase en Cristal de Murano Vert-Rouge sur ErresseShop. Qualit\u00e9, prix r\u00e9duits et achat s\u00e9curis\u00e9 \u2013 commandez d\u00e8s maintenant en ligne !","og_url":"https:\/\/www.erresse-shop.it\/fr\/shop\/table-fr-2\/vin\/carlo-moretti-carafe-vase-en-cristal-de-murano-vert-rouge\/","og_site_name":"Erresse Shop","article_modified_time":"2025-01-13T16:01:36+00:00","og_image":[{"width":1000,"height":1000,"url":"https:\/\/www.erresse-shop.it\/wp-content\/uploads\/2022\/03\/CARLO-MORETTI-Decanter-14.dec_.a-2014.jpg","type":"image\/jpeg"}],"twitter_card":"summary_large_image","schema":{"@context":"https:\/\/schema.org","@graph":[{"@type":"WebPage","@id":"https:\/\/www.erresse-shop.it\/fr\/shop\/table-fr-2\/vin\/carlo-moretti-carafe-vase-en-cristal-de-murano-vert-rouge\/","url":"https:\/\/www.erresse-shop.it\/fr\/shop\/table-fr-2\/vin\/carlo-moretti-carafe-vase-en-cristal-de-murano-vert-rouge\/","name":"CARLO MORETTI Carafe\/Vase en Cristal de Murano Vert-Rouge","isPartOf":{"@id":"https:\/\/www.erresse-shop.it\/fr\/#website"},"datePublished":"2022-03-04T11:28:09+00:00","dateModified":"2025-01-13T16:01:36+00:00","description":"D\u00e9couvrez CARLO MORETTI Carafe\/Vase en Cristal de Murano Vert-Rouge sur ErresseShop. Qualit\u00e9, prix r\u00e9duits et achat s\u00e9curis\u00e9 \u2013 commandez d\u00e8s maintenant en ligne !","breadcrumb":{"@id":"https:\/\/www.erresse-shop.it\/fr\/shop\/table-fr-2\/vin\/carlo-moretti-carafe-vase-en-cristal-de-murano-vert-rouge\/#breadcrumb"},"inLanguage":"fr-FR","potentialAction":[{"@type":"ReadAction","target":["https:\/\/www.erresse-shop.it\/fr\/shop\/table-fr-2\/vin\/carlo-moretti-carafe-vase-en-cristal-de-murano-vert-rouge\/"]}]},{"@type":"BreadcrumbList","@id":"https:\/\/www.erresse-shop.it\/fr\/shop\/table-fr-2\/vin\/carlo-moretti-carafe-vase-en-cristal-de-murano-vert-rouge\/#breadcrumb","itemListElement":[{"@type":"ListItem","position":1,"name":"Home","item":"https:\/\/www.erresse-shop.it\/fr\/"},{"@type":"ListItem","position":2,"name":"Shop","item":"https:\/\/www.erresse-shop.it\/fr\/shop\/"},{"@type":"ListItem","position":3,"name":"CARLO MORETTI Carafe\/Vase en Cristal de Murano Vert-Rouge"}]},{"@type":"WebSite","@id":"https:\/\/www.erresse-shop.it\/fr\/#website","url":"https:\/\/www.erresse-shop.it\/fr\/","name":"Erresse Shop","description":"Articoli di qualit\u00e0 per la casa","potentialAction":[{"@type":"SearchAction","target":{"@type":"EntryPoint","urlTemplate":"https:\/\/www.erresse-shop.it\/fr\/?s={search_term_string}"},"query-input":"required name=search_term_string"}],"inLanguage":"fr-FR"}]}},"df_price":164.45000000000002,"df_sale_price":164.45000000000002,"df_regular_price":299,"df_image_link":"https:\/\/www.erresse-shop.it\/wp-content\/uploads\/2022\/03\/CARLO-MORETTI-Decanter-14.dec_.a-2014-300x300.jpg","_links":{"self":[{"href":"https:\/\/www.erresse-shop.it\/fr\/wp-json\/wp\/v2\/product\/142119"}],"collection":[{"href":"https:\/\/www.erresse-shop.it\/fr\/wp-json\/wp\/v2\/product"}],"about":[{"href":"https:\/\/www.erresse-shop.it\/fr\/wp-json\/wp\/v2\/types\/product"}],"wp:featuredmedia":[{"embeddable":true,"href":"https:\/\/www.erresse-shop.it\/fr\/wp-json\/wp\/v2\/media\/142061"}],"wp:attachment":[{"href":"https:\/\/www.erresse-shop.it\/fr\/wp-json\/wp\/v2\/media?parent=142119"}],"wp:term":[{"taxonomy":"product_cat","embeddable":true,"href":"https:\/\/www.erresse-shop.it\/fr\/wp-json\/wp\/v2\/product_cat?post=142119"},{"taxonomy":"product_tag","embeddable":true,"href":"https:\/\/www.erresse-shop.it\/fr\/wp-json\/wp\/v2\/product_tag?post=142119"}],"curies":[{"name":"wp","href":"https:\/\/api.w.org\/{rel}","templated":true}]}}