{"id":141801,"date":"2022-03-02T08:55:12","date_gmt":"2022-03-02T08:55:14","guid":{"rendered":"https:\/\/www.erresse-shop.it\/?post_type=product&#038;p=141801"},"modified":"2025-01-13T16:01:11","modified_gmt":"2025-01-13T16:01:11","slug":"versace-home-vaso-26-cm-les-tresors-de-la-mer","status":"publish","type":"product","link":"https:\/\/www.erresse-shop.it\/fr\/shop\/ameublement-maison\/vases-fr\/versace-home-vaso-26-cm-les-tresors-de-la-mer\/","title":{"rendered":"VERSACE HOME Vaso 26 cm Les Tresors de la Mer"},"content":{"rendered":"<p><strong>Hauteur :<\/strong> 26 cm<\/p>\n<p>Le grand vase en porcelaine <strong>Les Tr\u00e9sors de la Mer<\/strong> anime les pi\u00e8ces les plus importantes avec son style baroque. Le chatoiement des d\u00e9tails dor\u00e9s, la splendeur des couleurs et la subtilit\u00e9 des motifs en font un meuble sophistiqu\u00e9 et remarquable.<br \/>\nDans la collection Les Tr\u00e9sors de la Mer, des combinaisons de couleurs audacieuses associent les tons bleus de la mer au rouge vif des coraux au milieu de frises ornementales dor\u00e9es. Avec sa d\u00e9coration raffin\u00e9e et opulente, qui fait revivre la magie des \u00e9poques r\u00e9volues, Les Tr\u00e9sors de la Mer incarne parfaitement le style et le succ\u00e8s du partenariat entre Rosenthal et Gianni Versace, qui a d\u00e9but\u00e9 en 1993.<\/p>\n<p>Source d&#8217;inspiration pour le brillant designer calabrais, la mer est le protagoniste incontest\u00e9 de ces porcelaines aux personnalit\u00e9s vives et imaginatives : mollusques, coquillages, perles, \u00e9toiles de mer et coraux dans une vari\u00e9t\u00e9 multiforme trouvent leur place parmi les statues dor\u00e9es et les frises ornementales, donnant vie au monde fantastique de Neptune, dieu de la mer. Les Tr\u00e9sors de la Mer est la d\u00e9coration con\u00e7ue pour ceux qui aiment un style luxueux et l\u00e9g\u00e8rement inhabituel, mais aussi pour ceux qui croient en la valeur de poss\u00e9der des objets qui racontent une histoire, comme ceux-ci.<\/p>\n","protected":false},"excerpt":{"rendered":"<p>Hauteur : 26 cm Le grand vase en porcelaine Les Tr\u00e9sors de la Mer anime les pi\u00e8ces les plus importantes<\/p>\n","protected":false},"featured_media":141806,"template":"","meta":{"_acf_changed":false,"inline_featured_image":false},"product_cat":[12738,14422],"product_tag":[23690,18529,24680,17838,13849,17839],"acf":[],"yoast_head":"<!-- This site is optimized with the Yoast SEO Premium plugin v18.6 (Yoast SEO v19.13) - https:\/\/yoast.com\/wordpress\/plugins\/seo\/ -->\n<title>VERSACE HOME Vaso 26 cm Les Tresors de la Mer<\/title>\n<meta name=\"description\" content=\"D\u00e9couvrez VERSACE HOME Vaso 26 cm Les Tresors de la Mer sur ErresseShop. Qualit\u00e9, prix r\u00e9duits et achat s\u00e9curis\u00e9 \u2013 commandez d\u00e8s maintenant en ligne !\" \/>\n<meta name=\"robots\" content=\"index, follow, max-snippet:-1, max-image-preview:large, max-video-preview:-1\" \/>\n<link rel=\"canonical\" href=\"https:\/\/www.erresse-shop.it\/fr\/shop\/ameublement-maison\/vases-fr\/versace-home-vaso-26-cm-les-tresors-de-la-mer\/\" \/>\n<meta property=\"og:locale\" content=\"fr_FR\" \/>\n<meta property=\"og:type\" content=\"article\" \/>\n<meta property=\"og:title\" content=\"VERSACE HOME Vaso 26 cm Les Tresors de la Mer\" \/>\n<meta property=\"og:description\" content=\"D\u00e9couvrez VERSACE HOME Vaso 26 cm Les Tresors de la Mer sur ErresseShop. Qualit\u00e9, prix r\u00e9duits et achat s\u00e9curis\u00e9 \u2013 commandez d\u00e8s maintenant en ligne !\" \/>\n<meta property=\"og:url\" content=\"https:\/\/www.erresse-shop.it\/fr\/shop\/ameublement-maison\/vases-fr\/versace-home-vaso-26-cm-les-tresors-de-la-mer\/\" \/>\n<meta property=\"og:site_name\" content=\"Erresse Shop\" \/>\n<meta property=\"article:modified_time\" content=\"2025-01-13T16:01:11+00:00\" \/>\n<meta property=\"og:image\" content=\"https:\/\/www.erresse-shop.it\/wp-content\/uploads\/2022\/03\/VERSACE-HOME-Vaso-Les-Tresors-de-la-Mer-26-cm.jpg\" \/>\n\t<meta property=\"og:image:width\" content=\"1000\" \/>\n\t<meta property=\"og:image:height\" content=\"1000\" \/>\n\t<meta property=\"og:image:type\" content=\"image\/jpeg\" \/>\n<meta name=\"twitter:card\" content=\"summary_large_image\" \/>\n<script type=\"application\/ld+json\" class=\"yoast-schema-graph\">{\"@context\":\"https:\/\/schema.org\",\"@graph\":[{\"@type\":\"WebPage\",\"@id\":\"https:\/\/www.erresse-shop.it\/fr\/shop\/ameublement-maison\/vases-fr\/versace-home-vaso-26-cm-les-tresors-de-la-mer\/\",\"url\":\"https:\/\/www.erresse-shop.it\/fr\/shop\/ameublement-maison\/vases-fr\/versace-home-vaso-26-cm-les-tresors-de-la-mer\/\",\"name\":\"VERSACE HOME Vaso 26 cm Les Tresors de la Mer\",\"isPartOf\":{\"@id\":\"https:\/\/www.erresse-shop.it\/fr\/#website\"},\"datePublished\":\"2022-03-02T08:55:14+00:00\",\"dateModified\":\"2025-01-13T16:01:11+00:00\",\"description\":\"D\u00e9couvrez VERSACE HOME Vaso 26 cm Les Tresors de la Mer sur ErresseShop. Qualit\u00e9, prix r\u00e9duits et achat s\u00e9curis\u00e9 \u2013 commandez d\u00e8s maintenant en ligne !\",\"breadcrumb\":{\"@id\":\"https:\/\/www.erresse-shop.it\/fr\/shop\/ameublement-maison\/vases-fr\/versace-home-vaso-26-cm-les-tresors-de-la-mer\/#breadcrumb\"},\"inLanguage\":\"fr-FR\",\"potentialAction\":[{\"@type\":\"ReadAction\",\"target\":[\"https:\/\/www.erresse-shop.it\/fr\/shop\/ameublement-maison\/vases-fr\/versace-home-vaso-26-cm-les-tresors-de-la-mer\/\"]}]},{\"@type\":\"BreadcrumbList\",\"@id\":\"https:\/\/www.erresse-shop.it\/fr\/shop\/ameublement-maison\/vases-fr\/versace-home-vaso-26-cm-les-tresors-de-la-mer\/#breadcrumb\",\"itemListElement\":[{\"@type\":\"ListItem\",\"position\":1,\"name\":\"Home\",\"item\":\"https:\/\/www.erresse-shop.it\/fr\/\"},{\"@type\":\"ListItem\",\"position\":2,\"name\":\"Shop\",\"item\":\"https:\/\/www.erresse-shop.it\/fr\/shop\/\"},{\"@type\":\"ListItem\",\"position\":3,\"name\":\"VERSACE HOME Vaso 26 cm Les Tresors de la Mer\"}]},{\"@type\":\"WebSite\",\"@id\":\"https:\/\/www.erresse-shop.it\/fr\/#website\",\"url\":\"https:\/\/www.erresse-shop.it\/fr\/\",\"name\":\"Erresse Shop\",\"description\":\"Articoli di qualit\u00e0 per la casa\",\"potentialAction\":[{\"@type\":\"SearchAction\",\"target\":{\"@type\":\"EntryPoint\",\"urlTemplate\":\"https:\/\/www.erresse-shop.it\/fr\/?s={search_term_string}\"},\"query-input\":\"required name=search_term_string\"}],\"inLanguage\":\"fr-FR\"}]}<\/script>\n<!-- \/ Yoast SEO Premium plugin. -->","yoast_head_json":{"title":"VERSACE HOME Vaso 26 cm Les Tresors de la Mer","description":"D\u00e9couvrez VERSACE HOME Vaso 26 cm Les Tresors de la Mer sur ErresseShop. Qualit\u00e9, prix r\u00e9duits et achat s\u00e9curis\u00e9 \u2013 commandez d\u00e8s maintenant en ligne !","robots":{"index":"index","follow":"follow","max-snippet":"max-snippet:-1","max-image-preview":"max-image-preview:large","max-video-preview":"max-video-preview:-1"},"canonical":"https:\/\/www.erresse-shop.it\/fr\/shop\/ameublement-maison\/vases-fr\/versace-home-vaso-26-cm-les-tresors-de-la-mer\/","og_locale":"fr_FR","og_type":"article","og_title":"VERSACE HOME Vaso 26 cm Les Tresors de la Mer","og_description":"D\u00e9couvrez VERSACE HOME Vaso 26 cm Les Tresors de la Mer sur ErresseShop. Qualit\u00e9, prix r\u00e9duits et achat s\u00e9curis\u00e9 \u2013 commandez d\u00e8s maintenant en ligne !","og_url":"https:\/\/www.erresse-shop.it\/fr\/shop\/ameublement-maison\/vases-fr\/versace-home-vaso-26-cm-les-tresors-de-la-mer\/","og_site_name":"Erresse Shop","article_modified_time":"2025-01-13T16:01:11+00:00","og_image":[{"width":1000,"height":1000,"url":"https:\/\/www.erresse-shop.it\/wp-content\/uploads\/2022\/03\/VERSACE-HOME-Vaso-Les-Tresors-de-la-Mer-26-cm.jpg","type":"image\/jpeg"}],"twitter_card":"summary_large_image","schema":{"@context":"https:\/\/schema.org","@graph":[{"@type":"WebPage","@id":"https:\/\/www.erresse-shop.it\/fr\/shop\/ameublement-maison\/vases-fr\/versace-home-vaso-26-cm-les-tresors-de-la-mer\/","url":"https:\/\/www.erresse-shop.it\/fr\/shop\/ameublement-maison\/vases-fr\/versace-home-vaso-26-cm-les-tresors-de-la-mer\/","name":"VERSACE HOME Vaso 26 cm Les Tresors de la Mer","isPartOf":{"@id":"https:\/\/www.erresse-shop.it\/fr\/#website"},"datePublished":"2022-03-02T08:55:14+00:00","dateModified":"2025-01-13T16:01:11+00:00","description":"D\u00e9couvrez VERSACE HOME Vaso 26 cm Les Tresors de la Mer sur ErresseShop. Qualit\u00e9, prix r\u00e9duits et achat s\u00e9curis\u00e9 \u2013 commandez d\u00e8s maintenant en ligne !","breadcrumb":{"@id":"https:\/\/www.erresse-shop.it\/fr\/shop\/ameublement-maison\/vases-fr\/versace-home-vaso-26-cm-les-tresors-de-la-mer\/#breadcrumb"},"inLanguage":"fr-FR","potentialAction":[{"@type":"ReadAction","target":["https:\/\/www.erresse-shop.it\/fr\/shop\/ameublement-maison\/vases-fr\/versace-home-vaso-26-cm-les-tresors-de-la-mer\/"]}]},{"@type":"BreadcrumbList","@id":"https:\/\/www.erresse-shop.it\/fr\/shop\/ameublement-maison\/vases-fr\/versace-home-vaso-26-cm-les-tresors-de-la-mer\/#breadcrumb","itemListElement":[{"@type":"ListItem","position":1,"name":"Home","item":"https:\/\/www.erresse-shop.it\/fr\/"},{"@type":"ListItem","position":2,"name":"Shop","item":"https:\/\/www.erresse-shop.it\/fr\/shop\/"},{"@type":"ListItem","position":3,"name":"VERSACE HOME Vaso 26 cm Les Tresors de la Mer"}]},{"@type":"WebSite","@id":"https:\/\/www.erresse-shop.it\/fr\/#website","url":"https:\/\/www.erresse-shop.it\/fr\/","name":"Erresse Shop","description":"Articoli di qualit\u00e0 per la casa","potentialAction":[{"@type":"SearchAction","target":{"@type":"EntryPoint","urlTemplate":"https:\/\/www.erresse-shop.it\/fr\/?s={search_term_string}"},"query-input":"required name=search_term_string"}],"inLanguage":"fr-FR"}]}},"df_price":222.5,"df_sale_price":222.5,"df_regular_price":445,"df_image_link":"https:\/\/www.erresse-shop.it\/wp-content\/uploads\/2022\/03\/VERSACE-HOME-Vaso-Les-Tresors-de-la-Mer-26-cm-300x300.jpg","_links":{"self":[{"href":"https:\/\/www.erresse-shop.it\/fr\/wp-json\/wp\/v2\/product\/141801"}],"collection":[{"href":"https:\/\/www.erresse-shop.it\/fr\/wp-json\/wp\/v2\/product"}],"about":[{"href":"https:\/\/www.erresse-shop.it\/fr\/wp-json\/wp\/v2\/types\/product"}],"wp:featuredmedia":[{"embeddable":true,"href":"https:\/\/www.erresse-shop.it\/fr\/wp-json\/wp\/v2\/media\/141806"}],"wp:attachment":[{"href":"https:\/\/www.erresse-shop.it\/fr\/wp-json\/wp\/v2\/media?parent=141801"}],"wp:term":[{"taxonomy":"product_cat","embeddable":true,"href":"https:\/\/www.erresse-shop.it\/fr\/wp-json\/wp\/v2\/product_cat?post=141801"},{"taxonomy":"product_tag","embeddable":true,"href":"https:\/\/www.erresse-shop.it\/fr\/wp-json\/wp\/v2\/product_tag?post=141801"}],"curies":[{"name":"wp","href":"https:\/\/api.w.org\/{rel}","templated":true}]}}