{"id":141782,"date":"2022-03-02T08:23:49","date_gmt":"2022-03-02T08:23:52","guid":{"rendered":"https:\/\/www.erresse-shop.it\/?post_type=product&#038;p=141782"},"modified":"2025-01-13T16:01:08","modified_gmt":"2025-01-13T16:01:08","slug":"versace-home-vase-18-cm-le-jardin-de-versace","status":"publish","type":"product","link":"https:\/\/www.erresse-shop.it\/fr\/shop\/ameublement-maison\/vases-fr\/versace-home-vase-18-cm-le-jardin-de-versace\/","title":{"rendered":"VERSACE HOME Vase 18 cm Le Jardin de Versace"},"content":{"rendered":"<p><strong>Hauteur :<\/strong> 18 cm<\/p>\n<p>Cette belle d\u00e9coration de Versace s&#8217;appelle Le Jardin de Versace. Il est fabriqu\u00e9 \u00e0 partir de la porcelaine la plus fine, cr\u00e9ant un style que l&#8217;on peut qualifier de luxueux et de glamour. La couleur la plus importante de cet article est en fait un m\u00e9lange de plusieurs couleurs. Les d\u00e9corations florales ludiques rendent cette pi\u00e8ce accrocheuse sur n&#8217;importe quelle table ou comptoir.<\/p>\n","protected":false},"excerpt":{"rendered":"<p>Hauteur : 18 cm Cette belle d\u00e9coration de Versace s&#8217;appelle Le Jardin de Versace. Il est fabriqu\u00e9 \u00e0 partir de<\/p>\n","protected":false},"featured_media":141793,"template":"","meta":{"_acf_changed":false,"inline_featured_image":false},"product_cat":[12738,14422],"product_tag":[25181,23690,25021,17870,24680,17838,13849,17839],"acf":[],"yoast_head":"<!-- This site is optimized with the Yoast SEO Premium plugin v18.6 (Yoast SEO v19.13) - https:\/\/yoast.com\/wordpress\/plugins\/seo\/ -->\n<title>VERSACE HOME Vase 18 cm Le Jardin de Versace<\/title>\n<meta name=\"description\" content=\"D\u00e9couvrez VERSACE HOME Vase 18 cm Le Jardin de Versace sur ErresseShop. Qualit\u00e9, prix r\u00e9duits et achat s\u00e9curis\u00e9 \u2013 commandez d\u00e8s maintenant en ligne !\" \/>\n<meta name=\"robots\" content=\"index, follow, max-snippet:-1, max-image-preview:large, max-video-preview:-1\" \/>\n<link rel=\"canonical\" href=\"https:\/\/www.erresse-shop.it\/fr\/shop\/ameublement-maison\/vases-fr\/versace-home-vase-18-cm-le-jardin-de-versace\/\" \/>\n<meta property=\"og:locale\" content=\"fr_FR\" \/>\n<meta property=\"og:type\" content=\"article\" \/>\n<meta property=\"og:title\" content=\"VERSACE HOME Vase 18 cm Le Jardin de Versace\" \/>\n<meta property=\"og:description\" content=\"D\u00e9couvrez VERSACE HOME Vase 18 cm Le Jardin de Versace sur ErresseShop. Qualit\u00e9, prix r\u00e9duits et achat s\u00e9curis\u00e9 \u2013 commandez d\u00e8s maintenant en ligne !\" \/>\n<meta property=\"og:url\" content=\"https:\/\/www.erresse-shop.it\/fr\/shop\/ameublement-maison\/vases-fr\/versace-home-vase-18-cm-le-jardin-de-versace\/\" \/>\n<meta property=\"og:site_name\" content=\"Erresse Shop\" \/>\n<meta property=\"article:modified_time\" content=\"2025-01-13T16:01:08+00:00\" \/>\n<meta property=\"og:image\" content=\"https:\/\/www.erresse-shop.it\/wp-content\/uploads\/2022\/03\/VERSACE-HOME-Vaso-Le-Jardin-de-Versace-18-cm-1.jpg\" \/>\n\t<meta property=\"og:image:width\" content=\"1000\" \/>\n\t<meta property=\"og:image:height\" content=\"1000\" \/>\n\t<meta property=\"og:image:type\" content=\"image\/jpeg\" \/>\n<meta name=\"twitter:card\" content=\"summary_large_image\" \/>\n<script type=\"application\/ld+json\" class=\"yoast-schema-graph\">{\"@context\":\"https:\/\/schema.org\",\"@graph\":[{\"@type\":\"WebPage\",\"@id\":\"https:\/\/www.erresse-shop.it\/fr\/shop\/ameublement-maison\/vases-fr\/versace-home-vase-18-cm-le-jardin-de-versace\/\",\"url\":\"https:\/\/www.erresse-shop.it\/fr\/shop\/ameublement-maison\/vases-fr\/versace-home-vase-18-cm-le-jardin-de-versace\/\",\"name\":\"VERSACE HOME Vase 18 cm Le Jardin de Versace\",\"isPartOf\":{\"@id\":\"https:\/\/www.erresse-shop.it\/fr\/#website\"},\"datePublished\":\"2022-03-02T08:23:52+00:00\",\"dateModified\":\"2025-01-13T16:01:08+00:00\",\"description\":\"D\u00e9couvrez VERSACE HOME Vase 18 cm Le Jardin de Versace sur ErresseShop. Qualit\u00e9, prix r\u00e9duits et achat s\u00e9curis\u00e9 \u2013 commandez d\u00e8s maintenant en ligne !\",\"breadcrumb\":{\"@id\":\"https:\/\/www.erresse-shop.it\/fr\/shop\/ameublement-maison\/vases-fr\/versace-home-vase-18-cm-le-jardin-de-versace\/#breadcrumb\"},\"inLanguage\":\"fr-FR\",\"potentialAction\":[{\"@type\":\"ReadAction\",\"target\":[\"https:\/\/www.erresse-shop.it\/fr\/shop\/ameublement-maison\/vases-fr\/versace-home-vase-18-cm-le-jardin-de-versace\/\"]}]},{\"@type\":\"BreadcrumbList\",\"@id\":\"https:\/\/www.erresse-shop.it\/fr\/shop\/ameublement-maison\/vases-fr\/versace-home-vase-18-cm-le-jardin-de-versace\/#breadcrumb\",\"itemListElement\":[{\"@type\":\"ListItem\",\"position\":1,\"name\":\"Home\",\"item\":\"https:\/\/www.erresse-shop.it\/fr\/\"},{\"@type\":\"ListItem\",\"position\":2,\"name\":\"Shop\",\"item\":\"https:\/\/www.erresse-shop.it\/fr\/shop\/\"},{\"@type\":\"ListItem\",\"position\":3,\"name\":\"VERSACE HOME Vase 18 cm Le Jardin de Versace\"}]},{\"@type\":\"WebSite\",\"@id\":\"https:\/\/www.erresse-shop.it\/fr\/#website\",\"url\":\"https:\/\/www.erresse-shop.it\/fr\/\",\"name\":\"Erresse Shop\",\"description\":\"Articoli di qualit\u00e0 per la casa\",\"potentialAction\":[{\"@type\":\"SearchAction\",\"target\":{\"@type\":\"EntryPoint\",\"urlTemplate\":\"https:\/\/www.erresse-shop.it\/fr\/?s={search_term_string}\"},\"query-input\":\"required name=search_term_string\"}],\"inLanguage\":\"fr-FR\"}]}<\/script>\n<!-- \/ Yoast SEO Premium plugin. -->","yoast_head_json":{"title":"VERSACE HOME Vase 18 cm Le Jardin de Versace","description":"D\u00e9couvrez VERSACE HOME Vase 18 cm Le Jardin de Versace sur ErresseShop. Qualit\u00e9, prix r\u00e9duits et achat s\u00e9curis\u00e9 \u2013 commandez d\u00e8s maintenant en ligne !","robots":{"index":"index","follow":"follow","max-snippet":"max-snippet:-1","max-image-preview":"max-image-preview:large","max-video-preview":"max-video-preview:-1"},"canonical":"https:\/\/www.erresse-shop.it\/fr\/shop\/ameublement-maison\/vases-fr\/versace-home-vase-18-cm-le-jardin-de-versace\/","og_locale":"fr_FR","og_type":"article","og_title":"VERSACE HOME Vase 18 cm Le Jardin de Versace","og_description":"D\u00e9couvrez VERSACE HOME Vase 18 cm Le Jardin de Versace sur ErresseShop. Qualit\u00e9, prix r\u00e9duits et achat s\u00e9curis\u00e9 \u2013 commandez d\u00e8s maintenant en ligne !","og_url":"https:\/\/www.erresse-shop.it\/fr\/shop\/ameublement-maison\/vases-fr\/versace-home-vase-18-cm-le-jardin-de-versace\/","og_site_name":"Erresse Shop","article_modified_time":"2025-01-13T16:01:08+00:00","og_image":[{"width":1000,"height":1000,"url":"https:\/\/www.erresse-shop.it\/wp-content\/uploads\/2022\/03\/VERSACE-HOME-Vaso-Le-Jardin-de-Versace-18-cm-1.jpg","type":"image\/jpeg"}],"twitter_card":"summary_large_image","schema":{"@context":"https:\/\/schema.org","@graph":[{"@type":"WebPage","@id":"https:\/\/www.erresse-shop.it\/fr\/shop\/ameublement-maison\/vases-fr\/versace-home-vase-18-cm-le-jardin-de-versace\/","url":"https:\/\/www.erresse-shop.it\/fr\/shop\/ameublement-maison\/vases-fr\/versace-home-vase-18-cm-le-jardin-de-versace\/","name":"VERSACE HOME Vase 18 cm Le Jardin de Versace","isPartOf":{"@id":"https:\/\/www.erresse-shop.it\/fr\/#website"},"datePublished":"2022-03-02T08:23:52+00:00","dateModified":"2025-01-13T16:01:08+00:00","description":"D\u00e9couvrez VERSACE HOME Vase 18 cm Le Jardin de Versace sur ErresseShop. Qualit\u00e9, prix r\u00e9duits et achat s\u00e9curis\u00e9 \u2013 commandez d\u00e8s maintenant en ligne !","breadcrumb":{"@id":"https:\/\/www.erresse-shop.it\/fr\/shop\/ameublement-maison\/vases-fr\/versace-home-vase-18-cm-le-jardin-de-versace\/#breadcrumb"},"inLanguage":"fr-FR","potentialAction":[{"@type":"ReadAction","target":["https:\/\/www.erresse-shop.it\/fr\/shop\/ameublement-maison\/vases-fr\/versace-home-vase-18-cm-le-jardin-de-versace\/"]}]},{"@type":"BreadcrumbList","@id":"https:\/\/www.erresse-shop.it\/fr\/shop\/ameublement-maison\/vases-fr\/versace-home-vase-18-cm-le-jardin-de-versace\/#breadcrumb","itemListElement":[{"@type":"ListItem","position":1,"name":"Home","item":"https:\/\/www.erresse-shop.it\/fr\/"},{"@type":"ListItem","position":2,"name":"Shop","item":"https:\/\/www.erresse-shop.it\/fr\/shop\/"},{"@type":"ListItem","position":3,"name":"VERSACE HOME Vase 18 cm Le Jardin de Versace"}]},{"@type":"WebSite","@id":"https:\/\/www.erresse-shop.it\/fr\/#website","url":"https:\/\/www.erresse-shop.it\/fr\/","name":"Erresse Shop","description":"Articoli di qualit\u00e0 per la casa","potentialAction":[{"@type":"SearchAction","target":{"@type":"EntryPoint","urlTemplate":"https:\/\/www.erresse-shop.it\/fr\/?s={search_term_string}"},"query-input":"required name=search_term_string"}],"inLanguage":"fr-FR"}]}},"df_price":149.5,"df_sale_price":149.5,"df_regular_price":299,"df_image_link":"https:\/\/www.erresse-shop.it\/wp-content\/uploads\/2022\/03\/VERSACE-HOME-Vaso-Le-Jardin-de-Versace-18-cm-1-300x300.jpg","_links":{"self":[{"href":"https:\/\/www.erresse-shop.it\/fr\/wp-json\/wp\/v2\/product\/141782"}],"collection":[{"href":"https:\/\/www.erresse-shop.it\/fr\/wp-json\/wp\/v2\/product"}],"about":[{"href":"https:\/\/www.erresse-shop.it\/fr\/wp-json\/wp\/v2\/types\/product"}],"wp:featuredmedia":[{"embeddable":true,"href":"https:\/\/www.erresse-shop.it\/fr\/wp-json\/wp\/v2\/media\/141793"}],"wp:attachment":[{"href":"https:\/\/www.erresse-shop.it\/fr\/wp-json\/wp\/v2\/media?parent=141782"}],"wp:term":[{"taxonomy":"product_cat","embeddable":true,"href":"https:\/\/www.erresse-shop.it\/fr\/wp-json\/wp\/v2\/product_cat?post=141782"},{"taxonomy":"product_tag","embeddable":true,"href":"https:\/\/www.erresse-shop.it\/fr\/wp-json\/wp\/v2\/product_tag?post=141782"}],"curies":[{"name":"wp","href":"https:\/\/api.w.org\/{rel}","templated":true}]}}