{"id":141007,"date":"2022-02-22T10:10:04","date_gmt":"2022-02-22T10:10:07","guid":{"rendered":"https:\/\/www.erresse-shop.it\/?post_type=product&#038;p=141007"},"modified":"2025-01-13T16:00:07","modified_gmt":"2025-01-13T16:00:07","slug":"berkel-jeu-de-5-couteaux-chef-adhoc-noir","status":"publish","type":"product","link":"https:\/\/www.erresse-shop.it\/fr\/shop\/cuisine\/couteaux\/berkel-jeu-de-5-couteaux-chef-adhoc-noir\/","title":{"rendered":"BERKEL Jeu de 5 Couteaux Chef Adhoc Noir"},"content":{"rendered":"<p><strong>JEU DE 5 COUTEAUX CHEF <\/strong><\/p>\n<p>Jeu de 5 couteaux de chef professionnels. Pour ceux qui aiment \u00eatre dans la cuisine et sculpter des formes harmonieuses, ce set de couteaux avec rivets sur le manche est un produit incontournable. Cinq couteaux multifonctionnels en acier inoxydable qui vous permettent de traiter toute mati\u00e8re premi\u00e8re avec le plus grand respect. Ce set est tr\u00e8s utile pour ne pas se tromper de couteau lorsque l&#8217;on veut couper du pain, du r\u00f4ti ou du jambon et d&#8217;autres types d&#8217;ingr\u00e9dients, en utilisant le bon type de lame.<\/p>\n<ul>\n<li>Lame en acier au chrome-molybd\u00e8ne-vanadium de haute qualit\u00e9 1.4116-X50 Cr Mo V15<\/li>\n<li>Lame d\u00e9coup\u00e9e au laser<\/li>\n<li>Manche compos\u00e9 de poign\u00e9es en r\u00e9sine assembl\u00e9es avec des rivets en acier AISI 304 sans rainures pour \u00e9viter l&#8217;accumulation de r\u00e9sidus<\/li>\n<li>N\u0153ud en acier pour garantir l&#8217;adh\u00e9rence maximale entre la lame et le manche et un \u00e9quilibre parfait du couteau pendant l&#8217;utilisation.<\/li>\n<li>Logo Berkel grav\u00e9 sur la lame<\/li>\n<\/ul>\n<p><strong>CARACT\u00c9RISTIQUES<\/strong><br \/>\n<strong>Composition de l&#8217;ensemble :<\/strong><\/p>\n<ul>\n<li>Couteau \u00e0 jambon 26 cm<\/li>\n<li>Couteau \u00e0 pain 22 cm<\/li>\n<li>Couteau \u00e0 r\u00f4tir 22 cm<\/li>\n<li>Couteau de cuisine 20 cm<\/li>\n<li>Couteau utilitaire 12 cm<\/li>\n<\/ul>\n<p><strong>Poids :<\/strong> 1,3 kg<br \/>\n<strong>Mat\u00e9riau de la lame :<\/strong> Acier inoxydable 1.4116-X50 Cr Mo V15 ; Duret\u00e9 apr\u00e8s T.T. : 53-54 HRC ; Papier : Bon ; Rivets : Acier AISI 304<br \/>\n<strong>Poign\u00e9e :<\/strong> Poign\u00e9es en r\u00e9sine assembl\u00e9es avec des rivets<br \/>\n<strong>Utilisation et entretien :<\/strong> Nous recommandons vivement le lavage manuel \u00e0 l&#8217;eau chaude pour garantir l&#8217;int\u00e9grit\u00e9 et la durabilit\u00e9 du produit. Dans tous les cas, nous vous conseillons de s\u00e9cher le couteau apr\u00e8s chaque lavage. N&#8217;utilisez pas de tissus ou d&#8217;\u00e9ponges abrasives.<\/p>\n","protected":false},"excerpt":{"rendered":"<p>JEU DE 5 COUTEAUX CHEF Jeu de 5 couteaux de chef professionnels. Pour ceux qui aiment \u00eatre dans la cuisine<\/p>\n","protected":false},"featured_media":163258,"template":"","meta":{"_acf_changed":false,"inline_featured_image":false},"product_cat":[12742,14452,12748],"product_tag":[18494,12839,12856,15416],"acf":[],"yoast_head":"<!-- This site is optimized with the Yoast SEO Premium plugin v18.6 (Yoast SEO v19.13) - https:\/\/yoast.com\/wordpress\/plugins\/seo\/ -->\n<title>BERKEL Jeu de 5 Couteaux Chef Adhoc Noir<\/title>\n<meta name=\"description\" content=\"D\u00e9couvrez BERKEL Jeu de 5 Couteaux Chef Adhoc Noir sur ErresseShop. Qualit\u00e9, prix r\u00e9duits et achat s\u00e9curis\u00e9 \u2013 commandez d\u00e8s maintenant en ligne !\" \/>\n<meta name=\"robots\" content=\"index, follow, max-snippet:-1, max-image-preview:large, max-video-preview:-1\" \/>\n<link rel=\"canonical\" href=\"https:\/\/www.erresse-shop.it\/fr\/shop\/cuisine\/couteaux\/berkel-jeu-de-5-couteaux-chef-adhoc-noir\/\" \/>\n<meta property=\"og:locale\" content=\"fr_FR\" \/>\n<meta property=\"og:type\" content=\"article\" \/>\n<meta property=\"og:title\" content=\"BERKEL Jeu de 5 Couteaux Chef Adhoc Noir\" \/>\n<meta property=\"og:description\" content=\"D\u00e9couvrez BERKEL Jeu de 5 Couteaux Chef Adhoc Noir sur ErresseShop. Qualit\u00e9, prix r\u00e9duits et achat s\u00e9curis\u00e9 \u2013 commandez d\u00e8s maintenant en ligne !\" \/>\n<meta property=\"og:url\" content=\"https:\/\/www.erresse-shop.it\/fr\/shop\/cuisine\/couteaux\/berkel-jeu-de-5-couteaux-chef-adhoc-noir\/\" \/>\n<meta property=\"og:site_name\" content=\"Erresse Shop\" \/>\n<meta property=\"article:modified_time\" content=\"2025-01-13T16:00:07+00:00\" \/>\n<meta property=\"og:image\" content=\"https:\/\/www.erresse-shop.it\/wp-content\/uploads\/2022\/03\/BERKEL-Coltello-Chef-5-Pezzi-Nero.jpg\" \/>\n\t<meta property=\"og:image:width\" content=\"800\" \/>\n\t<meta property=\"og:image:height\" content=\"800\" \/>\n\t<meta property=\"og:image:type\" content=\"image\/jpeg\" \/>\n<meta name=\"twitter:card\" content=\"summary_large_image\" \/>\n<script type=\"application\/ld+json\" class=\"yoast-schema-graph\">{\"@context\":\"https:\/\/schema.org\",\"@graph\":[{\"@type\":\"WebPage\",\"@id\":\"https:\/\/www.erresse-shop.it\/fr\/shop\/cuisine\/couteaux\/berkel-jeu-de-5-couteaux-chef-adhoc-noir\/\",\"url\":\"https:\/\/www.erresse-shop.it\/fr\/shop\/cuisine\/couteaux\/berkel-jeu-de-5-couteaux-chef-adhoc-noir\/\",\"name\":\"BERKEL Jeu de 5 Couteaux Chef Adhoc Noir\",\"isPartOf\":{\"@id\":\"https:\/\/www.erresse-shop.it\/fr\/#website\"},\"datePublished\":\"2022-02-22T10:10:07+00:00\",\"dateModified\":\"2025-01-13T16:00:07+00:00\",\"description\":\"D\u00e9couvrez BERKEL Jeu de 5 Couteaux Chef Adhoc Noir sur ErresseShop. Qualit\u00e9, prix r\u00e9duits et achat s\u00e9curis\u00e9 \u2013 commandez d\u00e8s maintenant en ligne !\",\"breadcrumb\":{\"@id\":\"https:\/\/www.erresse-shop.it\/fr\/shop\/cuisine\/couteaux\/berkel-jeu-de-5-couteaux-chef-adhoc-noir\/#breadcrumb\"},\"inLanguage\":\"fr-FR\",\"potentialAction\":[{\"@type\":\"ReadAction\",\"target\":[\"https:\/\/www.erresse-shop.it\/fr\/shop\/cuisine\/couteaux\/berkel-jeu-de-5-couteaux-chef-adhoc-noir\/\"]}]},{\"@type\":\"BreadcrumbList\",\"@id\":\"https:\/\/www.erresse-shop.it\/fr\/shop\/cuisine\/couteaux\/berkel-jeu-de-5-couteaux-chef-adhoc-noir\/#breadcrumb\",\"itemListElement\":[{\"@type\":\"ListItem\",\"position\":1,\"name\":\"Home\",\"item\":\"https:\/\/www.erresse-shop.it\/fr\/\"},{\"@type\":\"ListItem\",\"position\":2,\"name\":\"Shop\",\"item\":\"https:\/\/www.erresse-shop.it\/fr\/shop\/\"},{\"@type\":\"ListItem\",\"position\":3,\"name\":\"BERKEL Jeu de 5 Couteaux Chef Adhoc Noir\"}]},{\"@type\":\"WebSite\",\"@id\":\"https:\/\/www.erresse-shop.it\/fr\/#website\",\"url\":\"https:\/\/www.erresse-shop.it\/fr\/\",\"name\":\"Erresse Shop\",\"description\":\"Articoli di qualit\u00e0 per la casa\",\"potentialAction\":[{\"@type\":\"SearchAction\",\"target\":{\"@type\":\"EntryPoint\",\"urlTemplate\":\"https:\/\/www.erresse-shop.it\/fr\/?s={search_term_string}\"},\"query-input\":\"required name=search_term_string\"}],\"inLanguage\":\"fr-FR\"}]}<\/script>\n<!-- \/ Yoast SEO Premium plugin. -->","yoast_head_json":{"title":"BERKEL Jeu de 5 Couteaux Chef Adhoc Noir","description":"D\u00e9couvrez BERKEL Jeu de 5 Couteaux Chef Adhoc Noir sur ErresseShop. Qualit\u00e9, prix r\u00e9duits et achat s\u00e9curis\u00e9 \u2013 commandez d\u00e8s maintenant en ligne !","robots":{"index":"index","follow":"follow","max-snippet":"max-snippet:-1","max-image-preview":"max-image-preview:large","max-video-preview":"max-video-preview:-1"},"canonical":"https:\/\/www.erresse-shop.it\/fr\/shop\/cuisine\/couteaux\/berkel-jeu-de-5-couteaux-chef-adhoc-noir\/","og_locale":"fr_FR","og_type":"article","og_title":"BERKEL Jeu de 5 Couteaux Chef Adhoc Noir","og_description":"D\u00e9couvrez BERKEL Jeu de 5 Couteaux Chef Adhoc Noir sur ErresseShop. Qualit\u00e9, prix r\u00e9duits et achat s\u00e9curis\u00e9 \u2013 commandez d\u00e8s maintenant en ligne !","og_url":"https:\/\/www.erresse-shop.it\/fr\/shop\/cuisine\/couteaux\/berkel-jeu-de-5-couteaux-chef-adhoc-noir\/","og_site_name":"Erresse Shop","article_modified_time":"2025-01-13T16:00:07+00:00","og_image":[{"width":800,"height":800,"url":"https:\/\/www.erresse-shop.it\/wp-content\/uploads\/2022\/03\/BERKEL-Coltello-Chef-5-Pezzi-Nero.jpg","type":"image\/jpeg"}],"twitter_card":"summary_large_image","schema":{"@context":"https:\/\/schema.org","@graph":[{"@type":"WebPage","@id":"https:\/\/www.erresse-shop.it\/fr\/shop\/cuisine\/couteaux\/berkel-jeu-de-5-couteaux-chef-adhoc-noir\/","url":"https:\/\/www.erresse-shop.it\/fr\/shop\/cuisine\/couteaux\/berkel-jeu-de-5-couteaux-chef-adhoc-noir\/","name":"BERKEL Jeu de 5 Couteaux Chef Adhoc Noir","isPartOf":{"@id":"https:\/\/www.erresse-shop.it\/fr\/#website"},"datePublished":"2022-02-22T10:10:07+00:00","dateModified":"2025-01-13T16:00:07+00:00","description":"D\u00e9couvrez BERKEL Jeu de 5 Couteaux Chef Adhoc Noir sur ErresseShop. Qualit\u00e9, prix r\u00e9duits et achat s\u00e9curis\u00e9 \u2013 commandez d\u00e8s maintenant en ligne !","breadcrumb":{"@id":"https:\/\/www.erresse-shop.it\/fr\/shop\/cuisine\/couteaux\/berkel-jeu-de-5-couteaux-chef-adhoc-noir\/#breadcrumb"},"inLanguage":"fr-FR","potentialAction":[{"@type":"ReadAction","target":["https:\/\/www.erresse-shop.it\/fr\/shop\/cuisine\/couteaux\/berkel-jeu-de-5-couteaux-chef-adhoc-noir\/"]}]},{"@type":"BreadcrumbList","@id":"https:\/\/www.erresse-shop.it\/fr\/shop\/cuisine\/couteaux\/berkel-jeu-de-5-couteaux-chef-adhoc-noir\/#breadcrumb","itemListElement":[{"@type":"ListItem","position":1,"name":"Home","item":"https:\/\/www.erresse-shop.it\/fr\/"},{"@type":"ListItem","position":2,"name":"Shop","item":"https:\/\/www.erresse-shop.it\/fr\/shop\/"},{"@type":"ListItem","position":3,"name":"BERKEL Jeu de 5 Couteaux Chef Adhoc Noir"}]},{"@type":"WebSite","@id":"https:\/\/www.erresse-shop.it\/fr\/#website","url":"https:\/\/www.erresse-shop.it\/fr\/","name":"Erresse Shop","description":"Articoli di qualit\u00e0 per la casa","potentialAction":[{"@type":"SearchAction","target":{"@type":"EntryPoint","urlTemplate":"https:\/\/www.erresse-shop.it\/fr\/?s={search_term_string}"},"query-input":"required name=search_term_string"}],"inLanguage":"fr-FR"}]}},"df_price":129.5,"df_sale_price":129.5,"df_regular_price":259,"df_image_link":"https:\/\/www.erresse-shop.it\/wp-content\/uploads\/2022\/03\/BERKEL-Coltello-Chef-5-Pezzi-Nero-300x300.jpg","_links":{"self":[{"href":"https:\/\/www.erresse-shop.it\/fr\/wp-json\/wp\/v2\/product\/141007"}],"collection":[{"href":"https:\/\/www.erresse-shop.it\/fr\/wp-json\/wp\/v2\/product"}],"about":[{"href":"https:\/\/www.erresse-shop.it\/fr\/wp-json\/wp\/v2\/types\/product"}],"wp:featuredmedia":[{"embeddable":true,"href":"https:\/\/www.erresse-shop.it\/fr\/wp-json\/wp\/v2\/media\/163258"}],"wp:attachment":[{"href":"https:\/\/www.erresse-shop.it\/fr\/wp-json\/wp\/v2\/media?parent=141007"}],"wp:term":[{"taxonomy":"product_cat","embeddable":true,"href":"https:\/\/www.erresse-shop.it\/fr\/wp-json\/wp\/v2\/product_cat?post=141007"},{"taxonomy":"product_tag","embeddable":true,"href":"https:\/\/www.erresse-shop.it\/fr\/wp-json\/wp\/v2\/product_tag?post=141007"}],"curies":[{"name":"wp","href":"https:\/\/api.w.org\/{rel}","templated":true}]}}